{"id":1028,"date":"2022-10-21T13:21:25","date_gmt":"2022-10-21T12:21:25","guid":{"rendered":"http:\/\/ecoles.rixensart.be\/maubroux\/?page_id=1028"},"modified":"2022-10-21T13:35:53","modified_gmt":"2022-10-21T12:35:53","slug":"sante","status":"publish","type":"page","link":"http:\/\/ecoles.rixensart.be\/maubroux\/sante\/","title":{"rendered":"Sant\u00e9"},"content":{"rendered":"\n<p>Nous sommes en collaboration avec le PSE de Wavre. Il r\u00e9alise ponctuellement des animation pour les \u00e9l\u00e8ves sur l&rsquo;alimentation saine et sur la sant\u00e9 (hygi\u00e8ne dentaire, corporelle, alimentaire).<br><br>La visite m\u00e9dicale au PSE est assur\u00e9e pour tous les enfants de 1\u00e8re et de 3\u00e8me maternelle. Cette visite est obligatoire et seule l&rsquo;enseignante est autoris\u00e9e \u00e0 accompagner les enfants de sa classe. Le carnet de vaccination est demand\u00e9 lors de cette visite.<br><br>Sant\u00e9 &#8211; M\u00e9dicaments :<br>Si un enfant ne se sent pas bien en cours de journ\u00e9e, nous avertissons imm\u00e9diatement les parents ou la personne mentionn\u00e9e sur la fiche signal\u00e9tique en d\u00e9but d&rsquo;ann\u00e9e scolaire.<br>Nous vous demandons de venir chercher votre enfant au plus vite.<br><br>Si votre enfant doit prendre des m\u00e9dicaments \u00e0 l&rsquo;\u00e9cole, nous sommes tenus de respecter la proc\u00e9dure suivante :<br>&#8211; Un certificat m\u00e9dical au nom de l&rsquo;enfant, attestant clairement la prise indispensable du m\u00e9dicament et indiquant la description de celui-ci ainsi que la posologie doit \u00eatre remis imp\u00e9rativement \u00e0 l&rsquo;enseignante.<br>&#8211; Le m\u00e9dicament doit \u00e9galement \u00eatre remis \u00e0 l&rsquo;enseignante.<br><br>Les enseignantes ne sont pas autoris\u00e9e \u00e0 dispenser une m\u00e9dication. Par cons\u00e9quent en cas d&rsquo;absence de certificat, aucun m\u00e9dicament ne sera donn\u00e9 \u00e0 l&rsquo;enfant, qu&rsquo;il soit hom\u00e9opathique, allopathique ou antipyr\u00e9tique.<br><br><\/p>\n","protected":false},"excerpt":{"rendered":"<p>Nous sommes en collaboration avec le PSE de Wavre. Il r\u00e9alise ponctuellement des animation pour les \u00e9l\u00e8ves sur l&rsquo;alimentation saine et sur la sant\u00e9 (hygi\u00e8ne dentaire, corporelle, alimentaire). La visite m\u00e9dicale au PSE est assur\u00e9e pour tous les enfants de 1\u00e8re et de 3\u00e8me maternelle. Cette visite est obligatoire et seule l&rsquo;enseignante est autoris\u00e9e \u00e0 &hellip; <a href=\"http:\/\/ecoles.rixensart.be\/maubroux\/sante\/\" class=\"more-link\">Continuer la lecture<span class=\"screen-reader-text\"> de <span class=\"screen-reader-text\">Sant\u00e9<\/span><\/span>&nbsp;<span class=\"meta-nav\">&rarr;<\/span><\/a><\/p>\n","protected":false},"author":1,"featured_media":0,"parent":0,"menu_order":0,"comment_status":"closed","ping_status":"closed","template":"","meta":{"footnotes":""},"_links":{"self":[{"href":"http:\/\/ecoles.rixensart.be\/maubroux\/wp-json\/wp\/v2\/pages\/1028"}],"collection":[{"href":"http:\/\/ecoles.rixensart.be\/maubroux\/wp-json\/wp\/v2\/pages"}],"about":[{"href":"http:\/\/ecoles.rixensart.be\/maubroux\/wp-json\/wp\/v2\/types\/page"}],"author":[{"embeddable":true,"href":"http:\/\/ecoles.rixensart.be\/maubroux\/wp-json\/wp\/v2\/users\/1"}],"replies":[{"embeddable":true,"href":"http:\/\/ecoles.rixensart.be\/maubroux\/wp-json\/wp\/v2\/comments?post=1028"}],"version-history":[{"count":3,"href":"http:\/\/ecoles.rixensart.be\/maubroux\/wp-json\/wp\/v2\/pages\/1028\/revisions"}],"predecessor-version":[{"id":1033,"href":"http:\/\/ecoles.rixensart.be\/maubroux\/wp-json\/wp\/v2\/pages\/1028\/revisions\/1033"}],"wp:attachment":[{"href":"http:\/\/ecoles.rixensart.be\/maubroux\/wp-json\/wp\/v2\/media?parent=1028"}],"curies":[{"name":"wp","href":"https:\/\/api.w.org\/{rel}","templated":true}]}}