{"id":1062,"date":"2023-08-25T12:08:46","date_gmt":"2023-08-25T11:08:46","guid":{"rendered":"http:\/\/ecoles.rixensart.be\/maubroux\/?page_id=1062"},"modified":"2024-09-05T17:41:02","modified_gmt":"2024-09-05T16:41:02","slug":"documents","status":"publish","type":"page","link":"http:\/\/ecoles.rixensart.be\/maubroux\/documents\/","title":{"rendered":"Documents"},"content":{"rendered":"\n<p><a href=\"http:\/\/ecoles.rixensart.be\/maubroux\/wp-content\/uploads\/2024\/07\/Projet_etablissement-version-01-24.pdf\" data-type=\"link\" data-id=\"http:\/\/ecoles.rixensart.be\/maubroux\/wp-content\/uploads\/2024\/07\/Projet_etablissement-version-01-24.pdf\">Projet d&rsquo;\u00e9tablissement<\/a><br><a href=\"http:\/\/ecoles.rixensart.be\/maubroux\/wp-content\/uploads\/2024\/09\/20240709085440758.pdf\">R\u00e8glement d&rsquo;ordre int\u00e9rieur<\/a><br><br><a href=\"http:\/\/ecoles.rixensart.be\/maubroux\/wp-content\/uploads\/2024\/07\/Fiche-inscription.pdf\">Fiche d&rsquo;inscription<\/a><br><a href=\"http:\/\/ecoles.rixensart.be\/maubroux\/wp-content\/uploads\/2024\/07\/Fiche-signaletique.pdf\">Fiche signal\u00e9tique<\/a><br><a href=\"http:\/\/ecoles.rixensart.be\/maubroux\/wp-content\/uploads\/2024\/07\/liste-materiel.pdf\">Liste mat\u00e9riel<\/a><br><a href=\"http:\/\/ecoles.rixensart.be\/maubroux\/wp-content\/uploads\/2024\/07\/Droit-a-limage.pdf\">Droit \u00e0 l&rsquo;image<\/a><br><a href=\"http:\/\/ecoles.rixensart.be\/maubroux\/wp-content\/uploads\/2024\/07\/Frais-scolaires.pdf\">D\u00e9compte approximatif<\/a><br><a href=\"http:\/\/ecoles.rixensart.be\/maubroux\/wp-content\/uploads\/2020\/11\/Circulaire-7712-Annexe-1-Obligation-scolaire.pdf\">Obligation scolaire<\/a><br><a href=\"http:\/\/ecoles.rixensart.be\/maubroux\/wp-content\/uploads\/2024\/07\/Gratuite-scolaire-Enseignement-maternel-2023-2024-ressource-18042.pdf\">Gratuit\u00e9<\/a><br><\/p>\n","protected":false},"excerpt":{"rendered":"<p>Projet d&rsquo;\u00e9tablissementR\u00e8glement d&rsquo;ordre int\u00e9rieur Fiche d&rsquo;inscriptionFiche signal\u00e9tiqueListe mat\u00e9rielDroit \u00e0 l&rsquo;imageD\u00e9compte approximatifObligation scolaireGratuit\u00e9<\/p>\n","protected":false},"author":1,"featured_media":0,"parent":0,"menu_order":0,"comment_status":"closed","ping_status":"closed","template":"","meta":{"footnotes":""},"_links":{"self":[{"href":"http:\/\/ecoles.rixensart.be\/maubroux\/wp-json\/wp\/v2\/pages\/1062"}],"collection":[{"href":"http:\/\/ecoles.rixensart.be\/maubroux\/wp-json\/wp\/v2\/pages"}],"about":[{"href":"http:\/\/ecoles.rixensart.be\/maubroux\/wp-json\/wp\/v2\/types\/page"}],"author":[{"embeddable":true,"href":"http:\/\/ecoles.rixensart.be\/maubroux\/wp-json\/wp\/v2\/users\/1"}],"replies":[{"embeddable":true,"href":"http:\/\/ecoles.rixensart.be\/maubroux\/wp-json\/wp\/v2\/comments?post=1062"}],"version-history":[{"count":23,"href":"http:\/\/ecoles.rixensart.be\/maubroux\/wp-json\/wp\/v2\/pages\/1062\/revisions"}],"predecessor-version":[{"id":30729,"href":"http:\/\/ecoles.rixensart.be\/maubroux\/wp-json\/wp\/v2\/pages\/1062\/revisions\/30729"}],"wp:attachment":[{"href":"http:\/\/ecoles.rixensart.be\/maubroux\/wp-json\/wp\/v2\/media?parent=1062"}],"curies":[{"name":"wp","href":"https:\/\/api.w.org\/{rel}","templated":true}]}}