{"id":12,"date":"2016-03-13T14:03:16","date_gmt":"2016-03-13T13:03:16","guid":{"rendered":"http:\/\/ecoles.rixensart.be\/maubroux\/?page_id=12"},"modified":"2024-07-15T09:21:46","modified_gmt":"2024-07-15T08:21:46","slug":"accueil","status":"publish","type":"page","link":"http:\/\/ecoles.rixensart.be\/maubroux\/","title":{"rendered":"Page d&rsquo;accueil"},"content":{"rendered":"\n<div class=\"alignnormal\"><div id=\"metaslider-id-648\" style=\"max-width: 700px;\" class=\"ml-slider-3-19-0 metaslider metaslider-flex metaslider-648 ml-slider\">\n    <div id=\"metaslider_container_648\">\n        <div id=\"metaslider_648\">\n            <ul aria-live=\"polite\" class=\"slides\">\n                <li style=\"display: block; width: 100%;\" class=\"slide-764 ms-image\"><img loading=\"lazy\" decoding=\"async\" src=\"http:\/\/ecoles.rixensart.be\/maubroux\/wp-content\/uploads\/2020\/11\/IMG-20180718-WA0001-700x300.jpg\" height=\"300\" width=\"700\" alt=\"\" class=\"slider-648 slide-764\" title=\"IMG-20180718-WA0001\" \/><\/li>\n                <li style=\"display: none; width: 100%;\" class=\"slide-765 ms-image\"><img loading=\"lazy\" decoding=\"async\" src=\"http:\/\/ecoles.rixensart.be\/maubroux\/wp-content\/uploads\/2020\/11\/20180831_180540-700x300.jpg\" height=\"300\" width=\"700\" alt=\"\" class=\"slider-648 slide-765\" title=\"20180831_180540\" \/><\/li>\n                <li style=\"display: none; width: 100%;\" class=\"slide-766 ms-image\"><img loading=\"lazy\" decoding=\"async\" src=\"http:\/\/ecoles.rixensart.be\/maubroux\/wp-content\/uploads\/2020\/11\/20180831_174303-700x300.jpg\" height=\"300\" width=\"700\" alt=\"\" class=\"slider-648 slide-766\" title=\"20180831_174303\" \/><\/li>\n                <li style=\"display: none; width: 100%;\" class=\"slide-767 ms-image\"><img loading=\"lazy\" decoding=\"async\" src=\"http:\/\/ecoles.rixensart.be\/maubroux\/wp-content\/uploads\/2020\/11\/20180831_174250-700x300.jpg\" height=\"300\" width=\"700\" alt=\"\" class=\"slider-648 slide-767\" title=\"20180831_174250\" \/><\/li>\n                <li style=\"display: none; width: 100%;\" class=\"slide-768 ms-image\"><img loading=\"lazy\" decoding=\"async\" src=\"http:\/\/ecoles.rixensart.be\/maubroux\/wp-content\/uploads\/2020\/11\/20180831_172252-700x300.jpg\" height=\"300\" width=\"700\" alt=\"\" class=\"slider-648 slide-768\" title=\"20180831_172252\" \/><\/li>\n                <li style=\"display: none; width: 100%;\" class=\"slide-769 ms-image\"><img loading=\"lazy\" decoding=\"async\" src=\"http:\/\/ecoles.rixensart.be\/maubroux\/wp-content\/uploads\/2020\/11\/20180831_172045-700x300.jpg\" height=\"300\" width=\"700\" alt=\"\" class=\"slider-648 slide-769\" title=\"20180831_172045\" \/><\/li>\n                <li style=\"display: none; width: 100%;\" class=\"slide-770 ms-image\"><img loading=\"lazy\" decoding=\"async\" src=\"http:\/\/ecoles.rixensart.be\/maubroux\/wp-content\/uploads\/2020\/11\/20180831_172058-700x300.jpg\" height=\"300\" width=\"700\" alt=\"\" class=\"slider-648 slide-770\" title=\"20180831_172058\" \/><\/li>\n                <li style=\"display: none; width: 100%;\" class=\"slide-771 ms-image\"><img loading=\"lazy\" decoding=\"async\" src=\"http:\/\/ecoles.rixensart.be\/maubroux\/wp-content\/uploads\/2020\/11\/20180831_172114-700x300.jpg\" height=\"300\" width=\"700\" alt=\"\" class=\"slider-648 slide-771\" title=\"20180831_172114\" \/><\/li>\n            <\/ul>\n        <\/div>\n        \n    <\/div>\n<\/div><\/div>\n\n\n<p>La petite \u00e9cole de Maubroux est une petite \u00e9cole familiale de maximum 4 classes maternelles (verticales ou horizontales). Les enfants sont encadr\u00e9s par une \u00e9quipe dynamique et souriante que nous vous invitons \u00e0 d\u00e9couvrir en d\u00e9tails sous la rubrique <a href=\"http:\/\/ecoles.rixensart.be\/maubroux\/mon-ecole\/lequipe\/\"><u>L\u2019\u00e9quipe<\/u><\/a>.<\/p>\n<p>Notre devise : <strong>A la petite \u00e9cole de Maubroux, ce n\u2019est pas comme partout\u2026<\/strong><br \/>L\u2019\u00e9cole est situ\u00e9e dans un magnifique \u00e9crin de verdure s\u00e9curis\u00e9, dans lequel les enfants peuvent s\u2019adonner \u00e0 divers jeux ext\u00e9rieurs (plaine de jeux, bac \u00e0 sable, v\u00e9los, \u00e9chasses, etc.).<\/p>\n<p style=\"text-align: justify;\">Quelques autres sp\u00e9cificit\u00e9s la rendent unique : un local s\u00e9par\u00e9 et am\u00e9nag\u00e9 pour la sieste des petits de la classe d\u2019accueil et de 1\u00e8re maternelle, une pu\u00e9ricultrice \u00e0 temps plein pour la classe d\u2019accueil, des activit\u00e9s ponctuelles selon les ann\u00e9es avec l\u2019\u00e9cole communale de Genval, des ateliers de n\u00e9erlandais en 3\u00e8me maternelle avec un professeur sp\u00e9cialis\u00e9, des activit\u00e9s sportives (psychomotricit\u00e9, natation d\u00e8s la 2\u00e8me maternelle), des activit\u00e9s musicales, artistiques et culturelles vari\u00e9es et respectueuses des besoins et du rythme des enfants.<\/p>\n<p><span style=\"background: no-repeat 3px 50% \/ 14px 14px #bd081c; font: bold 11px\/20px 'Helvetica Neue', Helvetica, sans-serif; padding: 0px 4px 0px 0px; border-radius: 2px; left: 20px; top: 121px; width: auto; text-align: center; color: #ffffff; text-indent: 20px; display: none; position: absolute; z-index: 8675309; cursor: pointer; font-size-adjust: none; font-stretch: normal; opacity: 0.85;\">Enregistrer<\/span><\/p>\n<p style=\"text-align: center;\"><strong><span style=\"color: #339966;\">Visite et inscription toute l&rsquo;ann\u00e9e sur rendez-vous.<\/span><\/strong><\/p>\n<p style=\"text-align: center;\"><strong><span style=\"color: #339966;\">N&rsquo;h\u00e9sitez pas \u00e0 poser vos questions via l&rsquo;adresse email suivante : <\/span><\/strong><\/p>\n<p style=\"text-align: center;\"><span style=\"color: #ff0000;\"><a href=\"mailto:ecole.maubroux@rixensart.be\"><strong><span style=\"color: #339966;\">direction.maubroux@ecoles.rixensart.be<\/span><\/strong><\/a><\/span><\/p>\n<p><span style=\"background: no-repeat 3px 50% \/ 14px 14px #bd081c; font: bold 11px\/20px 'Helvetica Neue', Helvetica, sans-serif; padding: 0px 4px 0px 0px; border-radius: 2px; width: auto; text-align: center; color: #ffffff; text-indent: 20px; display: none; position: absolute; z-index: 8675309; cursor: pointer; font-size-adjust: none; font-stretch: normal; opacity: 1;\">Enregistrer<\/span><\/p>\n<p><span style=\"background: no-repeat 3px 50% \/ 14px 14px #bd081c; font: bold 11px\/20px 'Helvetica Neue', Helvetica, sans-serif; padding: 0px 4px 0px 0px; border-radius: 2px; left: 134px; top: 669px; width: auto; text-align: center; color: #ffffff; text-indent: 20px; display: none; position: absolute; z-index: 8675309; cursor: pointer; font-size-adjust: none; font-stretch: normal; opacity: 1;\">Enregistrer<\/span><\/p>\n<p><span style=\"background: no-repeat 3px 50% \/ 14px 14px #bd081c; font: bold 11px\/20px 'Helvetica Neue', Helvetica, sans-serif; padding: 0px 4px 0px 0px; border-radius: 2px; left: 134px; top: 669px; width: auto; text-align: center; color: #ffffff; text-indent: 20px; display: none; position: absolute; z-index: 8675309; cursor: pointer; font-size-adjust: none; font-stretch: normal; opacity: 1;\">Enregistrer<\/span><\/p>\n<p><span style=\"background: no-repeat 3px 50% \/ 14px 14px #bd081c; font: bold 11px\/20px 'Helvetica Neue', Helvetica, sans-serif; padding: 0px 4px 0px 0px; border-radius: 2px; width: auto; text-align: center; color: #ffffff; text-indent: 20px; display: none; position: absolute; z-index: 8675309; cursor: pointer; font-size-adjust: none; font-stretch: normal; opacity: 1;\">Enregistrer<\/span><\/p>\n<p><span style=\"background: no-repeat 3px 50% \/ 14px 14px #bd081c; font: bold 11px\/20px 'Helvetica Neue', Helvetica, sans-serif; padding: 0px 4px 0px 0px; border-radius: 2px; width: auto; text-align: center; color: #ffffff; text-indent: 20px; display: none; position: absolute; z-index: 8675309; cursor: pointer; font-size-adjust: none; font-stretch: normal; opacity: 1;\">Enregistrer<\/span><\/p>\n<p><span style=\"background: no-repeat 3px 50% \/ 14px 14px #bd081c; font: bold 11px\/20px 'Helvetica Neue', Helvetica, sans-serif; padding: 0px 4px 0px 0px; border-radius: 2px; width: auto; text-align: center; color: #ffffff; text-indent: 20px; display: none; position: absolute; z-index: 8675309; cursor: pointer; font-size-adjust: none; font-stretch: normal; opacity: 1;\">Enregistrer<\/span><\/p>\n<p><span style=\"background: no-repeat 3px 50% \/ 14px 14px #bd081c; font: bold 11px\/20px 'Helvetica Neue', Helvetica, sans-serif; padding: 0px 4px 0px 0px; border-radius: 2px; left: 20px; top: 73px; width: auto; text-align: center; color: #ffffff; text-indent: 20px; display: none; position: absolute; z-index: 8675309; cursor: pointer; font-size-adjust: none; font-stretch: normal; opacity: 1;\">Enregistrer<\/span><\/p>\n<p><span style=\"background: no-repeat 3px 50% \/ 14px 14px #bd081c; font: bold 11px\/20px 'Helvetica Neue', Helvetica, sans-serif; padding: 0px 4px 0px 0px; border-radius: 2px; width: auto; text-align: center; color: #ffffff; text-indent: 20px; display: none; position: absolute; z-index: 8675309; cursor: pointer; font-size-adjust: none; font-stretch: normal; opacity: 1;\">Enregistrer<\/span><\/p>","protected":false},"excerpt":{"rendered":"<p>La petite \u00e9cole de Maubroux est une petite \u00e9cole familiale de maximum 4 classes maternelles (verticales ou horizontales). Les enfants sont encadr\u00e9s par une \u00e9quipe dynamique et souriante que nous vous invitons \u00e0 d\u00e9couvrir en d\u00e9tails sous la rubrique L\u2019\u00e9quipe. Notre devise : A la petite \u00e9cole de Maubroux, ce n\u2019est pas comme partout\u2026L\u2019\u00e9cole est &hellip; <a href=\"http:\/\/ecoles.rixensart.be\/maubroux\/\" class=\"more-link\">Continuer la lecture<span class=\"screen-reader-text\"> de <span class=\"screen-reader-text\">Page d&rsquo;accueil<\/span><\/span>&nbsp;<span class=\"meta-nav\">&rarr;<\/span><\/a><\/p>\n","protected":false},"author":1,"featured_media":0,"parent":0,"menu_order":0,"comment_status":"closed","ping_status":"open","template":"","meta":{"footnotes":""},"_links":{"self":[{"href":"http:\/\/ecoles.rixensart.be\/maubroux\/wp-json\/wp\/v2\/pages\/12"}],"collection":[{"href":"http:\/\/ecoles.rixensart.be\/maubroux\/wp-json\/wp\/v2\/pages"}],"about":[{"href":"http:\/\/ecoles.rixensart.be\/maubroux\/wp-json\/wp\/v2\/types\/page"}],"author":[{"embeddable":true,"href":"http:\/\/ecoles.rixensart.be\/maubroux\/wp-json\/wp\/v2\/users\/1"}],"replies":[{"embeddable":true,"href":"http:\/\/ecoles.rixensart.be\/maubroux\/wp-json\/wp\/v2\/comments?post=12"}],"version-history":[{"count":50,"href":"http:\/\/ecoles.rixensart.be\/maubroux\/wp-json\/wp\/v2\/pages\/12\/revisions"}],"predecessor-version":[{"id":18221,"href":"http:\/\/ecoles.rixensart.be\/maubroux\/wp-json\/wp\/v2\/pages\/12\/revisions\/18221"}],"wp:attachment":[{"href":"http:\/\/ecoles.rixensart.be\/maubroux\/wp-json\/wp\/v2\/media?parent=12"}],"curies":[{"name":"wp","href":"https:\/\/api.w.org\/{rel}","templated":true}]}}