{"id":19,"date":"2016-03-13T14:12:28","date_gmt":"2016-03-13T13:12:28","guid":{"rendered":"http:\/\/ecoles.rixensart.be\/maubroux\/?page_id=19"},"modified":"2022-09-05T16:21:57","modified_gmt":"2022-09-05T15:21:57","slug":"mon-ecole","status":"publish","type":"page","link":"http:\/\/ecoles.rixensart.be\/maubroux\/mon-ecole\/","title":{"rendered":"Mon \u00e9cole"},"content":{"rendered":"<p>Parcourez les diff\u00e9rentes rubriques pour en savoir plus sur l&rsquo;organisation de notre \u00e9cole.<\/p>\n<ul>\n<li>Horaires<\/li>\n<li>L&rsquo;\u00e9quipe<\/li>\n<li>Accueil temps-libre<\/li>\n<li>Le PMS<\/li>\n<li>Le projet d&rsquo;\u00e9tablissement<\/li>\n<li>Th\u00e9matique annuelle<\/li>\n<\/ul>\n","protected":false},"excerpt":{"rendered":"<p>Parcourez les diff\u00e9rentes rubriques pour en savoir plus sur l&rsquo;organisation de notre \u00e9cole. Horaires L&rsquo;\u00e9quipe Accueil temps-libre Le PMS Le projet d&rsquo;\u00e9tablissement Th\u00e9matique annuelle<\/p>\n","protected":false},"author":1,"featured_media":0,"parent":0,"menu_order":0,"comment_status":"closed","ping_status":"open","template":"","meta":{"footnotes":""},"_links":{"self":[{"href":"http:\/\/ecoles.rixensart.be\/maubroux\/wp-json\/wp\/v2\/pages\/19"}],"collection":[{"href":"http:\/\/ecoles.rixensart.be\/maubroux\/wp-json\/wp\/v2\/pages"}],"about":[{"href":"http:\/\/ecoles.rixensart.be\/maubroux\/wp-json\/wp\/v2\/types\/page"}],"author":[{"embeddable":true,"href":"http:\/\/ecoles.rixensart.be\/maubroux\/wp-json\/wp\/v2\/users\/1"}],"replies":[{"embeddable":true,"href":"http:\/\/ecoles.rixensart.be\/maubroux\/wp-json\/wp\/v2\/comments?post=19"}],"version-history":[{"count":5,"href":"http:\/\/ecoles.rixensart.be\/maubroux\/wp-json\/wp\/v2\/pages\/19\/revisions"}],"predecessor-version":[{"id":986,"href":"http:\/\/ecoles.rixensart.be\/maubroux\/wp-json\/wp\/v2\/pages\/19\/revisions\/986"}],"wp:attachment":[{"href":"http:\/\/ecoles.rixensart.be\/maubroux\/wp-json\/wp\/v2\/media?parent=19"}],"curies":[{"name":"wp","href":"https:\/\/api.w.org\/{rel}","templated":true}]}}