{"id":21,"date":"2016-03-13T14:14:42","date_gmt":"2016-03-13T13:14:42","guid":{"rendered":"http:\/\/ecoles.rixensart.be\/maubroux\/?page_id=21"},"modified":"2024-09-05T17:43:16","modified_gmt":"2024-09-05T16:43:16","slug":"lequipe","status":"publish","type":"page","link":"http:\/\/ecoles.rixensart.be\/maubroux\/mon-ecole\/lequipe\/","title":{"rendered":"L&rsquo;\u00e9quipe"},"content":{"rendered":"<p><strong>Directrice:<\/strong> Mme Christelle Delwiche<\/p>\n<p><strong>Equipe \u00e9ducative :<br \/>\n<\/strong>Mme H\u00e9l\u00e8ne Aglave<br \/>\nMme Lisa Micard<br \/>\nMme Annick Lemal<br \/>\nMme St\u00e9phanie Colmant<br \/>\nMme Marianne Vandeneycken<\/p>\n<p>Pu\u00e9ricultrice : Aurore Delire<br \/>\nAnimateur CAPE : Mr Alain Francis les mardis<\/p>\n<p>Professeurs de psychomotricit\u00e9 : Mme Laura Eid<\/p>\n<p><strong>Accueillantes temps libre :<\/strong><br \/>\nMme V\u00e9ronique Baland<br \/>\nMme Shireen<br \/>\nMme Nathalie Fedeli<br \/>\nMme Pascale Rindin<\/p>\n<p>+ aides variables (ALE, CAPE)<\/p>\n<p><strong>Techniciens de surface :<\/strong><br \/>\nMme Pauline Trami<br \/>\nMr Scander Ainous<\/p>\n","protected":false},"excerpt":{"rendered":"<p>Directrice: Mme Christelle Delwiche Equipe \u00e9ducative : Mme H\u00e9l\u00e8ne Aglave Mme Lisa Micard Mme Annick Lemal Mme St\u00e9phanie Colmant Mme Marianne Vandeneycken Pu\u00e9ricultrice : Aurore Delire Animateur CAPE : Mr Alain Francis les mardis Professeurs de psychomotricit\u00e9 : Mme Laura Eid Accueillantes temps libre : Mme V\u00e9ronique Baland Mme Shireen Mme Nathalie Fedeli Mme Pascale &hellip; <a href=\"http:\/\/ecoles.rixensart.be\/maubroux\/mon-ecole\/lequipe\/\" class=\"more-link\">Continuer la lecture<span class=\"screen-reader-text\"> de <span class=\"screen-reader-text\">L&rsquo;\u00e9quipe<\/span><\/span>&nbsp;<span class=\"meta-nav\">&rarr;<\/span><\/a><\/p>\n","protected":false},"author":1,"featured_media":0,"parent":19,"menu_order":1,"comment_status":"closed","ping_status":"open","template":"","meta":{"footnotes":""},"_links":{"self":[{"href":"http:\/\/ecoles.rixensart.be\/maubroux\/wp-json\/wp\/v2\/pages\/21"}],"collection":[{"href":"http:\/\/ecoles.rixensart.be\/maubroux\/wp-json\/wp\/v2\/pages"}],"about":[{"href":"http:\/\/ecoles.rixensart.be\/maubroux\/wp-json\/wp\/v2\/types\/page"}],"author":[{"embeddable":true,"href":"http:\/\/ecoles.rixensart.be\/maubroux\/wp-json\/wp\/v2\/users\/1"}],"replies":[{"embeddable":true,"href":"http:\/\/ecoles.rixensart.be\/maubroux\/wp-json\/wp\/v2\/comments?post=21"}],"version-history":[{"count":13,"href":"http:\/\/ecoles.rixensart.be\/maubroux\/wp-json\/wp\/v2\/pages\/21\/revisions"}],"predecessor-version":[{"id":30731,"href":"http:\/\/ecoles.rixensart.be\/maubroux\/wp-json\/wp\/v2\/pages\/21\/revisions\/30731"}],"up":[{"embeddable":true,"href":"http:\/\/ecoles.rixensart.be\/maubroux\/wp-json\/wp\/v2\/pages\/19"}],"wp:attachment":[{"href":"http:\/\/ecoles.rixensart.be\/maubroux\/wp-json\/wp\/v2\/media?parent=21"}],"curies":[{"name":"wp","href":"https:\/\/api.w.org\/{rel}","templated":true}]}}