{"id":23,"date":"2016-03-13T14:20:41","date_gmt":"2016-03-13T13:20:41","guid":{"rendered":"http:\/\/ecoles.rixensart.be\/maubroux\/?page_id=23"},"modified":"2024-07-15T09:27:45","modified_gmt":"2024-07-15T08:27:45","slug":"le-projet-detablissement","status":"publish","type":"page","link":"http:\/\/ecoles.rixensart.be\/maubroux\/mon-ecole\/le-projet-detablissement\/","title":{"rendered":"Le projet d&rsquo;\u00e9tablissement"},"content":{"rendered":"<p>Le projet d\u2019\u00e9tablissement d\u00e9finit l\u2019ensemble des choix p\u00e9dagogiques et des actions concr\u00e8tes de l\u2019\u00e9quipe \u00e9ducative. Il s\u2019inscrit dans la droite ligne des objectifs g\u00e9n\u00e9raux de l\u2019enseignement fondamental et secondaire. Il est en quelque sorte la \u00ab carte d\u2019identit\u00e9 d\u00e9taill\u00e9e de l\u2019\u00e9cole.<br \/>\nNous vous invitons \u00e0 en d\u00e9couvrir le <a href=\"http:\/\/ecoles.rixensart.be\/maubroux\/wp-content\/uploads\/2024\/07\/Projet_etablissement-version-01-24.pdf\">document int\u00e9gral<\/a>.<\/p>\n","protected":false},"excerpt":{"rendered":"<p>Le projet d\u2019\u00e9tablissement d\u00e9finit l\u2019ensemble des choix p\u00e9dagogiques et des actions concr\u00e8tes de l\u2019\u00e9quipe \u00e9ducative. Il s\u2019inscrit dans la droite ligne des objectifs g\u00e9n\u00e9raux de l\u2019enseignement fondamental et secondaire. Il est en quelque sorte la \u00ab carte d\u2019identit\u00e9 d\u00e9taill\u00e9e de l\u2019\u00e9cole. Nous vous invitons \u00e0 en d\u00e9couvrir le document int\u00e9gral.<\/p>\n","protected":false},"author":1,"featured_media":0,"parent":19,"menu_order":2,"comment_status":"closed","ping_status":"open","template":"","meta":{"footnotes":""},"_links":{"self":[{"href":"http:\/\/ecoles.rixensart.be\/maubroux\/wp-json\/wp\/v2\/pages\/23"}],"collection":[{"href":"http:\/\/ecoles.rixensart.be\/maubroux\/wp-json\/wp\/v2\/pages"}],"about":[{"href":"http:\/\/ecoles.rixensart.be\/maubroux\/wp-json\/wp\/v2\/types\/page"}],"author":[{"embeddable":true,"href":"http:\/\/ecoles.rixensart.be\/maubroux\/wp-json\/wp\/v2\/users\/1"}],"replies":[{"embeddable":true,"href":"http:\/\/ecoles.rixensart.be\/maubroux\/wp-json\/wp\/v2\/comments?post=23"}],"version-history":[{"count":9,"href":"http:\/\/ecoles.rixensart.be\/maubroux\/wp-json\/wp\/v2\/pages\/23\/revisions"}],"predecessor-version":[{"id":18222,"href":"http:\/\/ecoles.rixensart.be\/maubroux\/wp-json\/wp\/v2\/pages\/23\/revisions\/18222"}],"up":[{"embeddable":true,"href":"http:\/\/ecoles.rixensart.be\/maubroux\/wp-json\/wp\/v2\/pages\/19"}],"wp:attachment":[{"href":"http:\/\/ecoles.rixensart.be\/maubroux\/wp-json\/wp\/v2\/media?parent=23"}],"curies":[{"name":"wp","href":"https:\/\/api.w.org\/{rel}","templated":true}]}}