{"id":26,"date":"2016-03-13T14:21:32","date_gmt":"2016-03-13T13:21:32","guid":{"rendered":"http:\/\/ecoles.rixensart.be\/maubroux\/?page_id=26"},"modified":"2022-10-21T13:13:29","modified_gmt":"2022-10-21T12:13:29","slug":"alimentation-et-sante","status":"publish","type":"page","link":"http:\/\/ecoles.rixensart.be\/maubroux\/mon-ecole\/alimentation-et-sante\/","title":{"rendered":"Alimentation et sant\u00e9"},"content":{"rendered":"<p style=\"margin: 0cm; margin-bottom: .0001pt;\"><span style=\"font-family: 'Helvetica','sans-serif'; color: #141412;\">En ce qui concerne la collation de 10h, une th\u00e9matique a \u00e9t\u00e9 mise en place il y a quelques ann\u00e9es pour sensibiliser \u00e0 l&rsquo;alimentation saine et \u00e9quilibr\u00e9e.<\/span><\/p>\n<p style=\"margin: 0cm; margin-bottom: .0001pt;\"><span style=\"font-family: 'Helvetica','sans-serif'; color: #141412;\">Chaque mardi et vendredi le choix est donn\u00e9 de commander le potage via le traiteur ou d&rsquo;apporter sa propre collation l\u00e9gumes ou potage.<\/span><\/p>\n<p style=\"font-variant-ligatures: normal; font-variant-caps: normal; orphans: 2; text-align: start; widows: 2; -webkit-text-stroke-width: 0px; text-decoration-style: initial; text-decoration-color: initial; word-spacing: 0px; margin: 0cm 0cm 18.0pt 0cm;\"><span style=\"font-family: 'Helvetica','sans-serif'; color: #141412;\">Chaque mercredi l&rsquo;\u00e9cole fournit gratuitement la collation dans le cadre du programme \u00ab\u00a0fruits et l\u00e9gumes \u00e0 l&rsquo;\u00e9cole\u00a0\u00bb du SPW.<\/span><\/p>\n<p style=\"font-variant-ligatures: normal; font-variant-caps: normal; orphans: 2; text-align: start; widows: 2; -webkit-text-stroke-width: 0px; text-decoration-style: initial; text-decoration-color: initial; word-spacing: 0px; margin: 0cm 0cm 18.0pt 0cm;\"><span style=\"font-family: 'Helvetica','sans-serif'; color: #141412;\">Pour la collation du lundi (biscuits ou g\u00e2teaux secs) et du jeudi (produits laitiers), le choix est donn\u00e9 aux parents de participer \u00e0 une collation collective organis\u00e9e par un parent d\u00e9l\u00e9gu\u00e9 ou d&rsquo;apporter une collation individuelle en ad\u00e9quation avec la th\u00e9matique mise en place.<br \/>\n<\/span><\/p>\n<p style=\"font-variant-ligatures: normal; font-variant-caps: normal; orphans: 2; text-align: start; widows: 2; -webkit-text-stroke-width: 0px; text-decoration-style: initial; text-decoration-color: initial; word-spacing: 0px; margin: 0cm 0cm 18.0pt 0cm;\"><span style=\"font-family: 'Helvetica','sans-serif'; color: #141412;\">Un service de repas chauds de qualit\u00e9 (SAUF le mercredi) est assur\u00e9 \u00e0 l&rsquo;\u00e9cole.<\/span><\/p>\n<p><span style=\"font-family: 'Helvetica','sans-serif'; color: #141412;\">Une collation collective est propos\u00e9e \u00e0 16h, organis\u00e9e par l\u2019\u00e9cole, pour les enfants qui restent \u00e0 la garderie : go\u00fbter tartines garnies. Elle co\u00fbte 0,40<\/span>\u20ac <span style=\"font-family: 'Helvetica','sans-serif'; color: #141412;\">par jour.<\/span><\/p>\n<p>Nous prenons soin de respecter les allergies et les intol\u00e9rances de chacun. Une fiche d\u00e9taill\u00e9e de ce que l\u2019enfant peut ou non manger est connue de l\u2019\u00e9quipe et des alternatives sont trouv\u00e9es pour chacun d&rsquo;entre eux.<\/p>\n<p style=\"font-variant-ligatures: normal; font-variant-caps: normal; orphans: 2; text-align: start; widows: 2; -webkit-text-stroke-width: 0px; text-decoration-style: initial; text-decoration-color: initial; word-spacing: 0px; margin: 0cm 0cm 18.0pt 0cm;\"><span style=\"font-family: 'Helvetica','sans-serif'; color: #141412;\">Chaque ann\u00e9e, une cueillette de pommes et de poires est organis\u00e9e dans un verger \u00e0 proximit\u00e9 afin de familiariser les enfants sur l\u2019origine des aliments, leur utilisation et la nature plus largement.<br \/>\nLes enfants mettent ensuite la main \u00e0 la p\u00e2te pour confectionner compotes, tartes et autres mets culinaires.<\/span><\/p>\n<p><span style=\"font-family: 'Helvetica','sans-serif'; color: #141412;\">En partenariat avec la firme TCO, des animations sont organis\u00e9es pour sensibiliser les enfants \u00e0 l&rsquo;alimentation saine.<\/span><\/p>\n","protected":false},"excerpt":{"rendered":"<p>En ce qui concerne la collation de 10h, une th\u00e9matique a \u00e9t\u00e9 mise en place il y a quelques ann\u00e9es pour sensibiliser \u00e0 l&rsquo;alimentation saine et \u00e9quilibr\u00e9e. Chaque mardi et vendredi le choix est donn\u00e9 de commander le potage via le traiteur ou d&rsquo;apporter sa propre collation l\u00e9gumes ou potage. Chaque mercredi l&rsquo;\u00e9cole fournit gratuitement &hellip; <a href=\"http:\/\/ecoles.rixensart.be\/maubroux\/mon-ecole\/alimentation-et-sante\/\" class=\"more-link\">Continuer la lecture<span class=\"screen-reader-text\"> de <span class=\"screen-reader-text\">Alimentation et sant\u00e9<\/span><\/span>&nbsp;<span class=\"meta-nav\">&rarr;<\/span><\/a><\/p>\n","protected":false},"author":1,"featured_media":0,"parent":19,"menu_order":3,"comment_status":"closed","ping_status":"open","template":"","meta":{"footnotes":""},"_links":{"self":[{"href":"http:\/\/ecoles.rixensart.be\/maubroux\/wp-json\/wp\/v2\/pages\/26"}],"collection":[{"href":"http:\/\/ecoles.rixensart.be\/maubroux\/wp-json\/wp\/v2\/pages"}],"about":[{"href":"http:\/\/ecoles.rixensart.be\/maubroux\/wp-json\/wp\/v2\/types\/page"}],"author":[{"embeddable":true,"href":"http:\/\/ecoles.rixensart.be\/maubroux\/wp-json\/wp\/v2\/users\/1"}],"replies":[{"embeddable":true,"href":"http:\/\/ecoles.rixensart.be\/maubroux\/wp-json\/wp\/v2\/comments?post=26"}],"version-history":[{"count":12,"href":"http:\/\/ecoles.rixensart.be\/maubroux\/wp-json\/wp\/v2\/pages\/26\/revisions"}],"predecessor-version":[{"id":1025,"href":"http:\/\/ecoles.rixensart.be\/maubroux\/wp-json\/wp\/v2\/pages\/26\/revisions\/1025"}],"up":[{"embeddable":true,"href":"http:\/\/ecoles.rixensart.be\/maubroux\/wp-json\/wp\/v2\/pages\/19"}],"wp:attachment":[{"href":"http:\/\/ecoles.rixensart.be\/maubroux\/wp-json\/wp\/v2\/media?parent=26"}],"curies":[{"name":"wp","href":"https:\/\/api.w.org\/{rel}","templated":true}]}}