{"id":31,"date":"2016-03-13T14:23:57","date_gmt":"2016-03-13T13:23:57","guid":{"rendered":"http:\/\/ecoles.rixensart.be\/maubroux\/?page_id=31"},"modified":"2024-05-24T19:28:10","modified_gmt":"2024-05-24T18:28:10","slug":"sport","status":"publish","type":"page","link":"http:\/\/ecoles.rixensart.be\/maubroux\/mon-ecole\/sport\/","title":{"rendered":"Activit\u00e9s sportives"},"content":{"rendered":"<p>Deux p\u00e9riodes de psychomotricit\u00e9 sont organis\u00e9es chaque semaine d\u00e8s la classe d\u2019accueil.<\/p>\n<p>Une sortie piscine est organis\u00e9e chaque semaine durant toute l\u2019ann\u00e9e pour les enfants de 3\u00e8me maternelle.<\/p>\n<p><img loading=\"lazy\" decoding=\"async\" class=\"wp-image-33 alignleft\" src=\"http:\/\/ecoles.rixensart.be\/maubroux\/wp-content\/uploads\/2016\/03\/SAM_2693-300x225.jpg\" alt=\"SAM_2693\" width=\"315\" height=\"236\" srcset=\"http:\/\/ecoles.rixensart.be\/maubroux\/wp-content\/uploads\/2016\/03\/SAM_2693-300x225.jpg 300w, http:\/\/ecoles.rixensart.be\/maubroux\/wp-content\/uploads\/2016\/03\/SAM_2693-768x576.jpg 768w, http:\/\/ecoles.rixensart.be\/maubroux\/wp-content\/uploads\/2016\/03\/SAM_2693.jpg 1000w\" sizes=\"(max-width: 315px) 100vw, 315px\" \/><\/p>\n<p>D\u00e8s que le temps le permet, les enfants prennent l\u2019air et se d\u00e9foulent dans le jardin de l\u2019\u00e9cole. De nombreux jeux adapt\u00e9s aux diff\u00e9rents \u00e2ges sont propos\u00e9s dans la cour.<\/p>\n<p>Outre ces activit\u00e9s hebdomadaires rituelles, des sorties \u00e0 l\u2019air pur (en for\u00eat, au parc de la Hulpe) offrent r\u00e9guli\u00e8rement l\u2019occasion \u00e0 nos bambins de se d\u00e9rouiller les jambes et de d\u00e9couvrir la nature au gr\u00e9 des saisons.<\/p>\n<p><img loading=\"lazy\" decoding=\"async\" class=\"wp-image-36 alignleft\" src=\"http:\/\/ecoles.rixensart.be\/maubroux\/wp-content\/uploads\/2016\/03\/DSC08160-300x225.jpg\" alt=\"DSC08160\" width=\"311\" height=\"233\" srcset=\"http:\/\/ecoles.rixensart.be\/maubroux\/wp-content\/uploads\/2016\/03\/DSC08160-300x225.jpg 300w, http:\/\/ecoles.rixensart.be\/maubroux\/wp-content\/uploads\/2016\/03\/DSC08160-768x576.jpg 768w, http:\/\/ecoles.rixensart.be\/maubroux\/wp-content\/uploads\/2016\/03\/DSC08160.jpg 800w\" sizes=\"(max-width: 311px) 100vw, 311px\" \/><\/p>\n","protected":false},"excerpt":{"rendered":"<p>Deux p\u00e9riodes de psychomotricit\u00e9 sont organis\u00e9es chaque semaine d\u00e8s la classe d\u2019accueil. Une sortie piscine est organis\u00e9e chaque semaine durant toute l\u2019ann\u00e9e pour les enfants de 3\u00e8me maternelle. D\u00e8s que le temps le permet, les enfants prennent l\u2019air et se d\u00e9foulent dans le jardin de l\u2019\u00e9cole. De nombreux jeux adapt\u00e9s aux diff\u00e9rents \u00e2ges sont propos\u00e9s &hellip; <a href=\"http:\/\/ecoles.rixensart.be\/maubroux\/mon-ecole\/sport\/\" class=\"more-link\">Continuer la lecture<span class=\"screen-reader-text\"> de <span class=\"screen-reader-text\">Activit\u00e9s sportives<\/span><\/span>&nbsp;<span class=\"meta-nav\">&rarr;<\/span><\/a><\/p>\n","protected":false},"author":1,"featured_media":0,"parent":19,"menu_order":4,"comment_status":"closed","ping_status":"closed","template":"","meta":{"footnotes":""},"_links":{"self":[{"href":"http:\/\/ecoles.rixensart.be\/maubroux\/wp-json\/wp\/v2\/pages\/31"}],"collection":[{"href":"http:\/\/ecoles.rixensart.be\/maubroux\/wp-json\/wp\/v2\/pages"}],"about":[{"href":"http:\/\/ecoles.rixensart.be\/maubroux\/wp-json\/wp\/v2\/types\/page"}],"author":[{"embeddable":true,"href":"http:\/\/ecoles.rixensart.be\/maubroux\/wp-json\/wp\/v2\/users\/1"}],"replies":[{"embeddable":true,"href":"http:\/\/ecoles.rixensart.be\/maubroux\/wp-json\/wp\/v2\/comments?post=31"}],"version-history":[{"count":6,"href":"http:\/\/ecoles.rixensart.be\/maubroux\/wp-json\/wp\/v2\/pages\/31\/revisions"}],"predecessor-version":[{"id":18202,"href":"http:\/\/ecoles.rixensart.be\/maubroux\/wp-json\/wp\/v2\/pages\/31\/revisions\/18202"}],"up":[{"embeddable":true,"href":"http:\/\/ecoles.rixensart.be\/maubroux\/wp-json\/wp\/v2\/pages\/19"}],"wp:attachment":[{"href":"http:\/\/ecoles.rixensart.be\/maubroux\/wp-json\/wp\/v2\/media?parent=31"}],"curies":[{"name":"wp","href":"https:\/\/api.w.org\/{rel}","templated":true}]}}