{"id":42,"date":"2016-03-13T14:36:39","date_gmt":"2016-03-13T13:36:39","guid":{"rendered":"http:\/\/ecoles.rixensart.be\/maubroux\/?page_id=42"},"modified":"2024-05-24T19:16:08","modified_gmt":"2024-05-24T18:16:08","slug":"accueil-extra-scolaire","status":"publish","type":"page","link":"http:\/\/ecoles.rixensart.be\/maubroux\/mon-ecole\/accueil-extra-scolaire\/","title":{"rendered":"Accueil Temps Libre"},"content":{"rendered":"<p>L\u2019esprit familial de Maubroux se ressent et se poursuit naturellement apr\u00e8s la classe gr\u00e2ce \u00e0 l\u2019\u00e9quipe des accueillantes temps libre qui assurent un service de garderie de qualit\u00e9.<br \/>\nLes activit\u00e9s propos\u00e9es sont adapt\u00e9es en fonction de la m\u00e9t\u00e9o : activit\u00e9s ext\u00e9rieures quand le temps le permet, ou dans l\u2019enceinte de l\u2019\u00e9cole (dessin, jeux, lecture, &#8230;).<\/p>\n<p>La garderie est enti\u00e8rement gratuite de 7h00 \u00e0 8h15 et de 15h15 \u00e0 18h00 (et le mercredi de 12h \u00e0 13h).<br \/>\nElle est payante \u00e0 partir de 16h00, ainsi que le mercredi apr\u00e8s-midi \u00e0 partir de 12h30.<\/p>\n<p><img loading=\"lazy\" decoding=\"async\" class=\"alignnone size-medium wp-image-43\" src=\"http:\/\/ecoles.rixensart.be\/maubroux\/wp-content\/uploads\/2016\/03\/P1010140-300x225.jpg\" alt=\"P1010140\" width=\"300\" height=\"225\" srcset=\"http:\/\/ecoles.rixensart.be\/maubroux\/wp-content\/uploads\/2016\/03\/P1010140-300x225.jpg 300w, http:\/\/ecoles.rixensart.be\/maubroux\/wp-content\/uploads\/2016\/03\/P1010140-768x576.jpg 768w, http:\/\/ecoles.rixensart.be\/maubroux\/wp-content\/uploads\/2016\/03\/P1010140.jpg 1000w\" sizes=\"(max-width: 300px) 100vw, 300px\" \/> <img loading=\"lazy\" decoding=\"async\" class=\"alignnone size-medium wp-image-44\" src=\"http:\/\/ecoles.rixensart.be\/maubroux\/wp-content\/uploads\/2016\/03\/P1010143-300x225.jpg\" alt=\"P1010143\" width=\"300\" height=\"225\" srcset=\"http:\/\/ecoles.rixensart.be\/maubroux\/wp-content\/uploads\/2016\/03\/P1010143-300x225.jpg 300w, http:\/\/ecoles.rixensart.be\/maubroux\/wp-content\/uploads\/2016\/03\/P1010143-768x576.jpg 768w, http:\/\/ecoles.rixensart.be\/maubroux\/wp-content\/uploads\/2016\/03\/P1010143.jpg 1000w\" sizes=\"(max-width: 300px) 100vw, 300px\" \/><\/p>\n","protected":false},"excerpt":{"rendered":"<p>L\u2019esprit familial de Maubroux se ressent et se poursuit naturellement apr\u00e8s la classe gr\u00e2ce \u00e0 l\u2019\u00e9quipe des accueillantes temps libre qui assurent un service de garderie de qualit\u00e9. Les activit\u00e9s propos\u00e9es sont adapt\u00e9es en fonction de la m\u00e9t\u00e9o : activit\u00e9s ext\u00e9rieures quand le temps le permet, ou dans l\u2019enceinte de l\u2019\u00e9cole (dessin, jeux, lecture, &#8230;). &hellip; <a href=\"http:\/\/ecoles.rixensart.be\/maubroux\/mon-ecole\/accueil-extra-scolaire\/\" class=\"more-link\">Continuer la lecture<span class=\"screen-reader-text\"> de <span class=\"screen-reader-text\">Accueil Temps Libre<\/span><\/span>&nbsp;<span class=\"meta-nav\">&rarr;<\/span><\/a><\/p>\n","protected":false},"author":1,"featured_media":0,"parent":19,"menu_order":5,"comment_status":"closed","ping_status":"closed","template":"","meta":{"footnotes":""},"_links":{"self":[{"href":"http:\/\/ecoles.rixensart.be\/maubroux\/wp-json\/wp\/v2\/pages\/42"}],"collection":[{"href":"http:\/\/ecoles.rixensart.be\/maubroux\/wp-json\/wp\/v2\/pages"}],"about":[{"href":"http:\/\/ecoles.rixensart.be\/maubroux\/wp-json\/wp\/v2\/types\/page"}],"author":[{"embeddable":true,"href":"http:\/\/ecoles.rixensart.be\/maubroux\/wp-json\/wp\/v2\/users\/1"}],"replies":[{"embeddable":true,"href":"http:\/\/ecoles.rixensart.be\/maubroux\/wp-json\/wp\/v2\/comments?post=42"}],"version-history":[{"count":11,"href":"http:\/\/ecoles.rixensart.be\/maubroux\/wp-json\/wp\/v2\/pages\/42\/revisions"}],"predecessor-version":[{"id":18195,"href":"http:\/\/ecoles.rixensart.be\/maubroux\/wp-json\/wp\/v2\/pages\/42\/revisions\/18195"}],"up":[{"embeddable":true,"href":"http:\/\/ecoles.rixensart.be\/maubroux\/wp-json\/wp\/v2\/pages\/19"}],"wp:attachment":[{"href":"http:\/\/ecoles.rixensart.be\/maubroux\/wp-json\/wp\/v2\/media?parent=42"}],"curies":[{"name":"wp","href":"https:\/\/api.w.org\/{rel}","templated":true}]}}