{"id":46,"date":"2016-03-13T14:42:14","date_gmt":"2016-03-13T13:42:14","guid":{"rendered":"http:\/\/ecoles.rixensart.be\/maubroux\/?page_id=46"},"modified":"2024-07-12T12:17:44","modified_gmt":"2024-07-12T11:17:44","slug":"une-thematique-annuelle","status":"publish","type":"page","link":"http:\/\/ecoles.rixensart.be\/maubroux\/mon-ecole\/une-thematique-annuelle\/","title":{"rendered":"Une th\u00e9matique annuelle"},"content":{"rendered":"<p>Chaque ann\u00e9e, l&rsquo;\u00e9quipe \u00e9ducative propose un th\u00e8me autour duquel s\u2019articulent diverses activit\u00e9s et qui inspirera la Fancy fair du mois de juin qui cl\u00f4ture l\u2019ann\u00e9e en beaut\u00e9.<\/p>\n<p>Citons, \u00e0 titre d\u2019exemple&#8230;<\/p>\n<p><strong>2013-2014<\/strong>\u00a0:\u00a0 l\u2019art (visites de mus\u00e9es, spectacles, \u2026)<br \/>\n<strong>2014-2015 :\u00a0<\/strong>les contes et l\u00e9gendes (visite de ch\u00e2teau, \u2026).<br \/>\n<strong>2015-2016<\/strong>\u00a0: la science.<br \/>\n<strong>2016-2017<\/strong> : les aventuriers d&rsquo;autrefois et\u00a0 l&rsquo;\u00e9veil historique.<br \/>\n<strong>2017-2018<\/strong>\u00a0:\u00a0 la d\u00e9couverte des diff\u00e9rents m\u00e9tiers.<br \/>\n<strong>2018-2019<\/strong> : les 4 \u00e9l\u00e9ments<br \/>\n<strong>2019-2020<\/strong> : la nature et l&rsquo;environnement<br \/>\n<strong style=\"font-size: revert; color: initial; font-family: -apple-system, BlinkMacSystemFont, 'Segoe UI', Roboto, Oxygen-Sans, Ubuntu, Cantarell, 'Helvetica Neue', sans-serif;\">2020-2021<\/strong><span style=\"font-size: revert; color: initial; font-family: -apple-system, BlinkMacSystemFont, 'Segoe UI', Roboto, Oxygen-Sans, Ubuntu, Cantarell, 'Helvetica Neue', sans-serif;\"> : le corps sous toutes ses formes<br \/>\n<\/span><strong>2021-2022 <\/strong>: Le tour du monde du loup<br \/>\n<strong>2022-2023 :\u00a0<\/strong>L&rsquo;art dans tous les \u00e9tats<strong><br \/>\n2023-2024<\/strong>\u00a0: Le monde imaginaire<br \/>\n<strong>2024-2025<\/strong> : Retour vers le futur<\/p>\n","protected":false},"excerpt":{"rendered":"<p>Chaque ann\u00e9e, l&rsquo;\u00e9quipe \u00e9ducative propose un th\u00e8me autour duquel s\u2019articulent diverses activit\u00e9s et qui inspirera la Fancy fair du mois de juin qui cl\u00f4ture l\u2019ann\u00e9e en beaut\u00e9. Citons, \u00e0 titre d\u2019exemple&#8230; 2013-2014\u00a0:\u00a0 l\u2019art (visites de mus\u00e9es, spectacles, \u2026) 2014-2015 :\u00a0les contes et l\u00e9gendes (visite de ch\u00e2teau, \u2026). 2015-2016\u00a0: la science. 2016-2017 : les aventuriers d&rsquo;autrefois &hellip; <a href=\"http:\/\/ecoles.rixensart.be\/maubroux\/mon-ecole\/une-thematique-annuelle\/\" class=\"more-link\">Continuer la lecture<span class=\"screen-reader-text\"> de <span class=\"screen-reader-text\">Une th\u00e9matique annuelle<\/span><\/span>&nbsp;<span class=\"meta-nav\">&rarr;<\/span><\/a><\/p>\n","protected":false},"author":1,"featured_media":0,"parent":19,"menu_order":6,"comment_status":"closed","ping_status":"closed","template":"","meta":{"footnotes":""},"_links":{"self":[{"href":"http:\/\/ecoles.rixensart.be\/maubroux\/wp-json\/wp\/v2\/pages\/46"}],"collection":[{"href":"http:\/\/ecoles.rixensart.be\/maubroux\/wp-json\/wp\/v2\/pages"}],"about":[{"href":"http:\/\/ecoles.rixensart.be\/maubroux\/wp-json\/wp\/v2\/types\/page"}],"author":[{"embeddable":true,"href":"http:\/\/ecoles.rixensart.be\/maubroux\/wp-json\/wp\/v2\/users\/1"}],"replies":[{"embeddable":true,"href":"http:\/\/ecoles.rixensart.be\/maubroux\/wp-json\/wp\/v2\/comments?post=46"}],"version-history":[{"count":12,"href":"http:\/\/ecoles.rixensart.be\/maubroux\/wp-json\/wp\/v2\/pages\/46\/revisions"}],"predecessor-version":[{"id":18208,"href":"http:\/\/ecoles.rixensart.be\/maubroux\/wp-json\/wp\/v2\/pages\/46\/revisions\/18208"}],"up":[{"embeddable":true,"href":"http:\/\/ecoles.rixensart.be\/maubroux\/wp-json\/wp\/v2\/pages\/19"}],"wp:attachment":[{"href":"http:\/\/ecoles.rixensart.be\/maubroux\/wp-json\/wp\/v2\/media?parent=46"}],"curies":[{"name":"wp","href":"https:\/\/api.w.org\/{rel}","templated":true}]}}