{"id":51,"date":"2016-03-13T14:48:53","date_gmt":"2016-03-13T13:48:53","guid":{"rendered":"http:\/\/ecoles.rixensart.be\/maubroux\/?page_id=51"},"modified":"2022-06-05T17:24:34","modified_gmt":"2022-06-05T16:24:34","slug":"mon-eveil","status":"publish","type":"page","link":"http:\/\/ecoles.rixensart.be\/maubroux\/mon-eveil\/","title":{"rendered":"Mon \u00e9veil"},"content":{"rendered":"<p>D\u00e9couvrez ici ce qui est mis en place au sein de notre \u00e9cole pour \u00e9veiller nos petits \u00e9l\u00e8ves.<\/p>\n<ul>\n<li>Musique<\/li>\n<li>Biblioth\u00e8que<\/li>\n<li>Actions citoyennes<\/li>\n<li>Le sport<\/li>\n<li>Les langues<\/li>\n<li>Les classes dehors<\/li>\n<li>Les activit\u00e9s 5\/8<\/li>\n<\/ul>\n","protected":false},"excerpt":{"rendered":"<p>D\u00e9couvrez ici ce qui est mis en place au sein de notre \u00e9cole pour \u00e9veiller nos petits \u00e9l\u00e8ves. Musique Biblioth\u00e8que Actions citoyennes Le sport Les langues Les classes dehors Les activit\u00e9s 5\/8<\/p>\n","protected":false},"author":1,"featured_media":0,"parent":0,"menu_order":0,"comment_status":"closed","ping_status":"closed","template":"","meta":{"footnotes":""},"_links":{"self":[{"href":"http:\/\/ecoles.rixensart.be\/maubroux\/wp-json\/wp\/v2\/pages\/51"}],"collection":[{"href":"http:\/\/ecoles.rixensart.be\/maubroux\/wp-json\/wp\/v2\/pages"}],"about":[{"href":"http:\/\/ecoles.rixensart.be\/maubroux\/wp-json\/wp\/v2\/types\/page"}],"author":[{"embeddable":true,"href":"http:\/\/ecoles.rixensart.be\/maubroux\/wp-json\/wp\/v2\/users\/1"}],"replies":[{"embeddable":true,"href":"http:\/\/ecoles.rixensart.be\/maubroux\/wp-json\/wp\/v2\/comments?post=51"}],"version-history":[{"count":5,"href":"http:\/\/ecoles.rixensart.be\/maubroux\/wp-json\/wp\/v2\/pages\/51\/revisions"}],"predecessor-version":[{"id":966,"href":"http:\/\/ecoles.rixensart.be\/maubroux\/wp-json\/wp\/v2\/pages\/51\/revisions\/966"}],"wp:attachment":[{"href":"http:\/\/ecoles.rixensart.be\/maubroux\/wp-json\/wp\/v2\/media?parent=51"}],"curies":[{"name":"wp","href":"https:\/\/api.w.org\/{rel}","templated":true}]}}