{"id":53,"date":"2016-03-13T14:54:34","date_gmt":"2016-03-13T13:54:34","guid":{"rendered":"http:\/\/ecoles.rixensart.be\/maubroux\/?page_id=53"},"modified":"2022-06-02T16:52:33","modified_gmt":"2022-06-02T15:52:33","slug":"musique","status":"publish","type":"page","link":"http:\/\/ecoles.rixensart.be\/maubroux\/mon-eveil\/musique\/","title":{"rendered":"Musique"},"content":{"rendered":"<p>Chaque premier et troisi\u00e8me trismestre de l&rsquo;ann\u00e9e, des activit\u00e9s musicales sont organis\u00e9es en partenariat avec les Jeunesses Musicales du Brabant-Wallon.<\/p>\n<p>D&rsquo;autres spectacles sont \u00e9galement propos\u00e9s aux enfants par le biais de partenaires ext\u00e9rieurs tels que par exemple : Plan\u00e8te M\u00f4mes, Les Trois Chardons, &#8230; Les enfants d\u00e9couvrent ainsi l\u2019univers de la musique (les instruments, le rythme, \u2026) au travers de spectacles et contes.<\/p>\n<p><img loading=\"lazy\" decoding=\"async\" class=\"alignnone size-medium wp-image-56\" src=\"http:\/\/ecoles.rixensart.be\/maubroux\/wp-content\/uploads\/2016\/03\/\u00e9cole-Marianne-042-300x225.jpg\" alt=\"\u00e9cole Marianne 042\" width=\"300\" height=\"225\" srcset=\"http:\/\/ecoles.rixensart.be\/maubroux\/wp-content\/uploads\/2016\/03\/\u00e9cole-Marianne-042-300x225.jpg 300w, http:\/\/ecoles.rixensart.be\/maubroux\/wp-content\/uploads\/2016\/03\/\u00e9cole-Marianne-042-768x576.jpg 768w, http:\/\/ecoles.rixensart.be\/maubroux\/wp-content\/uploads\/2016\/03\/\u00e9cole-Marianne-042.jpg 1000w\" sizes=\"(max-width: 300px) 100vw, 300px\" \/> <img loading=\"lazy\" decoding=\"async\" class=\"alignnone size-medium wp-image-55\" src=\"http:\/\/ecoles.rixensart.be\/maubroux\/wp-content\/uploads\/2016\/03\/\u00e9cole-Marianne-040-300x225.jpg\" alt=\"\u00e9cole Marianne 040\" width=\"300\" height=\"225\" srcset=\"http:\/\/ecoles.rixensart.be\/maubroux\/wp-content\/uploads\/2016\/03\/\u00e9cole-Marianne-040-300x225.jpg 300w, http:\/\/ecoles.rixensart.be\/maubroux\/wp-content\/uploads\/2016\/03\/\u00e9cole-Marianne-040-768x576.jpg 768w, http:\/\/ecoles.rixensart.be\/maubroux\/wp-content\/uploads\/2016\/03\/\u00e9cole-Marianne-040.jpg 1000w\" sizes=\"(max-width: 300px) 100vw, 300px\" \/><\/p>\n","protected":false},"excerpt":{"rendered":"<p>Chaque premier et troisi\u00e8me trismestre de l&rsquo;ann\u00e9e, des activit\u00e9s musicales sont organis\u00e9es en partenariat avec les Jeunesses Musicales du Brabant-Wallon. D&rsquo;autres spectacles sont \u00e9galement propos\u00e9s aux enfants par le biais de partenaires ext\u00e9rieurs tels que par exemple : Plan\u00e8te M\u00f4mes, Les Trois Chardons, &#8230; Les enfants d\u00e9couvrent ainsi l\u2019univers de la musique (les instruments, le &hellip; <a href=\"http:\/\/ecoles.rixensart.be\/maubroux\/mon-eveil\/musique\/\" class=\"more-link\">Continuer la lecture<span class=\"screen-reader-text\"> de <span class=\"screen-reader-text\">Musique<\/span><\/span>&nbsp;<span class=\"meta-nav\">&rarr;<\/span><\/a><\/p>\n","protected":false},"author":1,"featured_media":0,"parent":51,"menu_order":1,"comment_status":"closed","ping_status":"closed","template":"","meta":{"footnotes":""},"_links":{"self":[{"href":"http:\/\/ecoles.rixensart.be\/maubroux\/wp-json\/wp\/v2\/pages\/53"}],"collection":[{"href":"http:\/\/ecoles.rixensart.be\/maubroux\/wp-json\/wp\/v2\/pages"}],"about":[{"href":"http:\/\/ecoles.rixensart.be\/maubroux\/wp-json\/wp\/v2\/types\/page"}],"author":[{"embeddable":true,"href":"http:\/\/ecoles.rixensart.be\/maubroux\/wp-json\/wp\/v2\/users\/1"}],"replies":[{"embeddable":true,"href":"http:\/\/ecoles.rixensart.be\/maubroux\/wp-json\/wp\/v2\/comments?post=53"}],"version-history":[{"count":6,"href":"http:\/\/ecoles.rixensart.be\/maubroux\/wp-json\/wp\/v2\/pages\/53\/revisions"}],"predecessor-version":[{"id":912,"href":"http:\/\/ecoles.rixensart.be\/maubroux\/wp-json\/wp\/v2\/pages\/53\/revisions\/912"}],"up":[{"embeddable":true,"href":"http:\/\/ecoles.rixensart.be\/maubroux\/wp-json\/wp\/v2\/pages\/51"}],"wp:attachment":[{"href":"http:\/\/ecoles.rixensart.be\/maubroux\/wp-json\/wp\/v2\/media?parent=53"}],"curies":[{"name":"wp","href":"https:\/\/api.w.org\/{rel}","templated":true}]}}