{"id":58,"date":"2016-03-13T14:57:40","date_gmt":"2016-03-13T13:57:40","guid":{"rendered":"http:\/\/ecoles.rixensart.be\/maubroux\/?page_id=58"},"modified":"2024-05-24T19:18:42","modified_gmt":"2024-05-24T18:18:42","slug":"bibliotheque","status":"publish","type":"page","link":"http:\/\/ecoles.rixensart.be\/maubroux\/mon-eveil\/bibliotheque\/","title":{"rendered":"Biblioth\u00e8que"},"content":{"rendered":"<p>Une conteuse de la biblioth\u00e8que communale de Genval vient toutes les trois semaines \u00e0 l\u2019\u00e9cole raconter des histoires aux enfants des classes d\u2019accueil, 1\u00e8re et 2\u00e8me maternelles. Ce moment d\u2019\u00e9vasion est tout particuli\u00e8rement appr\u00e9ci\u00e9 des enfants.<\/p>\n<p>Les enfants de 3e maternelle s\u2019y rendent une fois par mois. Ils ont l\u2019opportunit\u00e9 d\u2019y entendre des histoires mais \u00e9galement d\u2019y emprunter un ouvrage qu\u2019ils peuvent ramener \u00e0 la maison.<\/p>\n<p>Les classes participent aux activit\u00e9s propos\u00e9es par la biblioth\u00e8que comme les expositions, les ateliers jeux&#8230;<\/p>\n<p><img loading=\"lazy\" decoding=\"async\" class=\"size-medium wp-image-59 aligncenter\" src=\"http:\/\/ecoles.rixensart.be\/maubroux\/wp-content\/uploads\/2016\/03\/DSC_0076-300x169.jpg\" alt=\"DSC_0076\" width=\"300\" height=\"169\" srcset=\"http:\/\/ecoles.rixensart.be\/maubroux\/wp-content\/uploads\/2016\/03\/DSC_0076-300x169.jpg 300w, http:\/\/ecoles.rixensart.be\/maubroux\/wp-content\/uploads\/2016\/03\/DSC_0076-768x432.jpg 768w, http:\/\/ecoles.rixensart.be\/maubroux\/wp-content\/uploads\/2016\/03\/DSC_0076.jpg 1000w\" sizes=\"(max-width: 300px) 100vw, 300px\" \/><\/p>\n<p><img loading=\"lazy\" decoding=\"async\" class=\"alignnone size-medium wp-image-60\" src=\"http:\/\/ecoles.rixensart.be\/maubroux\/wp-content\/uploads\/2016\/03\/DSC00923-300x225.jpg\" alt=\"DSC00923\" width=\"300\" height=\"225\" srcset=\"http:\/\/ecoles.rixensart.be\/maubroux\/wp-content\/uploads\/2016\/03\/DSC00923-300x225.jpg 300w, http:\/\/ecoles.rixensart.be\/maubroux\/wp-content\/uploads\/2016\/03\/DSC00923-768x576.jpg 768w, http:\/\/ecoles.rixensart.be\/maubroux\/wp-content\/uploads\/2016\/03\/DSC00923.jpg 1000w\" sizes=\"(max-width: 300px) 100vw, 300px\" \/> <img loading=\"lazy\" decoding=\"async\" class=\"alignnone size-medium wp-image-61\" src=\"http:\/\/ecoles.rixensart.be\/maubroux\/wp-content\/uploads\/2016\/03\/DSC00924-225x300.jpg\" alt=\"DSC00924\" width=\"225\" height=\"300\" srcset=\"http:\/\/ecoles.rixensart.be\/maubroux\/wp-content\/uploads\/2016\/03\/DSC00924-225x300.jpg 225w, http:\/\/ecoles.rixensart.be\/maubroux\/wp-content\/uploads\/2016\/03\/DSC00924-768x1024.jpg 768w, http:\/\/ecoles.rixensart.be\/maubroux\/wp-content\/uploads\/2016\/03\/DSC00924.jpg 1000w\" sizes=\"(max-width: 225px) 100vw, 225px\" \/><\/p>\n","protected":false},"excerpt":{"rendered":"<p>Une conteuse de la biblioth\u00e8que communale de Genval vient toutes les trois semaines \u00e0 l\u2019\u00e9cole raconter des histoires aux enfants des classes d\u2019accueil, 1\u00e8re et 2\u00e8me maternelles. Ce moment d\u2019\u00e9vasion est tout particuli\u00e8rement appr\u00e9ci\u00e9 des enfants. Les enfants de 3e maternelle s\u2019y rendent une fois par mois. Ils ont l\u2019opportunit\u00e9 d\u2019y entendre des histoires mais &hellip; <a href=\"http:\/\/ecoles.rixensart.be\/maubroux\/mon-eveil\/bibliotheque\/\" class=\"more-link\">Continuer la lecture<span class=\"screen-reader-text\"> de <span class=\"screen-reader-text\">Biblioth\u00e8que<\/span><\/span>&nbsp;<span class=\"meta-nav\">&rarr;<\/span><\/a><\/p>\n","protected":false},"author":1,"featured_media":0,"parent":51,"menu_order":2,"comment_status":"closed","ping_status":"closed","template":"","meta":{"footnotes":""},"_links":{"self":[{"href":"http:\/\/ecoles.rixensart.be\/maubroux\/wp-json\/wp\/v2\/pages\/58"}],"collection":[{"href":"http:\/\/ecoles.rixensart.be\/maubroux\/wp-json\/wp\/v2\/pages"}],"about":[{"href":"http:\/\/ecoles.rixensart.be\/maubroux\/wp-json\/wp\/v2\/types\/page"}],"author":[{"embeddable":true,"href":"http:\/\/ecoles.rixensart.be\/maubroux\/wp-json\/wp\/v2\/users\/1"}],"replies":[{"embeddable":true,"href":"http:\/\/ecoles.rixensart.be\/maubroux\/wp-json\/wp\/v2\/comments?post=58"}],"version-history":[{"count":4,"href":"http:\/\/ecoles.rixensart.be\/maubroux\/wp-json\/wp\/v2\/pages\/58\/revisions"}],"predecessor-version":[{"id":18198,"href":"http:\/\/ecoles.rixensart.be\/maubroux\/wp-json\/wp\/v2\/pages\/58\/revisions\/18198"}],"up":[{"embeddable":true,"href":"http:\/\/ecoles.rixensart.be\/maubroux\/wp-json\/wp\/v2\/pages\/51"}],"wp:attachment":[{"href":"http:\/\/ecoles.rixensart.be\/maubroux\/wp-json\/wp\/v2\/media?parent=58"}],"curies":[{"name":"wp","href":"https:\/\/api.w.org\/{rel}","templated":true}]}}