{"id":63,"date":"2016-03-13T15:02:04","date_gmt":"2016-03-13T14:02:04","guid":{"rendered":"http:\/\/ecoles.rixensart.be\/maubroux\/?page_id=63"},"modified":"2024-05-24T19:28:37","modified_gmt":"2024-05-24T18:28:37","slug":"agenda-21","status":"publish","type":"page","link":"http:\/\/ecoles.rixensart.be\/maubroux\/mon-eveil\/agenda-21\/","title":{"rendered":"Actions citoyennes"},"content":{"rendered":"<p>Soucieuses de l\u2019environnement, nous veillons \u00e0 sensibiliser nos \u00e9l\u00e8ves, d\u00e8s la classe d\u2019accueil, par le biais d\u2019activit\u00e9s et d\u2019actions mises en place au quotidien (tri des d\u00e9chets, utilisation de l\u2019eau du robinet, \u00e9conomie d\u2019\u00e9nergie.) Nous travaillons en collaboration avec la cellule environnement de la commune de Rixensart et mettons en places diverses actions citoyennes et activit\u00e9s:<\/p>\n<ul>\n<li>Actions Goodplanet<\/li>\n<li>Tri des d\u00e9chets et compostage<\/li>\n<li>Biodiversit\u00e9 (panier bio, nichoirs \u00e0 insectes)<\/li>\n<li>Verger<\/li>\n<li>Alimentation durable<\/li>\n<li>Projets caritatifs ponctuels<\/li>\n<li>Intervention solidaire pour les parents en difficult\u00e9 (bus scolaire, visite, repas, \u2026) gr\u00e2ce \u00e0 l\u2019\u00e9cole et aux actions du comit\u00e9<\/li>\n<\/ul>\n<p><img loading=\"lazy\" decoding=\"async\" class=\"wp-image-975 alignleft\" src=\"http:\/\/ecoles.rixensart.be\/maubroux\/wp-content\/uploads\/2022\/06\/285617400_963644917660917_2009156107899269748_n.jpg\" alt=\"\" width=\"337\" height=\"253\" srcset=\"http:\/\/ecoles.rixensart.be\/maubroux\/wp-content\/uploads\/2022\/06\/285617400_963644917660917_2009156107899269748_n.jpg 2016w, http:\/\/ecoles.rixensart.be\/maubroux\/wp-content\/uploads\/2022\/06\/285617400_963644917660917_2009156107899269748_n-300x225.jpg 300w, http:\/\/ecoles.rixensart.be\/maubroux\/wp-content\/uploads\/2022\/06\/285617400_963644917660917_2009156107899269748_n-1024x768.jpg 1024w, http:\/\/ecoles.rixensart.be\/maubroux\/wp-content\/uploads\/2022\/06\/285617400_963644917660917_2009156107899269748_n-768x576.jpg 768w, http:\/\/ecoles.rixensart.be\/maubroux\/wp-content\/uploads\/2022\/06\/285617400_963644917660917_2009156107899269748_n-1536x1152.jpg 1536w\" sizes=\"(max-width: 337px) 100vw, 337px\" \/><\/p>\n<p><img loading=\"lazy\" decoding=\"async\" class=\"size-medium wp-image-64 alignnone\" src=\"http:\/\/ecoles.rixensart.be\/maubroux\/wp-content\/uploads\/2016\/03\/P1000159-225x300.jpg\" alt=\"P1000159\" width=\"225\" height=\"300\" srcset=\"http:\/\/ecoles.rixensart.be\/maubroux\/wp-content\/uploads\/2016\/03\/P1000159-225x300.jpg 225w, http:\/\/ecoles.rixensart.be\/maubroux\/wp-content\/uploads\/2016\/03\/P1000159-768x1024.jpg 768w, http:\/\/ecoles.rixensart.be\/maubroux\/wp-content\/uploads\/2016\/03\/P1000159.jpg 1000w\" sizes=\"(max-width: 225px) 100vw, 225px\" \/> <img loading=\"lazy\" decoding=\"async\" class=\"alignnone size-medium wp-image-65\" src=\"http:\/\/ecoles.rixensart.be\/maubroux\/wp-content\/uploads\/2016\/03\/DSC_0359-300x169.jpg\" alt=\"DSC_0359\" width=\"300\" height=\"169\" srcset=\"http:\/\/ecoles.rixensart.be\/maubroux\/wp-content\/uploads\/2016\/03\/DSC_0359-300x169.jpg 300w, http:\/\/ecoles.rixensart.be\/maubroux\/wp-content\/uploads\/2016\/03\/DSC_0359-768x432.jpg 768w, http:\/\/ecoles.rixensart.be\/maubroux\/wp-content\/uploads\/2016\/03\/DSC_0359.jpg 1000w\" sizes=\"(max-width: 300px) 100vw, 300px\" \/> <img loading=\"lazy\" decoding=\"async\" class=\"alignnone size-medium wp-image-72\" src=\"http:\/\/ecoles.rixensart.be\/maubroux\/wp-content\/uploads\/2016\/03\/IMG_0742-300x225.jpg\" alt=\"IMG_0742\" width=\"300\" height=\"225\" srcset=\"http:\/\/ecoles.rixensart.be\/maubroux\/wp-content\/uploads\/2016\/03\/IMG_0742-300x225.jpg 300w, http:\/\/ecoles.rixensart.be\/maubroux\/wp-content\/uploads\/2016\/03\/IMG_0742-768x576.jpg 768w, http:\/\/ecoles.rixensart.be\/maubroux\/wp-content\/uploads\/2016\/03\/IMG_0742.jpg 1000w\" sizes=\"(max-width: 300px) 100vw, 300px\" \/> <img loading=\"lazy\" decoding=\"async\" class=\"alignnone size-medium wp-image-71\" src=\"http:\/\/ecoles.rixensart.be\/maubroux\/wp-content\/uploads\/2016\/03\/DSC_0357-271x300.jpg\" alt=\"DSC_0357\" width=\"271\" height=\"300\" srcset=\"http:\/\/ecoles.rixensart.be\/maubroux\/wp-content\/uploads\/2016\/03\/DSC_0357-271x300.jpg 271w, http:\/\/ecoles.rixensart.be\/maubroux\/wp-content\/uploads\/2016\/03\/DSC_0357.jpg 557w\" sizes=\"(max-width: 271px) 100vw, 271px\" \/> <img loading=\"lazy\" decoding=\"async\" class=\"alignnone size-medium wp-image-66\" src=\"http:\/\/ecoles.rixensart.be\/maubroux\/wp-content\/uploads\/2016\/03\/DSC_0365-300x169.jpg\" alt=\"DSC_0365\" width=\"300\" height=\"169\" srcset=\"http:\/\/ecoles.rixensart.be\/maubroux\/wp-content\/uploads\/2016\/03\/DSC_0365-300x169.jpg 300w, http:\/\/ecoles.rixensart.be\/maubroux\/wp-content\/uploads\/2016\/03\/DSC_0365-768x432.jpg 768w, http:\/\/ecoles.rixensart.be\/maubroux\/wp-content\/uploads\/2016\/03\/DSC_0365.jpg 1000w\" sizes=\"(max-width: 300px) 100vw, 300px\" \/><\/p>\n","protected":false},"excerpt":{"rendered":"<p>Soucieuses de l\u2019environnement, nous veillons \u00e0 sensibiliser nos \u00e9l\u00e8ves, d\u00e8s la classe d\u2019accueil, par le biais d\u2019activit\u00e9s et d\u2019actions mises en place au quotidien (tri des d\u00e9chets, utilisation de l\u2019eau du robinet, \u00e9conomie d\u2019\u00e9nergie.) Nous travaillons en collaboration avec la cellule environnement de la commune de Rixensart et mettons en places diverses actions citoyennes et &hellip; <a href=\"http:\/\/ecoles.rixensart.be\/maubroux\/mon-eveil\/agenda-21\/\" class=\"more-link\">Continuer la lecture<span class=\"screen-reader-text\"> de <span class=\"screen-reader-text\">Actions citoyennes<\/span><\/span>&nbsp;<span class=\"meta-nav\">&rarr;<\/span><\/a><\/p>\n","protected":false},"author":1,"featured_media":0,"parent":51,"menu_order":3,"comment_status":"closed","ping_status":"closed","template":"","meta":{"footnotes":""},"_links":{"self":[{"href":"http:\/\/ecoles.rixensart.be\/maubroux\/wp-json\/wp\/v2\/pages\/63"}],"collection":[{"href":"http:\/\/ecoles.rixensart.be\/maubroux\/wp-json\/wp\/v2\/pages"}],"about":[{"href":"http:\/\/ecoles.rixensart.be\/maubroux\/wp-json\/wp\/v2\/types\/page"}],"author":[{"embeddable":true,"href":"http:\/\/ecoles.rixensart.be\/maubroux\/wp-json\/wp\/v2\/users\/1"}],"replies":[{"embeddable":true,"href":"http:\/\/ecoles.rixensart.be\/maubroux\/wp-json\/wp\/v2\/comments?post=63"}],"version-history":[{"count":7,"href":"http:\/\/ecoles.rixensart.be\/maubroux\/wp-json\/wp\/v2\/pages\/63\/revisions"}],"predecessor-version":[{"id":18203,"href":"http:\/\/ecoles.rixensart.be\/maubroux\/wp-json\/wp\/v2\/pages\/63\/revisions\/18203"}],"up":[{"embeddable":true,"href":"http:\/\/ecoles.rixensart.be\/maubroux\/wp-json\/wp\/v2\/pages\/51"}],"wp:attachment":[{"href":"http:\/\/ecoles.rixensart.be\/maubroux\/wp-json\/wp\/v2\/media?parent=63"}],"curies":[{"name":"wp","href":"https:\/\/api.w.org\/{rel}","templated":true}]}}