{"id":672,"date":"2018-06-21T10:47:50","date_gmt":"2018-06-21T09:47:50","guid":{"rendered":"http:\/\/ecoles.rixensart.be\/maubroux\/?page_id=672"},"modified":"2018-06-21T10:48:22","modified_gmt":"2018-06-21T09:48:22","slug":"temoignages","status":"publish","type":"page","link":"http:\/\/ecoles.rixensart.be\/maubroux\/les-parents\/temoignages\/","title":{"rendered":"T\u00e9moignages"},"content":{"rendered":"<p style=\"text-align: center;\"><em>\u00ab\u00a0Premier jour d\u2019\u00e9cole pour mon deuxi\u00e8me gar\u00e7on, bien que le sourire et la joie d&rsquo;aller \u00e0 la petite \u00e9cole de Maubroux pour l&rsquo;a\u00een\u00e9 soit \u00e9vidente tant sur la bienveillance de l\u2019\u00e9quipe que sur le contenu propos\u00e9, regardant ce bel \u00e9crin de verdure pour tenter de percevoir un dernier instant mon bambin , le pouce lev\u00e9 de l\u2019assistante maternelle me confirme que mes enfants sont bien entour\u00e9s !!!&nbsp; Merci la petite \u00e9cole \u2b50\ufe0f\u00a0\u00bb&nbsp;<br \/>\n<\/em>(Aur\u00e9lie et Quentin)<\/p>\n<p style=\"text-align: center;\"><em>\u00ab\u00a0Hier soir, veille de rentr\u00e9e apr\u00e8s les vacances de P\u00e2ques, mon petit bonhomme de 3 ans \u00e9tait aussi excit\u00e9 \u00e0 l&rsquo;id\u00e9e de retrouver sa Petite \u00c9cole de Maubroux que de partir en vacances. Quel plaisir de d\u00e9poser son enfant \u00ab\u00a0comme \u00e0 la maison\u00a0\u00bb. L&rsquo;ambiance y est familiale, l&rsquo;\u00e9quipe vraiment bienveillante, et il y a de la verdure et des jeux \u00e0 souhait. Je suis tr\u00e8s heureuse que mes fils soient pass\u00e9s par cette \u00e9cole pas comme les autres. Merci \ud83d\ude42\u00a0\u00bb<\/em><br \/>\n(Dounia)<\/p>\n<p style=\"text-align: center;\"><em>\u00ab\u00a0Je sais que je suis \u00e0 La Petite \u00c9cole de Maubroux quand&#8230;<\/em><br \/>\n<em>&#8230; j&rsquo;arrive \u00e0 l&rsquo;\u00e9cole \u00e0 17h45 et je vois une accueillante qui fait la ronde en chantant \u00ab Un petit canard au bord de l&rsquo;eau \u00bb avec des enfants hilares \u00e0 l&rsquo;id\u00e9e de crier \u00ab Plouf! \u00bb et de se laisser tomber par terre.<\/em><br \/>\n<em>&#8230; les enfants connaissent tous leurs petits camarades ainsi que tous les membres de l&rsquo;\u00e9quipe \u00e9ducative, et reconnaissent m\u00eame tous les parents. Comme dans une grande famille.\u00a0\u00bb<\/em><br \/>\n(Pauline)<\/p>\n<p style=\"text-align: center;\"><em>\u00ab\u00a0Notre petite fille venait d&rsquo;une \u00e9cole o\u00f9 l&rsquo;institutrice semblait toujours f\u00e2ch\u00e9e, ce qui la renfermait sur elle-m\u00eame. Elle ne parlait jamais ni en classe ni dans la cour.<\/em><br \/>\n<em>Arriv\u00e9e \u00e0 la petite \u00e9cole suite \u00e0 un d\u00e9m\u00e9nagement, il n&rsquo;a pas fallu une semaine, gr\u00e2ce aux sourires et \u00e0 la bienveillance sinc\u00e8re et spontan\u00e9e des institutrices et gardiennes, pour qu&rsquo;elle s&rsquo;ouvre et se mette \u00e0 parler et \u00e0 s&rsquo;ouvrir aux autres.<\/em><br \/>\n<em>Lorsqu&rsquo;elle est devenue allergique au lactose, j&rsquo;ai \u00e9t\u00e9 tr\u00e8s touch\u00e9e par le souci des enseignantes et des gardiennes \u00e0 toujours veiller et v\u00e9rifier que rien de ce qu&rsquo;elle mange ne lui fasse le moindre tort.<\/em><br \/>\n<em>Je suis particuli\u00e8rement reconnaissante \u00e0 toute l&rsquo;\u00e9quipe pour l&rsquo;amour qu&rsquo;elle porte \u00e0 chaque petit en particulier.\u00a0\u00bb<\/em><br \/>\n(Christine)<\/p>\n","protected":false},"excerpt":{"rendered":"<p>\u00ab\u00a0Premier jour d\u2019\u00e9cole pour mon deuxi\u00e8me gar\u00e7on, bien que le sourire et la joie d&rsquo;aller \u00e0 la petite \u00e9cole de Maubroux pour l&rsquo;a\u00een\u00e9 soit \u00e9vidente tant sur la bienveillance de l\u2019\u00e9quipe que sur le contenu propos\u00e9, regardant ce bel \u00e9crin de verdure pour tenter de percevoir un dernier instant mon bambin , le pouce lev\u00e9 &hellip; <a href=\"http:\/\/ecoles.rixensart.be\/maubroux\/les-parents\/temoignages\/\" class=\"more-link\">Continuer la lecture<span class=\"screen-reader-text\"> de <span class=\"screen-reader-text\">T\u00e9moignages<\/span><\/span>&nbsp;<span class=\"meta-nav\">&rarr;<\/span><\/a><\/p>\n","protected":false},"author":1,"featured_media":0,"parent":332,"menu_order":0,"comment_status":"closed","ping_status":"closed","template":"","meta":{"footnotes":""},"_links":{"self":[{"href":"http:\/\/ecoles.rixensart.be\/maubroux\/wp-json\/wp\/v2\/pages\/672"}],"collection":[{"href":"http:\/\/ecoles.rixensart.be\/maubroux\/wp-json\/wp\/v2\/pages"}],"about":[{"href":"http:\/\/ecoles.rixensart.be\/maubroux\/wp-json\/wp\/v2\/types\/page"}],"author":[{"embeddable":true,"href":"http:\/\/ecoles.rixensart.be\/maubroux\/wp-json\/wp\/v2\/users\/1"}],"replies":[{"embeddable":true,"href":"http:\/\/ecoles.rixensart.be\/maubroux\/wp-json\/wp\/v2\/comments?post=672"}],"version-history":[{"count":3,"href":"http:\/\/ecoles.rixensart.be\/maubroux\/wp-json\/wp\/v2\/pages\/672\/revisions"}],"predecessor-version":[{"id":675,"href":"http:\/\/ecoles.rixensart.be\/maubroux\/wp-json\/wp\/v2\/pages\/672\/revisions\/675"}],"up":[{"embeddable":true,"href":"http:\/\/ecoles.rixensart.be\/maubroux\/wp-json\/wp\/v2\/pages\/332"}],"wp:attachment":[{"href":"http:\/\/ecoles.rixensart.be\/maubroux\/wp-json\/wp\/v2\/media?parent=672"}],"curies":[{"name":"wp","href":"https:\/\/api.w.org\/{rel}","templated":true}]}}