{"id":783,"date":"2020-11-27T19:56:50","date_gmt":"2020-11-27T18:56:50","guid":{"rendered":"http:\/\/ecoles.rixensart.be\/maubroux\/?page_id=783"},"modified":"2022-09-22T10:57:24","modified_gmt":"2022-09-22T09:57:24","slug":"classes-dehors","status":"publish","type":"page","link":"http:\/\/ecoles.rixensart.be\/maubroux\/classes-dehors\/","title":{"rendered":"Classes Dehors"},"content":{"rendered":"\n<p>Les classes dehors permettent de d\u00e9velopper de meilleures capacit\u00e9s de concentration, de d\u00e9velopper la cr\u00e9ativit\u00e9 et la psychomotricit\u00e9 globale chez l&rsquo;enfant. <br><br>L&rsquo;\u00e9cole propose aux enfants de vivre les classes dehors \u00e0 raison de deux fois par mois pour tous les enfants d\u00e8s la classe d&rsquo;accueil.<br>Nous profitons de notre jardin dans lequel nous avons construit un espace d\u00e9di\u00e9 aux classes dehors.<br><br>Les 2\u00e8me et 3\u00e8me maternelles profitent \u00e9galement des espaces ext\u00e9rieurs de l&rsquo;\u00e9cole comme les Charmettes et le sentier du Carpu. <\/p>\n\n\n\n<figure class=\"wp-block-image size-large is-resized\"><img loading=\"lazy\" decoding=\"async\" src=\"http:\/\/ecoles.rixensart.be\/maubroux\/wp-content\/uploads\/2022\/09\/thumbnail_20220408_155900-1-1024x768.jpg\" alt=\"\" class=\"wp-image-1016\" width=\"617\" height=\"463\" srcset=\"http:\/\/ecoles.rixensart.be\/maubroux\/wp-content\/uploads\/2022\/09\/thumbnail_20220408_155900-1-1024x768.jpg 1024w, http:\/\/ecoles.rixensart.be\/maubroux\/wp-content\/uploads\/2022\/09\/thumbnail_20220408_155900-1-300x225.jpg 300w, http:\/\/ecoles.rixensart.be\/maubroux\/wp-content\/uploads\/2022\/09\/thumbnail_20220408_155900-1-768x576.jpg 768w, http:\/\/ecoles.rixensart.be\/maubroux\/wp-content\/uploads\/2022\/09\/thumbnail_20220408_155900-1.jpg 1080w\" sizes=\"(max-width: 617px) 100vw, 617px\" \/><\/figure>\n\n\n<p><img loading=\"lazy\" decoding=\"async\" class=\"wp-image-972 alignleft\" src=\"http:\/\/ecoles.rixensart.be\/maubroux\/wp-content\/uploads\/2022\/06\/285462895_731830094603232_6570153749450073540_n.jpg\" alt=\"\" width=\"267\" height=\"359\" srcset=\"http:\/\/ecoles.rixensart.be\/maubroux\/wp-content\/uploads\/2022\/06\/285462895_731830094603232_6570153749450073540_n.jpg 1520w, http:\/\/ecoles.rixensart.be\/maubroux\/wp-content\/uploads\/2022\/06\/285462895_731830094603232_6570153749450073540_n-224x300.jpg 224w, http:\/\/ecoles.rixensart.be\/maubroux\/wp-content\/uploads\/2022\/06\/285462895_731830094603232_6570153749450073540_n-763x1024.jpg 763w, http:\/\/ecoles.rixensart.be\/maubroux\/wp-content\/uploads\/2022\/06\/285462895_731830094603232_6570153749450073540_n-768x1031.jpg 768w, http:\/\/ecoles.rixensart.be\/maubroux\/wp-content\/uploads\/2022\/06\/285462895_731830094603232_6570153749450073540_n-1144x1536.jpg 1144w\" sizes=\"(max-width: 267px) 100vw, 267px\" \/> <img loading=\"lazy\" decoding=\"async\" class=\"alignnone  wp-image-973\" src=\"http:\/\/ecoles.rixensart.be\/maubroux\/wp-content\/uploads\/2022\/06\/285305406_377524261104543_5605837744337142157_n.jpg\" alt=\"\" width=\"366\" height=\"275\" srcset=\"http:\/\/ecoles.rixensart.be\/maubroux\/wp-content\/uploads\/2022\/06\/285305406_377524261104543_5605837744337142157_n.jpg 2040w, http:\/\/ecoles.rixensart.be\/maubroux\/wp-content\/uploads\/2022\/06\/285305406_377524261104543_5605837744337142157_n-300x225.jpg 300w, http:\/\/ecoles.rixensart.be\/maubroux\/wp-content\/uploads\/2022\/06\/285305406_377524261104543_5605837744337142157_n-1024x768.jpg 1024w, http:\/\/ecoles.rixensart.be\/maubroux\/wp-content\/uploads\/2022\/06\/285305406_377524261104543_5605837744337142157_n-768x576.jpg 768w, http:\/\/ecoles.rixensart.be\/maubroux\/wp-content\/uploads\/2022\/06\/285305406_377524261104543_5605837744337142157_n-1536x1152.jpg 1536w\" sizes=\"(max-width: 366px) 100vw, 366px\" \/><\/p>\n\n\n<p><\/p>\n","protected":false},"excerpt":{"rendered":"<p>Les classes dehors permettent de d\u00e9velopper de meilleures capacit\u00e9s de concentration, de d\u00e9velopper la cr\u00e9ativit\u00e9 et la psychomotricit\u00e9 globale chez l&rsquo;enfant. L&rsquo;\u00e9cole propose aux enfants de vivre les classes dehors \u00e0 raison de deux fois par mois pour tous les enfants d\u00e8s la classe d&rsquo;accueil.Nous profitons de notre jardin dans lequel nous avons construit un &hellip; <a href=\"http:\/\/ecoles.rixensart.be\/maubroux\/classes-dehors\/\" class=\"more-link\">Continuer la lecture<span class=\"screen-reader-text\"> de <span class=\"screen-reader-text\">Classes Dehors<\/span><\/span>&nbsp;<span class=\"meta-nav\">&rarr;<\/span><\/a><\/p>\n","protected":false},"author":1,"featured_media":0,"parent":0,"menu_order":0,"comment_status":"closed","ping_status":"closed","template":"","meta":{"footnotes":""},"_links":{"self":[{"href":"http:\/\/ecoles.rixensart.be\/maubroux\/wp-json\/wp\/v2\/pages\/783"}],"collection":[{"href":"http:\/\/ecoles.rixensart.be\/maubroux\/wp-json\/wp\/v2\/pages"}],"about":[{"href":"http:\/\/ecoles.rixensart.be\/maubroux\/wp-json\/wp\/v2\/types\/page"}],"author":[{"embeddable":true,"href":"http:\/\/ecoles.rixensart.be\/maubroux\/wp-json\/wp\/v2\/users\/1"}],"replies":[{"embeddable":true,"href":"http:\/\/ecoles.rixensart.be\/maubroux\/wp-json\/wp\/v2\/comments?post=783"}],"version-history":[{"count":6,"href":"http:\/\/ecoles.rixensart.be\/maubroux\/wp-json\/wp\/v2\/pages\/783\/revisions"}],"predecessor-version":[{"id":1017,"href":"http:\/\/ecoles.rixensart.be\/maubroux\/wp-json\/wp\/v2\/pages\/783\/revisions\/1017"}],"wp:attachment":[{"href":"http:\/\/ecoles.rixensart.be\/maubroux\/wp-json\/wp\/v2\/media?parent=783"}],"curies":[{"name":"wp","href":"https:\/\/api.w.org\/{rel}","templated":true}]}}