{"id":798,"date":"2020-11-27T21:13:29","date_gmt":"2020-11-27T20:13:29","guid":{"rendered":"http:\/\/ecoles.rixensart.be\/maubroux\/?page_id=798"},"modified":"2024-05-24T19:14:15","modified_gmt":"2024-05-24T18:14:15","slug":"horaires","status":"publish","type":"page","link":"http:\/\/ecoles.rixensart.be\/maubroux\/horaires\/","title":{"rendered":"Horaires"},"content":{"rendered":"\n<p>L&rsquo;\u00e9cole ouvre de 7h00 \u00e0 18h00 chaque jour.<\/p>\n\n\n\n<p>La prise en charge par les enseignantes se fait de 8h10 \u00e0 12h15 et de 13h10 \u00e0 15h15 except\u00e9 le mercredi jusqu&rsquo;\u00e0 12h00.<br><br>Le matin nous accueillons les enfants jusqu&rsquo;\u00e0 8h45.<\/p>\n\n\n\n<p>Chaque semaine les enfants ont : <\/p>\n\n\n\n<ul>\n<li>Deux p\u00e9riodes de psychomotricit\u00e9 par classe<\/li>\n\n\n\n<li>Une heure de piscine pour les classes de 3\u00e8me maternelle<\/li>\n\n\n\n<li>De l&rsquo;\u00e9veil aux langues pour toutes les classes<br><br><\/li>\n<\/ul>\n","protected":false},"excerpt":{"rendered":"<p>L&rsquo;\u00e9cole ouvre de 7h00 \u00e0 18h00 chaque jour. La prise en charge par les enseignantes se fait de 8h10 \u00e0 12h15 et de 13h10 \u00e0 15h15 except\u00e9 le mercredi jusqu&rsquo;\u00e0 12h00. Le matin nous accueillons les enfants jusqu&rsquo;\u00e0 8h45. Chaque semaine les enfants ont :<\/p>\n","protected":false},"author":1,"featured_media":0,"parent":0,"menu_order":0,"comment_status":"closed","ping_status":"closed","template":"","meta":{"footnotes":""},"_links":{"self":[{"href":"http:\/\/ecoles.rixensart.be\/maubroux\/wp-json\/wp\/v2\/pages\/798"}],"collection":[{"href":"http:\/\/ecoles.rixensart.be\/maubroux\/wp-json\/wp\/v2\/pages"}],"about":[{"href":"http:\/\/ecoles.rixensart.be\/maubroux\/wp-json\/wp\/v2\/types\/page"}],"author":[{"embeddable":true,"href":"http:\/\/ecoles.rixensart.be\/maubroux\/wp-json\/wp\/v2\/users\/1"}],"replies":[{"embeddable":true,"href":"http:\/\/ecoles.rixensart.be\/maubroux\/wp-json\/wp\/v2\/comments?post=798"}],"version-history":[{"count":7,"href":"http:\/\/ecoles.rixensart.be\/maubroux\/wp-json\/wp\/v2\/pages\/798\/revisions"}],"predecessor-version":[{"id":18193,"href":"http:\/\/ecoles.rixensart.be\/maubroux\/wp-json\/wp\/v2\/pages\/798\/revisions\/18193"}],"wp:attachment":[{"href":"http:\/\/ecoles.rixensart.be\/maubroux\/wp-json\/wp\/v2\/media?parent=798"}],"curies":[{"name":"wp","href":"https:\/\/api.w.org\/{rel}","templated":true}]}}