{"id":804,"date":"2020-11-27T21:21:46","date_gmt":"2020-11-27T20:21:46","guid":{"rendered":"http:\/\/ecoles.rixensart.be\/maubroux\/?page_id=804"},"modified":"2022-10-21T13:16:44","modified_gmt":"2022-10-21T12:16:44","slug":"repas-chauds","status":"publish","type":"page","link":"http:\/\/ecoles.rixensart.be\/maubroux\/repas-chauds\/","title":{"rendered":"Repas"},"content":{"rendered":"\n<p>En ce qui concerne les repas, deux possibilit\u00e9s s&rsquo;offrent \u00e0 vous : <br>&#8211; l&rsquo;enfant prend son pique-nique de la maison<br>&#8211; l&rsquo;enfant est inscrit au repas chaud (except\u00e9 le mercredi)<\/p>\n\n\n\n<p>Les repas chauds sont fournis par la firme Sodexo qui est une soci\u00e9t\u00e9 de restauration collective qui porte une attention toute particuli\u00e8re \u00e0 l\u2019alimentation durable. <br>Bio, de saison, produits \u00e9quitables, poissons MSC (p\u00eache durable), \u2026 sont les ma\u00eetres-mots qui guident cette entreprise engag\u00e9e dans la confection saine et la diversit\u00e9 des repas qu\u2019elle fournit.<br><br>Les repas sont \u00e0 payer de fa\u00e7on anticipative, mensuellement. Une feuille de commande est distribu\u00e9e en milieu de mois pr\u00e9c\u00e9dent et est  \u00e0 remettre \u00e0 la titulaire une fois compl\u00e9t\u00e9 \u00e0 la date mentionn\u00e9e.<br>Le paiement est \u00e0 r\u00e9aliser uniquement par virement sur le compte de l&rsquo;\u00e9cole.<br><br>En cas d&rsquo;absence, le repas du jour ne peut pas \u00eatre d\u00e9command\u00e9. Pour les jours suivants, les repas peuvent \u00eatre d\u00e9command\u00e9s si vous en faites la demande \u00e0 l&rsquo;\u00e9cole avant midi.<br><br><a rel=\"noreferrer noopener\" href=\"https:\/\/be.sodexo.com\/your-industry\/schools.html\" data-type=\"URL\" data-id=\"https:\/\/be.sodexo.com\/your-industry\/schools.html\" target=\"_blank\"><img loading=\"lazy\" decoding=\"async\" width=\"120\" height=\"40\" class=\"wp-image-1012\" style=\"width: 120px;\" src=\"http:\/\/ecoles.rixensart.be\/maubroux\/wp-content\/uploads\/2022\/09\/SODEXO_Logotype_2021_WhiteBackground_120x40.png\" alt=\"\"><\/a><\/p>\n\n\n\n<div class=\"wp-block-buttons is-layout-flex wp-block-buttons-is-layout-flex\"><\/div>\n","protected":false},"excerpt":{"rendered":"<p>En ce qui concerne les repas, deux possibilit\u00e9s s&rsquo;offrent \u00e0 vous : &#8211; l&rsquo;enfant prend son pique-nique de la maison&#8211; l&rsquo;enfant est inscrit au repas chaud (except\u00e9 le mercredi) Les repas chauds sont fournis par la firme Sodexo qui est une soci\u00e9t\u00e9 de restauration collective qui porte une attention toute particuli\u00e8re \u00e0 l\u2019alimentation durable. Bio, &hellip; <a href=\"http:\/\/ecoles.rixensart.be\/maubroux\/repas-chauds\/\" class=\"more-link\">Continuer la lecture<span class=\"screen-reader-text\"> de <span class=\"screen-reader-text\">Repas<\/span><\/span>&nbsp;<span class=\"meta-nav\">&rarr;<\/span><\/a><\/p>\n","protected":false},"author":1,"featured_media":0,"parent":0,"menu_order":0,"comment_status":"closed","ping_status":"closed","template":"","meta":{"footnotes":""},"_links":{"self":[{"href":"http:\/\/ecoles.rixensart.be\/maubroux\/wp-json\/wp\/v2\/pages\/804"}],"collection":[{"href":"http:\/\/ecoles.rixensart.be\/maubroux\/wp-json\/wp\/v2\/pages"}],"about":[{"href":"http:\/\/ecoles.rixensart.be\/maubroux\/wp-json\/wp\/v2\/types\/page"}],"author":[{"embeddable":true,"href":"http:\/\/ecoles.rixensart.be\/maubroux\/wp-json\/wp\/v2\/users\/1"}],"replies":[{"embeddable":true,"href":"http:\/\/ecoles.rixensart.be\/maubroux\/wp-json\/wp\/v2\/comments?post=804"}],"version-history":[{"count":9,"href":"http:\/\/ecoles.rixensart.be\/maubroux\/wp-json\/wp\/v2\/pages\/804\/revisions"}],"predecessor-version":[{"id":1027,"href":"http:\/\/ecoles.rixensart.be\/maubroux\/wp-json\/wp\/v2\/pages\/804\/revisions\/1027"}],"wp:attachment":[{"href":"http:\/\/ecoles.rixensart.be\/maubroux\/wp-json\/wp\/v2\/media?parent=804"}],"curies":[{"name":"wp","href":"https:\/\/api.w.org\/{rel}","templated":true}]}}