{"id":815,"date":"2020-11-27T21:43:16","date_gmt":"2020-11-27T20:43:16","guid":{"rendered":"http:\/\/ecoles.rixensart.be\/maubroux\/?page_id=815"},"modified":"2022-06-02T17:33:15","modified_gmt":"2022-06-02T16:33:15","slug":"comite-des-parents","status":"publish","type":"page","link":"http:\/\/ecoles.rixensart.be\/maubroux\/comite-des-parents\/","title":{"rendered":"Comit\u00e9 des parents"},"content":{"rendered":"\n<p>Un comit\u00e9 des parents dynamique travaille de concert avec l&rsquo;\u00e9cole pour d\u00e9velopper des projets tout au long de l&rsquo;ann\u00e9e : petit-d\u00e9jeuner dominical, soir\u00e9es traiteur,&#8230; L&rsquo;aide des parents est pr\u00e9cieuse et absolument indispensable, qu&rsquo;il s&rsquo;agisse d&rsquo;un engagement r\u00e9gulier dans le comit\u00e9 proprement dit, mais \u00e9galement d&rsquo;appui ponctuel selon les disponibilit\u00e9s de chacun.<br><br>Les b\u00e9n\u00e9fices engrang\u00e9s par les actions que m\u00e8nent les membres du comit\u00e9 avec l&rsquo;appui de parents volontaires et des institutrices, contribuent \u00e0 l&rsquo;am\u00e9lioration du cadre de vie de nos enfants. Jeux d&rsquo;int\u00e9rieur ou d&rsquo;ext\u00e9rieur, mat\u00e9riel de classe, &#8230; embellissent le quotidien de tous!<br><br>Tout parent est bienvenu lors de nos r\u00e9unions qui se tiennent souvent en soir\u00e9e pour permettre \u00e0 un maximum de personnes d&rsquo;\u00eatre pr\u00e9sentes. Les informations concernant les r\u00e9unions et actions sont communiqu\u00e9es par mail et dans les cartables.<br><br>Des id\u00e9es, des remarques, des questions? Int\u00e9ress\u00e9(e) de nous rejoindre? Envoyez-nous un petit mail \u00e0\u00a0<a href=\"mailto:cpecolemaubroux@gmail.com\"><em>cpecolemaubroux@gmail.com <\/em><\/a>et nous vous recontacterons avec plaisir&#8230; Sans vous, rien n&rsquo;est possible \ud83d\ude42<\/p>\n\n\n\n<p class=\"has-text-align-center\"><strong><span class=\"has-inline-color has-pale-pink-color\">Toute aide suppl\u00e9mentaire est bienvenue \ud83d\ude42<\/span><\/strong><\/p>\n","protected":false},"excerpt":{"rendered":"<p>Un comit\u00e9 des parents dynamique travaille de concert avec l&rsquo;\u00e9cole pour d\u00e9velopper des projets tout au long de l&rsquo;ann\u00e9e : petit-d\u00e9jeuner dominical, soir\u00e9es traiteur,&#8230; L&rsquo;aide des parents est pr\u00e9cieuse et absolument indispensable, qu&rsquo;il s&rsquo;agisse d&rsquo;un engagement r\u00e9gulier dans le comit\u00e9 proprement dit, mais \u00e9galement d&rsquo;appui ponctuel selon les disponibilit\u00e9s de chacun. Les b\u00e9n\u00e9fices engrang\u00e9s par &hellip; <a href=\"http:\/\/ecoles.rixensart.be\/maubroux\/comite-des-parents\/\" class=\"more-link\">Continuer la lecture<span class=\"screen-reader-text\"> de <span class=\"screen-reader-text\">Comit\u00e9 des parents<\/span><\/span>&nbsp;<span class=\"meta-nav\">&rarr;<\/span><\/a><\/p>\n","protected":false},"author":1,"featured_media":0,"parent":0,"menu_order":0,"comment_status":"closed","ping_status":"closed","template":"","meta":{"footnotes":""},"_links":{"self":[{"href":"http:\/\/ecoles.rixensart.be\/maubroux\/wp-json\/wp\/v2\/pages\/815"}],"collection":[{"href":"http:\/\/ecoles.rixensart.be\/maubroux\/wp-json\/wp\/v2\/pages"}],"about":[{"href":"http:\/\/ecoles.rixensart.be\/maubroux\/wp-json\/wp\/v2\/types\/page"}],"author":[{"embeddable":true,"href":"http:\/\/ecoles.rixensart.be\/maubroux\/wp-json\/wp\/v2\/users\/1"}],"replies":[{"embeddable":true,"href":"http:\/\/ecoles.rixensart.be\/maubroux\/wp-json\/wp\/v2\/comments?post=815"}],"version-history":[{"count":5,"href":"http:\/\/ecoles.rixensart.be\/maubroux\/wp-json\/wp\/v2\/pages\/815\/revisions"}],"predecessor-version":[{"id":920,"href":"http:\/\/ecoles.rixensart.be\/maubroux\/wp-json\/wp\/v2\/pages\/815\/revisions\/920"}],"wp:attachment":[{"href":"http:\/\/ecoles.rixensart.be\/maubroux\/wp-json\/wp\/v2\/media?parent=815"}],"curies":[{"name":"wp","href":"https:\/\/api.w.org\/{rel}","templated":true}]}}