{"id":893,"date":"2021-02-13T11:42:36","date_gmt":"2021-02-13T10:42:36","guid":{"rendered":"http:\/\/ecoles.rixensart.be\/maubroux\/?page_id=893"},"modified":"2023-01-30T15:03:19","modified_gmt":"2023-01-30T14:03:19","slug":"pms","status":"publish","type":"page","link":"http:\/\/ecoles.rixensart.be\/maubroux\/pms\/","title":{"rendered":"PMS"},"content":{"rendered":"\n<p>Centre Psycho-M\u00e9dical-Social (PMS)<\/p>\n\n\n\n<p>L&rsquo;action du centre P.M.S. consiste \u00e0 \u00e9couter, chercher \u00e0 comprendre et mobiliser les ressources de l&rsquo;enfant, ainsi que celles de son entourage. Il accompagne les enfants dans leur parcours scolaire par des r\u00e9alisations adapt\u00e9es \u00e0 chaque \u00e2ge et aux diff\u00e9rentes situations.<\/p>\n\n\n\n<p>Sur base de votre accord sign\u00e9 en d\u00e9but d\u2019ann\u00e9e scolaire pour les enfants de 3\u00e8me maternelle, le centre PMS rattach\u00e9 \u00e0 l\u2019\u00e9cole, effectuera des tests de pr\u00e9 requis avec les enfants pour qui l\u2019enseignante se pose des questions, ceci dans le but d\u2019envisager au mieux son entr\u00e9e en 1\u00e8re primaire.<\/p>\n\n\n\n<p>L\u2019\u00e9quipe PMS, en collaboration avec l\u2019\u00e9quipe p\u00e9dagogique de l\u2019\u00e9cole, peut venir observer votre enfant sur demande de votre part.<\/p>\n\n\n\n<p><br>Il vous suffit de prendre contact avec l\u2019\u00e9quipe constitu\u00e9e<\/p>\n\n\n\n<ul><li>d\u2019une psychologue<\/li><li>d\u2019une infirmi\u00e8re<\/li><li>d&rsquo;une logop\u00e8de<\/li><li>d\u2019une assistante sociale<\/li><\/ul>\n\n\n\n<p>Contact :<br>Adresse : Route Provinciale 213, 1331 Bierges<br>T\u00e9l\u00e9phone : 010\/40.01.50<br>E-mail : <a href=\"https:\/\/centrepms.be\/wavre3\/formulaire-ec-comm-de-maubroux.html\">maub@centrepms.be<\/a><\/p>\n\n\n\n<div class=\"wp-block-media-text alignwide is-stacked-on-mobile\" style=\"grid-template-columns:67% auto\"><figure class=\"wp-block-media-text__media\"><video controls src=\"http:\/\/ecoles.rixensart.be\/maubroux\/wp-content\/uploads\/2023\/01\/Mais-au-fait-cest-quoi-les-CPMS-.mp4\"><\/video><\/figure><div class=\"wp-block-media-text__content\">\n<p><a href=\"https:\/\/www.centrepms.be\/\" data-type=\"URL\" data-id=\"https:\/\/www.centrepms.be\/\">Site internet centre PMS<\/a><\/p>\n<\/div><\/div>\n\n\n\n<figure class=\"wp-block-gallery aligncenter has-nested-images columns-default is-cropped wp-block-gallery-1 is-layout-flex wp-block-gallery-is-layout-flex\">\n<figure class=\"wp-block-image size-large\"><img loading=\"lazy\" decoding=\"async\" width=\"517\" height=\"720\" data-id=\"902\" src=\"http:\/\/ecoles.rixensart.be\/maubroux\/wp-content\/uploads\/2021\/02\/affiche-pms-1.png\" alt=\"\" class=\"wp-image-902\" srcset=\"http:\/\/ecoles.rixensart.be\/maubroux\/wp-content\/uploads\/2021\/02\/affiche-pms-1.png 517w, http:\/\/ecoles.rixensart.be\/maubroux\/wp-content\/uploads\/2021\/02\/affiche-pms-1-215x300.png 215w\" sizes=\"(max-width: 517px) 100vw, 517px\" \/><\/figure>\n<\/figure>\n","protected":false},"excerpt":{"rendered":"<p>Centre Psycho-M\u00e9dical-Social (PMS) L&rsquo;action du centre P.M.S. consiste \u00e0 \u00e9couter, chercher \u00e0 comprendre et mobiliser les ressources de l&rsquo;enfant, ainsi que celles de son entourage. Il accompagne les enfants dans leur parcours scolaire par des r\u00e9alisations adapt\u00e9es \u00e0 chaque \u00e2ge et aux diff\u00e9rentes situations. Sur base de votre accord sign\u00e9 en d\u00e9but d\u2019ann\u00e9e scolaire pour &hellip; <a href=\"http:\/\/ecoles.rixensart.be\/maubroux\/pms\/\" class=\"more-link\">Continuer la lecture<span class=\"screen-reader-text\"> de <span class=\"screen-reader-text\">PMS<\/span><\/span>&nbsp;<span class=\"meta-nav\">&rarr;<\/span><\/a><\/p>\n","protected":false},"author":1,"featured_media":0,"parent":0,"menu_order":0,"comment_status":"closed","ping_status":"closed","template":"","meta":{"footnotes":""},"_links":{"self":[{"href":"http:\/\/ecoles.rixensart.be\/maubroux\/wp-json\/wp\/v2\/pages\/893"}],"collection":[{"href":"http:\/\/ecoles.rixensart.be\/maubroux\/wp-json\/wp\/v2\/pages"}],"about":[{"href":"http:\/\/ecoles.rixensart.be\/maubroux\/wp-json\/wp\/v2\/types\/page"}],"author":[{"embeddable":true,"href":"http:\/\/ecoles.rixensart.be\/maubroux\/wp-json\/wp\/v2\/users\/1"}],"replies":[{"embeddable":true,"href":"http:\/\/ecoles.rixensart.be\/maubroux\/wp-json\/wp\/v2\/comments?post=893"}],"version-history":[{"count":11,"href":"http:\/\/ecoles.rixensart.be\/maubroux\/wp-json\/wp\/v2\/pages\/893\/revisions"}],"predecessor-version":[{"id":1048,"href":"http:\/\/ecoles.rixensart.be\/maubroux\/wp-json\/wp\/v2\/pages\/893\/revisions\/1048"}],"wp:attachment":[{"href":"http:\/\/ecoles.rixensart.be\/maubroux\/wp-json\/wp\/v2\/media?parent=893"}],"curies":[{"name":"wp","href":"https:\/\/api.w.org\/{rel}","templated":true}]}}