{"id":197,"date":"2020-02-26T15:37:32","date_gmt":"2020-02-26T14:37:32","guid":{"rendered":"http:\/\/ecoles.rixensart.be\/bourgeois\/?page_id=197"},"modified":"2024-11-19T15:09:42","modified_gmt":"2024-11-19T14:09:42","slug":"horaires","status":"publish","type":"page","link":"https:\/\/ecoles.rixensart.be\/bourgeois\/vie-pratique\/horaires\/","title":{"rendered":"Horaires"},"content":{"rendered":"<table>\n<tbody>\n<tr>\n<td width=\"170\">\u00a0<\/p>\n<p>&nbsp;<\/p>\n<\/td>\n<td colspan=\"2\" width=\"261\">MATIN<\/td>\n<td colspan=\"2\" width=\"261\">APR\u00c8S-MIDI<\/td>\n<\/tr>\n<tr>\n<td width=\"170\">\u00a0<\/p>\n<p>&nbsp;<\/p>\n<\/td>\n<td width=\"130\">Entr\u00e9e<\/td>\n<td width=\"130\">Sortie<\/td>\n<td width=\"130\">Entr\u00e9e<\/td>\n<td width=\"130\">Sortie<\/td>\n<\/tr>\n<tr>\n<td width=\"170\">Section maternelle<\/p>\n<p>&nbsp;<\/p>\n<\/td>\n<td width=\"130\">8h25<\/td>\n<td width=\"130\">12h00<\/td>\n<td width=\"130\">13h25<\/td>\n<td width=\"130\">15h05<\/td>\n<\/tr>\n<tr>\n<td width=\"170\">Section primaire<\/p>\n<p>&nbsp;<\/p>\n<\/td>\n<td width=\"130\">8h25<\/td>\n<td width=\"130\">12h00<\/td>\n<td width=\"130\">13h25<\/td>\n<td width=\"130\">15h05<\/td>\n<\/tr>\n<\/tbody>\n<\/table>\n<p>&nbsp;<\/p>\n<p><strong>SECTION MATERNELLE<\/strong><br \/>Les\u00a0cours s\u2019organisent de <strong><u>8h45 (d\u00e9but des activit\u00e9s)<\/u><\/strong> \u00e0 12h00 et de 13h25 \u00e0 15h05.<\/p>\n<p>Les enfants sont accueillis par les enseignantes de 8h10 \u00e0 8h40.<\/p>\n<p>A partir de 8h45, les activit\u00e9s commencent.<\/p>\n<p>Merci donc de veiller \u00e0 arriver au plus tard pour 8h40.<\/p>\n<p>Pour une question de s\u00e9curit\u00e9, la porte d\u2019entr\u00e9e est ferm\u00e9e \u00e0 8h45.<\/p>\n<p>Si, exceptionnellement, vous avez un contretemps qui vous emp\u00eache d\u2019arriver \u00e0 l\u2019heure, il est imp\u00e9ratif <u>d\u2019appeler le secr\u00e9tariat qui se <\/u><\/p>\n<p><u>chargera de pr\u00e9venir un membre de l\u2019\u00e9quipe maternelle qui viendra vous ouvrir (02\/653 75 83).<\/u><\/p>\n<p><strong>L&rsquo;\u00e9cole maternelle est obligatoire \u00e0 partir de 5 ans. <\/strong><br \/>Les parents qui reviennent chercher leurs enfants durant le temps de midi attendent dans le couloir. Ils ne sont pas autoris\u00e9s \u00e0 entrer<\/p>\n<p>ni dans le r\u00e9fectoire, ni dans les classes afin de ne pas perturber la bonne organisation des repas.<\/p>\n<p><strong>\u00a0Notez \u00e9galement que hors des p\u00e9riodes d&rsquo;accueil et de sortie des \u00e9l\u00e8ves, l&rsquo;\u00e9cole est ferm\u00e9e \u00e0 cl\u00e9.\u00a0<\/strong><\/p>\n<p><strong>SECTION PRIMAIRE<\/strong><br \/>Les cours s\u2019organisent de 8h25 \u00e0 12h00 et de 13h25 \u00e0 15h05, le mercredi jusque midi.<\/p>\n<p><strong><em>Il est indispensable de respecter les horaires et de veiller \u00e0 ce que les enfants arrivent \u00e0 l\u2019heure afin de ne pas perturber le d\u00e9but des cours et pour que la journ\u00e9e puisse d\u00e9marrer sereinement pour chacun. <\/em><\/strong><\/p>\n<p>&nbsp;<\/p>\n<p>Chaque arriv\u00e9e tardive est r\u00e9pertori\u00e9e mensuellement dans le journal de classe.<br \/>Trop d\u2019arriv\u00e9es tardives am\u00e8neront la Direction \u00e0 prendre des mesures plus contraignantes.<br \/>Nous organisons les sorties avec un syst\u00e8me de carte de sortie, les documents d&rsquo;autorisation sont \u00e0 t\u00e9l\u00e9charger dans la rubrique \u00ab\u00a0Formulaires\u00a0\u00bb.<\/p>\n","protected":false},"excerpt":{"rendered":"<p>\u00a0 &nbsp; MATIN APR\u00c8S-MIDI \u00a0 &nbsp; Entr\u00e9e Sortie Entr\u00e9e Sortie Section maternelle &nbsp; 8h25 12h00 13h25 15h05 Section primaire &nbsp; 8h25 12h00 13h25 15h05 &nbsp; SECTION MATERNELLELes\u00a0cours s\u2019organisent de 8h45 (d\u00e9but des activit\u00e9s) \u00e0 12h00 et de 13h25 \u00e0 15h05. [&hellip;]<\/p>\n","protected":false},"author":1,"featured_media":322,"parent":14,"menu_order":0,"comment_status":"closed","ping_status":"closed","template":"","meta":{"footnotes":""},"_links":{"self":[{"href":"https:\/\/ecoles.rixensart.be\/bourgeois\/wp-json\/wp\/v2\/pages\/197"}],"collection":[{"href":"https:\/\/ecoles.rixensart.be\/bourgeois\/wp-json\/wp\/v2\/pages"}],"about":[{"href":"https:\/\/ecoles.rixensart.be\/bourgeois\/wp-json\/wp\/v2\/types\/page"}],"author":[{"embeddable":true,"href":"https:\/\/ecoles.rixensart.be\/bourgeois\/wp-json\/wp\/v2\/users\/1"}],"replies":[{"embeddable":true,"href":"https:\/\/ecoles.rixensart.be\/bourgeois\/wp-json\/wp\/v2\/comments?post=197"}],"version-history":[{"count":13,"href":"https:\/\/ecoles.rixensart.be\/bourgeois\/wp-json\/wp\/v2\/pages\/197\/revisions"}],"predecessor-version":[{"id":15746,"href":"https:\/\/ecoles.rixensart.be\/bourgeois\/wp-json\/wp\/v2\/pages\/197\/revisions\/15746"}],"up":[{"embeddable":true,"href":"https:\/\/ecoles.rixensart.be\/bourgeois\/wp-json\/wp\/v2\/pages\/14"}],"wp:featuredmedia":[{"embeddable":true,"href":"https:\/\/ecoles.rixensart.be\/bourgeois\/wp-json\/wp\/v2\/media\/322"}],"wp:attachment":[{"href":"https:\/\/ecoles.rixensart.be\/bourgeois\/wp-json\/wp\/v2\/media?parent=197"}],"curies":[{"name":"wp","href":"https:\/\/api.w.org\/{rel}","templated":true}]}}