{"id":223,"date":"2020-03-06T11:27:46","date_gmt":"2020-03-06T10:27:46","guid":{"rendered":"http:\/\/ecoles.rixensart.be\/bourgeois\/?page_id=223"},"modified":"2025-08-26T19:22:52","modified_gmt":"2025-08-26T17:22:52","slug":"repas","status":"publish","type":"page","link":"https:\/\/ecoles.rixensart.be\/bourgeois\/vie-pratique\/repas\/","title":{"rendered":"Repas"},"content":{"rendered":"<p><strong>ORGANISATION DES REPAS<\/strong><\/p>\n<p>Les repas chauds et\/ ou le potage sont propos\u00e9s les lundis, mardis, jeudis et vendredis.<\/p>\n<p>Le mercredi : uniquement potage.<\/p>\n<p>Les commandes se prennent une fois par mois.<br \/><strong>Le menu et les bons de commandes sont envoy\u00e9s en d\u00e9but de mois et le paiement est \u00e0 r\u00e9gler anticipativement.<\/strong><\/p>\n<p><a href=\"https:\/\/ecoles.rixensart.be\/bourgeois\/wp-content\/uploads\/2020\/10\/Organisation-de-la-comptabilite.pdf\" rel=\"noopener noreferrer\" target=\"_blank\"><img loading=\"lazy\" decoding=\"async\" class=\"alignnone size-full wp-image-443\" src=\"https:\/\/ecoles.rixensart.be\/bourgeois\/wp-content\/uploads\/2020\/10\/pdf-icon-150x150-1.png\" alt=\"\" width=\"15\" height=\"15\" \/> T\u00e9l\u00e9charger l&rsquo;organisation de la comptabilit\u00e9 des repas et ATL<\/a><\/p>\n<p>&nbsp;<\/p>\n<p><strong><u>Tarif<\/u><\/strong> : Repas chaud (maternelles) : 3,75 \u20ac \u00a0 \u00a0\u00a0\u00a0\u00a0\u00a0\u00a0\u00a0Repas chaud (primaires) : 4,20 \u20ac<\/p>\n<p>&nbsp;<\/p>\n<p>Potage : (maternelles) : 0,50 \u20ac\u00a0\u00a0\u00a0\u00a0\u00a0\u00a0\u00a0\u00a0 \u00a0\u00a0\u00a0\u00a0\u00a0\u00a0\u00a0\u00a0\u00a0\u00a0\u00a0\u00a0\u00a0\u00a0\u00a0\u00a0 Potage : (primaires) : 0,65 \u20ac<\/p>\n<p><strong>A l\u2019\u00e9cole maternelle, il y a un seul service le midi. Les enfants mangent donc tous en m\u00eame temps, mais ils sont r\u00e9partis en 3 groupes afin de d\u00eener calmement\u00a0:<\/strong><\/p>\n<ul>\n<li>Repas chauds M1, M2 et M3 dans le r\u00e9fectoire<\/li>\n<li>Repas tartines M1, M2 et M3 dans le local polyvalent<\/li>\n<li>Repas des petits d&rsquo;accueil dans leur classe<\/li>\n<\/ul>\n<p>\u00a0<br \/>A \u00a012h45, les enfants des classes d\u2019accueil et de 1\u00e8re maternelle commencent leur sieste dans le local pr\u00e9vu \u00e0 cet effet.<\/p>\n<figure id=\"attachment_137\" aria-describedby=\"caption-attachment-137\" style=\"width: 300px\" class=\"wp-caption alignnone\"><img loading=\"lazy\" decoding=\"async\" class=\"size-medium wp-image-137\" src=\"https:\/\/ecoles.rixensart.be\/bourgeois\/wp-content\/uploads\/2020\/02\/local-sieste-300x225.jpg\" alt=\"\" width=\"300\" height=\"225\" srcset=\"https:\/\/ecoles.rixensart.be\/bourgeois\/wp-content\/uploads\/2020\/02\/local-sieste-300x225.jpg 300w, https:\/\/ecoles.rixensart.be\/bourgeois\/wp-content\/uploads\/2020\/02\/local-sieste-1024x768.jpg 1024w, https:\/\/ecoles.rixensart.be\/bourgeois\/wp-content\/uploads\/2020\/02\/local-sieste-768x576.jpg 768w, https:\/\/ecoles.rixensart.be\/bourgeois\/wp-content\/uploads\/2020\/02\/local-sieste-1536x1152.jpg 1536w, https:\/\/ecoles.rixensart.be\/bourgeois\/wp-content\/uploads\/2020\/02\/local-sieste-2048x1536.jpg 2048w\" sizes=\"auto, (max-width: 300px) 100vw, 300px\" \/><figcaption id=\"caption-attachment-137\" class=\"wp-caption-text\">Local de sieste<\/figcaption><\/figure>\n<p>A l\u2019\u00e9cole primaire, il y a un service d\u00e9cal\u00e9 (entre 11h55 et 12h10) pour les repas chauds. <br \/>Les repas tartines se prennent en classe sous la surveillance des titulaires.<br \/>Aucun \u00e9l\u00e8ve ne quitte le r\u00e9fectoire ou sa classe avant 12h20.<br \/>En cas d\u2019absence, le repas ne pourra pas \u00eatre rembours\u00e9 le premier jour. Le remboursement pourra s\u2019effectuer pour les jours suivants pour autant que la direction ou le secr\u00e9tariat ait \u00e9t\u00e9 pr\u00e9venu avant 10h.<br \/>Afin de pr\u00e9server la sant\u00e9 de nos \u00e9l\u00e8ves, nous vous demandons de veiller \u00e0 ce qu\u2019ils emportent des collations saines.<br \/>Chaque semaine, si l\u2019\u00e9cole a re\u00e7u une r\u00e9ponse favorable, un fruit, un l\u00e9gume ou un jus est distribu\u00e9 dans le cadre du programme europ\u00e9en pour la promotion des \u00ab Fruits et l\u00e9gumes \u00e0 l\u2019\u00e9cole \u00bb.<br \/>En maternelle comme en primaire, dans un but d\u2019alimentation saine, des collations \u00e0 th\u00e8me seront fournies par les parents tous les jours et un go\u00fbter commun (en maternelle) sera propos\u00e9 par les accueillantes aux parents dont les enfants restent \u00e0 <br \/>la garderie. Le co\u00fbt de ce go\u00fbter repr\u00e9sente des frais extrascolaires propos\u00e9s par l\u2019\u00e9cole en tant que service annexe.<\/p>\n<div id=\"envira-gallery-wrap-406\" class=\"envira-gallery-wrap envira-gallery-theme-base envira-lightbox-theme-base\" itemscope itemtype=\"https:\/\/schema.org\/ImageGallery\"><div data-row-height=\"150\" data-gallery-theme=\"normal\" id=\"envira-gallery-406\" class=\"envira-gallery-public envira-gallery-justified-public envira-gallery-0-columns envira-clear enviratope envira-gallery-css-animations\" data-envira-columns=\"0\"><div id=\"envira-gallery-item-373\" class=\"envira-gallery-item enviratope-item envira-gallery-item-1 envira-lazy-load\" style=\"padding-left: 5px; padding-bottom: 10px; padding-right: 5px;\"  itemscope itemtype=\"https:\/\/schema.org\/ImageObject\"><div class=\"envira-gallery-item-inner\"><div class=\"envira-gallery-position-overlay  envira-gallery-top-left\"><\/div><div class=\"envira-gallery-position-overlay  envira-gallery-top-right\"><\/div><div class=\"envira-gallery-position-overlay  envira-gallery-bottom-left\"><\/div><div class=\"envira-gallery-position-overlay  envira-gallery-bottom-right\"><\/div><a href=\"http:\/\/ecoles.rixensart.be\/bourgeois\/wp-content\/uploads\/2020\/03\/collation-scaled.jpg\" class=\"envira-gallery-406 envira-gallery-link\" rel=\"enviragallery406\" title=\"collation\" data-envira-caption=\"collation\" data-envira-retina=\"\" data-thumbnail=\"\"  itemprop=\"contentUrl\"><img decoding=\"async\" id=\"envira-gallery-image-373\" class=\"envira-gallery-image envira-gallery-image-1 envira-normal envira-lazy\" data-envira-index=\"1\" src=\"https:\/\/ecoles.rixensart.be\/bourgeois\/wp-content\/uploads\/2020\/03\/collation-576x1024-640x480.jpg\" data-envira-src=\"https:\/\/ecoles.rixensart.be\/bourgeois\/wp-content\/uploads\/2020\/03\/collation-576x1024-640x480.jpg\" data-envira-gallery-id=\"406\" data-envira-item-id=\"373\" data-envira-caption=\"collation\" alt=\"\" title=\"collation\"  itemprop=\"thumbnailUrl\" data-envira-srcset=\"https:\/\/ecoles.rixensart.be\/bourgeois\/wp-content\/uploads\/2020\/03\/collation-576x1024-640x480.jpg 400w,https:\/\/ecoles.rixensart.be\/bourgeois\/wp-content\/uploads\/2020\/03\/collation-576x1024-640x480.jpg 2x\" data-envira-width=\"169\" data-envira-height=\"300\" srcset=\"data:image\/gif;base64,R0lGODlhAQABAIAAAP\/\/\/\/\/\/\/yH5BAEKAAEALAAAAAABAAEAAAICTAEAOw==\" data-safe-src=\"data:image\/gif;base64,R0lGODlhAQABAIAAAP\/\/\/\/\/\/\/yH5BAEKAAEALAAAAAABAAEAAAICTAEAOw==\" \/><\/a><\/div><\/div><div id=\"envira-gallery-item-254\" class=\"envira-gallery-item enviratope-item envira-gallery-item-2 envira-lazy-load\" style=\"padding-left: 5px; padding-bottom: 10px; padding-right: 5px;\"  itemscope itemtype=\"https:\/\/schema.org\/ImageObject\"><div class=\"envira-gallery-item-inner\"><div class=\"envira-gallery-position-overlay  envira-gallery-top-left\"><\/div><div class=\"envira-gallery-position-overlay  envira-gallery-top-right\"><\/div><div class=\"envira-gallery-position-overlay  envira-gallery-bottom-left\"><\/div><div class=\"envira-gallery-position-overlay  envira-gallery-bottom-right\"><\/div><a href=\"http:\/\/ecoles.rixensart.be\/bourgeois\/wp-content\/uploads\/2020\/03\/chou.jpg\" class=\"envira-gallery-406 envira-gallery-link\" rel=\"enviragallery406\" title=\"chou\" data-envira-caption=\"chou\" data-envira-retina=\"\" data-thumbnail=\"\"  itemprop=\"contentUrl\"><img decoding=\"async\" id=\"envira-gallery-image-254\" class=\"envira-gallery-image envira-gallery-image-2 envira-normal envira-lazy\" data-envira-index=\"2\" src=\"https:\/\/ecoles.rixensart.be\/bourgeois\/wp-content\/uploads\/2020\/03\/chou-1024x683-640x480.jpg\" data-envira-src=\"https:\/\/ecoles.rixensart.be\/bourgeois\/wp-content\/uploads\/2020\/03\/chou-1024x683-640x480.jpg\" data-envira-gallery-id=\"406\" data-envira-item-id=\"254\" data-envira-caption=\"chou\" alt=\"\" title=\"chou\"  itemprop=\"thumbnailUrl\" data-envira-srcset=\"https:\/\/ecoles.rixensart.be\/bourgeois\/wp-content\/uploads\/2020\/03\/chou-1024x683-640x480.jpg 400w,https:\/\/ecoles.rixensart.be\/bourgeois\/wp-content\/uploads\/2020\/03\/chou-1024x683-640x480.jpg 2x\" data-envira-width=\"300\" data-envira-height=\"200\" srcset=\"data:image\/gif;base64,R0lGODlhAQABAIAAAP\/\/\/\/\/\/\/yH5BAEKAAEALAAAAAABAAEAAAICTAEAOw==\" data-safe-src=\"data:image\/gif;base64,R0lGODlhAQABAIAAAP\/\/\/\/\/\/\/yH5BAEKAAEALAAAAAABAAEAAAICTAEAOw==\" \/><\/a><\/div><\/div><div id=\"envira-gallery-item-374\" class=\"envira-gallery-item enviratope-item envira-gallery-item-3 envira-lazy-load\" style=\"padding-left: 5px; padding-bottom: 10px; padding-right: 5px;\"  itemscope itemtype=\"https:\/\/schema.org\/ImageObject\"><div class=\"envira-gallery-item-inner\"><div class=\"envira-gallery-position-overlay  envira-gallery-top-left\"><\/div><div class=\"envira-gallery-position-overlay  envira-gallery-top-right\"><\/div><div class=\"envira-gallery-position-overlay  envira-gallery-bottom-left\"><\/div><div class=\"envira-gallery-position-overlay  envira-gallery-bottom-right\"><\/div><a href=\"http:\/\/ecoles.rixensart.be\/bourgeois\/wp-content\/uploads\/2020\/03\/collation2-scaled.jpg\" class=\"envira-gallery-406 envira-gallery-link\" rel=\"enviragallery406\" title=\"collation2\" data-envira-caption=\"collation2\" data-envira-retina=\"\" data-thumbnail=\"\"  itemprop=\"contentUrl\"><img decoding=\"async\" id=\"envira-gallery-image-374\" class=\"envira-gallery-image envira-gallery-image-3 envira-normal envira-lazy\" data-envira-index=\"3\" src=\"https:\/\/ecoles.rixensart.be\/bourgeois\/wp-content\/uploads\/2020\/03\/collation2-576x1024-640x480.jpg\" data-envira-src=\"https:\/\/ecoles.rixensart.be\/bourgeois\/wp-content\/uploads\/2020\/03\/collation2-576x1024-640x480.jpg\" data-envira-gallery-id=\"406\" data-envira-item-id=\"374\" data-envira-caption=\"collation2\" alt=\"\" title=\"collation2\"  itemprop=\"thumbnailUrl\" data-envira-srcset=\"https:\/\/ecoles.rixensart.be\/bourgeois\/wp-content\/uploads\/2020\/03\/collation2-576x1024-640x480.jpg 400w,https:\/\/ecoles.rixensart.be\/bourgeois\/wp-content\/uploads\/2020\/03\/collation2-576x1024-640x480.jpg 2x\" data-envira-width=\"169\" data-envira-height=\"300\" srcset=\"data:image\/gif;base64,R0lGODlhAQABAIAAAP\/\/\/\/\/\/\/yH5BAEKAAEALAAAAAABAAEAAAICTAEAOw==\" data-safe-src=\"data:image\/gif;base64,R0lGODlhAQABAIAAAP\/\/\/\/\/\/\/yH5BAEKAAEALAAAAAABAAEAAAICTAEAOw==\" \/><\/a><\/div><\/div><div id=\"envira-gallery-item-268\" class=\"envira-gallery-item enviratope-item envira-gallery-item-4 envira-lazy-load\" style=\"padding-left: 5px; padding-bottom: 10px; padding-right: 5px;\"  itemscope itemtype=\"https:\/\/schema.org\/ImageObject\"><div class=\"envira-gallery-item-inner\"><div class=\"envira-gallery-position-overlay  envira-gallery-top-left\"><\/div><div class=\"envira-gallery-position-overlay  envira-gallery-top-right\"><\/div><div class=\"envira-gallery-position-overlay  envira-gallery-bottom-left\"><\/div><div class=\"envira-gallery-position-overlay  envira-gallery-bottom-right\"><\/div><a href=\"http:\/\/ecoles.rixensart.be\/bourgeois\/wp-content\/uploads\/2020\/03\/repas.jpg\" class=\"envira-gallery-406 envira-gallery-link\" rel=\"enviragallery406\" title=\"repas\" data-envira-caption=\"repas\" data-envira-retina=\"\" data-thumbnail=\"\"  itemprop=\"contentUrl\"><img decoding=\"async\" id=\"envira-gallery-image-268\" class=\"envira-gallery-image envira-gallery-image-4 envira-normal envira-lazy\" data-envira-index=\"4\" src=\"https:\/\/ecoles.rixensart.be\/bourgeois\/wp-content\/uploads\/2020\/03\/repas-1024x576-640x480.jpg\" data-envira-src=\"https:\/\/ecoles.rixensart.be\/bourgeois\/wp-content\/uploads\/2020\/03\/repas-1024x576-640x480.jpg\" data-envira-gallery-id=\"406\" data-envira-item-id=\"268\" data-envira-caption=\"repas\" alt=\"\" title=\"repas\"  itemprop=\"thumbnailUrl\" data-envira-srcset=\"https:\/\/ecoles.rixensart.be\/bourgeois\/wp-content\/uploads\/2020\/03\/repas-1024x576-640x480.jpg 400w,https:\/\/ecoles.rixensart.be\/bourgeois\/wp-content\/uploads\/2020\/03\/repas-1024x576-640x480.jpg 2x\" data-envira-width=\"300\" data-envira-height=\"169\" srcset=\"data:image\/gif;base64,R0lGODlhAQABAIAAAP\/\/\/\/\/\/\/yH5BAEKAAEALAAAAAABAAEAAAICTAEAOw==\" data-safe-src=\"data:image\/gif;base64,R0lGODlhAQABAIAAAP\/\/\/\/\/\/\/yH5BAEKAAEALAAAAAABAAEAAAICTAEAOw==\" \/><\/a><\/div><\/div><\/div><\/div><noscript><img decoding=\"async\" src=\"https:\/\/ecoles.rixensart.be\/bourgeois\/wp-content\/uploads\/2020\/03\/collation-scaled.jpg\" alt=\"\" \/><img decoding=\"async\" src=\"https:\/\/ecoles.rixensart.be\/bourgeois\/wp-content\/uploads\/2020\/03\/chou.jpg\" alt=\"\" \/><img decoding=\"async\" src=\"https:\/\/ecoles.rixensart.be\/bourgeois\/wp-content\/uploads\/2020\/03\/collation2-scaled.jpg\" alt=\"\" \/><img decoding=\"async\" src=\"https:\/\/ecoles.rixensart.be\/bourgeois\/wp-content\/uploads\/2020\/03\/repas.jpg\" alt=\"\" \/><\/noscript>\n","protected":false},"excerpt":{"rendered":"<p>ORGANISATION DES REPAS Les repas chauds et\/ ou le potage sont propos\u00e9s les lundis, mardis, jeudis et vendredis. Le mercredi : uniquement potage. Les commandes se prennent une fois par mois.Le menu et les bons de commandes sont envoy\u00e9s en [&hellip;]<\/p>\n","protected":false},"author":1,"featured_media":268,"parent":14,"menu_order":0,"comment_status":"closed","ping_status":"closed","template":"","meta":{"footnotes":""},"class_list":["post-223","page","type-page","status-publish","has-post-thumbnail","hentry"],"_links":{"self":[{"href":"https:\/\/ecoles.rixensart.be\/bourgeois\/wp-json\/wp\/v2\/pages\/223","targetHints":{"allow":["GET"]}}],"collection":[{"href":"https:\/\/ecoles.rixensart.be\/bourgeois\/wp-json\/wp\/v2\/pages"}],"about":[{"href":"https:\/\/ecoles.rixensart.be\/bourgeois\/wp-json\/wp\/v2\/types\/page"}],"author":[{"embeddable":true,"href":"https:\/\/ecoles.rixensart.be\/bourgeois\/wp-json\/wp\/v2\/users\/1"}],"replies":[{"embeddable":true,"href":"https:\/\/ecoles.rixensart.be\/bourgeois\/wp-json\/wp\/v2\/comments?post=223"}],"version-history":[{"count":71,"href":"https:\/\/ecoles.rixensart.be\/bourgeois\/wp-json\/wp\/v2\/pages\/223\/revisions"}],"predecessor-version":[{"id":15759,"href":"https:\/\/ecoles.rixensart.be\/bourgeois\/wp-json\/wp\/v2\/pages\/223\/revisions\/15759"}],"up":[{"embeddable":true,"href":"https:\/\/ecoles.rixensart.be\/bourgeois\/wp-json\/wp\/v2\/pages\/14"}],"wp:featuredmedia":[{"embeddable":true,"href":"https:\/\/ecoles.rixensart.be\/bourgeois\/wp-json\/wp\/v2\/media\/268"}],"wp:attachment":[{"href":"https:\/\/ecoles.rixensart.be\/bourgeois\/wp-json\/wp\/v2\/media?parent=223"}],"curies":[{"name":"wp","href":"https:\/\/api.w.org\/{rel}","templated":true}]}}