{"id":272,"date":"2020-03-07T16:35:52","date_gmt":"2020-03-07T15:35:52","guid":{"rendered":"http:\/\/ecoles.rixensart.be\/bourgeois\/?page_id=272"},"modified":"2025-08-27T17:33:11","modified_gmt":"2025-08-27T15:33:11","slug":"agenda","status":"publish","type":"page","link":"https:\/\/ecoles.rixensart.be\/bourgeois\/vie-pratique\/agenda\/","title":{"rendered":"Agenda"},"content":{"rendered":"<p><strong>Ann\u00e9e scolaire 2025-2026<\/strong><\/p>\n<blockquote>\n<p>Rentr\u00e9e scolaire lundi 25 ao\u00fbt 2025<br \/>F\u00eate de la Communaut\u00e9 fran\u00e7aise samedi 27 septembre 2025<br \/>Cong\u00e9 d&rsquo;automne (Toussaint) du lundi 20 octobre au dimanche 2 novembre 2025<br \/>Comm\u00e9moration du 11 novembre ; mardi 11 novembre 2025<br \/>Vacances d&rsquo;hiver (No\u00ebl) du lundi 22 d\u00e9cembre 2025 au dimanche 4 janvier 2026<br \/>Cong\u00e9 de d\u00e9tente (Carnaval) du lundi 16 f\u00e9vrier 2026 au dimanche 1 mars 2026<br \/>Lundi de P\u00e2ques lundi 6 avril 2026<br \/>Vacances de printemps (P\u00e2ques) du lundi 27 avril 2026 au dimanche 10 mai 2026<br \/>Lundi de Pentec\u00f4te lundi 25 mai 2026<br \/>Les vacances d&rsquo;\u00e9t\u00e9 d\u00e9butent le samedi 4 juillet 2026<\/p>\n<\/blockquote>\n<p><a href=\"https:\/\/ecoles.rixensart.be\/bourgeois\/wp-content\/uploads\/2020\/10\/Calendrier-scolaire-2025-2026.pdf\" rel=\"noopener noreferrer\" target=\"_blank\"><img loading=\"lazy\" decoding=\"async\" class=\"alignnone size-full wp-image-443\" src=\"https:\/\/ecoles.rixensart.be\/bourgeois\/wp-content\/uploads\/2020\/10\/pdf-icon-150x150-1.png\" alt=\"\" width=\"15\" height=\"15\" \/> T\u00e9l\u00e9charger le calendrier annuel<\/a><\/p>\n","protected":false},"excerpt":{"rendered":"<p>Ann\u00e9e scolaire 2025-2026 Rentr\u00e9e scolaire lundi 25 ao\u00fbt 2025F\u00eate de la Communaut\u00e9 fran\u00e7aise samedi 27 septembre 2025Cong\u00e9 d&rsquo;automne (Toussaint) du lundi 20 octobre au dimanche 2 novembre 2025Comm\u00e9moration du 11 novembre ; mardi 11 novembre 2025Vacances d&rsquo;hiver (No\u00ebl) du lundi [&hellip;]<\/p>\n","protected":false},"author":1,"featured_media":273,"parent":14,"menu_order":0,"comment_status":"closed","ping_status":"closed","template":"","meta":{"footnotes":""},"_links":{"self":[{"href":"https:\/\/ecoles.rixensart.be\/bourgeois\/wp-json\/wp\/v2\/pages\/272"}],"collection":[{"href":"https:\/\/ecoles.rixensart.be\/bourgeois\/wp-json\/wp\/v2\/pages"}],"about":[{"href":"https:\/\/ecoles.rixensart.be\/bourgeois\/wp-json\/wp\/v2\/types\/page"}],"author":[{"embeddable":true,"href":"https:\/\/ecoles.rixensart.be\/bourgeois\/wp-json\/wp\/v2\/users\/1"}],"replies":[{"embeddable":true,"href":"https:\/\/ecoles.rixensart.be\/bourgeois\/wp-json\/wp\/v2\/comments?post=272"}],"version-history":[{"count":25,"href":"https:\/\/ecoles.rixensart.be\/bourgeois\/wp-json\/wp\/v2\/pages\/272\/revisions"}],"predecessor-version":[{"id":15770,"href":"https:\/\/ecoles.rixensart.be\/bourgeois\/wp-json\/wp\/v2\/pages\/272\/revisions\/15770"}],"up":[{"embeddable":true,"href":"https:\/\/ecoles.rixensart.be\/bourgeois\/wp-json\/wp\/v2\/pages\/14"}],"wp:featuredmedia":[{"embeddable":true,"href":"https:\/\/ecoles.rixensart.be\/bourgeois\/wp-json\/wp\/v2\/media\/273"}],"wp:attachment":[{"href":"https:\/\/ecoles.rixensart.be\/bourgeois\/wp-json\/wp\/v2\/media?parent=272"}],"curies":[{"name":"wp","href":"https:\/\/api.w.org\/{rel}","templated":true}]}}