{"id":277,"date":"2020-03-07T16:38:35","date_gmt":"2020-03-07T15:38:35","guid":{"rendered":"http:\/\/ecoles.rixensart.be\/bourgeois\/?page_id=277"},"modified":"2020-10-25T12:40:08","modified_gmt":"2020-10-25T11:40:08","slug":"activites-complementaires","status":"publish","type":"page","link":"https:\/\/ecoles.rixensart.be\/bourgeois\/vie-pratique\/activites-complementaires\/","title":{"rendered":"Activit\u00e9s compl\u00e9mentaires"},"content":{"rendered":"<p>\t<strong>D\u2019animation culturelle :<\/strong><\/p>\n<li>Activit\u00e9s musicales chaque semaine en maternelle (\u00ab Des clefs plein les poches \u00bb) et p\u00e9riodiquement en primaire avec \u00ab Les jeunesses musicales \u00bb.\n<li>Th\u00e9\u00e2tre au Centre Culturel de Rixensart (une \u00e0 deux fois par an).\n<li>Visites de mus\u00e9es.\n<li>Fr\u00e9quentation de la biblioth\u00e8que de l\u2019\u00e9cole tous les 15 jours.\n<li>&#8230;\n<p>\t<strong>D\u2019\u00e9ducation \u00e0 la citoyennet\u00e9 :<\/strong><\/p>\n<li>Une \u00e9cole engag\u00e9e, comme sa commune, dans l\u2019Agenda 21.\n<li>Tri s\u00e9lectif dans chaque classe.\n<li>Gardiens de la propret\u00e9.\n<li>Sensibilisation au commerce \u00e9quitable.\n<li>Activit\u00e9s men\u00e9es par les professeurs des cours philosophiques dans le cadre du \u00ab Mieux vivre ensemble \u00bb.\n<li>Nombreuses actions men\u00e9es pour venir en aide \u00e0 des personnes ou enfants en difficult\u00e9.\n<li>Animation \u00ab Je connais ma commune \u00bb.\n<li>Participation aux \u00e9lections du Conseil Communal pour enfants.\n<li>\u2026\n<p>\t<strong>D\u2019\u00e9ducation aux m\u00e9dias :<\/strong><\/p>\n<li>Utilisation d\u2019ordinateurs portables en P5 et P6.\n<li>Cyberclasse.\n<li>Utilisation du TBI (tableau interactif) en P1, P2, P3, P4 (\u00e0 venir), P5 et P6. Il y a \u00e9galement 2 TBI en<br \/>\n                    maternelle.<\/p>\n<li>12 Tablettes \u00e0 disposition des diff\u00e9rentes classes\n<p>\t<strong>D\u2019\u00e9ducation \u00e0 la sant\u00e9 :<\/strong><\/p>\n<li>Animations sur l\u2019alimentation, les fruits de saison, \u2026\n<li>Animations Croix-Rouge, MEGA, PSE (ex.: les poux), \u2026\n<li>Inscription au programme europ\u00e9en pour la promotion des fruits et l\u00e9gumes \u00e0 l\u2019\u00e9cole.\n<li>Projet de collations saines.\n<li>Actions ponctuelles concernant l\u2019hygi\u00e8ne, le respect du corps, la s\u00e9curit\u00e9 au sein de l\u2019\u00e9cole (am\u00e9nagement des cours de r\u00e9cr\u00e9ation), la s\u00e9curit\u00e9 \u00e0 la maison et la s\u00e9curit\u00e9 routi\u00e8re. \u2026\n<p>\t<strong>D\u2019\u00e9ducation \u00e0 l\u2019environnement :<\/strong><\/p>\n<li>Collecte de piles.\n<li>Sensibilisation au gaspillage d\u2019\u00e9nergies.\n<li>Carr\u00e9s potagers.\n<li>Go\u00fbter collectifs avec pour objectif une r\u00e9duction des d\u00e9chets.\n<li>Animations sur les insectes et la biodiversit\u00e9, r\u00e9alisation d\u2019abris \u00e0 insectes, visite de la ferme.\n<li>Compost en maternelle.\n<\/li>\n<p>Classes d\u2019eau.<\/p>\n<li>\u2026\n<p>\t<strong>De promotion \u00e0 des activit\u00e9s sportives :<\/strong><\/p>\n<li>Journ\u00e9es v\u00e9lo, journ\u00e9e \u00ab Vise ta forme \u00bb.\n<li>Participation \u00e0 la journ\u00e9e \u00ab Cross \u00e0 l\u2019\u00e9cole \u00bb.\n<li>Participation au programme \u00ab A pied, \u00e0 v\u00e9lo \u00bb.\n<li>\u2026\n<p>\t<strong>D\u2019\u00e9veil aux sciences :<\/strong><\/p>\n<li>L\u2019initiative aux sciences ne vise \u00e0 aucune pr\u00e9tention scientifique, mais propose de stimuler l\u2019int\u00e9r\u00eat et la curiosit\u00e9 de l\u2019enfant.\n<li>Animations Cap Sciences (deux \u00e0 trois animations par an).\n<li>Bus Xp\u00e9rilab.\n<li>\u2026\n<p>Tout ce qui concerne les budgets des activit\u00e9s scolaires et le respect des plafonds impos\u00e9s par le d\u00e9cret sur la gratuit\u00e9, se trouvent en pages 21, 22 et 23 de notre carnet d&rsquo;\u00e9cole \u00e0 consulter via l&rsquo;onglet \u00ab\u00a0Documents\u00a0\u00bb. <\/p>\n","protected":false},"excerpt":{"rendered":"<p>D\u2019animation culturelle : Activit\u00e9s musicales chaque semaine en maternelle (\u00ab Des clefs plein les poches \u00bb) et p\u00e9riodiquement en primaire avec \u00ab Les jeunesses musicales \u00bb. Th\u00e9\u00e2tre au Centre Culturel de Rixensart (une \u00e0 deux fois par an). Visites de [&hellip;]<\/p>\n","protected":false},"author":1,"featured_media":252,"parent":14,"menu_order":0,"comment_status":"closed","ping_status":"closed","template":"","meta":{"footnotes":""},"_links":{"self":[{"href":"https:\/\/ecoles.rixensart.be\/bourgeois\/wp-json\/wp\/v2\/pages\/277"}],"collection":[{"href":"https:\/\/ecoles.rixensart.be\/bourgeois\/wp-json\/wp\/v2\/pages"}],"about":[{"href":"https:\/\/ecoles.rixensart.be\/bourgeois\/wp-json\/wp\/v2\/types\/page"}],"author":[{"embeddable":true,"href":"https:\/\/ecoles.rixensart.be\/bourgeois\/wp-json\/wp\/v2\/users\/1"}],"replies":[{"embeddable":true,"href":"https:\/\/ecoles.rixensart.be\/bourgeois\/wp-json\/wp\/v2\/comments?post=277"}],"version-history":[{"count":7,"href":"https:\/\/ecoles.rixensart.be\/bourgeois\/wp-json\/wp\/v2\/pages\/277\/revisions"}],"predecessor-version":[{"id":616,"href":"https:\/\/ecoles.rixensart.be\/bourgeois\/wp-json\/wp\/v2\/pages\/277\/revisions\/616"}],"up":[{"embeddable":true,"href":"https:\/\/ecoles.rixensart.be\/bourgeois\/wp-json\/wp\/v2\/pages\/14"}],"wp:featuredmedia":[{"embeddable":true,"href":"https:\/\/ecoles.rixensart.be\/bourgeois\/wp-json\/wp\/v2\/media\/252"}],"wp:attachment":[{"href":"https:\/\/ecoles.rixensart.be\/bourgeois\/wp-json\/wp\/v2\/media?parent=277"}],"curies":[{"name":"wp","href":"https:\/\/api.w.org\/{rel}","templated":true}]}}