{"id":279,"date":"2020-03-07T16:40:04","date_gmt":"2020-03-07T15:40:04","guid":{"rendered":"http:\/\/ecoles.rixensart.be\/bourgeois\/?page_id=279"},"modified":"2022-09-07T21:29:12","modified_gmt":"2022-09-07T19:29:12","slug":"activites-extra-scolaires","status":"publish","type":"page","link":"https:\/\/ecoles.rixensart.be\/bourgeois\/vie-pratique\/activites-extra-scolaires\/","title":{"rendered":"Activit\u00e9s extra-scolaires"},"content":{"rendered":"<p><strong>ACTIVITES EXTRA-SCOLAIRE PROPOSEES EN MATERNELLE<\/strong><\/p>\n<p><a href=\"https:\/\/ecoles.rixensart.be\/bourgeois\/wp-content\/uploads\/2020\/10\/Propositions-section-maternelle-1.pdf\" rel=\"noopener noreferrer\" target=\"_blank\"><img loading=\"lazy\" decoding=\"async\" class=\"alignnone size-full wp-image-443\" src=\"https:\/\/ecoles.rixensart.be\/bourgeois\/wp-content\/uploads\/2020\/10\/pdf-icon-150x150-1.png\" alt=\"\" width=\"15\" height=\"15\" \/> T\u00e9l\u00e9charger le tableau des activit\u00e9s en maternelle<\/a><\/p>\n<p><a rel=\"noopener noreferrer\" target=\"_blank\"><span style=\"color: #808080;\"><img class=\"alignnone size-full wp-image-443\" \/>Par SPORT VITAL<\/span><br \/><span style=\"color: #808080;\">Cours d&rsquo;ateliers cr\u00e9atifs: le mardi avec madame Nathalie<\/span><br \/><\/a><a href=\"mailto:secretariat.sportvital@gmail.com\" class=\"mailto\"><i class=\"fa fa-envelope\"><\/i> secretariat.sportvital@gmail.com<\/a><\/p>\n<p>par SPORT VITAL<br \/>Cours de psycho-danse : le mardi avec madame Justine et le jeudi avec madame Magali<br \/><a href=\"mailto:secretariat.sportvital@gmail.com\" class=\"mailto\"><i class=\"fa fa-envelope\"><\/i> secretariat.sportvital@gmail.com<\/a><\/p>\n<p>Par le PARIVAL<br \/>Tennis : le lundi<br \/><a href=\"mailto:etr@parival.be\" class=\"mailto\"><i class=\"fa fa-envelope\"><\/i> etr@parival.be<\/a><\/p>\n<p><strong>ACTIVITES EXTRA-SCOLAIRE PROPOSEES EN PRIMAIRE<\/strong><\/p>\n<p><a href=\"https:\/\/ecoles.rixensart.be\/bourgeois\/wp-content\/uploads\/2020\/10\/Propositions-section-primaire-1.pdf\" rel=\"noopener noreferrer\" target=\"_blank\"><img loading=\"lazy\" decoding=\"async\" class=\"alignnone size-full wp-image-443\" src=\"https:\/\/ecoles.rixensart.be\/bourgeois\/wp-content\/uploads\/2020\/10\/pdf-icon-150x150-1.png\" alt=\"\" width=\"15\" height=\"15\" \/> T\u00e9l\u00e9charger le tableau des activit\u00e9s en primaire<\/a><\/p>\n<p><a rel=\"noopener noreferrer\" target=\"_blank\"><img class=\"alignnone size-full wp-image-443\" \/><span style=\"color: #808080;\">Par SPORT VITAL<\/span><br \/><span style=\"color: #808080;\">Cours d&rsquo;arts plastiques : le mardi avec madame B\u00e9n\u00e9dicte<\/span><br \/><\/a><a href=\"mailto:secretariat.sportvital@gmail.com\" class=\"mailto\"><i class=\"fa fa-envelope\"><\/i> secretariat.sportvital@gmail.com<\/a><\/p>\n<p>Par le PARIVAL<br \/>Tennis : le lundi<br \/><a href=\"mailto:etr@parival.be\" class=\"mailto\"><i class=\"fa fa-envelope\"><\/i> etr@parival.be<\/a><\/p>\n<p>PAR Mr QUENTIN<br \/>Activit\u00e9s multi-sports : le lundi et le mardi<br \/><a href=\"mailto:\" qteamsport=\"\" gmail=\"\" com=\"\" class=\"mailto\"><i class=\"fa fa-envelope\"><\/i> Qteamsport@gmail.com<\/a><\/p>\n<p>Par l&rsquo;Acad\u00e9mie de Rixensart<br \/>Danses classique et Jazz : le lundi, le mardi, le mercredi et le jeudi avec madame V\u00e9ronique Iorio<br \/><a href=\"mailto: academie_rixensart@hotmail.com\" class=\"mailto\"><i class=\"fa fa-envelope\"><\/i> academie_rixensart@hotmail.com<\/a><\/p>\n","protected":false},"excerpt":{"rendered":"<p>ACTIVITES EXTRA-SCOLAIRE PROPOSEES EN MATERNELLE T\u00e9l\u00e9charger le tableau des activit\u00e9s en maternelle Par SPORT VITALCours d&rsquo;ateliers cr\u00e9atifs: le mardi avec madame Nathalie secretariat.sportvital@gmail.com par SPORT VITALCours de psycho-danse : le mardi avec madame Justine et le jeudi avec madame Magali [&hellip;]<\/p>\n","protected":false},"author":1,"featured_media":263,"parent":14,"menu_order":0,"comment_status":"closed","ping_status":"closed","template":"","meta":{"footnotes":""},"_links":{"self":[{"href":"https:\/\/ecoles.rixensart.be\/bourgeois\/wp-json\/wp\/v2\/pages\/279"}],"collection":[{"href":"https:\/\/ecoles.rixensart.be\/bourgeois\/wp-json\/wp\/v2\/pages"}],"about":[{"href":"https:\/\/ecoles.rixensart.be\/bourgeois\/wp-json\/wp\/v2\/types\/page"}],"author":[{"embeddable":true,"href":"https:\/\/ecoles.rixensart.be\/bourgeois\/wp-json\/wp\/v2\/users\/1"}],"replies":[{"embeddable":true,"href":"https:\/\/ecoles.rixensart.be\/bourgeois\/wp-json\/wp\/v2\/comments?post=279"}],"version-history":[{"count":29,"href":"https:\/\/ecoles.rixensart.be\/bourgeois\/wp-json\/wp\/v2\/pages\/279\/revisions"}],"predecessor-version":[{"id":1479,"href":"https:\/\/ecoles.rixensart.be\/bourgeois\/wp-json\/wp\/v2\/pages\/279\/revisions\/1479"}],"up":[{"embeddable":true,"href":"https:\/\/ecoles.rixensart.be\/bourgeois\/wp-json\/wp\/v2\/pages\/14"}],"wp:featuredmedia":[{"embeddable":true,"href":"https:\/\/ecoles.rixensart.be\/bourgeois\/wp-json\/wp\/v2\/media\/263"}],"wp:attachment":[{"href":"https:\/\/ecoles.rixensart.be\/bourgeois\/wp-json\/wp\/v2\/media?parent=279"}],"curies":[{"name":"wp","href":"https:\/\/api.w.org\/{rel}","templated":true}]}}