{"id":281,"date":"2020-03-07T16:41:20","date_gmt":"2020-03-07T15:41:20","guid":{"rendered":"http:\/\/ecoles.rixensart.be\/bourgeois\/?page_id=281"},"modified":"2021-09-01T15:36:37","modified_gmt":"2021-09-01T13:36:37","slug":"mobilite","status":"publish","type":"page","link":"https:\/\/ecoles.rixensart.be\/bourgeois\/vie-pratique\/mobilite\/","title":{"rendered":"Mobilit\u00e9"},"content":{"rendered":"<p><strong>SECURITE <\/strong><\/p>\n<p>1) Dans le cadre de l\u2019horaire scolaire, les enfants sont sous la responsabilit\u00e9 de l\u2019\u00e9quipe \u00e9ducative.<br \/>2) L\u2019\u00e9l\u00e8ve emprunte le chemin le plus court, de la maison \u00e0 l\u2019\u00e9cole et vice-versa.<br \/>3) Les enfants sont sous la responsabilit\u00e9 des parents ou de la personne accompagnante, jusqu\u2019\u00e0 la grille \u00e0 l\u2019arriv\u00e9e et au passage de la grille ou \u00e0 la fin du rang \u00e0 la sortie.<\/p>\n<p><strong>ORGANISATION DES ENTR\u00c9ES ET DES SORTIES :<\/strong><\/p>\n<p><strong>Section maternelle : <\/strong><\/p>\n<p>Le matin, les parents accompagnent leurs enfants dans le local Accueil-Temps libre jusqu\u2019\u00e0 8h10. Apr\u00e8s 8h10, les enfants sont accueillis par les enseignantes dans la cour avant de l\u2019\u00e9cole.<br \/>A 15h05, les parents reprennent leurs enfants \u00e0 la grille de l\u2019\u00e9cole. Les enfants attendront soit dans la petite cour devant le b\u00e2timent soit dans les couloirs suivant les conditions climatiques. <br \/>A partir de 15h30, les enfants seront en accueil-temps libre. Les parents pourront les reprendre soit dans le local Accueil-Temps libre, soit dans la cour de r\u00e9cr\u00e9ation. <\/p>\n<p>Lorsque les enfants doivent quitter l\u2019\u00e9cole accompagn\u00e9s d\u2019une autre personne que la personne habituelle, veuillez nous pr\u00e9venir : <br \/>&#8211; soit par un mot donn\u00e9 \u00e0 la titulaire et\/ou \u00e0 l\u2019accueillante. <br \/>&#8211; soit par t\u00e9l\u00e9phone (en cas d\u2019impr\u00e9vu) au 02\/653 79 59 ou 02\/653 75 83.<\/p>\n<p><strong>Section primaire : <\/strong><\/p>\n<p>Pour la s\u00e9curit\u00e9 et le bien-\u00eatre de chacun, l\u2019entr\u00e9e des enfants se fait suivant les modalit\u00e9s suivantes : <br \/>&#8211; jusqu\u2019\u00e0 7h55 : via la rue Lambermont (apr\u00e8s cette heure, la surveillance s\u2019effectue dans la cour de r\u00e9cr\u00e9ation)<br \/>&#8211; \u00e0 partir de 7h55 : via la rue Saint-Roch. <br \/>La sortie des enfants se d\u00e9roule comme suit : <br \/>&#8211; de 15h05 \u00e0 16h30 : via la rue Saint Roch. <br \/>&#8211; \u00e0 partir de 16h30 : via la rue Lambermont. <br \/>L\u2019enceinte de l\u2019\u00e9cole primaire est r\u00e9serv\u00e9e prioritairement aux enfants. Les parents ne sont PAS autoris\u00e9s \u00e0 p\u00e9n\u00e9trer dans la cour de r\u00e9cr\u00e9ation. <br \/>Nous demandons donc aux parents de d\u00e9poser et de reprendre les enfants \u00e0 la grille de la cour de r\u00e9cr\u00e9ation ou au Quai du Tram (si l\u2019enfant prend le rang) afin de faciliter le travail de surveillance des membres de l\u2019\u00e9quipe \u00e9ducative. <br \/>Un rang est organis\u00e9 chaque jour. L\u2019enfant qui prend le rang doit avoir une carte de sortie qui atteste de l\u2019autorisation parentale.<br \/>La premi\u00e8re semaine du mois de septembre, les parents des enfants de 1\u00e8re et 2\u00e8me ann\u00e9es primaires seront autoris\u00e9s \u00e0 entrer dans la cour, attendre que les rangs se forment et conduire les enfants dans leur classe. Pas d\u2019application cette ann\u00e9e !<br \/>Le 1er septembre 2021, les parents des \u00e9l\u00e8ves de P1 pourront entrer dans la cour pour d\u00e9poser leur enfant entre 8h35 et 8h55.<br \/>!!! En cas de sortie avec une personne inhabituelle, il est imp\u00e9ratif de pr\u00e9venir la titulaire par un mot au journal de classe ou de t\u00e9l\u00e9phoner au secr\u00e9tariat au 02\/653 75 83 !!!<br \/>Les enseignant(e)s sont disponibles (suivant horaire) en cas de besoin de 8h10 \u00e0 8h25 dans la cour de r\u00e9cr\u00e9ation. <\/p>\n<p><strong>RAMASSAGE SCOLAIRE <\/strong><\/p>\n<p>Un ramassage scolaire par abonnement est organis\u00e9 par le Minist\u00e8re des Transports. <br \/>Ce ramassage est enti\u00e8rement gratuit pour les enfants fr\u00e9quentant la section maternelle et payant pour les enfants de la section primaire ayant atteint l\u2019\u00e2ge de 12 ans. Renseignements aupr\u00e8s de la Direction.<\/p>\n","protected":false},"excerpt":{"rendered":"<p>SECURITE 1) Dans le cadre de l\u2019horaire scolaire, les enfants sont sous la responsabilit\u00e9 de l\u2019\u00e9quipe \u00e9ducative.2) L\u2019\u00e9l\u00e8ve emprunte le chemin le plus court, de la maison \u00e0 l\u2019\u00e9cole et vice-versa.3) Les enfants sont sous la responsabilit\u00e9 des parents ou [&hellip;]<\/p>\n","protected":false},"author":1,"featured_media":269,"parent":14,"menu_order":0,"comment_status":"closed","ping_status":"closed","template":"","meta":{"footnotes":""},"_links":{"self":[{"href":"https:\/\/ecoles.rixensart.be\/bourgeois\/wp-json\/wp\/v2\/pages\/281"}],"collection":[{"href":"https:\/\/ecoles.rixensart.be\/bourgeois\/wp-json\/wp\/v2\/pages"}],"about":[{"href":"https:\/\/ecoles.rixensart.be\/bourgeois\/wp-json\/wp\/v2\/types\/page"}],"author":[{"embeddable":true,"href":"https:\/\/ecoles.rixensart.be\/bourgeois\/wp-json\/wp\/v2\/users\/1"}],"replies":[{"embeddable":true,"href":"https:\/\/ecoles.rixensart.be\/bourgeois\/wp-json\/wp\/v2\/comments?post=281"}],"version-history":[{"count":9,"href":"https:\/\/ecoles.rixensart.be\/bourgeois\/wp-json\/wp\/v2\/pages\/281\/revisions"}],"predecessor-version":[{"id":1117,"href":"https:\/\/ecoles.rixensart.be\/bourgeois\/wp-json\/wp\/v2\/pages\/281\/revisions\/1117"}],"up":[{"embeddable":true,"href":"https:\/\/ecoles.rixensart.be\/bourgeois\/wp-json\/wp\/v2\/pages\/14"}],"wp:featuredmedia":[{"embeddable":true,"href":"https:\/\/ecoles.rixensart.be\/bourgeois\/wp-json\/wp\/v2\/media\/269"}],"wp:attachment":[{"href":"https:\/\/ecoles.rixensart.be\/bourgeois\/wp-json\/wp\/v2\/media?parent=281"}],"curies":[{"name":"wp","href":"https:\/\/api.w.org\/{rel}","templated":true}]}}