{"id":283,"date":"2020-03-07T16:43:13","date_gmt":"2020-03-07T15:43:13","guid":{"rendered":"http:\/\/ecoles.rixensart.be\/bourgeois\/?page_id=283"},"modified":"2020-10-22T15:07:32","modified_gmt":"2020-10-22T13:07:32","slug":"potagers-connectes","status":"publish","type":"page","link":"https:\/\/ecoles.rixensart.be\/bourgeois\/projets\/potagers-connectes\/","title":{"rendered":"Bacs-potagers partag\u00e9s"},"content":{"rendered":"<p>Nous avons r\u00e9pondu, durant 3 ann\u00e9es, \u00e0 un appel \u00e0 projets de la Province du Brabant wallon visant la sensibilisation \u00e0 l&rsquo;environnement et \u00e0 la biodiversit\u00e9 dans les \u00e9coles.<br \/>\u00a0Nos projets ont chaque fois \u00e9t\u00e9 retenus et nous avons donc pu b\u00e9n\u00e9ficier de subsides afin de r\u00e9aliser trois bacs-potagers partag\u00e9s plac\u00e9s au Quai du Tram et deux bacs-potagers pour cultiver des l\u00e9gumes \u00e0 l&rsquo;\u00e9cole.<\/p>\n<p>Les enfants de primaire, s\u00e8ment des graines et repiquent leurs semis d\u00e8s le printemps.<br \/>Qu&rsquo;il s&rsquo;agisse de plantes aromatiques ou de l\u00e9gumes, ceux-ci peuvent \u00eatre partag\u00e9s avec les riverains, les promeneurs ou les parents&#8230; Servez-vous !<\/p>\n<p>Dans l&rsquo;avenir, ces bacs seront d\u00e9cor\u00e9s par les enfants de l&rsquo;\u00e9cole.<\/p>\n<p>Nous allons \u00e9galement installer un r\u00e9cup\u00e9rateur d&rsquo;eau pour l&rsquo;arrosage de ces diff\u00e9rents bacs.<\/p>\n<p>Ce projet de potagers-partag\u00e9s sera \u00e9galement mis en relation avec un autre appel \u00e0 projet li\u00e9 \u00e0 l&rsquo;\u00e9cole num\u00e9rique \u00ab\u00a0Potagers connect\u00e9s\u00a0\u00bb.<br \/>Ceci est en construction, encore un peu de patience !<\/p>\n<div id=\"envira-gallery-wrap-488\" class=\"envira-gallery-wrap envira-gallery-theme-base envira-lightbox-theme-base\" itemscope itemtype=\"https:\/\/schema.org\/ImageGallery\"><div data-row-height=\"150\" data-gallery-theme=\"normal\" id=\"envira-gallery-488\" class=\"envira-gallery-public envira-gallery-justified-public envira-gallery-0-columns envira-clear enviratope envira-gallery-css-animations\" data-envira-columns=\"0\"><div id=\"envira-gallery-item-382\" class=\"envira-gallery-item enviratope-item envira-gallery-item-1 envira-lazy-load\" style=\"padding-left: 5px; padding-bottom: 10px; padding-right: 5px;\"  itemscope itemtype=\"https:\/\/schema.org\/ImageObject\"><div class=\"envira-gallery-item-inner\"><div class=\"envira-gallery-position-overlay  envira-gallery-top-left\"><\/div><div class=\"envira-gallery-position-overlay  envira-gallery-top-right\"><\/div><div class=\"envira-gallery-position-overlay  envira-gallery-bottom-left\"><\/div><div class=\"envira-gallery-position-overlay  envira-gallery-bottom-right\"><\/div><a href=\"http:\/\/ecoles.rixensart.be\/bourgeois\/wp-content\/uploads\/2020\/03\/Plantations-avril-2018-4.jpg\" class=\"envira-gallery-488 envira-gallery-link\" rel=\"enviragallery488\" title=\"Plantations avril 2018 4\" data-envira-caption=\"Plantations avril 2018 4\" data-envira-retina=\"\" data-thumbnail=\"\"  itemprop=\"contentUrl\"><img decoding=\"async\" id=\"envira-gallery-image-382\" class=\"envira-gallery-image envira-gallery-image-1 envira-normal envira-lazy\" data-envira-index=\"1\" src=\"https:\/\/ecoles.rixensart.be\/bourgeois\/wp-content\/uploads\/2020\/03\/Plantations-avril-2018-4.jpg\" data-envira-src=\"https:\/\/ecoles.rixensart.be\/bourgeois\/wp-content\/uploads\/2020\/03\/Plantations-avril-2018-4.jpg\" data-envira-gallery-id=\"488\" data-envira-item-id=\"382\" data-envira-caption=\"Plantations avril 2018 4\" alt=\"\" title=\"Plantations avril 2018 4\"  itemprop=\"thumbnailUrl\" data-envira-srcset=\"https:\/\/ecoles.rixensart.be\/bourgeois\/wp-content\/uploads\/2020\/03\/Plantations-avril-2018-4.jpg 400w,https:\/\/ecoles.rixensart.be\/bourgeois\/wp-content\/uploads\/2020\/03\/Plantations-avril-2018-4.jpg 2x\" data-envira-width=\"300\" data-envira-height=\"225\" srcset=\"data:image\/gif;base64,R0lGODlhAQABAIAAAP\/\/\/\/\/\/\/yH5BAEKAAEALAAAAAABAAEAAAICTAEAOw==\" data-safe-src=\"data:image\/gif;base64,R0lGODlhAQABAIAAAP\/\/\/\/\/\/\/yH5BAEKAAEALAAAAAABAAEAAAICTAEAOw==\" \/><\/a><\/div><\/div><div id=\"envira-gallery-item-490\" class=\"envira-gallery-item enviratope-item envira-gallery-item-2 envira-lazy-load\" style=\"padding-left: 5px; padding-bottom: 10px; padding-right: 5px;\"  itemscope itemtype=\"https:\/\/schema.org\/ImageObject\"><div class=\"envira-gallery-item-inner\"><div class=\"envira-gallery-position-overlay  envira-gallery-top-left\"><\/div><div class=\"envira-gallery-position-overlay  envira-gallery-top-right\"><\/div><div class=\"envira-gallery-position-overlay  envira-gallery-bottom-left\"><\/div><div class=\"envira-gallery-position-overlay  envira-gallery-bottom-right\"><\/div><a href=\"http:\/\/ecoles.rixensart.be\/bourgeois\/wp-content\/uploads\/2020\/10\/pots-scaled.jpg\" class=\"envira-gallery-488 envira-gallery-link\" rel=\"enviragallery488\" title=\"pots\" data-envira-caption=\"pots\" data-envira-retina=\"\" data-thumbnail=\"\"  itemprop=\"contentUrl\"><img decoding=\"async\" id=\"envira-gallery-image-490\" class=\"envira-gallery-image envira-gallery-image-2 envira-normal envira-lazy\" data-envira-index=\"2\" src=\"https:\/\/ecoles.rixensart.be\/bourgeois\/wp-content\/uploads\/2020\/10\/pots-683x1024-640x480.jpg\" data-envira-src=\"https:\/\/ecoles.rixensart.be\/bourgeois\/wp-content\/uploads\/2020\/10\/pots-683x1024-640x480.jpg\" data-envira-gallery-id=\"488\" data-envira-item-id=\"490\" data-envira-caption=\"pots\" alt=\"\" title=\"pots\"  itemprop=\"thumbnailUrl\" data-envira-srcset=\"https:\/\/ecoles.rixensart.be\/bourgeois\/wp-content\/uploads\/2020\/10\/pots-683x1024-640x480.jpg 400w,https:\/\/ecoles.rixensart.be\/bourgeois\/wp-content\/uploads\/2020\/10\/pots-683x1024-640x480.jpg 2x\" data-envira-width=\"200\" data-envira-height=\"300\" srcset=\"data:image\/gif;base64,R0lGODlhAQABAIAAAP\/\/\/\/\/\/\/yH5BAEKAAEALAAAAAABAAEAAAICTAEAOw==\" data-safe-src=\"data:image\/gif;base64,R0lGODlhAQABAIAAAP\/\/\/\/\/\/\/yH5BAEKAAEALAAAAAABAAEAAAICTAEAOw==\" \/><\/a><\/div><\/div><div id=\"envira-gallery-item-380\" class=\"envira-gallery-item enviratope-item envira-gallery-item-3 envira-lazy-load\" style=\"padding-left: 5px; padding-bottom: 10px; padding-right: 5px;\"  itemscope itemtype=\"https:\/\/schema.org\/ImageObject\"><div class=\"envira-gallery-item-inner\"><div class=\"envira-gallery-position-overlay  envira-gallery-top-left\"><\/div><div class=\"envira-gallery-position-overlay  envira-gallery-top-right\"><\/div><div class=\"envira-gallery-position-overlay  envira-gallery-bottom-left\"><\/div><div class=\"envira-gallery-position-overlay  envira-gallery-bottom-right\"><\/div><a href=\"http:\/\/ecoles.rixensart.be\/bourgeois\/wp-content\/uploads\/2020\/03\/20170601_104657-scaled.jpg\" class=\"envira-gallery-488 envira-gallery-link\" rel=\"enviragallery488\" title=\"20170601_104657\" data-envira-caption=\"20170601_104657\" data-envira-retina=\"\" data-thumbnail=\"\"  itemprop=\"contentUrl\"><img decoding=\"async\" id=\"envira-gallery-image-380\" class=\"envira-gallery-image envira-gallery-image-3 envira-normal envira-lazy\" data-envira-index=\"3\" src=\"https:\/\/ecoles.rixensart.be\/bourgeois\/wp-content\/uploads\/2020\/03\/20170601_104657-576x1024-640x480.jpg\" data-envira-src=\"https:\/\/ecoles.rixensart.be\/bourgeois\/wp-content\/uploads\/2020\/03\/20170601_104657-576x1024-640x480.jpg\" data-envira-gallery-id=\"488\" data-envira-item-id=\"380\" data-envira-caption=\"20170601_104657\" alt=\"\" title=\"20170601_104657\"  itemprop=\"thumbnailUrl\" data-envira-srcset=\"https:\/\/ecoles.rixensart.be\/bourgeois\/wp-content\/uploads\/2020\/03\/20170601_104657-576x1024-640x480.jpg 400w,https:\/\/ecoles.rixensart.be\/bourgeois\/wp-content\/uploads\/2020\/03\/20170601_104657-576x1024-640x480.jpg 2x\" data-envira-width=\"169\" data-envira-height=\"300\" srcset=\"data:image\/gif;base64,R0lGODlhAQABAIAAAP\/\/\/\/\/\/\/yH5BAEKAAEALAAAAAABAAEAAAICTAEAOw==\" data-safe-src=\"data:image\/gif;base64,R0lGODlhAQABAIAAAP\/\/\/\/\/\/\/yH5BAEKAAEALAAAAAABAAEAAAICTAEAOw==\" \/><\/a><\/div><\/div><div id=\"envira-gallery-item-491\" class=\"envira-gallery-item enviratope-item envira-gallery-item-4 envira-lazy-load\" style=\"padding-left: 5px; padding-bottom: 10px; padding-right: 5px;\"  itemscope itemtype=\"https:\/\/schema.org\/ImageObject\"><div class=\"envira-gallery-item-inner\"><div class=\"envira-gallery-position-overlay  envira-gallery-top-left\"><\/div><div class=\"envira-gallery-position-overlay  envira-gallery-top-right\"><\/div><div class=\"envira-gallery-position-overlay  envira-gallery-bottom-left\"><\/div><div class=\"envira-gallery-position-overlay  envira-gallery-bottom-right\"><\/div><a href=\"http:\/\/ecoles.rixensart.be\/bourgeois\/wp-content\/uploads\/2020\/10\/pousses-scaled.jpg\" class=\"envira-gallery-488 envira-gallery-link\" rel=\"enviragallery488\" title=\"pousses\" data-envira-caption=\"pousses\" data-envira-retina=\"\" data-thumbnail=\"\"  itemprop=\"contentUrl\"><img decoding=\"async\" id=\"envira-gallery-image-491\" class=\"envira-gallery-image envira-gallery-image-4 envira-normal envira-lazy\" data-envira-index=\"4\" src=\"https:\/\/ecoles.rixensart.be\/bourgeois\/wp-content\/uploads\/2020\/10\/pousses-1024x683-640x480.jpg\" data-envira-src=\"https:\/\/ecoles.rixensart.be\/bourgeois\/wp-content\/uploads\/2020\/10\/pousses-1024x683-640x480.jpg\" data-envira-gallery-id=\"488\" data-envira-item-id=\"491\" data-envira-caption=\"pousses\" alt=\"\" title=\"pousses\"  itemprop=\"thumbnailUrl\" data-envira-srcset=\"https:\/\/ecoles.rixensart.be\/bourgeois\/wp-content\/uploads\/2020\/10\/pousses-1024x683-640x480.jpg 400w,https:\/\/ecoles.rixensart.be\/bourgeois\/wp-content\/uploads\/2020\/10\/pousses-1024x683-640x480.jpg 2x\" data-envira-width=\"300\" data-envira-height=\"200\" srcset=\"data:image\/gif;base64,R0lGODlhAQABAIAAAP\/\/\/\/\/\/\/yH5BAEKAAEALAAAAAABAAEAAAICTAEAOw==\" data-safe-src=\"data:image\/gif;base64,R0lGODlhAQABAIAAAP\/\/\/\/\/\/\/yH5BAEKAAEALAAAAAABAAEAAAICTAEAOw==\" \/><\/a><\/div><\/div><div id=\"envira-gallery-item-381\" class=\"envira-gallery-item enviratope-item envira-gallery-item-5 envira-lazy-load\" style=\"padding-left: 5px; padding-bottom: 10px; padding-right: 5px;\"  itemscope itemtype=\"https:\/\/schema.org\/ImageObject\"><div class=\"envira-gallery-item-inner\"><div class=\"envira-gallery-position-overlay  envira-gallery-top-left\"><\/div><div class=\"envira-gallery-position-overlay  envira-gallery-top-right\"><\/div><div class=\"envira-gallery-position-overlay  envira-gallery-bottom-left\"><\/div><div class=\"envira-gallery-position-overlay  envira-gallery-bottom-right\"><\/div><a href=\"http:\/\/ecoles.rixensart.be\/bourgeois\/wp-content\/uploads\/2020\/03\/Jardins-partag\u00e9s-2.jpg\" class=\"envira-gallery-488 envira-gallery-link\" rel=\"enviragallery488\" title=\"Jardins partag\u00e9s 2\" data-envira-caption=\"Jardins partag\u00e9s 2\" data-envira-retina=\"\" data-thumbnail=\"\"  itemprop=\"contentUrl\"><img decoding=\"async\" id=\"envira-gallery-image-381\" class=\"envira-gallery-image envira-gallery-image-5 envira-normal envira-lazy\" data-envira-index=\"5\" src=\"https:\/\/ecoles.rixensart.be\/bourgeois\/wp-content\/uploads\/2020\/03\/Jardins-partag\u00e9s-2.jpg\" data-envira-src=\"https:\/\/ecoles.rixensart.be\/bourgeois\/wp-content\/uploads\/2020\/03\/Jardins-partag\u00e9s-2.jpg\" data-envira-gallery-id=\"488\" data-envira-item-id=\"381\" data-envira-caption=\"Jardins partag\u00e9s 2\" alt=\"\" title=\"Jardins partag\u00e9s 2\"  itemprop=\"thumbnailUrl\" data-envira-srcset=\"https:\/\/ecoles.rixensart.be\/bourgeois\/wp-content\/uploads\/2020\/03\/Jardins-partag\u00e9s-2.jpg 400w,https:\/\/ecoles.rixensart.be\/bourgeois\/wp-content\/uploads\/2020\/03\/Jardins-partag\u00e9s-2.jpg 2x\" data-envira-width=\"300\" data-envira-height=\"225\" srcset=\"data:image\/gif;base64,R0lGODlhAQABAIAAAP\/\/\/\/\/\/\/yH5BAEKAAEALAAAAAABAAEAAAICTAEAOw==\" data-safe-src=\"data:image\/gif;base64,R0lGODlhAQABAIAAAP\/\/\/\/\/\/\/yH5BAEKAAEALAAAAAABAAEAAAICTAEAOw==\" \/><\/a><\/div><\/div><div id=\"envira-gallery-item-492\" class=\"envira-gallery-item enviratope-item envira-gallery-item-6 envira-lazy-load\" style=\"padding-left: 5px; padding-bottom: 10px; padding-right: 5px;\"  itemscope itemtype=\"https:\/\/schema.org\/ImageObject\"><div class=\"envira-gallery-item-inner\"><div class=\"envira-gallery-position-overlay  envira-gallery-top-left\"><\/div><div class=\"envira-gallery-position-overlay  envira-gallery-top-right\"><\/div><div class=\"envira-gallery-position-overlay  envira-gallery-bottom-left\"><\/div><div class=\"envira-gallery-position-overlay  envira-gallery-bottom-right\"><\/div><a href=\"http:\/\/ecoles.rixensart.be\/bourgeois\/wp-content\/uploads\/2020\/10\/tomates-scaled.jpg\" class=\"envira-gallery-488 envira-gallery-link\" rel=\"enviragallery488\" title=\"tomates\" data-envira-caption=\"tomates\" data-envira-retina=\"\" data-thumbnail=\"\"  itemprop=\"contentUrl\"><img decoding=\"async\" id=\"envira-gallery-image-492\" class=\"envira-gallery-image envira-gallery-image-6 envira-normal envira-lazy\" data-envira-index=\"6\" src=\"https:\/\/ecoles.rixensart.be\/bourgeois\/wp-content\/uploads\/2020\/10\/tomates-1024x671-640x480.jpg\" data-envira-src=\"https:\/\/ecoles.rixensart.be\/bourgeois\/wp-content\/uploads\/2020\/10\/tomates-1024x671-640x480.jpg\" data-envira-gallery-id=\"488\" data-envira-item-id=\"492\" data-envira-caption=\"tomates\" alt=\"\" title=\"tomates\"  itemprop=\"thumbnailUrl\" data-envira-srcset=\"https:\/\/ecoles.rixensart.be\/bourgeois\/wp-content\/uploads\/2020\/10\/tomates-1024x671-640x480.jpg 400w,https:\/\/ecoles.rixensart.be\/bourgeois\/wp-content\/uploads\/2020\/10\/tomates-1024x671-640x480.jpg 2x\" data-envira-width=\"300\" data-envira-height=\"197\" srcset=\"data:image\/gif;base64,R0lGODlhAQABAIAAAP\/\/\/\/\/\/\/yH5BAEKAAEALAAAAAABAAEAAAICTAEAOw==\" data-safe-src=\"data:image\/gif;base64,R0lGODlhAQABAIAAAP\/\/\/\/\/\/\/yH5BAEKAAEALAAAAAABAAEAAAICTAEAOw==\" \/><\/a><\/div><\/div><\/div><\/div><noscript><img decoding=\"async\" src=\"https:\/\/ecoles.rixensart.be\/bourgeois\/wp-content\/uploads\/2020\/03\/Plantations-avril-2018-4.jpg\" alt=\"\" \/><img decoding=\"async\" src=\"https:\/\/ecoles.rixensart.be\/bourgeois\/wp-content\/uploads\/2020\/10\/pots-scaled.jpg\" alt=\"\" \/><img decoding=\"async\" src=\"https:\/\/ecoles.rixensart.be\/bourgeois\/wp-content\/uploads\/2020\/03\/20170601_104657-scaled.jpg\" alt=\"\" \/><img decoding=\"async\" src=\"https:\/\/ecoles.rixensart.be\/bourgeois\/wp-content\/uploads\/2020\/10\/pousses-scaled.jpg\" alt=\"\" \/><img decoding=\"async\" src=\"https:\/\/ecoles.rixensart.be\/bourgeois\/wp-content\/uploads\/2020\/03\/Jardins-partag\u00e9s-2.jpg\" alt=\"\" \/><img decoding=\"async\" src=\"https:\/\/ecoles.rixensart.be\/bourgeois\/wp-content\/uploads\/2020\/10\/tomates-scaled.jpg\" alt=\"\" \/><\/noscript>\n","protected":false},"excerpt":{"rendered":"<p>Nous avons r\u00e9pondu, durant 3 ann\u00e9es, \u00e0 un appel \u00e0 projets de la Province du Brabant wallon visant la sensibilisation \u00e0 l&rsquo;environnement et \u00e0 la biodiversit\u00e9 dans les \u00e9coles.\u00a0Nos projets ont chaque fois \u00e9t\u00e9 retenus et nous avons donc pu [&hellip;]<\/p>\n","protected":false},"author":1,"featured_media":267,"parent":17,"menu_order":0,"comment_status":"closed","ping_status":"closed","template":"","meta":{"footnotes":""},"_links":{"self":[{"href":"https:\/\/ecoles.rixensart.be\/bourgeois\/wp-json\/wp\/v2\/pages\/283"}],"collection":[{"href":"https:\/\/ecoles.rixensart.be\/bourgeois\/wp-json\/wp\/v2\/pages"}],"about":[{"href":"https:\/\/ecoles.rixensart.be\/bourgeois\/wp-json\/wp\/v2\/types\/page"}],"author":[{"embeddable":true,"href":"https:\/\/ecoles.rixensart.be\/bourgeois\/wp-json\/wp\/v2\/users\/1"}],"replies":[{"embeddable":true,"href":"https:\/\/ecoles.rixensart.be\/bourgeois\/wp-json\/wp\/v2\/comments?post=283"}],"version-history":[{"count":8,"href":"https:\/\/ecoles.rixensart.be\/bourgeois\/wp-json\/wp\/v2\/pages\/283\/revisions"}],"predecessor-version":[{"id":511,"href":"https:\/\/ecoles.rixensart.be\/bourgeois\/wp-json\/wp\/v2\/pages\/283\/revisions\/511"}],"up":[{"embeddable":true,"href":"https:\/\/ecoles.rixensart.be\/bourgeois\/wp-json\/wp\/v2\/pages\/17"}],"wp:featuredmedia":[{"embeddable":true,"href":"https:\/\/ecoles.rixensart.be\/bourgeois\/wp-json\/wp\/v2\/media\/267"}],"wp:attachment":[{"href":"https:\/\/ecoles.rixensart.be\/bourgeois\/wp-json\/wp\/v2\/media?parent=283"}],"curies":[{"name":"wp","href":"https:\/\/api.w.org\/{rel}","templated":true}]}}