{"id":286,"date":"2020-03-07T16:50:06","date_gmt":"2020-03-07T15:50:06","guid":{"rendered":"http:\/\/ecoles.rixensart.be\/bourgeois\/?page_id=286"},"modified":"2020-10-27T15:02:05","modified_gmt":"2020-10-27T14:02:05","slug":"ecole-numerique","status":"publish","type":"page","link":"https:\/\/ecoles.rixensart.be\/bourgeois\/projets\/ecole-numerique\/","title":{"rendered":"Ecole num\u00e9rique"},"content":{"rendered":"<p>C&rsquo;est en 2019 que notre \u00e9cole a \u00e9t\u00e9 laur\u00e9ate de l\u2019appel \u00e0 projet EN2019, initi\u00e9 par les gouvernements wallon, de la F\u00e9d\u00e9ration Wallonie-Bruxelles et de la Communaut\u00e9 germanophone.<\/p>\n<p><img loading=\"lazy\" decoding=\"async\" class=\"alignnone size-medium wp-image-368\" src=\"https:\/\/ecoles.rixensart.be\/bourgeois\/wp-content\/uploads\/2020\/03\/ecole-num-300x93.png\" alt=\"\" width=\"300\" height=\"93\" srcset=\"https:\/\/ecoles.rixensart.be\/bourgeois\/wp-content\/uploads\/2020\/03\/ecole-num-300x93.png 300w, https:\/\/ecoles.rixensart.be\/bourgeois\/wp-content\/uploads\/2020\/03\/ecole-num.png 403w\" sizes=\"(max-width: 300px) 100vw, 300px\" \/><\/p>\n<p>Les projets r\u00e9ceptionn\u00e9s ont \u00e9t\u00e9 \u00e9valu\u00e9s par un jury compos\u00e9 des diff\u00e9rents partenaires d\u2019Ecole Num\u00e9rique. L\u2019\u00e9valuation a notamment port\u00e9 sur la qualit\u00e9 \u00e9ducative du projet et son ad\u00e9quation avec les \u00e9quipements techniques demand\u00e9s.<\/p>\n<p>Ce sont ainsi 502 projets \u00ab Ecole Num\u00e9rique \u00bb qui ont \u00e9t\u00e9 retenus dans autant d\u2019\u00e9tablissements scolaires implant\u00e9s en Wallonie des niveaux maternel, primaire et secondaire de l\u2019enseignement obligatoire ordinaire et sp\u00e9cialis\u00e9, ainsi que ceux de promotion sociale de niveau secondaire .<\/p>\n<p>Le projet de notre \u00e9cole s&rsquo;intitule \u00ab\u00a0Potagers connect\u00e9s\u00a0\u00bb et est actuellement en cours de r\u00e9alisation.<\/p>\n<p>Gr\u00e2ce \u00e0 ce projet et \u00e0 la participation de notre commune, notre \u00e9cole a pu s&rsquo;\u00e9quiper en mat\u00e9riel num\u00e9rique tel que des tablettes, des TBI et des PC. Ce mat\u00e9riel \u00e0 la pointe vient g\u00e9n\u00e9reusement compl\u00e9ter notre cyber-classe d\u00e9j\u00e0 en place depuis plusieurs ann\u00e9es. En effet, presque la totalit\u00e9 des classes poss\u00e8de un Tableau Blanc Interactif.<\/p>\n<div id=\"envira-gallery-wrap-415\" class=\"envira-gallery-wrap envira-gallery-theme-base envira-lightbox-theme-base\" itemscope itemtype=\"https:\/\/schema.org\/ImageGallery\"><div data-row-height=\"150\" data-gallery-theme=\"normal\" id=\"envira-gallery-415\" class=\"envira-gallery-public envira-gallery-justified-public envira-gallery-0-columns envira-clear enviratope envira-gallery-css-animations\" data-envira-columns=\"0\"><div id=\"envira-gallery-item-130\" class=\"envira-gallery-item enviratope-item envira-gallery-item-1 envira-lazy-load\" style=\"padding-left: 5px; padding-bottom: 10px; padding-right: 5px;\"  itemscope itemtype=\"https:\/\/schema.org\/ImageObject\"><div class=\"envira-gallery-item-inner\"><div class=\"envira-gallery-position-overlay  envira-gallery-top-left\"><\/div><div class=\"envira-gallery-position-overlay  envira-gallery-top-right\"><\/div><div class=\"envira-gallery-position-overlay  envira-gallery-bottom-left\"><\/div><div class=\"envira-gallery-position-overlay  envira-gallery-bottom-right\"><\/div><a href=\"http:\/\/ecoles.rixensart.be\/bourgeois\/wp-content\/uploads\/2020\/02\/IMG_2254.jpg\" class=\"envira-gallery-415 envira-gallery-link\" rel=\"enviragallery415\" title=\"ecole-de-bourgeois-primaire-classeP1\" data-envira-caption=\"ecole-de-bourgeois-primaire-classeP1\" data-envira-retina=\"\" data-thumbnail=\"\"  itemprop=\"contentUrl\"><img decoding=\"async\" id=\"envira-gallery-image-130\" class=\"envira-gallery-image envira-gallery-image-1 envira-normal envira-lazy\" data-envira-index=\"1\" src=\"https:\/\/ecoles.rixensart.be\/bourgeois\/wp-content\/uploads\/2020\/02\/IMG_2254-640x480.jpg\" data-envira-src=\"https:\/\/ecoles.rixensart.be\/bourgeois\/wp-content\/uploads\/2020\/02\/IMG_2254-640x480.jpg\" data-envira-gallery-id=\"415\" data-envira-item-id=\"130\" data-envira-caption=\"ecole-de-bourgeois-primaire-classeP1\" alt=\"\" title=\"ecole-de-bourgeois-primaire-classeP1\"  itemprop=\"thumbnailUrl\" data-envira-srcset=\"https:\/\/ecoles.rixensart.be\/bourgeois\/wp-content\/uploads\/2020\/02\/IMG_2254-640x480.jpg 400w,https:\/\/ecoles.rixensart.be\/bourgeois\/wp-content\/uploads\/2020\/02\/IMG_2254-640x480.jpg 2x\" data-envira-width=\"300\" data-envira-height=\"225\" srcset=\"data:image\/gif;base64,R0lGODlhAQABAIAAAP\/\/\/\/\/\/\/yH5BAEKAAEALAAAAAABAAEAAAICTAEAOw==\" data-safe-src=\"data:image\/gif;base64,R0lGODlhAQABAIAAAP\/\/\/\/\/\/\/yH5BAEKAAEALAAAAAABAAEAAAICTAEAOw==\" \/><\/a><\/div><\/div><div id=\"envira-gallery-item-287\" class=\"envira-gallery-item enviratope-item envira-gallery-item-2 envira-lazy-load\" style=\"padding-left: 5px; padding-bottom: 10px; padding-right: 5px;\"  itemscope itemtype=\"https:\/\/schema.org\/ImageObject\"><div class=\"envira-gallery-item-inner\"><div class=\"envira-gallery-position-overlay  envira-gallery-top-left\"><\/div><div class=\"envira-gallery-position-overlay  envira-gallery-top-right\"><\/div><div class=\"envira-gallery-position-overlay  envira-gallery-bottom-left\"><\/div><div class=\"envira-gallery-position-overlay  envira-gallery-bottom-right\"><\/div><a href=\"http:\/\/ecoles.rixensart.be\/bourgeois\/wp-content\/uploads\/2020\/03\/tablette.jpg\" class=\"envira-gallery-415 envira-gallery-link\" rel=\"enviragallery415\" title=\"enfant tablette\" data-envira-caption=\"enfant tablette\" data-envira-retina=\"\" data-thumbnail=\"\"  itemprop=\"contentUrl\"><img decoding=\"async\" id=\"envira-gallery-image-287\" class=\"envira-gallery-image envira-gallery-image-2 envira-normal envira-lazy\" data-envira-index=\"2\" src=\"https:\/\/ecoles.rixensart.be\/bourgeois\/wp-content\/uploads\/2020\/03\/tablette-1024x680-640x480.jpg\" data-envira-src=\"https:\/\/ecoles.rixensart.be\/bourgeois\/wp-content\/uploads\/2020\/03\/tablette-1024x680-640x480.jpg\" data-envira-gallery-id=\"415\" data-envira-item-id=\"287\" data-envira-caption=\"enfant tablette\" alt=\"\" title=\"enfant tablette\"  itemprop=\"thumbnailUrl\" data-envira-srcset=\"https:\/\/ecoles.rixensart.be\/bourgeois\/wp-content\/uploads\/2020\/03\/tablette-1024x680-640x480.jpg 400w,https:\/\/ecoles.rixensart.be\/bourgeois\/wp-content\/uploads\/2020\/03\/tablette-1024x680-640x480.jpg 2x\" data-envira-width=\"300\" data-envira-height=\"199\" srcset=\"data:image\/gif;base64,R0lGODlhAQABAIAAAP\/\/\/\/\/\/\/yH5BAEKAAEALAAAAAABAAEAAAICTAEAOw==\" data-safe-src=\"data:image\/gif;base64,R0lGODlhAQABAIAAAP\/\/\/\/\/\/\/yH5BAEKAAEALAAAAAABAAEAAAICTAEAOw==\" \/><\/a><\/div><\/div><div id=\"envira-gallery-item-417\" class=\"envira-gallery-item enviratope-item envira-gallery-item-3 envira-lazy-load\" style=\"padding-left: 5px; padding-bottom: 10px; padding-right: 5px;\"  itemscope itemtype=\"https:\/\/schema.org\/ImageObject\"><div class=\"envira-gallery-item-inner\"><div class=\"envira-gallery-position-overlay  envira-gallery-top-left\"><\/div><div class=\"envira-gallery-position-overlay  envira-gallery-top-right\"><\/div><div class=\"envira-gallery-position-overlay  envira-gallery-bottom-left\"><\/div><div class=\"envira-gallery-position-overlay  envira-gallery-bottom-right\"><\/div><a href=\"http:\/\/ecoles.rixensart.be\/bourgeois\/wp-content\/uploads\/2020\/03\/Cyberclasse-2019-2-scaled.jpg\" class=\"envira-gallery-415 envira-gallery-link\" rel=\"enviragallery415\" title=\"Cyberclasse 2019 2\" data-envira-caption=\"Cyberclasse 2019 2\" data-envira-retina=\"\" data-thumbnail=\"\"  itemprop=\"contentUrl\"><img decoding=\"async\" id=\"envira-gallery-image-417\" class=\"envira-gallery-image envira-gallery-image-3 envira-normal envira-lazy\" data-envira-index=\"3\" src=\"https:\/\/ecoles.rixensart.be\/bourgeois\/wp-content\/uploads\/2020\/03\/Cyberclasse-2019-2-768x1024-640x480.jpg\" data-envira-src=\"https:\/\/ecoles.rixensart.be\/bourgeois\/wp-content\/uploads\/2020\/03\/Cyberclasse-2019-2-768x1024-640x480.jpg\" data-envira-gallery-id=\"415\" data-envira-item-id=\"417\" data-envira-caption=\"Cyberclasse 2019 2\" alt=\"\" title=\"Cyberclasse 2019 2\"  itemprop=\"thumbnailUrl\" data-envira-srcset=\"https:\/\/ecoles.rixensart.be\/bourgeois\/wp-content\/uploads\/2020\/03\/Cyberclasse-2019-2-768x1024-640x480.jpg 400w,https:\/\/ecoles.rixensart.be\/bourgeois\/wp-content\/uploads\/2020\/03\/Cyberclasse-2019-2-768x1024-640x480.jpg 2x\" data-envira-width=\"225\" data-envira-height=\"300\" srcset=\"data:image\/gif;base64,R0lGODlhAQABAIAAAP\/\/\/\/\/\/\/yH5BAEKAAEALAAAAAABAAEAAAICTAEAOw==\" data-safe-src=\"data:image\/gif;base64,R0lGODlhAQABAIAAAP\/\/\/\/\/\/\/yH5BAEKAAEALAAAAAABAAEAAAICTAEAOw==\" \/><\/a><\/div><\/div><div id=\"envira-gallery-item-507\" class=\"envira-gallery-item enviratope-item envira-gallery-item-4 envira-lazy-load\" style=\"padding-left: 5px; padding-bottom: 10px; padding-right: 5px;\"  itemscope itemtype=\"https:\/\/schema.org\/ImageObject\"><div class=\"envira-gallery-item-inner\"><div class=\"envira-gallery-position-overlay  envira-gallery-top-left\"><\/div><div class=\"envira-gallery-position-overlay  envira-gallery-top-right\"><\/div><div class=\"envira-gallery-position-overlay  envira-gallery-bottom-left\"><\/div><div class=\"envira-gallery-position-overlay  envira-gallery-bottom-right\"><\/div><a href=\"http:\/\/ecoles.rixensart.be\/bourgeois\/wp-content\/uploads\/2020\/03\/20200309_142408-scaled.jpg\" class=\"envira-gallery-415 envira-gallery-link\" rel=\"enviragallery415\" title=\"20200309_142408\" data-envira-caption=\"20200309_142408\" data-envira-retina=\"\" data-thumbnail=\"\"  itemprop=\"contentUrl\"><img decoding=\"async\" id=\"envira-gallery-image-507\" class=\"envira-gallery-image envira-gallery-image-4 envira-normal envira-lazy\" data-envira-index=\"4\" src=\"https:\/\/ecoles.rixensart.be\/bourgeois\/wp-content\/uploads\/2020\/03\/20200309_142408-768x1024-640x480.jpg\" data-envira-src=\"https:\/\/ecoles.rixensart.be\/bourgeois\/wp-content\/uploads\/2020\/03\/20200309_142408-768x1024-640x480.jpg\" data-envira-gallery-id=\"415\" data-envira-item-id=\"507\" data-envira-caption=\"20200309_142408\" alt=\"\" title=\"20200309_142408\"  itemprop=\"thumbnailUrl\" data-envira-srcset=\"https:\/\/ecoles.rixensart.be\/bourgeois\/wp-content\/uploads\/2020\/03\/20200309_142408-768x1024-640x480.jpg 400w,https:\/\/ecoles.rixensart.be\/bourgeois\/wp-content\/uploads\/2020\/03\/20200309_142408-768x1024-640x480.jpg 2x\" data-envira-width=\"225\" data-envira-height=\"300\" srcset=\"data:image\/gif;base64,R0lGODlhAQABAIAAAP\/\/\/\/\/\/\/yH5BAEKAAEALAAAAAABAAEAAAICTAEAOw==\" data-safe-src=\"data:image\/gif;base64,R0lGODlhAQABAIAAAP\/\/\/\/\/\/\/yH5BAEKAAEALAAAAAABAAEAAAICTAEAOw==\" \/><\/a><\/div><\/div><div id=\"envira-gallery-item-508\" class=\"envira-gallery-item enviratope-item envira-gallery-item-5 envira-lazy-load\" style=\"padding-left: 5px; padding-bottom: 10px; padding-right: 5px;\"  itemscope itemtype=\"https:\/\/schema.org\/ImageObject\"><div class=\"envira-gallery-item-inner\"><div class=\"envira-gallery-position-overlay  envira-gallery-top-left\"><\/div><div class=\"envira-gallery-position-overlay  envira-gallery-top-right\"><\/div><div class=\"envira-gallery-position-overlay  envira-gallery-bottom-left\"><\/div><div class=\"envira-gallery-position-overlay  envira-gallery-bottom-right\"><\/div><a href=\"http:\/\/ecoles.rixensart.be\/bourgeois\/wp-content\/uploads\/2020\/03\/20200131_091222-scaled.jpg\" class=\"envira-gallery-415 envira-gallery-link\" rel=\"enviragallery415\" title=\"20200131_091222\" data-envira-caption=\"20200131_091222\" data-envira-retina=\"\" data-thumbnail=\"\"  itemprop=\"contentUrl\"><img decoding=\"async\" id=\"envira-gallery-image-508\" class=\"envira-gallery-image envira-gallery-image-5 envira-normal envira-lazy\" data-envira-index=\"5\" src=\"https:\/\/ecoles.rixensart.be\/bourgeois\/wp-content\/uploads\/2020\/03\/20200131_091222-1024x768-640x480.jpg\" data-envira-src=\"https:\/\/ecoles.rixensart.be\/bourgeois\/wp-content\/uploads\/2020\/03\/20200131_091222-1024x768-640x480.jpg\" data-envira-gallery-id=\"415\" data-envira-item-id=\"508\" data-envira-caption=\"20200131_091222\" alt=\"\" title=\"20200131_091222\"  itemprop=\"thumbnailUrl\" data-envira-srcset=\"https:\/\/ecoles.rixensart.be\/bourgeois\/wp-content\/uploads\/2020\/03\/20200131_091222-1024x768-640x480.jpg 400w,https:\/\/ecoles.rixensart.be\/bourgeois\/wp-content\/uploads\/2020\/03\/20200131_091222-1024x768-640x480.jpg 2x\" data-envira-width=\"300\" data-envira-height=\"225\" srcset=\"data:image\/gif;base64,R0lGODlhAQABAIAAAP\/\/\/\/\/\/\/yH5BAEKAAEALAAAAAABAAEAAAICTAEAOw==\" data-safe-src=\"data:image\/gif;base64,R0lGODlhAQABAIAAAP\/\/\/\/\/\/\/yH5BAEKAAEALAAAAAABAAEAAAICTAEAOw==\" \/><\/a><\/div><\/div><div id=\"envira-gallery-item-509\" class=\"envira-gallery-item enviratope-item envira-gallery-item-6 envira-lazy-load\" style=\"padding-left: 5px; padding-bottom: 10px; padding-right: 5px;\"  itemscope itemtype=\"https:\/\/schema.org\/ImageObject\"><div class=\"envira-gallery-item-inner\"><div class=\"envira-gallery-position-overlay  envira-gallery-top-left\"><\/div><div class=\"envira-gallery-position-overlay  envira-gallery-top-right\"><\/div><div class=\"envira-gallery-position-overlay  envira-gallery-bottom-left\"><\/div><div class=\"envira-gallery-position-overlay  envira-gallery-bottom-right\"><\/div><a href=\"http:\/\/ecoles.rixensart.be\/bourgeois\/wp-content\/uploads\/2020\/03\/20200309_135854-scaled.jpg\" class=\"envira-gallery-415 envira-gallery-link\" rel=\"enviragallery415\" title=\"20200309_135854\" data-envira-caption=\"20200309_135854\" data-envira-retina=\"\" data-thumbnail=\"\"  itemprop=\"contentUrl\"><img decoding=\"async\" id=\"envira-gallery-image-509\" class=\"envira-gallery-image envira-gallery-image-6 envira-normal envira-lazy\" data-envira-index=\"6\" src=\"https:\/\/ecoles.rixensart.be\/bourgeois\/wp-content\/uploads\/2020\/03\/20200309_135854-768x1024-640x480.jpg\" data-envira-src=\"https:\/\/ecoles.rixensart.be\/bourgeois\/wp-content\/uploads\/2020\/03\/20200309_135854-768x1024-640x480.jpg\" data-envira-gallery-id=\"415\" data-envira-item-id=\"509\" data-envira-caption=\"20200309_135854\" alt=\"\" title=\"20200309_135854\"  itemprop=\"thumbnailUrl\" data-envira-srcset=\"https:\/\/ecoles.rixensart.be\/bourgeois\/wp-content\/uploads\/2020\/03\/20200309_135854-768x1024-640x480.jpg 400w,https:\/\/ecoles.rixensart.be\/bourgeois\/wp-content\/uploads\/2020\/03\/20200309_135854-768x1024-640x480.jpg 2x\" data-envira-width=\"225\" data-envira-height=\"300\" srcset=\"data:image\/gif;base64,R0lGODlhAQABAIAAAP\/\/\/\/\/\/\/yH5BAEKAAEALAAAAAABAAEAAAICTAEAOw==\" data-safe-src=\"data:image\/gif;base64,R0lGODlhAQABAIAAAP\/\/\/\/\/\/\/yH5BAEKAAEALAAAAAABAAEAAAICTAEAOw==\" \/><\/a><\/div><\/div><\/div><\/div><noscript><img decoding=\"async\" src=\"https:\/\/ecoles.rixensart.be\/bourgeois\/wp-content\/uploads\/2020\/02\/IMG_2254.jpg\" alt=\"\" \/><img decoding=\"async\" src=\"https:\/\/ecoles.rixensart.be\/bourgeois\/wp-content\/uploads\/2020\/03\/tablette.jpg\" alt=\"\" \/><img decoding=\"async\" src=\"https:\/\/ecoles.rixensart.be\/bourgeois\/wp-content\/uploads\/2020\/03\/Cyberclasse-2019-2-scaled.jpg\" alt=\"\" \/><img decoding=\"async\" src=\"https:\/\/ecoles.rixensart.be\/bourgeois\/wp-content\/uploads\/2020\/03\/20200309_142408-scaled.jpg\" alt=\"\" \/><img decoding=\"async\" src=\"https:\/\/ecoles.rixensart.be\/bourgeois\/wp-content\/uploads\/2020\/03\/20200131_091222-scaled.jpg\" alt=\"\" \/><img decoding=\"async\" src=\"https:\/\/ecoles.rixensart.be\/bourgeois\/wp-content\/uploads\/2020\/03\/20200309_135854-scaled.jpg\" alt=\"\" \/><\/noscript>\n","protected":false},"excerpt":{"rendered":"<p>C&rsquo;est en 2019 que notre \u00e9cole a \u00e9t\u00e9 laur\u00e9ate de l\u2019appel \u00e0 projet EN2019, initi\u00e9 par les gouvernements wallon, de la F\u00e9d\u00e9ration Wallonie-Bruxelles et de la Communaut\u00e9 germanophone. Les projets r\u00e9ceptionn\u00e9s ont \u00e9t\u00e9 \u00e9valu\u00e9s par un jury compos\u00e9 des diff\u00e9rents [&hellip;]<\/p>\n","protected":false},"author":1,"featured_media":287,"parent":17,"menu_order":0,"comment_status":"closed","ping_status":"closed","template":"","meta":{"footnotes":""},"_links":{"self":[{"href":"https:\/\/ecoles.rixensart.be\/bourgeois\/wp-json\/wp\/v2\/pages\/286"}],"collection":[{"href":"https:\/\/ecoles.rixensart.be\/bourgeois\/wp-json\/wp\/v2\/pages"}],"about":[{"href":"https:\/\/ecoles.rixensart.be\/bourgeois\/wp-json\/wp\/v2\/types\/page"}],"author":[{"embeddable":true,"href":"https:\/\/ecoles.rixensart.be\/bourgeois\/wp-json\/wp\/v2\/users\/1"}],"replies":[{"embeddable":true,"href":"https:\/\/ecoles.rixensart.be\/bourgeois\/wp-json\/wp\/v2\/comments?post=286"}],"version-history":[{"count":8,"href":"https:\/\/ecoles.rixensart.be\/bourgeois\/wp-json\/wp\/v2\/pages\/286\/revisions"}],"predecessor-version":[{"id":739,"href":"https:\/\/ecoles.rixensart.be\/bourgeois\/wp-json\/wp\/v2\/pages\/286\/revisions\/739"}],"up":[{"embeddable":true,"href":"https:\/\/ecoles.rixensart.be\/bourgeois\/wp-json\/wp\/v2\/pages\/17"}],"wp:featuredmedia":[{"embeddable":true,"href":"https:\/\/ecoles.rixensart.be\/bourgeois\/wp-json\/wp\/v2\/media\/287"}],"wp:attachment":[{"href":"https:\/\/ecoles.rixensart.be\/bourgeois\/wp-json\/wp\/v2\/media?parent=286"}],"curies":[{"name":"wp","href":"https:\/\/api.w.org\/{rel}","templated":true}]}}