{"id":289,"date":"2020-03-07T16:51:54","date_gmt":"2020-03-07T15:51:54","guid":{"rendered":"http:\/\/ecoles.rixensart.be\/bourgeois\/?page_id=289"},"modified":"2023-06-27T14:01:05","modified_gmt":"2023-06-27T12:01:05","slug":"liste-de-materiel-en-maternelle","status":"publish","type":"page","link":"https:\/\/ecoles.rixensart.be\/bourgeois\/documents\/liste-de-materiel-en-maternelle\/","title":{"rendered":"Liste de mat\u00e9riel en maternelle"},"content":{"rendered":"<p>Voici les listes de mat\u00e9riel pour les classes de maternelle, merci de penser \u00e0 nominer TOUTES les affaires de votre enfant <\/p>\n<p><a href=\"https:\/\/ecoles.rixensart.be\/bourgeois\/wp-content\/uploads\/2020\/10\/Listing-mate\u0301riel-en-classe-daccueil-1.pdf\" rel=\"noopener noreferrer\" target=\"_blank\"><img loading=\"lazy\" decoding=\"async\" src=\"https:\/\/ecoles.rixensart.be\/bourgeois\/wp-content\/uploads\/2020\/10\/pdf-icon-150x150-1.png\" alt=\"\" width=\"15\" height=\"15\" class=\"alignnone size-full wp-image-443\" \/> T\u00e9l\u00e9charger le listing Accueil<\/a><\/p>\n<p><a href=\"https:\/\/ecoles.rixensart.be\/bourgeois\/wp-content\/uploads\/2020\/10\/Listing-mate\u0301riel-en-classe-de-M1.pdf\" rel=\"noopener noreferrer\" target=\"_blank\"><img loading=\"lazy\" decoding=\"async\" src=\"https:\/\/ecoles.rixensart.be\/bourgeois\/wp-content\/uploads\/2020\/10\/pdf-icon-150x150-1.png\" alt=\"\" width=\"15\" height=\"15\" class=\"alignnone size-full wp-image-443\" \/> T\u00e9l\u00e9charger le listing M1<\/a><\/p>\n<p><a href=\"https:\/\/ecoles.rixensart.be\/bourgeois\/wp-content\/uploads\/2020\/10\/Listing-mate\u0301riel-en-classe-de-M2.pdf\" rel=\"noopener noreferrer\" target=\"_blank\"><img loading=\"lazy\" decoding=\"async\" src=\"https:\/\/ecoles.rixensart.be\/bourgeois\/wp-content\/uploads\/2020\/10\/pdf-icon-150x150-1.png\" alt=\"\" width=\"15\" height=\"15\" class=\"alignnone size-full wp-image-443\" \/> T\u00e9l\u00e9charger le listing M2<\/a><\/p>\n<p><a href=\"https:\/\/ecoles.rixensart.be\/bourgeois\/wp-content\/uploads\/2020\/10\/Listing-mate\u0301riel-en-classe-de-M3.pdf\" rel=\"noopener noreferrer\" target=\"_blank\"><img loading=\"lazy\" decoding=\"async\" src=\"https:\/\/ecoles.rixensart.be\/bourgeois\/wp-content\/uploads\/2020\/10\/pdf-icon-150x150-1.png\" alt=\"\" width=\"15\" height=\"15\" class=\"alignnone size-full wp-image-443\" \/> T\u00e9l\u00e9charger le listing M3<\/a><\/p>\n","protected":false},"excerpt":{"rendered":"<p>Voici les listes de mat\u00e9riel pour les classes de maternelle, merci de penser \u00e0 nominer TOUTES les affaires de votre enfant T\u00e9l\u00e9charger le listing Accueil T\u00e9l\u00e9charger le listing M1 T\u00e9l\u00e9charger le listing M2 T\u00e9l\u00e9charger le listing M3<\/p>\n","protected":false},"author":1,"featured_media":266,"parent":15,"menu_order":0,"comment_status":"closed","ping_status":"closed","template":"","meta":{"footnotes":""},"_links":{"self":[{"href":"https:\/\/ecoles.rixensart.be\/bourgeois\/wp-json\/wp\/v2\/pages\/289"}],"collection":[{"href":"https:\/\/ecoles.rixensart.be\/bourgeois\/wp-json\/wp\/v2\/pages"}],"about":[{"href":"https:\/\/ecoles.rixensart.be\/bourgeois\/wp-json\/wp\/v2\/types\/page"}],"author":[{"embeddable":true,"href":"https:\/\/ecoles.rixensart.be\/bourgeois\/wp-json\/wp\/v2\/users\/1"}],"replies":[{"embeddable":true,"href":"https:\/\/ecoles.rixensart.be\/bourgeois\/wp-json\/wp\/v2\/comments?post=289"}],"version-history":[{"count":27,"href":"https:\/\/ecoles.rixensart.be\/bourgeois\/wp-json\/wp\/v2\/pages\/289\/revisions"}],"predecessor-version":[{"id":1727,"href":"https:\/\/ecoles.rixensart.be\/bourgeois\/wp-json\/wp\/v2\/pages\/289\/revisions\/1727"}],"up":[{"embeddable":true,"href":"https:\/\/ecoles.rixensart.be\/bourgeois\/wp-json\/wp\/v2\/pages\/15"}],"wp:featuredmedia":[{"embeddable":true,"href":"https:\/\/ecoles.rixensart.be\/bourgeois\/wp-json\/wp\/v2\/media\/266"}],"wp:attachment":[{"href":"https:\/\/ecoles.rixensart.be\/bourgeois\/wp-json\/wp\/v2\/media?parent=289"}],"curies":[{"name":"wp","href":"https:\/\/api.w.org\/{rel}","templated":true}]}}