{"id":291,"date":"2020-03-07T16:52:37","date_gmt":"2020-03-07T15:52:37","guid":{"rendered":"http:\/\/ecoles.rixensart.be\/bourgeois\/?page_id=291"},"modified":"2025-09-12T11:44:17","modified_gmt":"2025-09-12T09:44:17","slug":"liste-de-materiel-en-primaire","status":"publish","type":"page","link":"https:\/\/ecoles.rixensart.be\/bourgeois\/documents\/liste-de-materiel-en-primaire\/","title":{"rendered":"Liste de mat\u00e9riel en primaire"},"content":{"rendered":"<p><strong>1re primaire<\/strong><br \/><a href=\"https:\/\/ecoles.rixensart.be\/bourgeois\/wp-content\/uploads\/2020\/10\/Liste-de-materiel-P1.pdf\" rel=\"noopener noreferrer\" target=\"_blank\"><img loading=\"lazy\" decoding=\"async\" class=\"alignnone size-full wp-image-443\" src=\"https:\/\/ecoles.rixensart.be\/bourgeois\/wp-content\/uploads\/2020\/10\/pdf-icon-150x150-1.png\" alt=\"\" width=\"15\" height=\"15\" \/> T\u00e9l\u00e9charger le listing de P1<\/a><\/p>\n<p><strong>2eme primaire<\/strong><\/p>\n<p><a href=\"https:\/\/ecoles.rixensart.be\/bourgeois\/wp-content\/uploads\/2020\/10\/Liste-de-materiel-P2.pdf\" rel=\"noopener noreferrer\" target=\"_blank\"><img loading=\"lazy\" decoding=\"async\" class=\"alignnone size-full wp-image-443\" src=\"https:\/\/ecoles.rixensart.be\/bourgeois\/wp-content\/uploads\/2020\/10\/pdf-icon-150x150-1.png\" alt=\"\" width=\"15\" height=\"15\" \/> T\u00e9l\u00e9charger le listing de P2<\/a><\/p>\n<p><strong>3eme primaire<\/strong><\/p>\n<p><a href=\"https:\/\/ecoles.rixensart.be\/bourgeois\/wp-content\/uploads\/2020\/10\/p3.pdf\" rel=\"noopener noreferrer\" target=\"_blank\"><img loading=\"lazy\" decoding=\"async\" class=\"alignnone size-full wp-image-443\" src=\"https:\/\/ecoles.rixensart.be\/bourgeois\/wp-content\/uploads\/2020\/10\/pdf-icon-150x150-1.png\" alt=\"\" width=\"15\" height=\"15\" \/> T\u00e9l\u00e9charger le listing de P3<\/a><\/p>\n<p><strong>4eme primaire<\/strong><\/p>\n<p><a href=\"https:\/\/ecoles.rixensart.be\/bourgeois\/wp-content\/uploads\/2020\/10\/Liste-de-materiel-P4.pdf\" rel=\"noopener noreferrer\" target=\"_blank\"><img loading=\"lazy\" decoding=\"async\" class=\"alignnone size-full wp-image-443\" src=\"https:\/\/ecoles.rixensart.be\/bourgeois\/wp-content\/uploads\/2020\/10\/pdf-icon-150x150-1.png\" alt=\"\" width=\"15\" height=\"15\" \/> T\u00e9l\u00e9charger le listing de P4<\/a><\/p>\n<p><strong>5eme primaire<\/strong><\/p>\n<p><a href=\"https:\/\/ecoles.rixensart.be\/bourgeois\/wp-content\/uploads\/2020\/10\/Lliste-de-materiel-P5-P6.pdf\" rel=\"noopener noreferrer\" target=\"_blank\"><img loading=\"lazy\" decoding=\"async\" class=\"alignnone size-full wp-image-443\" src=\"https:\/\/ecoles.rixensart.be\/bourgeois\/wp-content\/uploads\/2020\/10\/pdf-icon-150x150-1.png\" alt=\"\" width=\"15\" height=\"15\" \/> T\u00e9l\u00e9charger le listing de P5<\/a><\/p>\n<p><strong>6eme primaire<\/strong><\/p>\n<p><a href=\"https:\/\/ecoles.rixensart.be\/bourgeois\/wp-content\/uploads\/2020\/10\/Lliste-de-materiel-P5-P6.pdf\" rel=\"noopener noreferrer\" target=\"_blank\"><img loading=\"lazy\" decoding=\"async\" class=\"alignnone size-full wp-image-443\" src=\"https:\/\/ecoles.rixensart.be\/bourgeois\/wp-content\/uploads\/2020\/10\/pdf-icon-150x150-1.png\" alt=\"\" width=\"15\" height=\"15\" \/> T\u00e9l\u00e9charger le listing de P6<\/a><\/p>\n","protected":false},"excerpt":{"rendered":"<p>1re primaire T\u00e9l\u00e9charger le listing de P1 2eme primaire T\u00e9l\u00e9charger le listing de P2 3eme primaire T\u00e9l\u00e9charger le listing de P3 4eme primaire T\u00e9l\u00e9charger le listing de P4 5eme primaire T\u00e9l\u00e9charger le listing de P5 6eme primaire T\u00e9l\u00e9charger le listing [&hellip;]<\/p>\n","protected":false},"author":1,"featured_media":264,"parent":15,"menu_order":0,"comment_status":"closed","ping_status":"closed","template":"","meta":{"footnotes":""},"_links":{"self":[{"href":"https:\/\/ecoles.rixensart.be\/bourgeois\/wp-json\/wp\/v2\/pages\/291"}],"collection":[{"href":"https:\/\/ecoles.rixensart.be\/bourgeois\/wp-json\/wp\/v2\/pages"}],"about":[{"href":"https:\/\/ecoles.rixensart.be\/bourgeois\/wp-json\/wp\/v2\/types\/page"}],"author":[{"embeddable":true,"href":"https:\/\/ecoles.rixensart.be\/bourgeois\/wp-json\/wp\/v2\/users\/1"}],"replies":[{"embeddable":true,"href":"https:\/\/ecoles.rixensart.be\/bourgeois\/wp-json\/wp\/v2\/comments?post=291"}],"version-history":[{"count":45,"href":"https:\/\/ecoles.rixensart.be\/bourgeois\/wp-json\/wp\/v2\/pages\/291\/revisions"}],"predecessor-version":[{"id":1904,"href":"https:\/\/ecoles.rixensart.be\/bourgeois\/wp-json\/wp\/v2\/pages\/291\/revisions\/1904"}],"up":[{"embeddable":true,"href":"https:\/\/ecoles.rixensart.be\/bourgeois\/wp-json\/wp\/v2\/pages\/15"}],"wp:featuredmedia":[{"embeddable":true,"href":"https:\/\/ecoles.rixensart.be\/bourgeois\/wp-json\/wp\/v2\/media\/264"}],"wp:attachment":[{"href":"https:\/\/ecoles.rixensart.be\/bourgeois\/wp-json\/wp\/v2\/media?parent=291"}],"curies":[{"name":"wp","href":"https:\/\/api.w.org\/{rel}","templated":true}]}}