{"id":293,"date":"2020-03-07T16:53:38","date_gmt":"2020-03-07T15:53:38","guid":{"rendered":"http:\/\/ecoles.rixensart.be\/bourgeois\/?page_id=293"},"modified":"2025-09-12T11:47:15","modified_gmt":"2025-09-12T09:47:15","slug":"accueil-temps-libres","status":"publish","type":"page","link":"https:\/\/ecoles.rixensart.be\/bourgeois\/vie-pratique\/accueil-temps-libres\/","title":{"rendered":"Accueil Temps Libre"},"content":{"rendered":"<p><strong> L\u2019\u00e9cole est ouverte de 7h \u00e0 18h. <\/strong><\/p>\n<p>Tant en maternelle qu&rsquo;\u00e0 l&rsquo;\u00e9cole primaire, les enfants sont d\u00e9pos\u00e9s \u00e0 l&rsquo;entr\u00e9e de l&rsquo;\u00e9cole et les parents ne rentrent pas dans les locaux.<\/p>\n<p>Un accueil \u2013 temps libre est organis\u00e9 de 7h \u00e0 8h25 et de 15h15 \u00e0 18h et le mercredi de 12h10 \u00e0 18h.<\/p>\n<p>Les accueils-temps libres sont payants de 16h \u00e0 18h\u00a0 et le mercredi de 12h30 \u00e0 18h. Ils sont assur\u00e9s par le personnel engag\u00e9 par le Pouvoir Organisateur.<\/p>\n<p>Si pour une raison quelconque, l\u2019accueillante qui assure le service du matin devait \u00eatre absente, l\u2019enfant sera accueilli automatiquement dans l\u2019autre implantation.<\/p>\n<p>Facturation apr\u00e8s 18h<br \/>En cas de d\u00e9passement de l\u2019horaire, une facturation de 5,15 \u20ac par quart d\u2019heure de retard sera comptabilis\u00e9e et fera l\u2019objet d\u2019une facturation mensuelle.<br \/>Tout quart d\u2019heure entam\u00e9 sera enti\u00e8rement port\u00e9 en compte.<\/p>\n<p><strong>Une \u00e9tude dirig\u00e9e est organis\u00e9e gratuitement les lundis, mardis et jeudis par classe. <\/strong><br \/>P1 : de 15h15 \u00e0 15h45<br \/>P2 : de 15h45 \u00e0 16h15<br \/>P3 &#8211; P4 : de 15h15 \u00e0 16h15<br \/>P5 &#8211; P6 : de 15h15 \u00e0 16h15<\/p>\n<p><a href=\"https:\/\/ecoles.rixensart.be\/bourgeois\/wp-content\/uploads\/2020\/10\/Carnet-ecole-Accueil-Temps-libre-2021-2022-2.pdf\" rel=\"noopener noreferrer\" target=\"_blank\"><img loading=\"lazy\" decoding=\"async\" class=\"alignnone size-full wp-image-443\" src=\"https:\/\/ecoles.rixensart.be\/bourgeois\/wp-content\/uploads\/2020\/10\/pdf-icon-150x150-1.png\" alt=\"\" width=\"15\" height=\"15\" \/> T\u00e9l\u00e9charger le carnet d&rsquo;Accueil Temps Libre<\/a><\/p>\n","protected":false},"excerpt":{"rendered":"<p>L\u2019\u00e9cole est ouverte de 7h \u00e0 18h. Tant en maternelle qu&rsquo;\u00e0 l&rsquo;\u00e9cole primaire, les enfants sont d\u00e9pos\u00e9s \u00e0 l&rsquo;entr\u00e9e de l&rsquo;\u00e9cole et les parents ne rentrent pas dans les locaux. Un accueil \u2013 temps libre est organis\u00e9 de 7h \u00e0 [&hellip;]<\/p>\n","protected":false},"author":1,"featured_media":261,"parent":14,"menu_order":0,"comment_status":"closed","ping_status":"closed","template":"","meta":{"footnotes":""},"_links":{"self":[{"href":"https:\/\/ecoles.rixensart.be\/bourgeois\/wp-json\/wp\/v2\/pages\/293"}],"collection":[{"href":"https:\/\/ecoles.rixensart.be\/bourgeois\/wp-json\/wp\/v2\/pages"}],"about":[{"href":"https:\/\/ecoles.rixensart.be\/bourgeois\/wp-json\/wp\/v2\/types\/page"}],"author":[{"embeddable":true,"href":"https:\/\/ecoles.rixensart.be\/bourgeois\/wp-json\/wp\/v2\/users\/1"}],"replies":[{"embeddable":true,"href":"https:\/\/ecoles.rixensart.be\/bourgeois\/wp-json\/wp\/v2\/comments?post=293"}],"version-history":[{"count":15,"href":"https:\/\/ecoles.rixensart.be\/bourgeois\/wp-json\/wp\/v2\/pages\/293\/revisions"}],"predecessor-version":[{"id":15791,"href":"https:\/\/ecoles.rixensart.be\/bourgeois\/wp-json\/wp\/v2\/pages\/293\/revisions\/15791"}],"up":[{"embeddable":true,"href":"https:\/\/ecoles.rixensart.be\/bourgeois\/wp-json\/wp\/v2\/pages\/14"}],"wp:featuredmedia":[{"embeddable":true,"href":"https:\/\/ecoles.rixensart.be\/bourgeois\/wp-json\/wp\/v2\/media\/261"}],"wp:attachment":[{"href":"https:\/\/ecoles.rixensart.be\/bourgeois\/wp-json\/wp\/v2\/media?parent=293"}],"curies":[{"name":"wp","href":"https:\/\/api.w.org\/{rel}","templated":true}]}}