{"id":298,"date":"2020-10-22T21:10:10","date_gmt":"2020-10-22T19:10:10","guid":{"rendered":"http:\/\/ecoles.rixensart.be\/bourgeois\/?page_id=298"},"modified":"2025-09-12T11:53:34","modified_gmt":"2025-09-12T09:53:34","slug":"formulaires","status":"publish","type":"page","link":"https:\/\/ecoles.rixensart.be\/bourgeois\/documents\/formulaires\/","title":{"rendered":"Formulaires"},"content":{"rendered":"<p><strong>INSCRIPTION\u00a0<\/strong><\/p>\n<p><span style=\"color: #cc99ff;\">La direction sera pr\u00e9sente \u00e0 l&rsquo;\u00e9cole d\u00e8s le lundi 16 ao\u00fbt 2022.<\/span><\/p>\n<p>Par l&rsquo;inscription \u00e0 l\u2019Ecole communale de Bourgeois, l&rsquo;\u00e9l\u00e8ve et ses parents acceptent le projet \u00e9ducatif, le projet p\u00e9dagogique, le projet d&rsquo;\u00e9tablissement, le r\u00e8glement des \u00e9tudes et le r\u00e8glement d&rsquo;ordre int\u00e9rieur.<\/p>\n<p>L&rsquo;inscription se prend au plus tard le premier jour ouvrable du mois de septembre. L&rsquo;inscription est re\u00e7ue toute l&rsquo;ann\u00e9e dans l&rsquo;enseignement maternel pour les enfants ayant atteint l\u2019\u00e2ge de 2 ans et 6 mois.<\/p>\n<p>Pour des raisons exceptionnelles et motiv\u00e9es, appr\u00e9ci\u00e9es par le chef d&rsquo;\u00e9tablissement, l&rsquo;inscription peut \u00eatre prise jusqu\u00a0\u00bbau premier jour de l&rsquo;ann\u00e9e scolaire. Au-del\u00e0 de cette date, une demande sp\u00e9cifique doit \u00eatre introduite par les parents.<\/p>\n<p><strong>L\u2019\u00e9cole demande que, lors de la premi\u00e8re inscription d\u2019un \u00e9l\u00e8ve, soit produit un document officiel \u00e9tablissant clairement l\u2019identit\u00e9, le domicile et la nationalit\u00e9 de l\u2019\u00e9l\u00e8ve (une copie recto-verso de la carte d\u2019identit\u00e9, un document composition de m\u00e9nage,\u2026), le num\u00e9ro d\u2019inscription au registre national ainsi que les coordonn\u00e9es de l\u2019\u00e9cole fr\u00e9quent\u00e9e ant\u00e9rieurement. <\/strong><\/p>\n<p>La direction d\u00e9cide de l\u2019inscription d\u00e9finitive apr\u00e8s v\u00e9rification des pi\u00e8ces du dossier et en fonction des places disponibles (les inscriptions pourront \u00eatre cl\u00f4tur\u00e9es avant le 1er jour ouvrable de septembre pour manque de place).<\/p>\n<p>Peut \u00eatre exclu l&rsquo;\u00e9l\u00e8ve qui, par son comportement, porte atteinte \u00e0 l&rsquo;int\u00e9grit\u00e9 physique, psychologique ou morale d&rsquo;un membre du personnel ou d&rsquo;un autre \u00e9l\u00e8ve, lui fait subir un pr\u00e9judice mat\u00e9riel ou moral grave ou compromet la bonne marche de l&rsquo;\u00e9tablissement. Un recours peut \u00eatre introduit par les parents par lettre recommand\u00e9e dans les 10 jours ouvrables qui suivent la notification de l&rsquo;exclusion d\u00e9finitive. L&rsquo;introduction du recours ne dispense pas les parents d&rsquo;inscrire l&rsquo;\u00e9l\u00e8ve dans les d\u00e9lais pr\u00e9vus.<\/p>\n<p><strong>Reconduction des inscriptions <\/strong><\/p>\n<p>L\u2019\u00e9l\u00e8ve inscrit r\u00e9guli\u00e8rement le demeure jusqu\u2019\u00e0 la fin de sa scolarit\u00e9, sauf :<br \/>1\u00b0 Lorsque les parents r\u00e9pondent n\u00e9gativement au questionnaire de r\u00e9inscription fourni par l\u2019\u00e9cole en fin d\u2019ann\u00e9e scolaire (classes maternelles, P2, P4,). Ceci signifie que les \u00e9l\u00e8ves sont automatiquement r\u00e9inscrits en 2\u00e8me, 4\u00e8me et 6\u00e8me primaire pour terminer le cycle en cours.<br \/>2\u00b0 A la demande des parents, dans les cas pr\u00e9vus par la loi suivant la proc\u00e9dure prescrite dans les d\u00e9crets.<br \/>3\u00b0 Lorsque l\u2019exclusion de l\u2019\u00e9l\u00e8ve est prononc\u00e9e, dans le respect des proc\u00e9dures l\u00e9gales, au plus tard le 5 septembre.<br \/>Au cas o\u00f9 les parents ont un comportement marquant le refus d\u2019adh\u00e9rer aux diff\u00e9rents projets et r\u00e8glements repris dans le pr\u00e9sent document, le Pouvoir Organisateur se r\u00e9serve le droit de refuser la r\u00e9inscription de l\u2019\u00e9l\u00e8ve l\u2019ann\u00e9e scolaire suivante et cela, dans le respect de la proc\u00e9dure l\u00e9gale.<\/p>\n<p><a href=\"https:\/\/ecoles.rixensart.be\/bourgeois\/wp-content\/uploads\/2020\/10\/Fiche-dinscription-Bourgeois-1.pdf\" rel=\"noopener noreferrer\" target=\"_blank\"><img loading=\"lazy\" decoding=\"async\" class=\"alignnone size-full wp-image-443\" src=\"https:\/\/ecoles.rixensart.be\/bourgeois\/wp-content\/uploads\/2020\/10\/pdf-icon-150x150-1.png\" alt=\"\" width=\"15\" height=\"15\" \/> T\u00e9l\u00e9charger la fiche d&rsquo;inscription<\/a><\/p>\n<p><a href=\"https:\/\/ecoles.rixensart.be\/bourgeois\/wp-content\/uploads\/2020\/10\/Charte-parents.pdf\" rel=\"noopener noreferrer\" target=\"_blank\"><img loading=\"lazy\" decoding=\"async\" class=\"alignnone size-full wp-image-443\" src=\"https:\/\/ecoles.rixensart.be\/bourgeois\/wp-content\/uploads\/2020\/10\/pdf-icon-150x150-1.png\" alt=\"\" width=\"15\" height=\"15\" \/> T\u00e9l\u00e9charger la charte des parents<\/a><\/p>\n<p><strong>DROIT A L&rsquo;IMAGE<\/strong><\/p>\n<p>En d\u00e9but de chaque ann\u00e9e scolaire, un document autorisant ou non la diffusion de photos sur lesquelles se trouverait votre enfant vous sera remis. Il sera \u00e0 compl\u00e9ter et \u00e0 rendre \u00e0 la titulaire de votre enfant.<br \/>Si ce document n\u2019est pas rendu, l\u2019\u00e9cole consid\u00e9rera que vous donnez votre accord.<\/p>\n<p><a href=\"https:\/\/ecoles.rixensart.be\/bourgeois\/wp-content\/uploads\/2020\/10\/Autorisation-droit-a-limage-2025-2026.pdf\" rel=\"noopener noreferrer\" target=\"_blank\"><img loading=\"lazy\" decoding=\"async\" class=\"alignnone size-full wp-image-443\" src=\"https:\/\/ecoles.rixensart.be\/bourgeois\/wp-content\/uploads\/2020\/10\/pdf-icon-150x150-1.png\" alt=\"\" width=\"15\" height=\"15\" \/> T\u00e9l\u00e9charger l&rsquo;autorisation du droit \u00e0 l&rsquo;image<\/a><\/p>\n<p><strong>CARTE DE SORTIE<\/strong><\/p>\n<p>La sortie des enfants en <strong>maternelle<\/strong> se d\u00e9roule comme suit :<br \/>A partir de 15h30, les enfants seront en accueil-temps libre. Les parents pourront les reprendre soit dans le local Accueil-Temps libre, soit dans la cour de r\u00e9cr\u00e9ation.<br \/>Le mercredi la fin des cours est \u00e0 midi. Les parents peuvent reprendre leurs enfants dans la cour devant. Si l&rsquo;enfant reste \u00e0 la garderie, il mangera ses tartines \u00e0 l&rsquo;\u00e9cole (pas de repas chaud). Une garderie et une sieste sont organis\u00e9es les mercredis apr\u00e8s-midi.<\/p>\n<p>Lorsque les enfants doivent quitter l\u2019\u00e9cole accompagn\u00e9s d\u2019une autre personne que la personne habituelle, veuillez nous pr\u00e9venir :<br \/>&#8211; soit par un mot donn\u00e9 \u00e0 la titulaire et\/ou \u00e0 l\u2019accueillante.<br \/>&#8211; soit par t\u00e9l\u00e9phone (uniquement en cas d\u2019urgence)<\/p>\n<p>La sortie des enfants en <strong>primaire<\/strong> se d\u00e9roule comme suit :<\/p>\n<p>&#8211; de 15h05 \u00e0 16h30 : via la rue Saint Roch.<br \/>&#8211; \u00e0 partir de 16h30 : via la rue Lambermont.<br \/>Le mercredi \u00e0 midi.<\/p>\n<p><a href=\"https:\/\/ecoles.rixensart.be\/bourgeois\/wp-content\/uploads\/2020\/10\/Demande-carte-de-sortie-2.pdf\" rel=\"noopener noreferrer\" target=\"_blank\"><img loading=\"lazy\" decoding=\"async\" class=\"alignnone size-full wp-image-443\" src=\"https:\/\/ecoles.rixensart.be\/bourgeois\/wp-content\/uploads\/2020\/10\/pdf-icon-150x150-1.png\" alt=\"\" width=\"15\" height=\"15\" \/> T\u00e9l\u00e9charger l&rsquo;autorisation pour les cartes de sortie<\/a><\/p>\n<p><a href=\"https:\/\/ecoles.rixensart.be\/bourgeois\/wp-content\/uploads\/2020\/10\/Organisation-des-sorties-ecole-maternelle.pdf\" rel=\"noopener noreferrer\" target=\"_blank\"><img loading=\"lazy\" decoding=\"async\" class=\"alignnone size-full wp-image-443\" src=\"https:\/\/ecoles.rixensart.be\/bourgeois\/wp-content\/uploads\/2020\/10\/pdf-icon-150x150-1.png\" alt=\"\" width=\"15\" height=\"15\" \/> T\u00e9l\u00e9charger le document des sorties en maternelle<\/a><\/p>\n<p><a href=\"https:\/\/ecoles.rixensart.be\/bourgeois\/wp-content\/uploads\/2020\/10\/Etudes-ATL-Sortie-midi-septembre-2021.pdf\" rel=\"noopener noreferrer\" target=\"_blank\"><img loading=\"lazy\" decoding=\"async\" class=\"alignnone size-full wp-image-443\" src=\"https:\/\/ecoles.rixensart.be\/bourgeois\/wp-content\/uploads\/2020\/10\/pdf-icon-150x150-1.png\" alt=\"\" width=\"15\" height=\"15\" \/> T\u00e9l\u00e9charger le document des \u00e9tudes, ATL et sortie de midi <\/a><\/p>\n<p><strong>FICHE MEDICALE<\/strong><\/p>\n<p>En d\u00e9but de chaque ann\u00e9e scolaire, une fiche m\u00e9dicale vous sera remise. Elle sera \u00e0 compl\u00e9ter et \u00e0 rendre \u00e0 la titulaire de votre enfant. Veillez \u00e0 remplir attentivement ce document, il est tr\u00e8s important pour nous d&rsquo;avoir connaissance des allergies ou autres informations importantes concernant votre enfant.<\/p>\n<p>Des examens m\u00e9dicaux obligatoires sont pratiqu\u00e9s par les services de promotion \u00e0 la sant\u00e9 \u00e0 l\u2019\u00e9cole afin de faire le bilan de sant\u00e9 de l\u2019\u00e9l\u00e8ve. Ils sont organis\u00e9s pour les classes de 1\u00e8re et 3\u00e8me maternelles ainsi que pour les classes de 2\u00e8me et 6\u00e8me primaires. Pour la classe de 4\u00e8me primaire, un examen sensoriel de la vue est organis\u00e9 \u00e0 l\u2019\u00e9cole. L\u2019\u00e9quipe m\u00e9dicale peut toujours se d\u00e9placer au sein de l\u2019\u00e9cole pour diff\u00e9rents probl\u00e8mes li\u00e9s \u00e0 la sant\u00e9 de l\u2019enfant.<\/p>\n<p><a href=\"https:\/\/ecoles.rixensart.be\/bourgeois\/wp-content\/uploads\/2020\/10\/Fiche-medicale-scolaire.pdf\" rel=\"noopener noreferrer\" target=\"_blank\"><img loading=\"lazy\" decoding=\"async\" class=\"alignnone size-full wp-image-443\" src=\"https:\/\/ecoles.rixensart.be\/bourgeois\/wp-content\/uploads\/2020\/10\/pdf-icon-150x150-1.png\" alt=\"\" width=\"15\" height=\"15\" \/> T\u00e9l\u00e9charger la fiche m\u00e9dicale<\/a><\/p>\n<p><strong>DECLARATION D&rsquo;ACCIDENT<\/strong><\/p>\n<p>Le Pouvoir Organisateur assure tous les enfants inscrits \u00e0 l\u2019\u00e9cole aupr\u00e8s de la soci\u00e9t\u00e9 AXA. La d\u00e9claration d\u2019accident doit \u00eatre rentr\u00e9e, d\u00fbment compl\u00e9t\u00e9e, dans les 48 heures \u00e0 la Direction. Les parents r\u00e8glent les honoraires m\u00e9dicaux. Apr\u00e8s intervention de la mutuelle familiale, l\u2019assurance remboursera sa quote-part. Attention, les dents font l\u2019objet d\u2019un remboursement limit\u00e9. Aucune assurance ne couvre les dommages mat\u00e9riels (vols, pertes, d\u00e9g\u00e2ts) dans le cadre scolaire.<br \/>Vous pouvez vous procurer la d\u00e9claration d&rsquo;accident au secr\u00e9tariat ou \u00e0 la direction.<\/p>\n<p><strong>JUSTIFICATIF D&rsquo;ABSENCE<\/strong><\/p>\n<p><span style=\"color: #ff0000;\">L\u2019\u00e9cole est obligatoire d\u00e8s 5 ans.<\/span> L\u2019\u00e9l\u00e8ve est tenu de participer \u00e0 tous les cours, les sports (y compris la natation), les ateliers, les voyages et les activit\u00e9s p\u00e9dagogiques. Toute dispense \u00e9ventuelle ne peut \u00eatre accord\u00e9e que par la Direction apr\u00e8s demande d\u00fbment justifi\u00e9e. Toute absence doit \u00eatre justifi\u00e9e par \u00e9crit en utilisant les documents distribu\u00e9s en d\u00e9but d\u2019ann\u00e9e et remis \u00e0 la titulaire de classe. Un certificat m\u00e9dical est exig\u00e9 pour une absence sup\u00e9rieure \u00e0 trois jours.<br \/>Les motifs doivent \u00eatre remis au plus tard le lendemain du dernier jour d\u2019absence lorsque celle-ci ne d\u00e9passe pas 3 jours, et, au plus tard le 4\u00e8me jour d\u2019absence dans les autres cas.<br \/>Aucune justification d\u2019absence ne sera accept\u00e9e par mail.<br \/>Il n\u2019est pas permis de s\u2019absenter pour prolonger ses vacances ou pour prendre quelques jours durant l\u2019ann\u00e9e scolaire !<br \/>Les absences non valablement motiv\u00e9es seront signal\u00e9es \u00e0 la Direction G\u00e9n\u00e9rale de l\u2019Enseignement Obligatoire suivant la l\u00e9gislation en cours.<br \/>Pour les enfants des classes maternelles, nous vous remercions de nous avertir en cas d\u2019absences prolong\u00e9es des enfants (vacances, maladies, \u2026.)<br \/>En cas de maladies contagieuses (varicelle, scarlatine, m\u00e9ningite, \u2026), il est imp\u00e9ratif de pr\u00e9venir la Direction au plus vite.<\/p>\n<p><a href=\"https:\/\/ecoles.rixensart.be\/bourgeois\/wp-content\/uploads\/2020\/10\/Justificatif-dabsence.pdf\" rel=\"noopener noreferrer\" target=\"_blank\"><img loading=\"lazy\" decoding=\"async\" class=\"alignnone size-full wp-image-443\" src=\"https:\/\/ecoles.rixensart.be\/bourgeois\/wp-content\/uploads\/2020\/10\/pdf-icon-150x150-1.png\" alt=\"\" width=\"15\" height=\"15\" \/> T\u00e9l\u00e9charger le justificatif d&rsquo;absence <\/a><\/p>\n","protected":false},"excerpt":{"rendered":"<p>INSCRIPTION\u00a0 La direction sera pr\u00e9sente \u00e0 l&rsquo;\u00e9cole d\u00e8s le lundi 16 ao\u00fbt 2022. Par l&rsquo;inscription \u00e0 l\u2019Ecole communale de Bourgeois, l&rsquo;\u00e9l\u00e8ve et ses parents acceptent le projet \u00e9ducatif, le projet p\u00e9dagogique, le projet d&rsquo;\u00e9tablissement, le r\u00e8glement des \u00e9tudes et le [&hellip;]<\/p>\n","protected":false},"author":1,"featured_media":299,"parent":15,"menu_order":0,"comment_status":"closed","ping_status":"closed","template":"","meta":{"footnotes":""},"_links":{"self":[{"href":"https:\/\/ecoles.rixensart.be\/bourgeois\/wp-json\/wp\/v2\/pages\/298"}],"collection":[{"href":"https:\/\/ecoles.rixensart.be\/bourgeois\/wp-json\/wp\/v2\/pages"}],"about":[{"href":"https:\/\/ecoles.rixensart.be\/bourgeois\/wp-json\/wp\/v2\/types\/page"}],"author":[{"embeddable":true,"href":"https:\/\/ecoles.rixensart.be\/bourgeois\/wp-json\/wp\/v2\/users\/1"}],"replies":[{"embeddable":true,"href":"https:\/\/ecoles.rixensart.be\/bourgeois\/wp-json\/wp\/v2\/comments?post=298"}],"version-history":[{"count":44,"href":"https:\/\/ecoles.rixensart.be\/bourgeois\/wp-json\/wp\/v2\/pages\/298\/revisions"}],"predecessor-version":[{"id":15792,"href":"https:\/\/ecoles.rixensart.be\/bourgeois\/wp-json\/wp\/v2\/pages\/298\/revisions\/15792"}],"up":[{"embeddable":true,"href":"https:\/\/ecoles.rixensart.be\/bourgeois\/wp-json\/wp\/v2\/pages\/15"}],"wp:featuredmedia":[{"embeddable":true,"href":"https:\/\/ecoles.rixensart.be\/bourgeois\/wp-json\/wp\/v2\/media\/299"}],"wp:attachment":[{"href":"https:\/\/ecoles.rixensart.be\/bourgeois\/wp-json\/wp\/v2\/media?parent=298"}],"curies":[{"name":"wp","href":"https:\/\/api.w.org\/{rel}","templated":true}]}}