{"id":302,"date":"2020-03-07T17:16:50","date_gmt":"2020-03-07T16:16:50","guid":{"rendered":"http:\/\/ecoles.rixensart.be\/bourgeois\/?page_id=302"},"modified":"2025-09-12T11:46:23","modified_gmt":"2025-09-12T09:46:23","slug":"apeb","status":"publish","type":"page","link":"https:\/\/ecoles.rixensart.be\/bourgeois\/apeb\/","title":{"rendered":"APEB"},"content":{"rendered":"<h3>L&rsquo;APEB<\/h3>\n<p>L\u2019APEB vous souhaite la bienvenue pour cette nouvelle ann\u00e9e scolaire.<\/p>\n<p><img loading=\"lazy\" decoding=\"async\" class=\"alignnone size-medium wp-image-367\" src=\"https:\/\/ecoles.rixensart.be\/bourgeois\/wp-content\/uploads\/2020\/03\/apeb-300x52.png\" alt=\"\" width=\"300\" height=\"52\" srcset=\"https:\/\/ecoles.rixensart.be\/bourgeois\/wp-content\/uploads\/2020\/03\/apeb-300x52.png 300w, https:\/\/ecoles.rixensart.be\/bourgeois\/wp-content\/uploads\/2020\/03\/apeb.png 560w\" sizes=\"(max-width: 300px) 100vw, 300px\" \/><\/p>\n<p>En tant que parent d\u2019un enfant inscrit \u00e0 l\u2019\u00e9cole communale de Bourgeois, vous \u00eates de fait membre de l\u2019APEB.<\/p>\n<p><strong>Mais qu\u2019est-ce qu\u2019une association de parents (A.P.) ?<\/strong><\/p>\n<p>Un groupe de parents dont les enfants fr\u00e9quentent la m\u00eame \u00e9cole, qui a pour but de collaborer avec les autres membres de la communaut\u00e9 \u00e9ducative, dans un esprit constructif et par un dialogue permanent, \u00e0 l\u2019am\u00e9lioration de la qualit\u00e9 de vie de tous \u00e0 l\u2019\u00e9cole.<br \/>L\u2019A.P. suscite la participation de tous les parents de l\u2019\u00e9cole, r\u00e9colte leurs avis et fait circuler l\u2019information. Elle repr\u00e9sente l\u2019ensemble des parents de l\u2019\u00e9cole et traite principalement de situations collectives.<br \/>En r\u00e8gle g\u00e9n\u00e9rale, l\u2019A.P. ne s\u2019occupe que des situations collectives et non des situations particuli\u00e8res. L\u2019A.P. intervient lorsque plusieurs enfants sont concern\u00e9s par une question, un probl\u00e8me,&#8230;<\/p>\n<p>Au cas o\u00f9 l\u2019A.P. est sollicit\u00e9e pour des demandes personnelles, son r\u00f4le est d\u2019encourager et de faciliter les contacts individuels entre parents, direction, enseignants, centre PMS,&#8230;<\/p>\n<p>A c\u00f4t\u00e9 de son r\u00f4le d\u2019information, d\u2019\u00e9coute, de m\u00e9diation parfois, l\u2019APEB joue un r\u00f4le d\u2019aide et d\u2019animation tout au long de l\u2019ann\u00e9e au sein de l\u2019\u00e9cole.<\/p>\n<p>En effet, comme tous les ans, l\u2019APEB s\u2019investit tant financi\u00e8rement que humainement dans diff\u00e9rents projets pour nos enfants.<\/p>\n<p><strong>Sur le plan de l\u2019aide financi\u00e8re, l\u2019APEB utilise les b\u00e9n\u00e9fices qu\u2019elle r\u00e9colte chaque ann\u00e9e afin de financer:<\/strong><\/p>\n<p>Les caisses de classe par la distribution d\u2019un montant par enfant pour chacune des classes.<br \/>Le fonctionnement de la biblioth\u00e8que de l\u2019\u00e9cole, au travers d\u2019une aide mensuelle pour l\u2019achat de livres, la souscription \u00e0 diff\u00e9rents abonnements et certains frais inh\u00e9rents au fonctionnement de la biblioth\u00e8que.<br \/>La Saint-Nicolas des enfants pour laquelle l\u2019APEB contribue \u00e0 une partie en suppl\u00e9ment de ce qui est fait par la Commune de Rixensart.<br \/>Certaines animations ou ateliers organis\u00e9s pour les enfants.<br \/>Les sorties (visite au mus\u00e9e, \u00e0 la ferme, voyage&#8230;) organis\u00e9es pour nos enfants par l\u2019\u00e9cole.<br \/>Certains am\u00e9nagements de l\u2019\u00e9cole, tels que les jeux se trouvant dans la partie jardin de l\u2019\u00e9cole maternelle ont \u00e9t\u00e9 financ\u00e9s par l\u2019APEB.<\/p>\n<p><strong>Au niveau des festivit\u00e9s, comme chaque ann\u00e9e, l\u2019APEB participe \u00e0 l\u2019organisation totale ou partielle de plusieurs \u00e9v\u00e8nements:<\/strong><\/p>\n<p>La marche aux lampions.<br \/>Le souper des parents.<br \/>La fancy-fair pour laquelle l\u2019APEB prend en charge l\u2019organisation des stands de jeux (en collaboration avec les institutrices), la tombola, le bar, la nourriture etc.<\/p>\n<p>A c\u00f4t\u00e9 de cela, l\u2019APEB est ouverte \u00e0 toutes les propositions de projets que ce soit \u00e0 l\u2019initiative du Comit\u00e9 de l\u2019APEB, mais aussi \u00e0 l\u2019initiative de l\u2019\u00e9quipe p\u00e9dagogique, des parents ou des enfants.<\/p>\n<p><strong>Retrouvez-nous sur notre page <a href=\"https:\/\/www.facebook.com\/apeb.bourgeois\/\" rel=\"noopener noreferrer\"><img \/> Facebook <\/a> ou n\u2019h\u00e9sitez pas \u00e0 nous contacter \u00e0 l\u2019adresse mail <a href=\"mailto:contact@apeb-bourgeois.be\" class=\"mailto\"><i class=\"fa fa-envelope\"><\/i>contact@apeb-bourgeois.be<\/a><\/strong>&lt;\/p<\/p>\n<p>Et puis surtout, rejoignez-nous lors de nos r\u00e9unions mensuelles.<\/p>\n<p><strong>Le comit\u00e9 de l&rsquo;APEB est compos\u00e9 de:<\/strong><br \/>Pr\u00e9sidence : Alexia Kerremans<br \/>Vice-pr\u00e9sident : Geoffroy De Cocq<br \/>Tr\u00e9sorier : Sophie Chaumont<br \/>Secr\u00e9tariat : Vincent Tiriolo<\/p>\n<p><strong>Le comit\u00e9 des f\u00eates est compos\u00e9 de:<\/strong><\/p>\n<p>Les fonctions suivantes ont \u00e9t\u00e9 d\u00e9sign\u00e9es afin d\u2019aider les comit\u00e9s de l\u2019association des parents et des<br \/>f\u00eates\u00a0 :<br \/>&#8211; Responsable \u00ab Events \u00bb :\u00a0<br \/>&#8211; Responsable \u00ab Animations \u00bb :\u00a0<br \/>&#8211; Responsable \u00ab Sponsoring \u00bb :\u00a0<\/p>\n","protected":false},"excerpt":{"rendered":"<p>L&rsquo;APEB L\u2019APEB vous souhaite la bienvenue pour cette nouvelle ann\u00e9e scolaire. En tant que parent d\u2019un enfant inscrit \u00e0 l\u2019\u00e9cole communale de Bourgeois, vous \u00eates de fait membre de l\u2019APEB. Mais qu\u2019est-ce qu\u2019une association de parents (A.P.) ? Un groupe [&hellip;]<\/p>\n","protected":false},"author":1,"featured_media":258,"parent":0,"menu_order":0,"comment_status":"closed","ping_status":"closed","template":"","meta":{"footnotes":""},"_links":{"self":[{"href":"https:\/\/ecoles.rixensart.be\/bourgeois\/wp-json\/wp\/v2\/pages\/302"}],"collection":[{"href":"https:\/\/ecoles.rixensart.be\/bourgeois\/wp-json\/wp\/v2\/pages"}],"about":[{"href":"https:\/\/ecoles.rixensart.be\/bourgeois\/wp-json\/wp\/v2\/types\/page"}],"author":[{"embeddable":true,"href":"https:\/\/ecoles.rixensart.be\/bourgeois\/wp-json\/wp\/v2\/users\/1"}],"replies":[{"embeddable":true,"href":"https:\/\/ecoles.rixensart.be\/bourgeois\/wp-json\/wp\/v2\/comments?post=302"}],"version-history":[{"count":58,"href":"https:\/\/ecoles.rixensart.be\/bourgeois\/wp-json\/wp\/v2\/pages\/302\/revisions"}],"predecessor-version":[{"id":15790,"href":"https:\/\/ecoles.rixensart.be\/bourgeois\/wp-json\/wp\/v2\/pages\/302\/revisions\/15790"}],"wp:featuredmedia":[{"embeddable":true,"href":"https:\/\/ecoles.rixensart.be\/bourgeois\/wp-json\/wp\/v2\/media\/258"}],"wp:attachment":[{"href":"https:\/\/ecoles.rixensart.be\/bourgeois\/wp-json\/wp\/v2\/media?parent=302"}],"curies":[{"name":"wp","href":"https:\/\/api.w.org\/{rel}","templated":true}]}}