{"id":325,"date":"2020-03-07T17:46:09","date_gmt":"2020-03-07T16:46:09","guid":{"rendered":"http:\/\/ecoles.rixensart.be\/bourgeois\/?page_id=325"},"modified":"2020-10-24T15:40:15","modified_gmt":"2020-10-24T13:40:15","slug":"ose-le-vert","status":"publish","type":"page","link":"https:\/\/ecoles.rixensart.be\/bourgeois\/projets\/ose-le-vert\/","title":{"rendered":"Ose le vert, recr\u00e9e ta cour !"},"content":{"rendered":"<p>C&rsquo;est en 2017-2018 que notre \u00e9cole a \u00e9t\u00e9 laur\u00e9ate de l&rsquo;appel \u00e0 projet \u00ab\u00a0Ose le vert, recr\u00e9\u00e9 ta cour\u00a0\u00bb. Il s&rsquo;agit de r\u00e9am\u00e9nager les cours d&rsquo;\u00e9cole en y repla\u00e7ant la nature et la biodiversit\u00e9. <\/p>\n<p><img loading=\"lazy\" decoding=\"async\" src=\"https:\/\/ecoles.rixensart.be\/bourgeois\/wp-content\/uploads\/2020\/03\/ose-le-vert.png\" alt=\"\" width=\"253\" height=\"199\" class=\"alignnone size-full wp-image-369\" \/><\/p>\n<p>La nature, partout, par tous !<br \/>\nEt pourquoi pas aussi \u00e0 l&rsquo;\u00e9cole ? Qu&rsquo;une \u00e9cole soit 100% b\u00e9ton, 100% nature ou, plus probablement entre les deux, nous souhaitons relever ce d\u00e9fi avec elle. Pour plus de nature et de biodiversit\u00e9 ?<\/p>\n<p>Oui mais bien plus que \u00e7a !<br \/>\nPour sensibiliser les enfants, les reconnecter aux cycles des saisons, apporter de la couleur et de la convivialit\u00e9, d\u00e9velopper un coin nature didactique, un support p\u00e9dagogique ou encore un espace de jeu naturel, renforcer un projet p\u00e9dagogique, les actions et am\u00e9nagements li\u00e9s aux cours de r\u00e9cr\u00e9ation &#8230;<\/p>\n<p>Il y a 1001 raisons et mani\u00e8res d&rsquo;apporter plus de nature \u00e0 l&rsquo;\u00e9cole. D&rsquo;autant plus dans les cours de r\u00e9cr\u00e9ation que les enfants fr\u00e9quentent plusieurs heures par semaine, plusieurs fois par jour durant les r\u00e9cr\u00e9s, les temps de midi, les garderies du matin ou du soir &#8230;<\/p>\n<p>Et c&rsquo;est apr\u00e8s beaucoup de travail et avec l&rsquo;implication des enfants et des parents, que nous avons pu installer en maternelle; des carr\u00e9s potagers et des tipis en bois (r\u00e9alis\u00e9s par l&rsquo;ASBL \u00ab\u00a0Les d\u00e9brouillards\u00a0\u00bb), une cabane de saule, une haie d&rsquo;arbustes fruitiers, des palettes avec des plantes aromatiques, des mangeoires \u00e0 oiseaux, un h\u00f4tel \u00e0 insectes, un compost&#8230;<\/p>\n<div id=\"envira-gallery-wrap-413\" class=\"envira-gallery-wrap envira-gallery-theme-base envira-lightbox-theme-base\" itemscope itemtype=\"https:\/\/schema.org\/ImageGallery\"><div data-row-height=\"150\" data-gallery-theme=\"normal\" id=\"envira-gallery-413\" class=\"envira-gallery-public envira-gallery-justified-public envira-gallery-0-columns envira-clear enviratope envira-gallery-css-animations\" data-envira-columns=\"0\"><div id=\"envira-gallery-item-267\" class=\"envira-gallery-item enviratope-item envira-gallery-item-1 envira-lazy-load\" style=\"padding-left: 5px; padding-bottom: 10px; padding-right: 5px;\"  itemscope itemtype=\"https:\/\/schema.org\/ImageObject\"><div class=\"envira-gallery-item-inner\"><div class=\"envira-gallery-position-overlay  envira-gallery-top-left\"><\/div><div class=\"envira-gallery-position-overlay  envira-gallery-top-right\"><\/div><div class=\"envira-gallery-position-overlay  envira-gallery-bottom-left\"><\/div><div class=\"envira-gallery-position-overlay  envira-gallery-bottom-right\"><\/div><a href=\"http:\/\/ecoles.rixensart.be\/bourgeois\/wp-content\/uploads\/2020\/03\/potager-partag\u00e9.jpg\" class=\"envira-gallery-413 envira-gallery-link\" rel=\"enviragallery413\" title=\"potagers connect\u00e9s\" data-envira-caption=\"potagers connect\u00e9s\" data-envira-retina=\"\" data-thumbnail=\"\"  itemprop=\"contentUrl\"><img decoding=\"async\" id=\"envira-gallery-image-267\" class=\"envira-gallery-image envira-gallery-image-1 envira-normal envira-lazy\" data-envira-index=\"1\" src=\"https:\/\/ecoles.rixensart.be\/bourgeois\/wp-content\/uploads\/2020\/03\/potager-partag\u00e9-1024x685-640x480.jpg\" data-envira-src=\"https:\/\/ecoles.rixensart.be\/bourgeois\/wp-content\/uploads\/2020\/03\/potager-partag\u00e9-1024x685-640x480.jpg\" data-envira-gallery-id=\"413\" data-envira-item-id=\"267\" data-envira-caption=\"potagers connect\u00e9s\" alt=\"\" title=\"potagers connect\u00e9s\"  itemprop=\"thumbnailUrl\" data-envira-srcset=\"https:\/\/ecoles.rixensart.be\/bourgeois\/wp-content\/uploads\/2020\/03\/potager-partag\u00e9-1024x685-640x480.jpg 400w,https:\/\/ecoles.rixensart.be\/bourgeois\/wp-content\/uploads\/2020\/03\/potager-partag\u00e9-1024x685-640x480.jpg 2x\" data-envira-width=\"300\" data-envira-height=\"201\" srcset=\"data:image\/gif;base64,R0lGODlhAQABAIAAAP\/\/\/\/\/\/\/yH5BAEKAAEALAAAAAABAAEAAAICTAEAOw==\" data-safe-src=\"data:image\/gif;base64,R0lGODlhAQABAIAAAP\/\/\/\/\/\/\/yH5BAEKAAEALAAAAAABAAEAAAICTAEAOw==\" \/><\/a><\/div><\/div><div id=\"envira-gallery-item-379\" class=\"envira-gallery-item enviratope-item envira-gallery-item-2 envira-lazy-load\" style=\"padding-left: 5px; padding-bottom: 10px; padding-right: 5px;\"  itemscope itemtype=\"https:\/\/schema.org\/ImageObject\"><div class=\"envira-gallery-item-inner\"><div class=\"envira-gallery-position-overlay  envira-gallery-top-left\"><\/div><div class=\"envira-gallery-position-overlay  envira-gallery-top-right\"><\/div><div class=\"envira-gallery-position-overlay  envira-gallery-bottom-left\"><\/div><div class=\"envira-gallery-position-overlay  envira-gallery-bottom-right\"><\/div><a href=\"http:\/\/ecoles.rixensart.be\/bourgeois\/wp-content\/uploads\/2020\/03\/20170601_104646-scaled.jpg\" class=\"envira-gallery-413 envira-gallery-link\" rel=\"enviragallery413\" title=\"20170601_104646\" data-envira-caption=\"20170601_104646\" data-envira-retina=\"\" data-thumbnail=\"\"  itemprop=\"contentUrl\"><img decoding=\"async\" id=\"envira-gallery-image-379\" class=\"envira-gallery-image envira-gallery-image-2 envira-normal envira-lazy\" data-envira-index=\"2\" src=\"https:\/\/ecoles.rixensart.be\/bourgeois\/wp-content\/uploads\/2020\/03\/20170601_104646-1024x576-640x480.jpg\" data-envira-src=\"https:\/\/ecoles.rixensart.be\/bourgeois\/wp-content\/uploads\/2020\/03\/20170601_104646-1024x576-640x480.jpg\" data-envira-gallery-id=\"413\" data-envira-item-id=\"379\" data-envira-caption=\"20170601_104646\" alt=\"\" title=\"20170601_104646\"  itemprop=\"thumbnailUrl\" data-envira-srcset=\"https:\/\/ecoles.rixensart.be\/bourgeois\/wp-content\/uploads\/2020\/03\/20170601_104646-1024x576-640x480.jpg 400w,https:\/\/ecoles.rixensart.be\/bourgeois\/wp-content\/uploads\/2020\/03\/20170601_104646-1024x576-640x480.jpg 2x\" data-envira-width=\"300\" data-envira-height=\"169\" srcset=\"data:image\/gif;base64,R0lGODlhAQABAIAAAP\/\/\/\/\/\/\/yH5BAEKAAEALAAAAAABAAEAAAICTAEAOw==\" data-safe-src=\"data:image\/gif;base64,R0lGODlhAQABAIAAAP\/\/\/\/\/\/\/yH5BAEKAAEALAAAAAABAAEAAAICTAEAOw==\" \/><\/a><\/div><\/div><div id=\"envira-gallery-item-378\" class=\"envira-gallery-item enviratope-item envira-gallery-item-3 envira-lazy-load\" style=\"padding-left: 5px; padding-bottom: 10px; padding-right: 5px;\"  itemscope itemtype=\"https:\/\/schema.org\/ImageObject\"><div class=\"envira-gallery-item-inner\"><div class=\"envira-gallery-position-overlay  envira-gallery-top-left\"><\/div><div class=\"envira-gallery-position-overlay  envira-gallery-top-right\"><\/div><div class=\"envira-gallery-position-overlay  envira-gallery-bottom-left\"><\/div><div class=\"envira-gallery-position-overlay  envira-gallery-bottom-right\"><\/div><a href=\"http:\/\/ecoles.rixensart.be\/bourgeois\/wp-content\/uploads\/2020\/03\/20170425_085105-scaled.jpg\" class=\"envira-gallery-413 envira-gallery-link\" rel=\"enviragallery413\" title=\"20170425_085105\" data-envira-caption=\"20170425_085105\" data-envira-retina=\"\" data-thumbnail=\"\"  itemprop=\"contentUrl\"><img decoding=\"async\" id=\"envira-gallery-image-378\" class=\"envira-gallery-image envira-gallery-image-3 envira-normal envira-lazy\" data-envira-index=\"3\" src=\"https:\/\/ecoles.rixensart.be\/bourgeois\/wp-content\/uploads\/2020\/03\/20170425_085105-1024x576-640x480.jpg\" data-envira-src=\"https:\/\/ecoles.rixensart.be\/bourgeois\/wp-content\/uploads\/2020\/03\/20170425_085105-1024x576-640x480.jpg\" data-envira-gallery-id=\"413\" data-envira-item-id=\"378\" data-envira-caption=\"20170425_085105\" alt=\"\" title=\"20170425_085105\"  itemprop=\"thumbnailUrl\" data-envira-srcset=\"https:\/\/ecoles.rixensart.be\/bourgeois\/wp-content\/uploads\/2020\/03\/20170425_085105-1024x576-640x480.jpg 400w,https:\/\/ecoles.rixensart.be\/bourgeois\/wp-content\/uploads\/2020\/03\/20170425_085105-1024x576-640x480.jpg 2x\" data-envira-width=\"300\" data-envira-height=\"169\" srcset=\"data:image\/gif;base64,R0lGODlhAQABAIAAAP\/\/\/\/\/\/\/yH5BAEKAAEALAAAAAABAAEAAAICTAEAOw==\" data-safe-src=\"data:image\/gif;base64,R0lGODlhAQABAIAAAP\/\/\/\/\/\/\/yH5BAEKAAEALAAAAAABAAEAAAICTAEAOw==\" \/><\/a><\/div><\/div><div id=\"envira-gallery-item-377\" class=\"envira-gallery-item enviratope-item envira-gallery-item-4 envira-lazy-load\" style=\"padding-left: 5px; padding-bottom: 10px; padding-right: 5px;\"  itemscope itemtype=\"https:\/\/schema.org\/ImageObject\"><div class=\"envira-gallery-item-inner\"><div class=\"envira-gallery-position-overlay  envira-gallery-top-left\"><\/div><div class=\"envira-gallery-position-overlay  envira-gallery-top-right\"><\/div><div class=\"envira-gallery-position-overlay  envira-gallery-bottom-left\"><\/div><div class=\"envira-gallery-position-overlay  envira-gallery-bottom-right\"><\/div><a href=\"http:\/\/ecoles.rixensart.be\/bourgeois\/wp-content\/uploads\/2020\/03\/20170119_113948-scaled.jpg\" class=\"envira-gallery-413 envira-gallery-link\" rel=\"enviragallery413\" title=\"20170119_113948\" data-envira-caption=\"20170119_113948\" data-envira-retina=\"\" data-thumbnail=\"\"  itemprop=\"contentUrl\"><img decoding=\"async\" id=\"envira-gallery-image-377\" class=\"envira-gallery-image envira-gallery-image-4 envira-normal envira-lazy\" data-envira-index=\"4\" src=\"https:\/\/ecoles.rixensart.be\/bourgeois\/wp-content\/uploads\/2020\/03\/20170119_113948-576x1024-640x480.jpg\" data-envira-src=\"https:\/\/ecoles.rixensart.be\/bourgeois\/wp-content\/uploads\/2020\/03\/20170119_113948-576x1024-640x480.jpg\" data-envira-gallery-id=\"413\" data-envira-item-id=\"377\" data-envira-caption=\"20170119_113948\" alt=\"\" title=\"20170119_113948\"  itemprop=\"thumbnailUrl\" data-envira-srcset=\"https:\/\/ecoles.rixensart.be\/bourgeois\/wp-content\/uploads\/2020\/03\/20170119_113948-576x1024-640x480.jpg 400w,https:\/\/ecoles.rixensart.be\/bourgeois\/wp-content\/uploads\/2020\/03\/20170119_113948-576x1024-640x480.jpg 2x\" data-envira-width=\"169\" data-envira-height=\"300\" srcset=\"data:image\/gif;base64,R0lGODlhAQABAIAAAP\/\/\/\/\/\/\/yH5BAEKAAEALAAAAAABAAEAAAICTAEAOw==\" data-safe-src=\"data:image\/gif;base64,R0lGODlhAQABAIAAAP\/\/\/\/\/\/\/yH5BAEKAAEALAAAAAABAAEAAAICTAEAOw==\" \/><\/a><\/div><\/div><div id=\"envira-gallery-item-234\" class=\"envira-gallery-item enviratope-item envira-gallery-item-5 envira-lazy-load\" style=\"padding-left: 5px; padding-bottom: 10px; padding-right: 5px;\"  itemscope itemtype=\"https:\/\/schema.org\/ImageObject\"><div class=\"envira-gallery-item-inner\"><div class=\"envira-gallery-position-overlay  envira-gallery-top-left\"><\/div><div class=\"envira-gallery-position-overlay  envira-gallery-top-right\"><\/div><div class=\"envira-gallery-position-overlay  envira-gallery-bottom-left\"><\/div><div class=\"envira-gallery-position-overlay  envira-gallery-bottom-right\"><\/div><a href=\"http:\/\/ecoles.rixensart.be\/bourgeois\/wp-content\/uploads\/2020\/03\/EcoleMatVert03.jpg\" class=\"envira-gallery-413 envira-gallery-link\" rel=\"enviragallery413\" title=\"ecole-de-bourgeois-potager-maternelle\" data-envira-caption=\"ecole-de-bourgeois-potager-maternelle\" data-envira-retina=\"\" data-thumbnail=\"\"  itemprop=\"contentUrl\"><img decoding=\"async\" id=\"envira-gallery-image-234\" class=\"envira-gallery-image envira-gallery-image-5 envira-normal envira-lazy\" data-envira-index=\"5\" src=\"https:\/\/ecoles.rixensart.be\/bourgeois\/wp-content\/uploads\/2020\/03\/EcoleMatVert03-640x480.jpg\" data-envira-src=\"https:\/\/ecoles.rixensart.be\/bourgeois\/wp-content\/uploads\/2020\/03\/EcoleMatVert03-640x480.jpg\" data-envira-gallery-id=\"413\" data-envira-item-id=\"234\" data-envira-caption=\"ecole-de-bourgeois-potager-maternelle\" alt=\"\" title=\"ecole-de-bourgeois-potager-maternelle\"  itemprop=\"thumbnailUrl\" data-envira-srcset=\"https:\/\/ecoles.rixensart.be\/bourgeois\/wp-content\/uploads\/2020\/03\/EcoleMatVert03-640x480.jpg 400w,https:\/\/ecoles.rixensart.be\/bourgeois\/wp-content\/uploads\/2020\/03\/EcoleMatVert03-640x480.jpg 2x\" data-envira-width=\"300\" data-envira-height=\"225\" srcset=\"data:image\/gif;base64,R0lGODlhAQABAIAAAP\/\/\/\/\/\/\/yH5BAEKAAEALAAAAAABAAEAAAICTAEAOw==\" data-safe-src=\"data:image\/gif;base64,R0lGODlhAQABAIAAAP\/\/\/\/\/\/\/yH5BAEKAAEALAAAAAABAAEAAAICTAEAOw==\" \/><\/a><\/div><\/div><div id=\"envira-gallery-item-396\" class=\"envira-gallery-item enviratope-item envira-gallery-item-6 envira-lazy-load\" style=\"padding-left: 5px; padding-bottom: 10px; padding-right: 5px;\"  itemscope itemtype=\"https:\/\/schema.org\/ImageObject\"><div class=\"envira-gallery-item-inner\"><div class=\"envira-gallery-position-overlay  envira-gallery-top-left\"><\/div><div class=\"envira-gallery-position-overlay  envira-gallery-top-right\"><\/div><div class=\"envira-gallery-position-overlay  envira-gallery-bottom-left\"><\/div><div class=\"envira-gallery-position-overlay  envira-gallery-bottom-right\"><\/div><a href=\"http:\/\/ecoles.rixensart.be\/bourgeois\/wp-content\/uploads\/2020\/03\/IMG_1513261728407.jpg\" class=\"envira-gallery-413 envira-gallery-link\" rel=\"enviragallery413\" title=\"IMG_1513261728407\" data-envira-caption=\"IMG_1513261728407\" data-envira-retina=\"\" data-thumbnail=\"\"  itemprop=\"contentUrl\"><img decoding=\"async\" id=\"envira-gallery-image-396\" class=\"envira-gallery-image envira-gallery-image-6 envira-normal envira-lazy\" data-envira-index=\"6\" src=\"https:\/\/ecoles.rixensart.be\/bourgeois\/wp-content\/uploads\/2020\/03\/IMG_1513261728407-576x1024-640x480.jpg\" data-envira-src=\"https:\/\/ecoles.rixensart.be\/bourgeois\/wp-content\/uploads\/2020\/03\/IMG_1513261728407-576x1024-640x480.jpg\" data-envira-gallery-id=\"413\" data-envira-item-id=\"396\" data-envira-caption=\"IMG_1513261728407\" alt=\"\" title=\"IMG_1513261728407\"  itemprop=\"thumbnailUrl\" data-envira-srcset=\"https:\/\/ecoles.rixensart.be\/bourgeois\/wp-content\/uploads\/2020\/03\/IMG_1513261728407-576x1024-640x480.jpg 400w,https:\/\/ecoles.rixensart.be\/bourgeois\/wp-content\/uploads\/2020\/03\/IMG_1513261728407-576x1024-640x480.jpg 2x\" data-envira-width=\"169\" data-envira-height=\"300\" srcset=\"data:image\/gif;base64,R0lGODlhAQABAIAAAP\/\/\/\/\/\/\/yH5BAEKAAEALAAAAAABAAEAAAICTAEAOw==\" data-safe-src=\"data:image\/gif;base64,R0lGODlhAQABAIAAAP\/\/\/\/\/\/\/yH5BAEKAAEALAAAAAABAAEAAAICTAEAOw==\" \/><\/a><\/div><\/div><\/div><\/div><noscript><img decoding=\"async\" src=\"https:\/\/ecoles.rixensart.be\/bourgeois\/wp-content\/uploads\/2020\/03\/potager-partag\u00e9.jpg\" alt=\"\" \/><img decoding=\"async\" src=\"https:\/\/ecoles.rixensart.be\/bourgeois\/wp-content\/uploads\/2020\/03\/20170601_104646-scaled.jpg\" alt=\"\" \/><img decoding=\"async\" src=\"https:\/\/ecoles.rixensart.be\/bourgeois\/wp-content\/uploads\/2020\/03\/20170425_085105-scaled.jpg\" alt=\"\" \/><img decoding=\"async\" src=\"https:\/\/ecoles.rixensart.be\/bourgeois\/wp-content\/uploads\/2020\/03\/20170119_113948-scaled.jpg\" alt=\"\" \/><img decoding=\"async\" src=\"https:\/\/ecoles.rixensart.be\/bourgeois\/wp-content\/uploads\/2020\/03\/EcoleMatVert03.jpg\" alt=\"\" \/><img decoding=\"async\" src=\"https:\/\/ecoles.rixensart.be\/bourgeois\/wp-content\/uploads\/2020\/03\/IMG_1513261728407.jpg\" alt=\"\" \/><\/noscript>\n","protected":false},"excerpt":{"rendered":"<p>C&rsquo;est en 2017-2018 que notre \u00e9cole a \u00e9t\u00e9 laur\u00e9ate de l&rsquo;appel \u00e0 projet \u00ab\u00a0Ose le vert, recr\u00e9\u00e9 ta cour\u00a0\u00bb. Il s&rsquo;agit de r\u00e9am\u00e9nager les cours d&rsquo;\u00e9cole en y repla\u00e7ant la nature et la biodiversit\u00e9. La nature, partout, par tous ! [&hellip;]<\/p>\n","protected":false},"author":1,"featured_media":254,"parent":17,"menu_order":0,"comment_status":"closed","ping_status":"closed","template":"","meta":{"footnotes":""},"_links":{"self":[{"href":"https:\/\/ecoles.rixensart.be\/bourgeois\/wp-json\/wp\/v2\/pages\/325"}],"collection":[{"href":"https:\/\/ecoles.rixensart.be\/bourgeois\/wp-json\/wp\/v2\/pages"}],"about":[{"href":"https:\/\/ecoles.rixensart.be\/bourgeois\/wp-json\/wp\/v2\/types\/page"}],"author":[{"embeddable":true,"href":"https:\/\/ecoles.rixensart.be\/bourgeois\/wp-json\/wp\/v2\/users\/1"}],"replies":[{"embeddable":true,"href":"https:\/\/ecoles.rixensart.be\/bourgeois\/wp-json\/wp\/v2\/comments?post=325"}],"version-history":[{"count":9,"href":"https:\/\/ecoles.rixensart.be\/bourgeois\/wp-json\/wp\/v2\/pages\/325\/revisions"}],"predecessor-version":[{"id":583,"href":"https:\/\/ecoles.rixensart.be\/bourgeois\/wp-json\/wp\/v2\/pages\/325\/revisions\/583"}],"up":[{"embeddable":true,"href":"https:\/\/ecoles.rixensart.be\/bourgeois\/wp-json\/wp\/v2\/pages\/17"}],"wp:featuredmedia":[{"embeddable":true,"href":"https:\/\/ecoles.rixensart.be\/bourgeois\/wp-json\/wp\/v2\/media\/254"}],"wp:attachment":[{"href":"https:\/\/ecoles.rixensart.be\/bourgeois\/wp-json\/wp\/v2\/media?parent=325"}],"curies":[{"name":"wp","href":"https:\/\/api.w.org\/{rel}","templated":true}]}}