{"id":627,"date":"2020-10-25T12:48:03","date_gmt":"2020-10-25T11:48:03","guid":{"rendered":"http:\/\/ecoles.rixensart.be\/bourgeois\/?page_id=627"},"modified":"2025-08-26T18:52:43","modified_gmt":"2025-08-26T16:52:43","slug":"notre-carnet-decole-2","status":"publish","type":"page","link":"https:\/\/ecoles.rixensart.be\/bourgeois\/notre-carnet-decole-2\/","title":{"rendered":"Notre carnet d&rsquo;\u00e9cole"},"content":{"rendered":"<p>Toutes les informations concernant notre \u00e9cole sont disponibles dans ce carnet.<\/p>\n<p><a href=\"https:\/\/ecoles.rixensart.be\/bourgeois\/wp-content\/uploads\/2020\/10\/Carnet-ecole-2025-2026.pdf\" rel=\"noopener noreferrer\" target=\"_blank\"><img loading=\"lazy\" decoding=\"async\" class=\"alignnone size-full wp-image-443\" src=\"https:\/\/ecoles.rixensart.be\/bourgeois\/wp-content\/uploads\/2020\/10\/pdf-icon-150x150-1.png\" alt=\"\" width=\"15\" height=\"15\" \/> T\u00e9l\u00e9charger le carnet de notre \u00e9cole<\/a><\/p>\n","protected":false},"excerpt":{"rendered":"<p>Toutes les informations concernant notre \u00e9cole sont disponibles dans ce carnet. T\u00e9l\u00e9charger le carnet de notre \u00e9cole<\/p>\n","protected":false},"author":1,"featured_media":661,"parent":0,"menu_order":0,"comment_status":"closed","ping_status":"closed","template":"","meta":{"footnotes":""},"_links":{"self":[{"href":"https:\/\/ecoles.rixensart.be\/bourgeois\/wp-json\/wp\/v2\/pages\/627"}],"collection":[{"href":"https:\/\/ecoles.rixensart.be\/bourgeois\/wp-json\/wp\/v2\/pages"}],"about":[{"href":"https:\/\/ecoles.rixensart.be\/bourgeois\/wp-json\/wp\/v2\/types\/page"}],"author":[{"embeddable":true,"href":"https:\/\/ecoles.rixensart.be\/bourgeois\/wp-json\/wp\/v2\/users\/1"}],"replies":[{"embeddable":true,"href":"https:\/\/ecoles.rixensart.be\/bourgeois\/wp-json\/wp\/v2\/comments?post=627"}],"version-history":[{"count":12,"href":"https:\/\/ecoles.rixensart.be\/bourgeois\/wp-json\/wp\/v2\/pages\/627\/revisions"}],"predecessor-version":[{"id":15755,"href":"https:\/\/ecoles.rixensart.be\/bourgeois\/wp-json\/wp\/v2\/pages\/627\/revisions\/15755"}],"wp:featuredmedia":[{"embeddable":true,"href":"https:\/\/ecoles.rixensart.be\/bourgeois\/wp-json\/wp\/v2\/media\/661"}],"wp:attachment":[{"href":"https:\/\/ecoles.rixensart.be\/bourgeois\/wp-json\/wp\/v2\/media?parent=627"}],"curies":[{"name":"wp","href":"https:\/\/api.w.org\/{rel}","templated":true}]}}