{"id":8,"date":"2019-12-06T15:09:43","date_gmt":"2019-12-06T14:09:43","guid":{"rendered":"http:\/\/ecoles.rixensart.be\/bourgeois\/?page_id=8"},"modified":"2020-10-25T09:55:59","modified_gmt":"2020-10-25T08:55:59","slug":"contacts","status":"publish","type":"page","link":"https:\/\/ecoles.rixensart.be\/bourgeois\/contacts\/","title":{"rendered":"Contacts"},"content":{"rendered":"<div id=\"pl-8\"  class=\"panel-layout\" >\n<div id=\"pg-8-0\"  class=\"panel-grid panel-no-style\"  data-style=\"{&quot;background_image_attachment&quot;:false,&quot;background_display&quot;:&quot;tile&quot;,&quot;cell_alignment&quot;:&quot;flex-start&quot;}\"  data-ratio=\"1\"  data-ratio-direction=\"right\" >\n<div id=\"pgc-8-0-0\"  class=\"panel-grid-cell\"  data-weight=\"1\" >\n<div id=\"panel-8-0-0-0\" class=\"so-panel widget widget_sow-editor panel-first-child panel-last-child\" data-index=\"0\" data-style=\"{&quot;background_image_attachment&quot;:false,&quot;background_display&quot;:&quot;tile&quot;}\" >\n<div class=\"so-widget-sow-editor so-widget-sow-editor-base\">\n<div class=\"siteorigin-widget-tinymce textwidget\">\n<h3>Une question ? une demande de renseignements&#8230; alors contactez- nous !<br \/>\nN&rsquo;h\u00e9sitez pas \u00e0 prendre un rendez-vous pour venir visiter notre \u00e9cole<\/h3>\n<p><strong>Direction<\/strong> : Mme Genevi\u00e8ve Hardenne<\/p>\n<p><a href=\"mailto:direction.bourgeois@ecoles.rixensart.be\" class=\"mailto\"><i class=\"fa fa-envelope\"><\/i> direction.bourgeois@ecoles.rixensart.be<\/a><\/p>\n<p><strong>Secr\u00e9tariat<\/strong> : Mme C\u00e9line Vervaeren<\/p>\n<p><a href=\"mailto:secretariat.bourgeois@ecoles.rixensart.be\" class=\"mailto\"><i class=\"fa fa-envelope\"><\/i> secretariat.bourgeois@ecoles.rixensart.be<\/a>\n<\/div>\n<\/div>\n<\/div>\n<\/div>\n<\/div>\n<div id=\"pg-8-1\"  class=\"panel-grid panel-no-style\"  data-style=\"{&quot;background_image_attachment&quot;:false,&quot;background_display&quot;:&quot;tile&quot;,&quot;cell_alignment&quot;:&quot;flex-start&quot;}\" >\n<div id=\"pgc-8-1-0\"  class=\"panel-grid-cell\"  data-weight=\"0.5\" >\n<div id=\"panel-8-1-0-0\" class=\"so-panel widget widget_sow-editor panel-first-child\" data-index=\"1\" data-style=\"{&quot;background_image_attachment&quot;:false,&quot;background_display&quot;:&quot;tile&quot;}\" >\n<div class=\"so-widget-sow-editor so-widget-sow-editor-base\">\n<div class=\"siteorigin-widget-tinymce textwidget\">\n\t<img loading=\"lazy\" decoding=\"async\" width=\"2560\" height=\"1440\" src=\"https:\/\/ecoles.rixensart.be\/bourgeois\/wp-content\/uploads\/2020\/02\/ecole_maternelle-bourgeois-scaled.jpg\" alt=\"\" style=\"width: 50%;\" class=\"alignnone size-full wp-image-210\" srcset=\"https:\/\/ecoles.rixensart.be\/bourgeois\/wp-content\/uploads\/2020\/02\/ecole_maternelle-bourgeois-scaled.jpg 2560w, https:\/\/ecoles.rixensart.be\/bourgeois\/wp-content\/uploads\/2020\/02\/ecole_maternelle-bourgeois-300x169.jpg 300w, https:\/\/ecoles.rixensart.be\/bourgeois\/wp-content\/uploads\/2020\/02\/ecole_maternelle-bourgeois-1024x576.jpg 1024w, https:\/\/ecoles.rixensart.be\/bourgeois\/wp-content\/uploads\/2020\/02\/ecole_maternelle-bourgeois-768x432.jpg 768w, https:\/\/ecoles.rixensart.be\/bourgeois\/wp-content\/uploads\/2020\/02\/ecole_maternelle-bourgeois-1536x864.jpg 1536w, https:\/\/ecoles.rixensart.be\/bourgeois\/wp-content\/uploads\/2020\/02\/ecole_maternelle-bourgeois-2048x1152.jpg 2048w\" sizes=\"(max-width: 2560px) 100vw, 2560px\" \/><\/p>\n<h4>Section maternelle<\/h4>\n<p><i class=\"fa fa-home\"><\/i> Place Cardinal Mercier, 14 &#8211; 1330 Rixensart<\/p>\n<p><i class=\"fa fa-phone\"><\/i> 02\/653 79 59<\/div>\n<\/div>\n<\/div>\n<div id=\"panel-8-1-0-1\" class=\"so-panel widget widget_sow-editor panel-last-child\" data-index=\"2\" data-style=\"{&quot;background_image_attachment&quot;:false,&quot;background_display&quot;:&quot;tile&quot;}\" >\n<div class=\"so-widget-sow-editor so-widget-sow-editor-base\">\n<div class=\"siteorigin-widget-tinymce textwidget\">\n\t<!--<i class=\"fa fa-file\"><\/i> fa fa-file\n<i class=\"fa fa-envelope\"><\/i> fa fa-envelope\n<i class=\"fa fa-pencil\"><\/i> fa fa-pencil\n<i class=\"fa fa-search\"><\/i> fa fa-search\n<i class=\"fa fa-heart\"><\/i> fa fa-heart\n<i class=\"fa fa-star\"><\/i> fa fa-star\n<i class=\"fa fa-user\"><\/i> fa fa-user\n<i class=\"fa fa-film\"><\/i> fa fa-film\n<i class=\"fa fa-search-plus\"><\/i> fa fa-search-plus\n<i class=\"fa fa-clock-o\"><\/i> fa fa-clock-o\n<i class=\"fa fa-phone\"><\/i> fa fa-phone\n<i class=\"fa fa-home\"><\/i> fa fa-home\n<i class=\"fa fa-pencil-square\"><\/i> fa fa-pencil-square\n--><\/div>\n<\/div>\n<\/div>\n<\/div>\n<div id=\"pgc-8-1-1\"  class=\"panel-grid-cell\"  data-weight=\"0.5\" >\n<div id=\"panel-8-1-1-0\" class=\"so-panel widget widget_sow-editor panel-first-child panel-last-child\" data-index=\"3\" data-style=\"{&quot;background_image_attachment&quot;:false,&quot;background_display&quot;:&quot;tile&quot;}\" >\n<div class=\"so-widget-sow-editor so-widget-sow-editor-base\">\n<div class=\"siteorigin-widget-tinymce textwidget\">\n\t<img loading=\"lazy\" decoding=\"async\" width=\"2560\" height=\"1440\" src=\"https:\/\/ecoles.rixensart.be\/bourgeois\/wp-content\/uploads\/2020\/02\/ecole_primaire-bourgeois-scaled.jpg\" alt=\"\" style=\"width:50%\" class=\"alignnone size-full wp-image-208\" srcset=\"https:\/\/ecoles.rixensart.be\/bourgeois\/wp-content\/uploads\/2020\/02\/ecole_primaire-bourgeois-scaled.jpg 2560w, https:\/\/ecoles.rixensart.be\/bourgeois\/wp-content\/uploads\/2020\/02\/ecole_primaire-bourgeois-300x169.jpg 300w, https:\/\/ecoles.rixensart.be\/bourgeois\/wp-content\/uploads\/2020\/02\/ecole_primaire-bourgeois-1024x576.jpg 1024w, https:\/\/ecoles.rixensart.be\/bourgeois\/wp-content\/uploads\/2020\/02\/ecole_primaire-bourgeois-768x432.jpg 768w, https:\/\/ecoles.rixensart.be\/bourgeois\/wp-content\/uploads\/2020\/02\/ecole_primaire-bourgeois-1536x864.jpg 1536w, https:\/\/ecoles.rixensart.be\/bourgeois\/wp-content\/uploads\/2020\/02\/ecole_primaire-bourgeois-2048x1152.jpg 2048w\" sizes=\"(max-width: 2560px) 100vw, 2560px\" \/><\/p>\n<h4>Section primaire<\/h4>\n<p><i class=\"fa fa-home\"><\/i> Rue Lambermont, 12 &#8211; 1330 Rixensart<\/p>\n<p><i class=\"fa fa-phone\"><\/i> 02\/653 75 83<\/div>\n<\/div>\n<\/div>\n<\/div>\n<\/div>\n<\/div>\n","protected":false},"excerpt":{"rendered":"<p>Une question ? une demande de renseignements&#8230; alors contactez- nous ! N&rsquo;h\u00e9sitez pas \u00e0 prendre un rendez-vous pour venir visiter notre \u00e9cole Direction : Mme Genevi\u00e8ve Hardenne direction.bourgeois@ecoles.rixensart.be Secr\u00e9tariat : Mme C\u00e9line Vervaeren secretariat.bourgeois@ecoles.rixensart.be Section maternelle Place Cardinal Mercier, 14 [&hellip;]<\/p>\n","protected":false},"author":1,"featured_media":256,"parent":0,"menu_order":0,"comment_status":"closed","ping_status":"closed","template":"","meta":{"footnotes":""},"_links":{"self":[{"href":"https:\/\/ecoles.rixensart.be\/bourgeois\/wp-json\/wp\/v2\/pages\/8"}],"collection":[{"href":"https:\/\/ecoles.rixensart.be\/bourgeois\/wp-json\/wp\/v2\/pages"}],"about":[{"href":"https:\/\/ecoles.rixensart.be\/bourgeois\/wp-json\/wp\/v2\/types\/page"}],"author":[{"embeddable":true,"href":"https:\/\/ecoles.rixensart.be\/bourgeois\/wp-json\/wp\/v2\/users\/1"}],"replies":[{"embeddable":true,"href":"https:\/\/ecoles.rixensart.be\/bourgeois\/wp-json\/wp\/v2\/comments?post=8"}],"version-history":[{"count":42,"href":"https:\/\/ecoles.rixensart.be\/bourgeois\/wp-json\/wp\/v2\/pages\/8\/revisions"}],"predecessor-version":[{"id":593,"href":"https:\/\/ecoles.rixensart.be\/bourgeois\/wp-json\/wp\/v2\/pages\/8\/revisions\/593"}],"wp:featuredmedia":[{"embeddable":true,"href":"https:\/\/ecoles.rixensart.be\/bourgeois\/wp-json\/wp\/v2\/media\/256"}],"wp:attachment":[{"href":"https:\/\/ecoles.rixensart.be\/bourgeois\/wp-json\/wp\/v2\/media?parent=8"}],"curies":[{"name":"wp","href":"https:\/\/api.w.org\/{rel}","templated":true}]}}