{"id":896,"date":"2021-01-20T15:53:36","date_gmt":"2021-01-20T14:53:36","guid":{"rendered":"http:\/\/ecoles.rixensart.be\/bourgeois\/?page_id=896"},"modified":"2021-01-20T15:53:36","modified_gmt":"2021-01-20T14:53:36","slug":"courage-on-pense-a-vous","status":"publish","type":"page","link":"https:\/\/ecoles.rixensart.be\/bourgeois\/courage-on-pense-a-vous\/","title":{"rendered":"Courage, on pense \u00e0 vous!"},"content":{"rendered":"<p>Projet \u00ab Courage, on pense \u00e0 vous \u00bb (sections maternelle et primaire) <\/p>\n<p><img loading=\"lazy\" decoding=\"async\" src=\"https:\/\/ecoles.rixensart.be\/bourgeois\/wp-content\/uploads\/2020\/10\/thumbnail_IMG_5867.jpg\" alt=\"\" width=\"640\" height=\"481\" class=\"alignnone size-full wp-image-899\" srcset=\"https:\/\/ecoles.rixensart.be\/bourgeois\/wp-content\/uploads\/2020\/10\/thumbnail_IMG_5867.jpg 640w, https:\/\/ecoles.rixensart.be\/bourgeois\/wp-content\/uploads\/2020\/10\/thumbnail_IMG_5867-300x225.jpg 300w, https:\/\/ecoles.rixensart.be\/bourgeois\/wp-content\/uploads\/2020\/10\/thumbnail_IMG_5867-360x270.jpg 360w\" sizes=\"(max-width: 640px) 100vw, 640px\" \/><\/p>\n<p><img loading=\"lazy\" decoding=\"async\" src=\"https:\/\/ecoles.rixensart.be\/bourgeois\/wp-content\/uploads\/2020\/10\/Afj_h5KuTqceU.jpg\" alt=\"\" width=\"657\" height=\"657\" class=\"alignnone size-full wp-image-898\" srcset=\"https:\/\/ecoles.rixensart.be\/bourgeois\/wp-content\/uploads\/2020\/10\/Afj_h5KuTqceU.jpg 657w, https:\/\/ecoles.rixensart.be\/bourgeois\/wp-content\/uploads\/2020\/10\/Afj_h5KuTqceU-300x300.jpg 300w, https:\/\/ecoles.rixensart.be\/bourgeois\/wp-content\/uploads\/2020\/10\/Afj_h5KuTqceU-150x150.jpg 150w\" sizes=\"(max-width: 657px) 100vw, 657px\" \/><\/p>\n<p>A partir du jeudi 10 d\u00e9cembre, les Services du Gouverneur du Brabant wallon, en collaboration avec les communes de la province, ont propos\u00e9 aux diff\u00e9rentes \u00e9coles de participer \u00e0 une action de solidarit\u00e9 intitul\u00e9e \u00ab\u00a0Courage, on pense \u00e0 vous\u00a0\u00bb. Cette action avait pour but d&rsquo;envoyer des dessins \u00e0 des personnes touch\u00e9es de pr\u00e8s     par le coronavirus pour soit les encourager, soit les remercier. <\/p>\n<p>Afin de sensibiliser les \u00e9coles \u00e0 participer \u00e0 cette action, les services du Gouverneur nous ont contact\u00e9s pour \u00eatre l&rsquo;\u00e9cole partenaire pour le lancement de cette campagne de solidarit\u00e9. <\/p>\n<p>Les enfants ont choisi d\u2019envoyer leurs dessins \u00e0 des destinataires tr\u00e8s vari\u00e9s : personnes \u00e2g\u00e9es des maisons de repos   \u00ab La R\u00e9sidence du Lac \u00bb et \u00ab Val du H\u00e9ron \u00bb, personnes seules, proches atteints par le virus, infirmiers, m\u00e9decins de divers h\u00f4pitaux (Clinique Saint Pierre \u00e0 Ottignies, h\u00f4pital de Braine-l\u2019Alleud, \u2026) enfants hospitalis\u00e9s, techniciens de surface de notre \u00e9tablissement, personnes charg\u00e9es de la collecte des d\u00e9chets, pompiers de Wavre, \u2026  <\/p>\n<p>Nous esp\u00e9rons que ces petits gestes leur auront fait plaisir ! <\/p>\n<p><img loading=\"lazy\" decoding=\"async\" src=\"https:\/\/ecoles.rixensart.be\/bourgeois\/wp-content\/uploads\/2020\/10\/thumbnail_photo-2-2.jpg\" alt=\"\" width=\"714\" height=\"875\" class=\"alignnone size-full wp-image-902\" srcset=\"https:\/\/ecoles.rixensart.be\/bourgeois\/wp-content\/uploads\/2020\/10\/thumbnail_photo-2-2.jpg 714w, https:\/\/ecoles.rixensart.be\/bourgeois\/wp-content\/uploads\/2020\/10\/thumbnail_photo-2-2-245x300.jpg 245w\" sizes=\"(max-width: 714px) 100vw, 714px\" \/><\/p>\n<p><img loading=\"lazy\" decoding=\"async\" src=\"https:\/\/ecoles.rixensart.be\/bourgeois\/wp-content\/uploads\/2020\/10\/thumbnail_IMG_5873-1.jpg\" alt=\"\" width=\"481\" height=\"640\" class=\"alignnone size-full wp-image-900\" srcset=\"https:\/\/ecoles.rixensart.be\/bourgeois\/wp-content\/uploads\/2020\/10\/thumbnail_IMG_5873-1.jpg 481w, https:\/\/ecoles.rixensart.be\/bourgeois\/wp-content\/uploads\/2020\/10\/thumbnail_IMG_5873-1-225x300.jpg 225w\" sizes=\"(max-width: 481px) 100vw, 481px\" \/><\/p>\n<p><img loading=\"lazy\" decoding=\"async\" src=\"https:\/\/ecoles.rixensart.be\/bourgeois\/wp-content\/uploads\/2020\/10\/thumbnail_photo-1.jpg\" alt=\"\" width=\"960\" height=\"1280\" class=\"alignnone size-full wp-image-901\" srcset=\"https:\/\/ecoles.rixensart.be\/bourgeois\/wp-content\/uploads\/2020\/10\/thumbnail_photo-1.jpg 960w, https:\/\/ecoles.rixensart.be\/bourgeois\/wp-content\/uploads\/2020\/10\/thumbnail_photo-1-225x300.jpg 225w, https:\/\/ecoles.rixensart.be\/bourgeois\/wp-content\/uploads\/2020\/10\/thumbnail_photo-1-768x1024.jpg 768w\" sizes=\"(max-width: 960px) 100vw, 960px\" \/><\/p>\n","protected":false},"excerpt":{"rendered":"<p>Projet \u00ab Courage, on pense \u00e0 vous \u00bb (sections maternelle et primaire) A partir du jeudi 10 d\u00e9cembre, les Services du Gouverneur du Brabant wallon, en collaboration avec les communes de la province, ont propos\u00e9 aux diff\u00e9rentes \u00e9coles de participer [&hellip;]<\/p>\n","protected":false},"author":1,"featured_media":898,"parent":0,"menu_order":0,"comment_status":"closed","ping_status":"closed","template":"","meta":{"footnotes":""},"_links":{"self":[{"href":"https:\/\/ecoles.rixensart.be\/bourgeois\/wp-json\/wp\/v2\/pages\/896"}],"collection":[{"href":"https:\/\/ecoles.rixensart.be\/bourgeois\/wp-json\/wp\/v2\/pages"}],"about":[{"href":"https:\/\/ecoles.rixensart.be\/bourgeois\/wp-json\/wp\/v2\/types\/page"}],"author":[{"embeddable":true,"href":"https:\/\/ecoles.rixensart.be\/bourgeois\/wp-json\/wp\/v2\/users\/1"}],"replies":[{"embeddable":true,"href":"https:\/\/ecoles.rixensart.be\/bourgeois\/wp-json\/wp\/v2\/comments?post=896"}],"version-history":[{"count":3,"href":"https:\/\/ecoles.rixensart.be\/bourgeois\/wp-json\/wp\/v2\/pages\/896\/revisions"}],"predecessor-version":[{"id":904,"href":"https:\/\/ecoles.rixensart.be\/bourgeois\/wp-json\/wp\/v2\/pages\/896\/revisions\/904"}],"wp:featuredmedia":[{"embeddable":true,"href":"https:\/\/ecoles.rixensart.be\/bourgeois\/wp-json\/wp\/v2\/media\/898"}],"wp:attachment":[{"href":"https:\/\/ecoles.rixensart.be\/bourgeois\/wp-json\/wp\/v2\/media?parent=896"}],"curies":[{"name":"wp","href":"https:\/\/api.w.org\/{rel}","templated":true}]}}