{"id":101,"date":"2021-01-13T15:18:17","date_gmt":"2021-01-13T14:18:17","guid":{"rendered":"http:\/\/ecoles.rixensart.be\/centre\/?page_id=101"},"modified":"2024-08-26T10:04:05","modified_gmt":"2024-08-26T08:04:05","slug":"aperix","status":"publish","type":"page","link":"https:\/\/ecoles.rixensart.be\/centre\/aperix\/","title":{"rendered":"Ap\u00e9Rix"},"content":{"rendered":"<div id=\"pl-101\" class=\"panel-layout\">\n<div id=\"pg-101-0\" class=\"panel-grid panel-no-style\">\n<div id=\"pgc-101-0-0\" class=\"panel-grid-cell\" data-weight=\"1\">\n<div id=\"panel-101-0-0-0\" class=\"so-panel widget widget_sow-editor panel-first-child panel-last-child\" data-index=\"0\">\n<div class=\"so-widget-sow-editor so-widget-sow-editor-base\">\n<div class=\"siteorigin-widget-tinymce textwidget\">\n<div class=\"su-tabs su-tabs-style-default su-tabs-mobile-stack su-tabs-vertical\" data-active=\"1\" data-scroll-offset=\"0\" data-anchor-in-url=\"no\"><div class=\"su-tabs-nav\"><span class=\"\" data-url=\"\" data-target=\"blank\" tabindex=\"0\" role=\"button\">Notre r\u00f4le<\/span><span class=\"\" data-url=\"\" data-target=\"blank\" tabindex=\"0\" role=\"button\">Nos \u00e9v\u00e9nements<\/span><span class=\"\" data-url=\"\" data-target=\"blank\" tabindex=\"0\" role=\"button\">Les parents relais<\/span><span class=\"\" data-url=\"\" data-target=\"blank\" tabindex=\"0\" role=\"button\">Qui sommes nous?<\/span><span class=\"\" data-url=\"\" data-target=\"blank\" tabindex=\"0\" role=\"button\">R\u00e9unions de l'AP\u00e9Rix<\/span><span class=\"\" data-url=\"\" data-target=\"blank\" tabindex=\"0\" role=\"button\">Comment nous joindre?<\/span><span class=\"\" data-url=\"\" data-target=\"blank\" tabindex=\"0\" role=\"button\">Photos<\/span><\/div><div class=\"su-tabs-panes\"><div class=\"su-tabs-pane su-u-clearfix su-u-trim\" data-title=\"Notre r\u00f4le\">\n<h3 class=\"h3Tabs\">Notre r\u00f4le<\/h3>\n<p><img loading=\"lazy\" decoding=\"async\" class=\"size-medium wp-image-406 alignright\" src=\"https:\/\/ecoles.rixensart.be\/centre\/wp-content\/uploads\/2021\/03\/logo-APeRix-Jpeg-269x300.jpg\" alt=\"Logo Ap\u00e9rix\" width=\"269\" height=\"300\" \/><\/p>\n<p><em>\u00ab Une association de parents (AP) regroupe des parents dont les enfants fr\u00e9quentent la m\u00eame \u00e9cole. Elle a pour but de collaborer avec les autres membres de la communaut\u00e9 \u00e9ducative dans un esprit constructif et de participer \u00e0 l\u2019am\u00e9lioration de la qualit\u00e9 de vie de tous \u00e0 l\u2019\u00e9cole, notamment au travers d\u2019un dialogue permanent.<\/em><\/p>\n<p><em>L\u2019AP suscite la participation de tous les parents de l\u2019\u00e9cole, r\u00e9colte leurs avis et fait circuler l\u2019information. Elle repr\u00e9sente l\u2019ensemble des parents de l\u2019\u00e9cole et traite principalement de situations collectives.\u00a0\u00bb<\/em><\/p>\n<p>Pour une introduction plus compl\u00e8te et plein d\u2019autres informations sur le r\u00f4le d\u2019une AP, rendez-vous sur le site officiel de la <a href=\"http:\/\/www.fapeo.be\/association-de-parents\" target=\"_blank\" rel=\"noopener\">FAPEO (<strong>F<\/strong>\u00e9d\u00e9ration des <strong>A<\/strong>ssociations de <strong>P<\/strong>arents de l\u2019<strong>E<\/strong>nseignement <strong>O<\/strong>fficiel)<\/a> dont nous d\u00e9pendons.<\/p>\n<p>Notre but est d\u2019apporter notre contribution \u00e0 l\u2019am\u00e9lioration du bien \u00eatre de chacun \u00e0 l\u2019\u00e9cole. Pour cela l\u2019Association recherche la participation de tous les parents et souhaite r\u00e9colter leur avis.<\/p>\n<p>Afin que l\u2019information circule, nous vous rappelons \u00e9galement l\u2019importance des \u00ab parents relais \u00bb.<\/p>\n<p>Depuis quelques ann\u00e9es, nous avons mis en place un <strong>nouveau logo<\/strong> et un nouveau nom pour notre association de parents, qui vont de pair avec la redynamisation de notre association, <strong>l\u2019AP\u00e9Rix !<\/strong><\/p>\n<\/div>\n<div class=\"su-tabs-pane su-u-clearfix su-u-trim\" data-title=\"Nos \u00e9v\u00e9nements\">\n<h3 class=\"h3Tabs\">Nos \u00e9v\u00e9nements<\/h3>\n<p>Voici une liste non-exhaustive des \u00e9v\u00e8nements organis\u00e9s par l\u2019AP\u00e9Rix<\/p>\n<ul>\n<li>\u00c9v\u00e8nement de la rentr\u00e9e (en 2024, c&#8217;est une f\u00eate de cr\u00eapes le 6 septembre)<\/li>\n<li>Organisation de la Saint Nicolas (d\u00e9cembre)<\/li>\n<li>Petit d\u00e9jeuner et balade (janvier)<\/li>\n<li>F\u00eate des Sorci\u00e8res (mars)<\/li>\n<li>Souper de la Fancy Fair (mai)<\/li>\n<li>Journ\u00e9e Bricolage (quand l&#8217;\u00e9cole en a besoin)<\/li>\n<\/ul>\n<h3>Pourquoi des f\u00eates ?<\/h3>\n<p>L\u2019organisation des f\u00eates nous donne l\u2019occasion de <strong>cr\u00e9er du lien social et un sentiment d\u2019appartenance \u00e0 la communaut\u00e9<\/strong> que repr\u00e9sente l\u2019\u00e9cole de nos enfants. En outre, parents et enfants peuvent se rencontrer hors de la \u00ab\u00a0routine\u00a0\u00bb quotidienne et passer des chouettes moments tous ensemble.<\/p>\n<p>A travers les f\u00eates, l\u2019AP\u00e9Rix peut aussi r\u00e9colter des fonds pour des projets concrets tels :<\/p>\n<ul>\n<li>Continuer \u00e0 apporter une contribution pour r\u00e9duire le co\u00fbt des voyages scolaires ;<\/li>\n<li>Apporter une aide pour l\u2019acquisition de nouveaux livres pour la biblioth\u00e8que\u00a0;<\/li>\n<li>Combler certains besoins de l\u2019\u00e9quipe educative.<\/li>\n<\/ul>\n<p><strong>En 2023-24, l&#8217;AP\u00e9Rix a investi plus de 8000 \u20ac<\/strong> pour embellir l\u2019\u00e9cole :<\/p>\n<ul>\n<li>St Nicolas : 1368 \u20ac<\/li>\n<li>Achat de jeux pour les trois cours de recr\u00e9ation : 1793 \u20ac<\/li>\n<li>Achat de mat\u00e9riaux pour le verger : 1726 \u20ac<\/li>\n<li>Oeufs de P\u00e2ques pour les enfants : 971 \u20ac<\/li>\n<li>Achat de mat\u00e9riaux et livres pour la biblioth\u00e8que : 2778 \u20ac<\/li>\n<\/ul>\n<h3>Mais pas seulement des f\u00eates\u00a0!<\/h3>\n<p>L\u2019AP\u00e9Rix a \u00e9galement pour vocation de travailler main dans la main avec la direction sur des projets sp\u00e9cifiques relatifs \u00e0 la vie \u00e0 l\u2019\u00e9cole, et th\u00e8mes transversaux tels que le bien-\u00eatre et le respect de l\u2019environnement.<\/p>\n<\/div>\n<div class=\"su-tabs-pane su-u-clearfix su-u-trim\" data-title=\"Les parents relais\">\n<h3 class=\"h3Tabs\">Les \u00ab Parents Relais \u00bb<\/h3>\n<p>Les parents relais (ou d\u00e9l\u00e9gu\u00e9s de classe) jouent un r\u00f4le essentiel pour le fonctionnement d\u00e9mocratique de l\u2019AP\u00e9Rix.<br \/>\n\u00catre parent relais c\u2019est cr\u00e9er la coh\u00e9sion de la classe, \u00eatre le lien entre les parents, l\u2019AP\u00e9Rix, les enseignants, la direction, et soutenir les activit\u00e9s de l\u2019\u00e9cole.<\/p>\n<h4>1. R\u00f4le du parent relais<\/h4>\n<p>Le parent relais assure la liaison entre les parents et l\u2019AP\u00e9Rix. \u00c0 la demande des enseignants, il peut organiser une aide ponctuelle ou une collaboration \u00e0 plus long terme, \u00e9tablir une liaison entre les parents et l\u2019enseignant.<\/p>\n<p>Le parent relais doit servir les int\u00e9r\u00eats de la collectivit\u00e9 et non pas de l\u2019individu.Il\/elle veillera, plus particuli\u00e8rement \u00e0 :<\/p>\n<ul>\n<li>\u00c9tablir un rapport de confiance avec le titulaire et les enseignants;<\/li>\n<li>Favoriser une ambiance amicale au sein de la classe, cr\u00e9er une dynamique de groupe entre les parents de la classe, les amener \u00e0 se parler, \u00e0 se rencontrer, \u00e0 accueillir les nouveaux parents;<\/li>\n<li>V\u00e9rifier, compl\u00e9ter ou corriger le carnet d\u2019adresses des parents d\u2019\u00e9l\u00e8ves de la classe, d\u00e8s la 1\u00e8re r\u00e9union des parents, en assurer la distribution aupr\u00e8s des parents et communiquer les modifications au secr\u00e9tariat et \u00e0 l\u2019association des parents;<\/li>\n<li>Organiser une activit\u00e9 permettant aux parents, aux \u00e9l\u00e8ves, aux titulaires et aux enseignants de se rencontrer;<\/li>\n<li>Relayer l\u2019information, agir en tant que porte-parole des parents de la classe aupr\u00e8s de l\u2019AP\u00e9Rix, transmettre les souhaits et pr\u00e9occupations d\u2019int\u00e9r\u00eat g\u00e9n\u00e9ral. Transmettre aux parents de sa classe des informations et demandes d\u2019avis \u00e9manant de l\u2019AP\u00e9Rix, des enseignants et \/ou de la direction.<\/li>\n<\/ul>\n<p>Le parent relais n\u2019interviendra en aucun cas en mati\u00e8re de m\u00e9thode, de pratique p\u00e9dagogique, de question disciplinaire ou de probl\u00e8me relationnel.<\/p>\n<h4>2. Qualit\u00e9s souhait\u00e9es<\/h4>\n<p>Le parent relais doit avoir envie de s\u2019impliquer dans la vie de l\u2019\u00e9cole. Il doit \u00e9galement<\/p>\n<ul>\n<li>\u00catre disponible et joignable de mani\u00e8re \u00e0 optimaliser la communication ;<\/li>\n<li>Avoir le sens de l\u2019\u00e9coute et de l\u2019organisation ;<\/li>\n<li>Avoir des aptitudes sociales et diplomatiques ;<\/li>\n<li>\u00catre, par nature, discret dans son r\u00f4le d\u2019\u00e9coute des parents et de l\u2019enseignant.<\/li>\n<\/ul>\n<h4>3. Comment devenir parent relais ?<\/h4>\n<p>Le parent relais est choisi d\u00e9mocratiquement par les parents de la classe lors de la premi\u00e8re r\u00e9union de parents collective de septembre. \u00c0 cette premi\u00e8re r\u00e9union, le (la) titulaire peut rappeler la fonction et la vision qu\u2019il en a et lancer un appel aux candidatures.<\/p>\n<p>Le parent relais choisi transmet ses coordonn\u00e9es au titulaire, \u00e0 la direction, \u00e0 l\u2019AP\u00e9Rix et aux autres parents de la classe. Ce r\u00f4le sera assum\u00e9 \u00e0 la demande du titulaire en ce qui concerne les activit\u00e9s de la classe. Ce parent relais sera le contact privil\u00e9gi\u00e9 de l\u2019AP\u00e9Rix pour cette classe pour la dur\u00e9e de l\u2019ann\u00e9e scolaire.<\/p>\n<h4>4. Exemples de t\u00e2ches du parent relais<\/h4>\n<p>Le parent relais est responsable de la cr\u00e9ation de la liste des enfants et parents de la classe (adresses, t\u00e9l\u00e9phones, dates de naissance des enfants). Par son contact privil\u00e9gi\u00e9 avec les autres parents, il peut aussi aider le\/la titulaire de classe \u00e0 trouver de l\u2019aide pour :<\/p>\n<ul>\n<li>participer aux f\u00eates de l\u2019\u00e9cole : stand, souper, sponsor<\/li>\n<li>encadrer les sorties de classe : par exemple sorties v\u00e9los<\/li>\n<li>collecter du mat\u00e9riel : pour les recyclages<\/li>\n<li>prendre part aux rafra\u00eechissements de l\u2019\u00e9cole<\/li>\n<li>organiser des activit\u00e9s pour rassembler les parents de la classe<\/li>\n<\/ul>\n<\/div>\n<div class=\"su-tabs-pane su-u-clearfix su-u-trim\" data-title=\"Qui sommes nous?\">\n<h3 class=\"h3Tabs\">Qui sommes nous?<\/h3>\n<h3>Membres du comit\u00e9 (de septembre 2023 \u00e0 juin 2025)<\/h3>\n<p>Le nouveau comit\u00e9 a \u00e9t\u00e9 \u00e9lu en 2023 pour une mandat de deux ans. Bravo \u00e0 eux !<\/p>\n<ul>\n<li><strong>Co-Pr\u00e9sidents :<\/strong> Pauline DEGRAVE \/ Etienne HACKEN<\/li>\n<li><strong>Vice-Pr\u00e9sident: G<\/strong>aetano TERMINE<\/li>\n<li><strong>Secr\u00e9taire :<\/strong> Christine COBUT<\/li>\n<li><strong>Tr\u00e9sori\u00e8re :<\/strong> Amy BURNETT<\/li>\n<li><strong>Membres actifs et motiv\u00e9s:<\/strong> Claude DE DECKER, Doris DE LAMINNE, Benjamin DRABBE, Ana ETXABURU, Celine GOOR, Elodie HERMANN, Jennifer MORIAU, Edwige NOIRFALISSE, Coraline POLLET, Aude PREVOST, Caroline QUILLINAN, Isabelle SCHMIDT, Gaelle STROOBANTS, Alice VENTURA, Magda WASIK, Deborah WEINBERG\u2026 et de nombreux autres parents qui apportent leur aide ponctuelle !<\/li>\n<\/ul>\n<\/div>\n<div class=\"su-tabs-pane su-u-clearfix su-u-trim\" data-title=\"R\u00e9unions de l&#039;AP\u00e9Rix\">\n<h3 class=\"h3Tabs\">R\u00e9unions de l&#8217;AP\u00e9Rix<\/h3>\n<p>Les r\u00e9unions de l\u2019AP\u00e9Rix sont ouvertes \u00e0 tous et nous sommes<strong> toujours contents d\u2019accueillir des nouveaux parents motiv\u00e9s<\/strong> ! Nos r\u00e9unions ont lieu g\u00e9n\u00e9ralement 4-5 fois par an, de 20h \u00e0 22h dans la salle des professeurs de l\u2019\u00e9cole. <strong>Tout le monde est le bienvenue, de mani\u00e8re occasionnelle ou r\u00e9currente.<\/strong> On y prend des nouvelles de l\u2019\u00e9cole gr\u00e2ce \u00e0 la pr\u00e9sence de la direction et de quelques enseignant-e-s. On imagine les activit\u00e9s, f\u00eates; actions, d\u00e9marches,&#8230; qu\u2019on pourrait faire pour le bien de l\u2019\u00e9cole et on trouve qui est dispo pour les mettre en place.<\/p>\n<p>Les dates exactes sont circul\u00e9s via les parents r\u00e9lais des diff\u00e9rents classes de l&#8217;\u00e9cole, ainsi que sur notre page <a href=\"http:\/\/www.facebook.com\/laperix\">Facebook<\/a>.<\/p>\n<p>L\u2019ordre du jour ainsi que les minutes de chaque r\u00e9union sont \u00e9galement disponibles <a href=\"https:\/\/drive.google.com\/open?id=0B12bBt_xUIsDVXppOVhlZGs0eFU\">sur le Google Drive de l&#8217;AP<\/a>.<\/p>\n<\/div>\n<div class=\"su-tabs-pane su-u-clearfix su-u-trim\" data-title=\"Comment nous joindre?\">\n<h3 class=\"h3Tabs\">Comment nous joindre?<\/h3>\n<p>Nous publions r\u00e9guli\u00e8rement <strong>des nouvelles sur nos \u00e9v\u00e8nements et nos actions<\/strong> sur notre page Facebook. Donc, nous vous invitons \u00e0 nous suivre sur\u00a0: <a href=\"http:\/\/www.facebook.com\/laperix\">http:\/\/www.facebook.com\/laperix<\/a><\/p>\n<p>Nos communications seront aussi envoy\u00e9es via email par le secr\u00e9tariat de l\u2019\u00e9cole.<\/p>\n<p>Vous pouvez toujours nous contacter soit par Facebook soit par email: <a href=\"mailto:apecoleducentrerix@gmail.com\">apecoleducentrerix@gmail.com<\/a><\/p>\n<p>Et si vous voulez se tenir inform\u00e9e ou participer \u00e0 nos r\u00e9unions, vous pouvez \u00e9galement <strong>joindre notre communaut\u00e9 WhatsApp<\/strong> via ce code QR:<\/p>\n<p><img loading=\"lazy\" decoding=\"async\" class=\"alignnone size-medium wp-image-17536\" src=\"https:\/\/ecoles.rixensart.be\/centre\/wp-content\/uploads\/2024\/08\/Code-QR-300x296.png\" alt=\"\" width=\"300\" height=\"296\" srcset=\"https:\/\/ecoles.rixensart.be\/centre\/wp-content\/uploads\/2024\/08\/Code-QR-300x296.png 300w, https:\/\/ecoles.rixensart.be\/centre\/wp-content\/uploads\/2024\/08\/Code-QR.png 559w\" sizes=\"auto, (max-width: 300px) 100vw, 300px\" \/><\/p>\n<\/div>\n<div class=\"su-tabs-pane su-u-clearfix su-u-trim\" data-title=\"Photos\">\n<h3 class=\"h3Tabs\">Un petit aper\u00e7u de nos \u00e9v\u00e9nements<\/h3>\n<p>Pour plus de photos, ainsi que des informations sur nos futurs \u00e9v\u00e9nements, suivez notre page Facebook: <a id=\"yui_3_16_0_ym19_1_1505727351125_6154\" href=\"http:\/\/www.facebook.com\/laperix\" target=\"_blank\" rel=\"noreferrer noopener\" shape=\"rect\">http:\/\/www.facebook.com\/laperix<\/a><\/p>\n<div id='gallery-1' class='gallery galleryid-101 gallery-columns-2 gallery-size-large'><figure class='gallery-item'>\n\t\t\t<div class='gallery-icon landscape'>\n\t\t\t\t<a href='https:\/\/ecoles.rixensart.be\/centre\/aperix\/444480329_846101847549099_7935198784879154022_n\/'><img loading=\"lazy\" decoding=\"async\" width=\"584\" height=\"438\" src=\"https:\/\/ecoles.rixensart.be\/centre\/wp-content\/uploads\/2024\/05\/444480329_846101847549099_7935198784879154022_n-1024x768.jpg\" class=\"attachment-large size-large\" alt=\"\" aria-describedby=\"gallery-1-17492\" srcset=\"https:\/\/ecoles.rixensart.be\/centre\/wp-content\/uploads\/2024\/05\/444480329_846101847549099_7935198784879154022_n-1024x768.jpg 1024w, https:\/\/ecoles.rixensart.be\/centre\/wp-content\/uploads\/2024\/05\/444480329_846101847549099_7935198784879154022_n-300x225.jpg 300w, https:\/\/ecoles.rixensart.be\/centre\/wp-content\/uploads\/2024\/05\/444480329_846101847549099_7935198784879154022_n-768x576.jpg 768w, https:\/\/ecoles.rixensart.be\/centre\/wp-content\/uploads\/2024\/05\/444480329_846101847549099_7935198784879154022_n-1536x1152.jpg 1536w, https:\/\/ecoles.rixensart.be\/centre\/wp-content\/uploads\/2024\/05\/444480329_846101847549099_7935198784879154022_n.jpg 2048w\" sizes=\"auto, (max-width: 584px) 100vw, 584px\" \/><\/a>\n\t\t\t<\/div>\n\t\t\t\t<figcaption class='wp-caption-text gallery-caption' id='gallery-1-17492'>\n\t\t\t\tDes mamans motiv\u00e9es en train de pr\u00e9parer le souper Fancy Fair 2024\n\t\t\t\t<\/figcaption><\/figure><figure class='gallery-item'>\n\t\t\t<div class='gallery-icon landscape'>\n\t\t\t\t<a href='https:\/\/ecoles.rixensart.be\/centre\/aperix\/432772675_809791347846816_3186381996953418626_n\/'><img loading=\"lazy\" decoding=\"async\" width=\"584\" height=\"438\" src=\"https:\/\/ecoles.rixensart.be\/centre\/wp-content\/uploads\/2024\/05\/432772675_809791347846816_3186381996953418626_n-1024x768.jpg\" class=\"attachment-large size-large\" alt=\"\" aria-describedby=\"gallery-1-17489\" srcset=\"https:\/\/ecoles.rixensart.be\/centre\/wp-content\/uploads\/2024\/05\/432772675_809791347846816_3186381996953418626_n-1024x768.jpg 1024w, https:\/\/ecoles.rixensart.be\/centre\/wp-content\/uploads\/2024\/05\/432772675_809791347846816_3186381996953418626_n-300x225.jpg 300w, https:\/\/ecoles.rixensart.be\/centre\/wp-content\/uploads\/2024\/05\/432772675_809791347846816_3186381996953418626_n-768x576.jpg 768w, https:\/\/ecoles.rixensart.be\/centre\/wp-content\/uploads\/2024\/05\/432772675_809791347846816_3186381996953418626_n-1536x1152.jpg 1536w, https:\/\/ecoles.rixensart.be\/centre\/wp-content\/uploads\/2024\/05\/432772675_809791347846816_3186381996953418626_n.jpg 2048w\" sizes=\"auto, (max-width: 584px) 100vw, 584px\" \/><\/a>\n\t\t\t<\/div>\n\t\t\t\t<figcaption class='wp-caption-text gallery-caption' id='gallery-1-17489'>\n\t\t\t\tLes sorciers et sorci\u00e8res faits par les enfants de primaire (2024)\n\t\t\t\t<\/figcaption><\/figure><figure class='gallery-item'>\n\t\t\t<div class='gallery-icon landscape'>\n\t\t\t\t<a href='https:\/\/ecoles.rixensart.be\/centre\/aperix\/432779652_809797904512827_3903600509146516068_n\/'><img loading=\"lazy\" decoding=\"async\" width=\"584\" height=\"438\" src=\"https:\/\/ecoles.rixensart.be\/centre\/wp-content\/uploads\/2024\/05\/432779652_809797904512827_3903600509146516068_n-1024x768.jpg\" class=\"attachment-large size-large\" alt=\"\" aria-describedby=\"gallery-1-17490\" srcset=\"https:\/\/ecoles.rixensart.be\/centre\/wp-content\/uploads\/2024\/05\/432779652_809797904512827_3903600509146516068_n-1024x768.jpg 1024w, https:\/\/ecoles.rixensart.be\/centre\/wp-content\/uploads\/2024\/05\/432779652_809797904512827_3903600509146516068_n-300x225.jpg 300w, https:\/\/ecoles.rixensart.be\/centre\/wp-content\/uploads\/2024\/05\/432779652_809797904512827_3903600509146516068_n-768x576.jpg 768w, https:\/\/ecoles.rixensart.be\/centre\/wp-content\/uploads\/2024\/05\/432779652_809797904512827_3903600509146516068_n.jpg 1185w\" sizes=\"auto, (max-width: 584px) 100vw, 584px\" \/><\/a>\n\t\t\t<\/div>\n\t\t\t\t<figcaption class='wp-caption-text gallery-caption' id='gallery-1-17490'>\n\t\t\t\tNos tambours de la f\u00eate des sorciers et sorci\u00e8res 2024\n\t\t\t\t<\/figcaption><\/figure><figure class='gallery-item'>\n\t\t\t<div class='gallery-icon portrait'>\n\t\t\t\t<a href='https:\/\/ecoles.rixensart.be\/centre\/aperix\/434185953_809791561180128_1733863074444888102_n\/'><img loading=\"lazy\" decoding=\"async\" width=\"584\" height=\"628\" src=\"https:\/\/ecoles.rixensart.be\/centre\/wp-content\/uploads\/2024\/05\/434185953_809791561180128_1733863074444888102_n-952x1024.jpg\" class=\"attachment-large size-large\" alt=\"\" aria-describedby=\"gallery-1-17491\" srcset=\"https:\/\/ecoles.rixensart.be\/centre\/wp-content\/uploads\/2024\/05\/434185953_809791561180128_1733863074444888102_n-952x1024.jpg 952w, https:\/\/ecoles.rixensart.be\/centre\/wp-content\/uploads\/2024\/05\/434185953_809791561180128_1733863074444888102_n-279x300.jpg 279w, https:\/\/ecoles.rixensart.be\/centre\/wp-content\/uploads\/2024\/05\/434185953_809791561180128_1733863074444888102_n-768x826.jpg 768w, https:\/\/ecoles.rixensart.be\/centre\/wp-content\/uploads\/2024\/05\/434185953_809791561180128_1733863074444888102_n-1428x1536.jpg 1428w, https:\/\/ecoles.rixensart.be\/centre\/wp-content\/uploads\/2024\/05\/434185953_809791561180128_1733863074444888102_n.jpg 1904w\" sizes=\"auto, (max-width: 584px) 100vw, 584px\" \/><\/a>\n\t\t\t<\/div>\n\t\t\t\t<figcaption class='wp-caption-text gallery-caption' id='gallery-1-17491'>\n\t\t\t\tL&#8217;\u00e9quipe organisatrice\n\t\t\t\t<\/figcaption><\/figure><figure class='gallery-item'>\n\t\t\t<div class='gallery-icon landscape'>\n\t\t\t\t<a href='https:\/\/ecoles.rixensart.be\/centre\/aperix\/421135507_770276181798333_2986760322230232753_n\/'><img loading=\"lazy\" decoding=\"async\" width=\"584\" height=\"438\" src=\"https:\/\/ecoles.rixensart.be\/centre\/wp-content\/uploads\/2024\/05\/421135507_770276181798333_2986760322230232753_n-1024x768.jpg\" class=\"attachment-large size-large\" alt=\"\" aria-describedby=\"gallery-1-17487\" srcset=\"https:\/\/ecoles.rixensart.be\/centre\/wp-content\/uploads\/2024\/05\/421135507_770276181798333_2986760322230232753_n-1024x768.jpg 1024w, https:\/\/ecoles.rixensart.be\/centre\/wp-content\/uploads\/2024\/05\/421135507_770276181798333_2986760322230232753_n-300x225.jpg 300w, https:\/\/ecoles.rixensart.be\/centre\/wp-content\/uploads\/2024\/05\/421135507_770276181798333_2986760322230232753_n-768x576.jpg 768w, https:\/\/ecoles.rixensart.be\/centre\/wp-content\/uploads\/2024\/05\/421135507_770276181798333_2986760322230232753_n-1536x1152.jpg 1536w, https:\/\/ecoles.rixensart.be\/centre\/wp-content\/uploads\/2024\/05\/421135507_770276181798333_2986760322230232753_n.jpg 2048w\" sizes=\"auto, (max-width: 584px) 100vw, 584px\" \/><\/a>\n\t\t\t<\/div>\n\t\t\t\t<figcaption class='wp-caption-text gallery-caption' id='gallery-1-17487'>\n\t\t\t\tLa balade hivernale 2024 sous la neige\n\t\t\t\t<\/figcaption><\/figure><figure class='gallery-item'>\n\t\t\t<div class='gallery-icon landscape'>\n\t\t\t\t<a href='https:\/\/ecoles.rixensart.be\/centre\/aperix\/421239824_770275811798370_2065682363565497090_n\/'><img loading=\"lazy\" decoding=\"async\" width=\"584\" height=\"438\" src=\"https:\/\/ecoles.rixensart.be\/centre\/wp-content\/uploads\/2024\/05\/421239824_770275811798370_2065682363565497090_n-1024x768.jpg\" class=\"attachment-large size-large\" alt=\"\" aria-describedby=\"gallery-1-17488\" srcset=\"https:\/\/ecoles.rixensart.be\/centre\/wp-content\/uploads\/2024\/05\/421239824_770275811798370_2065682363565497090_n-1024x768.jpg 1024w, https:\/\/ecoles.rixensart.be\/centre\/wp-content\/uploads\/2024\/05\/421239824_770275811798370_2065682363565497090_n-300x225.jpg 300w, https:\/\/ecoles.rixensart.be\/centre\/wp-content\/uploads\/2024\/05\/421239824_770275811798370_2065682363565497090_n-768x576.jpg 768w, https:\/\/ecoles.rixensart.be\/centre\/wp-content\/uploads\/2024\/05\/421239824_770275811798370_2065682363565497090_n-1536x1152.jpg 1536w, https:\/\/ecoles.rixensart.be\/centre\/wp-content\/uploads\/2024\/05\/421239824_770275811798370_2065682363565497090_n.jpg 1600w\" sizes=\"auto, (max-width: 584px) 100vw, 584px\" \/><\/a>\n\t\t\t<\/div>\n\t\t\t\t<figcaption class='wp-caption-text gallery-caption' id='gallery-1-17488'>\n\t\t\t\tL&#8217;\u00e9quipe organisatrice\n\t\t\t\t<\/figcaption><\/figure><figure class='gallery-item'>\n\t\t\t<div class='gallery-icon landscape'>\n\t\t\t\t<a href='https:\/\/ecoles.rixensart.be\/centre\/aperix\/336154136_1924225754603715_8981392208052803195_n\/'><img loading=\"lazy\" decoding=\"async\" width=\"584\" height=\"329\" src=\"https:\/\/ecoles.rixensart.be\/centre\/wp-content\/uploads\/2024\/05\/336154136_1924225754603715_8981392208052803195_n-1024x576.jpg\" class=\"attachment-large size-large\" alt=\"\" aria-describedby=\"gallery-1-17486\" srcset=\"https:\/\/ecoles.rixensart.be\/centre\/wp-content\/uploads\/2024\/05\/336154136_1924225754603715_8981392208052803195_n-1024x576.jpg 1024w, https:\/\/ecoles.rixensart.be\/centre\/wp-content\/uploads\/2024\/05\/336154136_1924225754603715_8981392208052803195_n-300x169.jpg 300w, https:\/\/ecoles.rixensart.be\/centre\/wp-content\/uploads\/2024\/05\/336154136_1924225754603715_8981392208052803195_n-768x432.jpg 768w, https:\/\/ecoles.rixensart.be\/centre\/wp-content\/uploads\/2024\/05\/336154136_1924225754603715_8981392208052803195_n.jpg 1280w\" sizes=\"auto, (max-width: 584px) 100vw, 584px\" \/><\/a>\n\t\t\t<\/div>\n\t\t\t\t<figcaption class='wp-caption-text gallery-caption' id='gallery-1-17486'>\n\t\t\t\tLa f\u00eate des sorciers et sorci\u00e8res 2023\n\t\t\t\t<\/figcaption><\/figure><figure class='gallery-item'>\n\t\t\t<div class='gallery-icon landscape'>\n\t\t\t\t<a href='https:\/\/ecoles.rixensart.be\/centre\/aperix\/335013093_1249970432395367_2343516996242396000_n\/'><img loading=\"lazy\" decoding=\"async\" width=\"584\" height=\"438\" src=\"https:\/\/ecoles.rixensart.be\/centre\/wp-content\/uploads\/2024\/05\/335013093_1249970432395367_2343516996242396000_n-1024x768.jpg\" class=\"attachment-large size-large\" alt=\"\" aria-describedby=\"gallery-1-17485\" srcset=\"https:\/\/ecoles.rixensart.be\/centre\/wp-content\/uploads\/2024\/05\/335013093_1249970432395367_2343516996242396000_n-1024x768.jpg 1024w, https:\/\/ecoles.rixensart.be\/centre\/wp-content\/uploads\/2024\/05\/335013093_1249970432395367_2343516996242396000_n-300x225.jpg 300w, https:\/\/ecoles.rixensart.be\/centre\/wp-content\/uploads\/2024\/05\/335013093_1249970432395367_2343516996242396000_n-768x576.jpg 768w, https:\/\/ecoles.rixensart.be\/centre\/wp-content\/uploads\/2024\/05\/335013093_1249970432395367_2343516996242396000_n-1536x1152.jpg 1536w, https:\/\/ecoles.rixensart.be\/centre\/wp-content\/uploads\/2024\/05\/335013093_1249970432395367_2343516996242396000_n.jpg 2048w\" sizes=\"auto, (max-width: 584px) 100vw, 584px\" \/><\/a>\n\t\t\t<\/div>\n\t\t\t\t<figcaption class='wp-caption-text gallery-caption' id='gallery-1-17485'>\n\t\t\t\tIl y avait du monde\n\t\t\t\t<\/figcaption><\/figure>\n\t\t<\/div>\n\n<\/div><\/div><\/div>\n<\/div>\n<\/div>\n<\/div>\n<\/div>\n<\/div>\n<\/div>\n","protected":false},"excerpt":{"rendered":"","protected":false},"author":1,"featured_media":0,"parent":0,"menu_order":0,"comment_status":"closed","ping_status":"closed","template":"","meta":{"footnotes":""},"class_list":["post-101","page","type-page","status-publish","hentry"],"_links":{"self":[{"href":"https:\/\/ecoles.rixensart.be\/centre\/wp-json\/wp\/v2\/pages\/101","targetHints":{"allow":["GET"]}}],"collection":[{"href":"https:\/\/ecoles.rixensart.be\/centre\/wp-json\/wp\/v2\/pages"}],"about":[{"href":"https:\/\/ecoles.rixensart.be\/centre\/wp-json\/wp\/v2\/types\/page"}],"author":[{"embeddable":true,"href":"https:\/\/ecoles.rixensart.be\/centre\/wp-json\/wp\/v2\/users\/1"}],"replies":[{"embeddable":true,"href":"https:\/\/ecoles.rixensart.be\/centre\/wp-json\/wp\/v2\/comments?post=101"}],"version-history":[{"count":18,"href":"https:\/\/ecoles.rixensart.be\/centre\/wp-json\/wp\/v2\/pages\/101\/revisions"}],"predecessor-version":[{"id":17540,"href":"https:\/\/ecoles.rixensart.be\/centre\/wp-json\/wp\/v2\/pages\/101\/revisions\/17540"}],"wp:attachment":[{"href":"https:\/\/ecoles.rixensart.be\/centre\/wp-json\/wp\/v2\/media?parent=101"}],"curies":[{"name":"wp","href":"https:\/\/api.w.org\/{rel}","templated":true}]}}