{"id":191,"date":"2021-01-15T13:53:23","date_gmt":"2021-01-15T12:53:23","guid":{"rendered":"http:\/\/ecoles.rixensart.be\/centre\/?page_id=191"},"modified":"2024-11-16T12:47:51","modified_gmt":"2024-11-16T11:47:51","slug":"education-physique-et-natation","status":"publish","type":"page","link":"https:\/\/ecoles.rixensart.be\/centre\/mon-ecole\/education-physique-et-natation\/","title":{"rendered":"\u00c9ducation physique et natation"},"content":{"rendered":"<div id=\"pl-191\"  class=\"panel-layout\" ><div id=\"pg-191-0\"  class=\"panel-grid panel-no-style\" ><div id=\"pgc-191-0-0\"  class=\"panel-grid-cell\" ><div id=\"panel-191-0-0-0\" class=\"so-panel widget widget_sow-editor panel-first-child panel-last-child\" data-index=\"0\" ><div\n\t\t\t\n\t\t\tclass=\"so-widget-sow-editor so-widget-sow-editor-base\"\n\t\t\t\n\t\t>\n<div class=\"siteorigin-widget-tinymce textwidget\">\n\t<p><span class=\"wpcu_block_title\">\u00c9ducation physique et natation<\/span><\/p>\n<p><img loading=\"lazy\" decoding=\"async\" class=\"alignleft size-full wp-image-267\" src=\"http:\/\/ecoles.rixensart.be\/centre\/wp-content\/uploads\/2021\/02\/image001.png\" alt=\"\" width=\"191\" height=\"200\" srcset=\"https:\/\/ecoles.rixensart.be\/centre\/wp-content\/uploads\/2021\/02\/image001.png 878w, https:\/\/ecoles.rixensart.be\/centre\/wp-content\/uploads\/2021\/02\/image001-286x300.png 286w, https:\/\/ecoles.rixensart.be\/centre\/wp-content\/uploads\/2021\/02\/image001-768x805.png 768w\" sizes=\"auto, (max-width: 191px) 100vw, 191px\" \/><br \/>\n<u><strong>Education physique<\/strong><\/u><br \/>\nTenue de sport : sandales blanches, short bleu ou noir.<br \/>\nT-shirt de l\u2019\u00e9cole.<\/p>\n<p><span style=\"clear: both; display: block;\">\u00a0\u00a0<\/span><\/p>\n<p><img loading=\"lazy\" decoding=\"async\" class=\"alignleft size-medium wp-image-268\" src=\"http:\/\/ecoles.rixensart.be\/centre\/wp-content\/uploads\/2021\/02\/image003-300x270.png\" alt=\"\" width=\"222\" height=\"200\" srcset=\"https:\/\/ecoles.rixensart.be\/centre\/wp-content\/uploads\/2021\/02\/image003-300x270.png 300w, https:\/\/ecoles.rixensart.be\/centre\/wp-content\/uploads\/2021\/02\/image003-768x691.png 768w, https:\/\/ecoles.rixensart.be\/centre\/wp-content\/uploads\/2021\/02\/image003.png 1000w\" sizes=\"auto, (max-width: 222px) 100vw, 222px\" \/><br \/>\n<u><strong>Natation<\/strong><\/u><br \/>\nLe bonnet est obligatoire. Pas de short de plage pour les gar\u00e7ons et un maillot une pi\u00e8ce pour les filles. Cette activit\u00e9 sportive et bienfaisante est obligatoire pour tous les enfants qui ne peuvent en \u00eatre dispens\u00e9s que par un certificat m\u00e9dical comme pour le cours d\u2019\u00e9ducation physique.<\/p>\n<p>Si votre enfant a un abonnement \u00e0 la piscine de Rixensart, veuillez en fournir une copie au secr\u00e9tariat, en d\u00e9but d\u2019ann\u00e9e scolaire.<\/p>\n<\/div>\n<\/div><\/div><\/div><\/div><\/div>","protected":false},"excerpt":{"rendered":"<p>\u00c9ducation physique et natation Education physique Tenue de sport : sandales blanches, short bleu ou noir. T-shirt de l\u2019\u00e9cole. \u00a0\u00a0 Natation Le bonnet est obligatoire. Pas de short de plage pour les gar\u00e7ons et un maillot une pi\u00e8ce pour les filles. Cette activit\u00e9 sportive et bienfaisante est obligatoire pour tous<a href=\"https:\/\/ecoles.rixensart.be\/centre\/mon-ecole\/education-physique-et-natation\/\" class=\"read-more\">Read More<\/a><\/p>\n","protected":false},"author":1,"featured_media":0,"parent":32,"menu_order":0,"comment_status":"closed","ping_status":"closed","template":"fullwidth.php","meta":{"footnotes":""},"class_list":["post-191","page","type-page","status-publish","hentry"],"_links":{"self":[{"href":"https:\/\/ecoles.rixensart.be\/centre\/wp-json\/wp\/v2\/pages\/191","targetHints":{"allow":["GET"]}}],"collection":[{"href":"https:\/\/ecoles.rixensart.be\/centre\/wp-json\/wp\/v2\/pages"}],"about":[{"href":"https:\/\/ecoles.rixensart.be\/centre\/wp-json\/wp\/v2\/types\/page"}],"author":[{"embeddable":true,"href":"https:\/\/ecoles.rixensart.be\/centre\/wp-json\/wp\/v2\/users\/1"}],"replies":[{"embeddable":true,"href":"https:\/\/ecoles.rixensart.be\/centre\/wp-json\/wp\/v2\/comments?post=191"}],"version-history":[{"count":12,"href":"https:\/\/ecoles.rixensart.be\/centre\/wp-json\/wp\/v2\/pages\/191\/revisions"}],"predecessor-version":[{"id":17601,"href":"https:\/\/ecoles.rixensart.be\/centre\/wp-json\/wp\/v2\/pages\/191\/revisions\/17601"}],"up":[{"embeddable":true,"href":"https:\/\/ecoles.rixensart.be\/centre\/wp-json\/wp\/v2\/pages\/32"}],"wp:attachment":[{"href":"https:\/\/ecoles.rixensart.be\/centre\/wp-json\/wp\/v2\/media?parent=191"}],"curies":[{"name":"wp","href":"https:\/\/api.w.org\/{rel}","templated":true}]}}