{"id":198,"date":"2021-01-15T13:57:49","date_gmt":"2021-01-15T12:57:49","guid":{"rendered":"http:\/\/ecoles.rixensart.be\/centre\/?page_id=198"},"modified":"2024-11-16T15:24:39","modified_gmt":"2024-11-16T14:24:39","slug":"frequentation-scolaire","status":"publish","type":"page","link":"https:\/\/ecoles.rixensart.be\/centre\/mon-ecole\/frequentation-scolaire\/","title":{"rendered":"Fr\u00e9quentation scolaire"},"content":{"rendered":"<div id=\"pl-198\"  class=\"panel-layout\" ><div id=\"pg-198-0\"  class=\"panel-grid panel-no-style\" ><div id=\"pgc-198-0-0\"  class=\"panel-grid-cell\" ><div id=\"panel-198-0-0-0\" class=\"so-panel widget widget_sow-editor panel-first-child panel-last-child\" data-index=\"0\" ><div\n\t\t\t\n\t\t\tclass=\"so-widget-sow-editor so-widget-sow-editor-base\"\n\t\t\t\n\t\t>\n<div class=\"siteorigin-widget-tinymce textwidget\">\n\t<p><span class=\"wpcu_block_title\">Fr\u00e9quentation scolaire<\/span><\/p>\n<p>L\u2019\u00e9l\u00e8ve est soumis \u00e0 l\u2019obligation scolaire d\u00e8s ses 5 ans (3<sup>e<\/sup> maternelle).<br \/>\nLes cours doivent \u00eatre suivis assidument du premier au dernier jour de l'ann\u00e9e scolaire.<br \/>\nToute absence doit \u00eatre dument justifi\u00e9e.<\/p>\n<p>Les motifs d\u2019absence reconnus comme l\u00e9galement valables sont :<\/p>\n<ul>\n<li>l\u2019indisposition ou la maladie de l\u2019\u00e9l\u00e8ve couverte par un certificat m\u00e9dical,<\/li>\n<li>le d\u00e9c\u00e8s d\u2019un parent ou alli\u00e9 de l'\u00e9l\u00e8ve,<\/li>\n<li>la convocation par une autorit\u00e9 publique.<\/li>\n<li>Attention : \u00ab raisons familiales \u00bb n\u2019est pas un motif valable.<\/li>\n<\/ul>\n<p>Les autres motifs sont soumis \u00e0 l'appr\u00e9ciation de la direction et de la v\u00e9rification, pour autant qu'ils rel\u00e8vent d'un cas de force majeure ou de circonstances exceptionnelles li\u00e9s \u00e0 des probl\u00e8mes familiaux, de sant\u00e9 mentale ou physique de l'\u00e9l\u00e8ve, ou de transports.<\/p>\n<\/div>\n<\/div><\/div><\/div><\/div><\/div>","protected":false},"excerpt":{"rendered":"<p>Fr\u00e9quentation scolaire L\u2019\u00e9l\u00e8ve est soumis \u00e0 l\u2019obligation scolaire d\u00e8s ses 5 ans (3e maternelle). Les cours doivent \u00eatre suivis assidument du premier au dernier jour de l&rsquo;ann\u00e9e scolaire. Toute absence doit \u00eatre dument justifi\u00e9e. Les motifs d\u2019absence reconnus comme l\u00e9galement valables sont : l\u2019indisposition ou la maladie de l\u2019\u00e9l\u00e8ve couverte<a href=\"https:\/\/ecoles.rixensart.be\/centre\/mon-ecole\/frequentation-scolaire\/\" class=\"read-more\">Read More<\/a><\/p>\n","protected":false},"author":1,"featured_media":0,"parent":32,"menu_order":0,"comment_status":"closed","ping_status":"closed","template":"fullwidth.php","meta":{"footnotes":""},"class_list":["post-198","page","type-page","status-publish","hentry"],"_links":{"self":[{"href":"https:\/\/ecoles.rixensart.be\/centre\/wp-json\/wp\/v2\/pages\/198","targetHints":{"allow":["GET"]}}],"collection":[{"href":"https:\/\/ecoles.rixensart.be\/centre\/wp-json\/wp\/v2\/pages"}],"about":[{"href":"https:\/\/ecoles.rixensart.be\/centre\/wp-json\/wp\/v2\/types\/page"}],"author":[{"embeddable":true,"href":"https:\/\/ecoles.rixensart.be\/centre\/wp-json\/wp\/v2\/users\/1"}],"replies":[{"embeddable":true,"href":"https:\/\/ecoles.rixensart.be\/centre\/wp-json\/wp\/v2\/comments?post=198"}],"version-history":[{"count":5,"href":"https:\/\/ecoles.rixensart.be\/centre\/wp-json\/wp\/v2\/pages\/198\/revisions"}],"predecessor-version":[{"id":17605,"href":"https:\/\/ecoles.rixensart.be\/centre\/wp-json\/wp\/v2\/pages\/198\/revisions\/17605"}],"up":[{"embeddable":true,"href":"https:\/\/ecoles.rixensart.be\/centre\/wp-json\/wp\/v2\/pages\/32"}],"wp:attachment":[{"href":"https:\/\/ecoles.rixensart.be\/centre\/wp-json\/wp\/v2\/media?parent=198"}],"curies":[{"name":"wp","href":"https:\/\/api.w.org\/{rel}","templated":true}]}}