{"id":214,"date":"2021-01-15T14:23:43","date_gmt":"2021-01-15T13:23:43","guid":{"rendered":"http:\/\/ecoles.rixensart.be\/centre\/?page_id=214"},"modified":"2025-09-17T11:41:09","modified_gmt":"2025-09-17T09:41:09","slug":"frais-scolaire-repas-chauds","status":"publish","type":"page","link":"https:\/\/ecoles.rixensart.be\/centre\/mon-ecole\/frais-scolaire-repas-chauds\/","title":{"rendered":"Frais scolaires &#8211; Repas chauds"},"content":{"rendered":"<div id=\"pl-214\"  class=\"panel-layout\" ><div id=\"pg-214-0\"  class=\"panel-grid panel-no-style\" ><div id=\"pgc-214-0-0\"  class=\"panel-grid-cell\" ><div id=\"panel-214-0-0-0\" class=\"so-panel widget widget_sow-editor panel-first-child panel-last-child\" data-index=\"0\" ><div\n\t\t\t\n\t\t\tclass=\"so-widget-sow-editor so-widget-sow-editor-base\"\n\t\t\t\n\t\t>\n<div class=\"siteorigin-widget-tinymce textwidget\">\n\t<p><span class=\"wpcu_block_title\">Frais scolaires<\/span><\/p>\n<p><b><u>Maternelles<\/u><\/b><\/p>\n<table class=\"tableLine\" width=\"100%\">\n<tbody>\n<tr>\n<th>Types de frais<\/th>\n<th>Pr\u00e9cisions<\/th>\n<th>Montant approximatif<\/th>\n<\/tr>\n<tr>\n<td>Les frais de piscine (uniquement en M3)<\/td>\n<td>Le montant varie en fonction de l\u2019ann\u00e9e scolaire et de la fili\u00e8re de l\u2019enfant (p\u00e9riodicit\u00e9 diff\u00e9rente)<\/td>\n<td>50 \u20ac<\/td>\n<\/tr>\n<tr>\n<td>Les frais li\u00e9s aux activit\u00e9s scolaires culturelles et sportives<\/td>\n<td>\n<ul>\n<li>Plan\u00e8te M\u00f4mes<\/li>\n<li>Th\u00e9\u00e2tres (Zanni, 3 Chardons, Centre culturel de Rixensart\u2026)<\/li>\n<li>Cap Sciences<\/li>\n<li>Jeunesses musicales<\/li>\n<li>Journ\u00e9e sportive<\/li>\n<\/ul>\n<\/td>\n<td>45 \u20ac<\/td>\n<\/tr>\n<\/tbody>\n<\/table>\n<p><b><u>Primaires <\/u><\/b><\/p>\n<table class=\"tableLine\" width=\"100%\">\n<tbody>\n<tr>\n<th>Types de frais<\/th>\n<th>Pr\u00e9cisions<\/th>\n<th>Montant approximatif<\/th>\n<\/tr>\n<tr>\n<td>Les frais de piscine<\/td>\n<td>Le montant varie en fonction de l\u2019ann\u00e9e scolaire et de la fili\u00e8re de l\u2019enfant (p\u00e9riodicit\u00e9 diff\u00e9rente)<\/td>\n<td>50 \u20ac<\/td>\n<\/tr>\n<tr>\n<td>Les frais li\u00e9s aux activit\u00e9s scolaires culturelles et sportives<\/td>\n<td>\n<ul>\n<li>Plan\u00e8te M\u00f4mes<\/li>\n<li>Th\u00e9\u00e2tres (3 Chardons, Centre culturel de Rixensart, Kramik\u2026<\/li>\n<li>Cap Sciences<\/li>\n<li>Cap Horizon<\/li>\n<li>Jeunesses musicales<\/li>\n<li>Journ\u00e9e sportive Rallye lecture<\/li>\n<li>MEGA<\/li>\n<\/ul>\n<\/td>\n<td>Les limites des plafonds seront fix\u00e9s ult\u00e9rieurement par le Gouvernement<\/td>\n<\/tr>\n<tr>\n<td>Les frais li\u00e9s aux s\u00e9jours p\u00e9dagogiques avec nuit\u00e9e(s)<\/td>\n<td>-<\/td>\n<td>Les limites des plafonds seront fix\u00e9s ult\u00e9rieurement par le Gouvernement<\/td>\n<\/tr>\n<\/tbody>\n<\/table>\n<p><span style=\"clear: both; display: block;\">\u00a0\u00a0<\/span><br \/>\n<span class=\"wpcu_block_title\">Repas chauds<\/span><\/p>\n<p>Tout au long de l\u2019ann\u00e9e scolaire, vous pouvez inscrire votre enfant aux repas chauds.<br \/>\nPour tout renseignement, inscription, annulation ou modification :<br \/>\n02\/653 95 45 ou <a href=\"mailto:secretariat.centre@ecoles.rixensart.be\">secretariat.centre@ecoles.rixensart.be<\/a><\/p>\n<p><b><u>Tarifs 2022-2023<\/u><\/b><\/p>\n<table class=\"tableLine\">\n<tbody>\n<tr>\n<th colspan=\"2\">En maternelle<\/th>\n<\/tr>\n<tr>\n<td>Le repas (plat + dessert)<\/td>\n<td>3.75 \u20ac<\/td>\n<\/tr>\n<tr>\n<td>Le potage<\/td>\n<td>0.50 \u20ac<\/td>\n<\/tr>\n<tr>\n<th colspan=\"2\">En primaire<\/th>\n<\/tr>\n<tr>\n<td>Le repas (plat + dessert)<\/td>\n<td>4.20 \u20ac<\/td>\n<\/tr>\n<tr>\n<td>Le potage<\/td>\n<td>0.65 \u20ac<\/td>\n<\/tr>\n<\/tbody>\n<\/table>\n<p>&nbsp;<\/p>\n<p><b>Si vous d\u00e9sirez annuler ou modifier votre commande, il vous suffit d\u2019envoyer un mail ou de t\u00e9l\u00e9phoner la veille avant 10h (\u00e0 l\u2019exception du week-end)<\/b>.<br \/>\nNous vous demandons de ne pas solliciter les enseignants et le personnel de garderie mais de passer directement par le secr\u00e9tariat.<br \/>\nAttention, il n\u2019y a pas de commande \u00ab \u00e0 la carte \u00bb. Les commandes doivent \u00eatre fixes et r\u00e9guli\u00e8res (exemple : repas tous les mardis). Les commandes sont cl\u00f4tur\u00e9es chez le traiteur le 19 du mois qui pr\u00e9c\u00e8de (par exemple : les commandes du mois de d\u00e9cembre sont cl\u00f4tur\u00e9es le 19 novembre).<\/p>\n<\/div>\n<\/div><\/div><\/div><\/div><\/div>","protected":false},"excerpt":{"rendered":"<p>Frais scolaires Maternelles Types de frais Pr\u00e9cisions Montant approximatif Les frais de piscine (uniquement en M3) Le montant varie en fonction de l\u2019ann\u00e9e scolaire et de la fili\u00e8re de l\u2019enfant (p\u00e9riodicit\u00e9 diff\u00e9rente) 50 \u20ac Les frais li\u00e9s aux activit\u00e9s scolaires culturelles et sportives Plan\u00e8te M\u00f4mes Th\u00e9\u00e2tres (Zanni, 3 Chardons, Centre<a href=\"https:\/\/ecoles.rixensart.be\/centre\/mon-ecole\/frais-scolaire-repas-chauds\/\" class=\"read-more\">Read More<\/a><\/p>\n","protected":false},"author":1,"featured_media":0,"parent":32,"menu_order":0,"comment_status":"closed","ping_status":"closed","template":"fullwidth.php","meta":{"footnotes":""},"class_list":["post-214","page","type-page","status-publish","hentry"],"_links":{"self":[{"href":"https:\/\/ecoles.rixensart.be\/centre\/wp-json\/wp\/v2\/pages\/214","targetHints":{"allow":["GET"]}}],"collection":[{"href":"https:\/\/ecoles.rixensart.be\/centre\/wp-json\/wp\/v2\/pages"}],"about":[{"href":"https:\/\/ecoles.rixensart.be\/centre\/wp-json\/wp\/v2\/types\/page"}],"author":[{"embeddable":true,"href":"https:\/\/ecoles.rixensart.be\/centre\/wp-json\/wp\/v2\/users\/1"}],"replies":[{"embeddable":true,"href":"https:\/\/ecoles.rixensart.be\/centre\/wp-json\/wp\/v2\/comments?post=214"}],"version-history":[{"count":27,"href":"https:\/\/ecoles.rixensart.be\/centre\/wp-json\/wp\/v2\/pages\/214\/revisions"}],"predecessor-version":[{"id":17822,"href":"https:\/\/ecoles.rixensart.be\/centre\/wp-json\/wp\/v2\/pages\/214\/revisions\/17822"}],"up":[{"embeddable":true,"href":"https:\/\/ecoles.rixensart.be\/centre\/wp-json\/wp\/v2\/pages\/32"}],"wp:attachment":[{"href":"https:\/\/ecoles.rixensart.be\/centre\/wp-json\/wp\/v2\/media?parent=214"}],"curies":[{"name":"wp","href":"https:\/\/api.w.org\/{rel}","templated":true}]}}