{"id":228,"date":"2021-01-15T14:42:47","date_gmt":"2021-01-15T13:42:47","guid":{"rendered":"http:\/\/ecoles.rixensart.be\/centre\/?page_id=228"},"modified":"2025-06-05T12:58:05","modified_gmt":"2025-06-05T10:58:05","slug":"sante","status":"publish","type":"page","link":"https:\/\/ecoles.rixensart.be\/centre\/mon-ecole\/sante\/","title":{"rendered":"Sant\u00e9"},"content":{"rendered":"<div id=\"pl-228\"  class=\"panel-layout\" ><div id=\"pg-228-0\"  class=\"panel-grid panel-no-style\" ><div id=\"pgc-228-0-0\"  class=\"panel-grid-cell\" ><div id=\"panel-228-0-0-0\" class=\"so-panel widget widget_sow-editor panel-first-child panel-last-child\" data-index=\"0\" ><div\n\t\t\t\n\t\t\tclass=\"so-widget-sow-editor so-widget-sow-editor-base\"\n\t\t\t\n\t\t>\n<div class=\"siteorigin-widget-tinymce textwidget\">\n\t<p><span class=\"wpcu_block_title\">Sant\u00e9 (m\u00e9dicaments, Centre de Sant\u00e9 (PSE), PMS et accidents scolaires)<\/span><\/p>\n<p>Si vous d\u00e9couvrez des POUX dans la chevelure de votre enfant, AVERTISSEZ sans tarder l\u2019enseignant ou la direction de l\u2019\u00e9cole. Un traitement adapt\u00e9 et\/ou pr\u00e9ventif peut enrayer une \u00e9pid\u00e9mie.<br \/>\nEn cas de maladie contagieuse, avertissez imm\u00e9diatement la direction de l\u2019\u00e9cole.<br \/>\nSi votre enfant est malade, manifestement pas apte \u00e0 suivre les cours, il ne doit pas \u00eatre conduit \u00e0 l\u2019\u00e9cole.<br \/>\nS\u2019il convenait, de mani\u00e8re imp\u00e9rative, qu\u2019il prenne des m\u00e9dicaments pendant qu\u2019il est \u00e0 l\u2019\u00e9cole, la proc\u00e9dure qui suit doit \u00eatre obligatoirement respect\u00e9e :<\/p>\n<ol>\n<li>Un certificat m\u00e9dical doit \u00eatre remis au titulaire de classe qui indique clairement l\u2019obligation de prendre un m\u00e9dicament pendant les heures de cours, la description du m\u00e9dicament et la posologie.<\/li>\n<li>Un \u00e9crit \u00e9manant de la personne exer\u00e7ant l\u2019autorit\u00e9 parentale sur l\u2019\u00e9l\u00e8ve doit \u00eatre remis au titulaire de classe pour demander explicitement la collaboration de l\u2019\u00e9cole \u00e0 l\u2019occasion de la dispensation du m\u00e9dicament.<\/li>\n<li>Le m\u00e9dicament doit \u00eatre remis au titulaire.<\/li>\n<\/ol>\n<p>Il est soulign\u00e9 que les enseignants ne disposent d\u2019aucune comp\u00e9tence particuli\u00e8re en mati\u00e8re de dispensation d\u2019un m\u00e9dicament. Par cons\u00e9quent, aucun m\u00e9dicament ne sera donn\u00e9 aux enfants.<br \/>\nSi l\u2019enfant ne se sent pas bien au cours de la journ\u00e9e, ses parents (ou les personnes renseign\u00e9es sur la fiche signal\u00e9tique) seront imm\u00e9diatement avertis par t\u00e9l\u00e9phone.<br \/>\nAucun enseignant ne peut jamais transporter un \u00e9l\u00e8ve malade ou bless\u00e9 dans son propre v\u00e9hicule.<br \/>\nLes frais m\u00e9dicaux engag\u00e9s par l\u2019\u00e9cole devront \u00eatre rembours\u00e9s dans les plus brefs d\u00e9lais.<br \/>\nEn cas d\u2019accident ou de malaise, les parents seront pr\u00e9venus le plus rapidement possible, toutefois, n\u2019importe quel membre de l\u2019\u00e9quipe \u00e9ducative se r\u00e9serve le droit d\u2019appeler tout m\u00e9decin disponible ou le service des urgences.<\/p>\n<p><span style=\"clear: both; display: block;\">\u00a0\u00a0<\/span><br \/>\n<img loading=\"lazy\" decoding=\"async\" class=\"alignleft size-full wp-image-135\" src=\"http:\/\/ecoles.rixensart.be\/centre\/wp-content\/uploads\/2021\/01\/PSE.jpg\" alt=\"\" width=\"111\" height=\"150\" \/><br \/>\n<b><u>Promotion Sant\u00e9 \u00c9cole<\/u><\/b><br \/>\nLa visite au centre de sant\u00e9 scolaire est obligatoire pour tous les enfants de 1<sup>e<\/sup> et 3<sup>e<\/sup> maternelle ainsi que les pour les \u00e9l\u00e8ves de 2<sup>e<\/sup>\u00a0et 6<sup>e<\/sup>\u00a0primaire. Le test de la vue est r\u00e9alis\u00e9 en 4<sup>e<\/sup> primaire.<br \/>\nAdresse : Montagne d'Ais\u00e9mont 119 - 1300 Wavre \u2013 T\u00e9l\u00e9phone : 010\/22 45 51<\/p>\n<p><span style=\"clear: both; display: block;\">\u00a0\u00a0<\/span><br \/>\n<img loading=\"lazy\" decoding=\"async\" class=\"alignleft size-full wp-image-293\" src=\"http:\/\/ecoles.rixensart.be\/centre\/wp-content\/uploads\/2021\/02\/image006.png\" alt=\"\" width=\"63\" height=\"63\" \/><br \/>\n<b><u>Centre PMS<\/u><\/b><br \/>\nL\u2019\u00e9cole communale du Centre de Rixensart collabore avec le Centre Psycho-<br \/>\nM\u00e9dico-Social de Wavre 3 situ\u00e9 rue Fran\u00e7ois Dubois, 2 \u00e0 1310 La Hulpe.<\/p>\n<p>https:\/\/centrepms.be\/wavre3\/<\/p>\n<p>Personnes de contact :<\/p>\n<p>Conseill\u00e8re psychop\u00e9dagogique :<br \/>\nMme Ir\u00e8ne STENUIT - irene.stenuit@centrepms.be<\/p>\n<p>Assistante sociale :<br \/>\nMme Anne FIORE - anne.fiore@centrepms.be<\/p>\n<p>T\u00e9l.: 010\/40.01.50<\/p>\n<p><span style=\"clear: both; display: block;\">\u00a0\u00a0<\/span><br \/>\n<img loading=\"lazy\" decoding=\"async\" class=\"alignleft size-full wp-image-294\" src=\"http:\/\/ecoles.rixensart.be\/centre\/wp-content\/uploads\/2021\/02\/blessures.jpg\" alt=\"\" width=\"211\" height=\"200\" srcset=\"https:\/\/ecoles.rixensart.be\/centre\/wp-content\/uploads\/2021\/02\/blessures.jpg 1030w, https:\/\/ecoles.rixensart.be\/centre\/wp-content\/uploads\/2021\/02\/blessures-300x284.jpg 300w, https:\/\/ecoles.rixensart.be\/centre\/wp-content\/uploads\/2021\/02\/blessures-1024x970.jpg 1024w, https:\/\/ecoles.rixensart.be\/centre\/wp-content\/uploads\/2021\/02\/blessures-768x728.jpg 768w\" sizes=\"auto, (max-width: 211px) 100vw, 211px\" \/><br \/>\n<b><u>Accidents scolaires<\/u><\/b><br \/>\nVotre enfant est assur\u00e9 aupr\u00e8s d\u2019AXA par le Pouvoir Organisateur.<br \/>\nEn cas d\u2019accident survenu \u00e0 l\u2019\u00e9cole, la direction avertit les parents sur base des renseignements re\u00e7us en d\u00e9but d\u2019ann\u00e9e. Une d\u00e9claration d\u2019accident est rentr\u00e9e d\u00fbment compl\u00e9t\u00e9e \u00e0 la compagnie d\u2019assurance.<br \/>\nLes parents r\u00e8glent les honoraires m\u00e9dicaux. Apr\u00e8s intervention de la mutuelle familiale, l\u2019assurance remboursera sa quote-part. Aucune assurance ne couvre les accidents mat\u00e9riels \u00e0 l\u2019\u00e9cole.<\/p>\n<\/div>\n<\/div><\/div><\/div><\/div><\/div>","protected":false},"excerpt":{"rendered":"<p>Sant\u00e9 (m\u00e9dicaments, Centre de Sant\u00e9 (PSE), PMS et accidents scolaires) Si vous d\u00e9couvrez des POUX dans la chevelure de votre enfant, AVERTISSEZ sans tarder l\u2019enseignant ou la direction de l\u2019\u00e9cole. Un traitement adapt\u00e9 et\/ou pr\u00e9ventif peut enrayer une \u00e9pid\u00e9mie. En cas de maladie contagieuse, avertissez imm\u00e9diatement la direction de l\u2019\u00e9cole.<a href=\"https:\/\/ecoles.rixensart.be\/centre\/mon-ecole\/sante\/\" class=\"read-more\">Read More<\/a><\/p>\n","protected":false},"author":1,"featured_media":0,"parent":32,"menu_order":0,"comment_status":"closed","ping_status":"closed","template":"fullwidth.php","meta":{"footnotes":""},"class_list":["post-228","page","type-page","status-publish","hentry"],"_links":{"self":[{"href":"https:\/\/ecoles.rixensart.be\/centre\/wp-json\/wp\/v2\/pages\/228","targetHints":{"allow":["GET"]}}],"collection":[{"href":"https:\/\/ecoles.rixensart.be\/centre\/wp-json\/wp\/v2\/pages"}],"about":[{"href":"https:\/\/ecoles.rixensart.be\/centre\/wp-json\/wp\/v2\/types\/page"}],"author":[{"embeddable":true,"href":"https:\/\/ecoles.rixensart.be\/centre\/wp-json\/wp\/v2\/users\/1"}],"replies":[{"embeddable":true,"href":"https:\/\/ecoles.rixensart.be\/centre\/wp-json\/wp\/v2\/comments?post=228"}],"version-history":[{"count":11,"href":"https:\/\/ecoles.rixensart.be\/centre\/wp-json\/wp\/v2\/pages\/228\/revisions"}],"predecessor-version":[{"id":17798,"href":"https:\/\/ecoles.rixensart.be\/centre\/wp-json\/wp\/v2\/pages\/228\/revisions\/17798"}],"up":[{"embeddable":true,"href":"https:\/\/ecoles.rixensart.be\/centre\/wp-json\/wp\/v2\/pages\/32"}],"wp:attachment":[{"href":"https:\/\/ecoles.rixensart.be\/centre\/wp-json\/wp\/v2\/media?parent=228"}],"curies":[{"name":"wp","href":"https:\/\/api.w.org\/{rel}","templated":true}]}}