{"id":46,"date":"2021-01-12T11:20:30","date_gmt":"2021-01-12T10:20:30","guid":{"rendered":"http:\/\/ecoles.rixensart.be\/centre\/?page_id=46"},"modified":"2024-11-16T12:32:07","modified_gmt":"2024-11-16T11:32:07","slug":"horaires","status":"publish","type":"page","link":"https:\/\/ecoles.rixensart.be\/centre\/mon-ecole\/horaires\/","title":{"rendered":"Horaires"},"content":{"rendered":"<div id=\"pl-46\"  class=\"panel-layout\" ><div id=\"pg-46-0\"  class=\"panel-grid panel-no-style\" ><div id=\"pgc-46-0-0\"  class=\"panel-grid-cell\" ><div id=\"panel-46-0-0-0\" class=\"so-panel widget widget_sow-editor panel-first-child panel-last-child\" data-index=\"0\" ><div\n\t\t\t\n\t\t\tclass=\"so-widget-sow-editor so-widget-sow-editor-base\"\n\t\t\t\n\t\t>\n<div class=\"siteorigin-widget-tinymce textwidget\">\n\t<p><span class=\"wpcu_block_title\">Horaires<\/span><\/p>\n<p><b><u>Maternelles<\/u><\/b><\/p>\n<p>Accueil \u00e0 partir de 7h00 du matin et apr\u00e8s les cours jusqu\u2019\u00e0 18h00.<\/p>\n<p>Horaire des cours : de 8h25 \u00e0 15h05. Le mercredi de 8h25 \u00e0 12h00.<\/p>\n<table style=\"background: #fff; border: 1px solid #d2f7f6;\" width=\"100%\">\n<tbody>\n<tr style=\"background: #d2f7f6;\">\n<td>7h00 - 8h10<\/td>\n<td>Accueil Temps Libre (dans le local garderie ou \u00e0 l'ext\u00e9rieur, en fonction de la m\u00e9t\u00e9o)<\/td>\n<\/tr>\n<tr>\n<td>8h10 - 8h25<\/td>\n<td>Accueil des enfants en classe (pour le cycle 2.5\/5) et dans la cour du marronnier (pour les M3)<\/td>\n<\/tr>\n<tr style=\"background: #d2f7f6;\">\n<td>8h25 - 10h05<\/td>\n<td>Activit\u00e9s<\/td>\n<\/tr>\n<tr>\n<td>10h05 - 10h20<\/td>\n<td>R\u00e9cr\u00e9ation<\/td>\n<\/tr>\n<tr style=\"background: #d2f7f6;\">\n<td>10h20 - 12h00<\/td>\n<td>Activit\u00e9s<\/td>\n<\/tr>\n<tr>\n<td>12h00 - 13h25<\/td>\n<td>Repas, r\u00e9cr\u00e9ation et\/ou mise \u00e0 la sieste<\/td>\n<\/tr>\n<tr style=\"background: #d2f7f6;\">\n<td>13h25 - 15h05<\/td>\n<td>Activit\u00e9s<\/td>\n<\/tr>\n<tr>\n<td>15h05 - 15h15<\/td>\n<td>Surveillance des enfants, dans la cour de r\u00e9cr\u00e9ation, par les enseignants<\/td>\n<\/tr>\n<tr style=\"background: #d2f7f6;\">\n<td>15h15 - 18h00<\/td>\n<td>Accueil Temps Libre<\/td>\n<\/tr>\n<\/tbody>\n<\/table>\n<p>&nbsp;<\/p>\n<p><b><u>Primaires\u00a0<\/u><\/b><\/p>\n<p>Accueil \u00e0 partir de 7h00 du matin et apr\u00e8s les cours jusqu\u2019\u00e0 18h00.<\/p>\n<p>Horaire des cours\u00a0: de 8h25 \u00e0 15h05.\u00a0 Le mercredi de 8h25 \u00e0 12h00.<\/p>\n<table style=\"background: #fff; border: 1px solid #d2f7f6;\" width=\"100%\">\n<tbody>\n<tr style=\"background: #d2f7f6;\">\n<td>7h00 - 8h10<\/td>\n<td>Accueil Temps Libre (dans le local garderie ou \u00e0 l'ext\u00e9rieur, en fonction de la m\u00e9t\u00e9o)<\/td>\n<\/tr>\n<tr>\n<td>8h10 - 8h25<\/td>\n<td>Accueil dans les cours de r\u00e9cr\u00e9ation<\/td>\n<\/tr>\n<tr style=\"background: #d2f7f6;\">\n<td>8h25 - 10h05<\/td>\n<td>Cours<\/td>\n<\/tr>\n<tr>\n<td>10h05 - 10h20<\/td>\n<td>R\u00e9cr\u00e9ation<\/td>\n<\/tr>\n<tr style=\"background: #d2f7f6;\">\n<td>10h20 - 12h00<\/td>\n<td>Cours<\/td>\n<\/tr>\n<tr>\n<td>12h00 - 13h25<\/td>\n<td>Repas, r\u00e9cr\u00e9ation<\/td>\n<\/tr>\n<tr style=\"background: #d2f7f6;\">\n<td>13h25 - 15h05<\/td>\n<td>Cours<\/td>\n<\/tr>\n<tr>\n<td>15h05 - 15h15<\/td>\n<td>Surveillance des enfants, dans la cour de r\u00e9cr\u00e9ation, par les enseignants<\/td>\n<\/tr>\n<tr style=\"background: #d2f7f6;\">\n<td>15h15 - 18h00<\/td>\n<td>Accueil Temps Libre<\/td>\n<\/tr>\n<\/tbody>\n<\/table>\n<p>&nbsp;<\/p>\n<\/div>\n<\/div><\/div><\/div><\/div><\/div>","protected":false},"excerpt":{"rendered":"<p>Horaires Maternelles Accueil \u00e0 partir de 7h00 du matin et apr\u00e8s les cours jusqu\u2019\u00e0 18h00. Horaire des cours : de 8h25 \u00e0 15h05. Le mercredi de 8h25 \u00e0 12h00. 7h00 &#8211; 8h10 Accueil Temps Libre (dans le local garderie ou \u00e0 l&#8217;ext\u00e9rieur, en fonction de la m\u00e9t\u00e9o) 8h10 &#8211; 8h25<a href=\"https:\/\/ecoles.rixensart.be\/centre\/mon-ecole\/horaires\/\" class=\"read-more\">Read More<\/a><\/p>\n","protected":false},"author":1,"featured_media":0,"parent":32,"menu_order":0,"comment_status":"closed","ping_status":"closed","template":"fullwidth.php","meta":{"footnotes":""},"class_list":["post-46","page","type-page","status-publish","hentry"],"_links":{"self":[{"href":"https:\/\/ecoles.rixensart.be\/centre\/wp-json\/wp\/v2\/pages\/46","targetHints":{"allow":["GET"]}}],"collection":[{"href":"https:\/\/ecoles.rixensart.be\/centre\/wp-json\/wp\/v2\/pages"}],"about":[{"href":"https:\/\/ecoles.rixensart.be\/centre\/wp-json\/wp\/v2\/types\/page"}],"author":[{"embeddable":true,"href":"https:\/\/ecoles.rixensart.be\/centre\/wp-json\/wp\/v2\/users\/1"}],"replies":[{"embeddable":true,"href":"https:\/\/ecoles.rixensart.be\/centre\/wp-json\/wp\/v2\/comments?post=46"}],"version-history":[{"count":28,"href":"https:\/\/ecoles.rixensart.be\/centre\/wp-json\/wp\/v2\/pages\/46\/revisions"}],"predecessor-version":[{"id":17597,"href":"https:\/\/ecoles.rixensart.be\/centre\/wp-json\/wp\/v2\/pages\/46\/revisions\/17597"}],"up":[{"embeddable":true,"href":"https:\/\/ecoles.rixensart.be\/centre\/wp-json\/wp\/v2\/pages\/32"}],"wp:attachment":[{"href":"https:\/\/ecoles.rixensart.be\/centre\/wp-json\/wp\/v2\/media?parent=46"}],"curies":[{"name":"wp","href":"https:\/\/api.w.org\/{rel}","templated":true}]}}