{"id":135,"date":"2017-02-16T09:20:05","date_gmt":"2017-02-16T08:20:05","guid":{"rendered":"http:\/\/ecoles.rixensart.be\/genval\/?page_id=135"},"modified":"2026-01-22T14:34:41","modified_gmt":"2026-01-22T13:34:41","slug":"horaires","status":"publish","type":"page","link":"https:\/\/ecoles.rixensart.be\/genval\/a-propos\/horaires\/","title":{"rendered":"Horaires"},"content":{"rendered":"<div class=\"su-tabs su-tabs-style-default su-tabs-mobile-stack su-tabs-vertical\" data-active=\"1\" data-scroll-offset=\"0\" data-anchor-in-url=\"no\"><div class=\"su-tabs-nav\"><span class=\"\" data-url=\"\" data-target=\"blank\" tabindex=\"0\" role=\"button\">Maternelle<\/span><span class=\"\" data-url=\"\" data-target=\"blank\" tabindex=\"0\" role=\"button\">Primaire<\/span><span class=\"\" data-url=\"\" data-target=\"blank\" tabindex=\"0\" role=\"button\">Cong\u00e9s scolaires<\/span><span class=\"\" data-url=\"\" data-target=\"blank\" tabindex=\"0\" role=\"button\">Journ\u00e9e p\u00e9dagogique<\/span><\/div><div class=\"su-tabs-panes\"><div class=\"su-tabs-pane su-u-clearfix su-u-trim\" data-title=\"Maternelle\">\n<h3>Maternelle <img loading=\"lazy\" decoding=\"async\" class=\" wp-image-721 alignnone\" src=\"https:\/\/ecoles.rixensart.be\/genval\/wp-content\/uploads\/2017\/02\/horaire-picto.png\" alt=\"\" width=\"68\" height=\"68\" \/><\/h3>\n<p>Cours de 8h45 \u00e0 12h00 et de 13h25 \u00e0 15h05. Le mercredi, de 8h45 \u00e0 12h00<\/p>\n<p>Accueil garderie ATL \u00e0 partir de 7h00 du matin et apr\u00e8s les cours jusqu&#8217;\u00e0 18h00<\/p>\n<\/div>\n<div class=\"su-tabs-pane su-u-clearfix su-u-trim\" data-title=\"Primaire\">\n<h3>Primaire <img loading=\"lazy\" decoding=\"async\" class=\" wp-image-721 alignnone\" src=\"https:\/\/ecoles.rixensart.be\/genval\/wp-content\/uploads\/2017\/02\/horaire-picto.png\" alt=\"\" width=\"68\" height=\"68\" \/><\/h3>\n<p>Cours de 8h25 \u00e0 12h00 et de 13h10 \u00e0 15h05. Le mercredi, de 8h25 \u00e0 12h00<\/p>\n<p>Etudes le lundi, mardi et jeudi de 15h15 \u00e0 15h55<\/p>\n<p>Accueil garderie ATL \u00e0 partir de 7h00 jusqu&#8217;\u00e0 7h30 (en commun avec les maternelles dans le r\u00e9fectoire maternelle) , \u00e0 partir de 7h30 dans le r\u00e9fectoire primaire et apr\u00e8s les cours jusqu&#8217;\u00e0 18h00<\/p>\n<\/div>\n<div class=\"su-tabs-pane su-u-clearfix su-u-trim\" data-title=\"Cong\u00e9s scolaires\">\n<h3>Cong\u00e9s scolaires \u00a0<img loading=\"lazy\" decoding=\"async\" class=\" wp-image-722 alignnone\" src=\"https:\/\/ecoles.rixensart.be\/genval\/wp-content\/uploads\/2017\/02\/cong\u00e9s-scolaire-picto.jpg\" alt=\"\" width=\"236\" height=\"92\" srcset=\"https:\/\/ecoles.rixensart.be\/genval\/wp-content\/uploads\/2017\/02\/cong\u00e9s-scolaire-picto.jpg 360w, https:\/\/ecoles.rixensart.be\/genval\/wp-content\/uploads\/2017\/02\/cong\u00e9s-scolaire-picto-300x117.jpg 300w\" sizes=\"(max-width: 236px) 100vw, 236px\" \/><\/h3>\n<p><a href=\"https:\/\/ecoles.rixensart.be\/genval\/wp-content\/uploads\/2026\/01\/Calendrier-2025-2026-CFWB.pdf\">Calendrier-2025-2026 CFWB<\/a><\/p>\n<p><a href=\"https:\/\/ecoles.rixensart.be\/genval\/wp-content\/uploads\/2017\/02\/DClic-Plaine-de-vacances.pdf\">D&#8217;Clic Plaine de vacances<\/a><\/p>\n<p>&nbsp;<\/p>\n<\/div>\n<div class=\"su-tabs-pane su-u-clearfix su-u-trim\" data-title=\"Journ\u00e9e p\u00e9dagogique\">\n<h3>\u00a0\u00a0<img loading=\"lazy\" decoding=\"async\" class=\"wp-image-725 alignnone\" src=\"https:\/\/ecoles.rixensart.be\/genval\/wp-content\/uploads\/2017\/02\/journeepedagogique.jpg\" alt=\"\" width=\"172\" height=\"128\" srcset=\"https:\/\/ecoles.rixensart.be\/genval\/wp-content\/uploads\/2017\/02\/journeepedagogique.jpg 403w, https:\/\/ecoles.rixensart.be\/genval\/wp-content\/uploads\/2017\/02\/journeepedagogique-300x223.jpg 300w\" sizes=\"(max-width: 172px) 100vw, 172px\" \/><\/h3>\n<p>Durant ces\u00a0 journ\u00e9es, les enfants sont en cong\u00e9s. Une garderie est organis\u00e9e de 7h \u00e0 18h selon des modalit\u00e9s qui vous seront communiqu\u00e9es en temps utile. Vous recevrez un mail afin d&#8217;inscrire votre\/vos enfant(s) \u00e0 la garderie.<\/p>\n<p>&nbsp;<\/p>\n<p>&nbsp;<\/p>\n<\/div><\/div><\/div>\n","protected":false},"excerpt":{"rendered":"","protected":false},"author":1,"featured_media":0,"parent":10,"menu_order":0,"comment_status":"closed","ping_status":"closed","template":"fullwidth.php","meta":{"footnotes":""},"_links":{"self":[{"href":"https:\/\/ecoles.rixensart.be\/genval\/wp-json\/wp\/v2\/pages\/135"}],"collection":[{"href":"https:\/\/ecoles.rixensart.be\/genval\/wp-json\/wp\/v2\/pages"}],"about":[{"href":"https:\/\/ecoles.rixensart.be\/genval\/wp-json\/wp\/v2\/types\/page"}],"author":[{"embeddable":true,"href":"https:\/\/ecoles.rixensart.be\/genval\/wp-json\/wp\/v2\/users\/1"}],"replies":[{"embeddable":true,"href":"https:\/\/ecoles.rixensart.be\/genval\/wp-json\/wp\/v2\/comments?post=135"}],"version-history":[{"count":25,"href":"https:\/\/ecoles.rixensart.be\/genval\/wp-json\/wp\/v2\/pages\/135\/revisions"}],"predecessor-version":[{"id":8157,"href":"https:\/\/ecoles.rixensart.be\/genval\/wp-json\/wp\/v2\/pages\/135\/revisions\/8157"}],"up":[{"embeddable":true,"href":"https:\/\/ecoles.rixensart.be\/genval\/wp-json\/wp\/v2\/pages\/10"}],"wp:attachment":[{"href":"https:\/\/ecoles.rixensart.be\/genval\/wp-json\/wp\/v2\/media?parent=135"}],"curies":[{"name":"wp","href":"https:\/\/api.w.org\/{rel}","templated":true}]}}