{"id":137,"date":"2017-02-16T09:20:36","date_gmt":"2017-02-16T08:20:36","guid":{"rendered":"http:\/\/ecoles.rixensart.be\/genval\/?page_id=137"},"modified":"2026-04-14T10:11:52","modified_gmt":"2026-04-14T08:11:52","slug":"repas-chauds","status":"publish","type":"page","link":"https:\/\/ecoles.rixensart.be\/genval\/a-propos\/repas-chauds\/","title":{"rendered":"Repas chauds"},"content":{"rendered":"<h4 style=\"text-align: center;\"><span style=\"color: #ff9900;\"><img loading=\"lazy\" decoding=\"async\" class=\"alignnone wp-image-6105\" src=\"https:\/\/ecoles.rixensart.be\/genval\/wp-content\/uploads\/2023\/04\/cantine-scolaire-caffiers__12529-300x143.jpg\" alt=\"\" width=\"355\" height=\"169\" srcset=\"https:\/\/ecoles.rixensart.be\/genval\/wp-content\/uploads\/2023\/04\/cantine-scolaire-caffiers__12529-300x143.jpg 300w, https:\/\/ecoles.rixensart.be\/genval\/wp-content\/uploads\/2023\/04\/cantine-scolaire-caffiers__12529.jpg 503w\" sizes=\"(max-width: 355px) 100vw, 355px\" \/><\/span><\/h4>\n<p>&nbsp;<\/p>\n<p style=\"text-align: center;\"><span style=\"color: #008000;\">Les commandes\u00a0 se font UNIQUEMENT via la plateforme APSchool. Vous avez la possibilit\u00e9 de commander plusieurs mois \u00e0 l&#8217;avance. En cas de sortie scolaire, visite m\u00e9dicale qui ne sont pas encore planifi\u00e9s, le repas sera automatiquement annul\u00e9 et rembourser<\/span><\/p>\n<p style=\"text-align: center;\"><span style=\"color: #3366ff;\"><a style=\"color: #3366ff;\" href=\"https:\/\/plateforme.apschool.be\/\" target=\"_blank\" rel=\"noopener\">Vers<\/a><a style=\"color: #3366ff;\" href=\"https:\/\/plateforme.apschool.be\/\" target=\"_blank\" rel=\"noopener\"> la plateforme APSchool<\/a><\/span><\/p>\n<p style=\"text-align: center;\"><span style=\"color: #3366ff;\"><a style=\"color: #3366ff;\" href=\"https:\/\/www.youtube.com\/playlist?list=PLBlf4wySvFQJnejBW9oxrccgdQwwf2fIu\" target=\"_blank\" rel=\"noopener\">Tuto Apschool<\/a><\/span><\/p>\n<div style=\"text-align: center;\"><\/div>\n<div style=\"text-align: center;\"><span style=\"color: #008000;\">avril : le jeudi 19\/03<\/span><\/div>\n<div style=\"text-align: center;\"><span style=\"color: #008000;\">mai : le vendredi 17\/04<\/span><\/div>\n<div style=\"text-align: center;\"><span style=\"color: #008000;\">juin : le mardi 19\/05 !! repas du 1er au 26 juin !!<\/span><\/div>\n<div style=\"text-align: center;\"><span style=\"color: #008000;\">Il n&#8217;y a pas de distribution de repas la derni\u00e8re semaine de cours.<\/span><\/div>\n<div><\/div>\n<p style=\"text-align: center;\"><span style=\"color: #339966;\">***<\/span><\/p>\n<p style=\"text-align: center;\"><span style=\"color: #008000;\">MENUS<\/span><\/p>\n<p>&nbsp;<\/p>\n<p style=\"text-align: center;\"><a href=\"https:\/\/ecoles.rixensart.be\/genval\/wp-content\/uploads\/2026\/03\/Menus-Rixensart-ecoles-Avril-2026.pdf\">Menus Rixensart \u00e9coles &#8211; Avril 2026<\/a><\/p>\n<p style=\"text-align: center;\"><a href=\"https:\/\/ecoles.rixensart.be\/genval\/wp-content\/uploads\/2026\/04\/Menus-ecoles-Rixensart-mai-2026.pdf\">Menus \u00e9coles Rixensart mai 2026<\/a><\/p>\n<h4 style=\"text-align: center;\"><span style=\"color: #000080;\">***<\/span><\/h4>\n<p>&nbsp;<\/p>\n<p style=\"text-align: center;\"><span style=\"color: #000080;\">TARIFS 2025 &#8211; 2026<\/span><\/p>\n<p style=\"text-align: center;\"><span style=\"color: #000080;\">En maternelle : le repas (plat + dessert) 3.75 \u20ac\u00a0 \u00a0le potage seul 0.50 \u20ac<\/span><\/p>\n<p style=\"text-align: center;\"><span style=\"color: #000080;\">En primaire :\u00a0 le repas (plat + dessert) 4.20 \u20ac\u00a0 \u00a0le potage seul 0.65 \u20ac<\/span><\/p>\n<p style=\"text-align: center;\"><span style=\"color: #000080;\">Les repas et potages sont servis le lundi, mardi, jeudi et vendredi.<\/span><\/p>\n<p style=\"text-align: center;\">***<\/p>\n<h3 style=\"text-align: center;\"><span style=\"color: #ff9900;\">Les annulations se font UNIQUEMENT via un mail au secr\u00e9tariat et\/ou \u00e0 la direction\u00a0\u00a0la veille avant 10h00 sauf le weekend.<\/span><\/h3>\n<p style=\"text-align: center;\">Il n&#8217;est donc pas possible d&#8217;annuler un repas pour le lundi<\/p>\n<h3 style=\"text-align: center;\"><span style=\"color: #ff0000;\">Pas de cantine la 1\u00e8re semaine et la derni\u00e8re semaine de cours et lors des conf\u00e9rences p\u00e9dagogiques (garderie).<\/span><\/h3>\n<p>&nbsp;<\/p>\n<h3 style=\"text-align: center;\"><\/h3>\n<p>&nbsp;<\/p>\n<p>&nbsp;<\/p>\n<h3><\/h3>\n","protected":false},"excerpt":{"rendered":"<p>&nbsp; Les commandes\u00a0 se font UNIQUEMENT via la plateforme APSchool. Vous avez la possibilit\u00e9 de commander plusieurs mois \u00e0 l&#8217;avance. En cas de sortie scolaire, visite m\u00e9dicale qui ne sont pas encore planifi\u00e9s, le repas sera automatiquement annul\u00e9 et rembourser Vers la plateforme APSchool Tuto Apschool avril : le jeudi<a href=\"https:\/\/ecoles.rixensart.be\/genval\/a-propos\/repas-chauds\/\" class=\"read-more\">Read More<\/a><\/p>\n","protected":false},"author":1,"featured_media":0,"parent":10,"menu_order":0,"comment_status":"closed","ping_status":"closed","template":"fullwidth.php","meta":{"footnotes":""},"_links":{"self":[{"href":"https:\/\/ecoles.rixensart.be\/genval\/wp-json\/wp\/v2\/pages\/137"}],"collection":[{"href":"https:\/\/ecoles.rixensart.be\/genval\/wp-json\/wp\/v2\/pages"}],"about":[{"href":"https:\/\/ecoles.rixensart.be\/genval\/wp-json\/wp\/v2\/types\/page"}],"author":[{"embeddable":true,"href":"https:\/\/ecoles.rixensart.be\/genval\/wp-json\/wp\/v2\/users\/1"}],"replies":[{"embeddable":true,"href":"https:\/\/ecoles.rixensart.be\/genval\/wp-json\/wp\/v2\/comments?post=137"}],"version-history":[{"count":182,"href":"https:\/\/ecoles.rixensart.be\/genval\/wp-json\/wp\/v2\/pages\/137\/revisions"}],"predecessor-version":[{"id":8199,"href":"https:\/\/ecoles.rixensart.be\/genval\/wp-json\/wp\/v2\/pages\/137\/revisions\/8199"}],"up":[{"embeddable":true,"href":"https:\/\/ecoles.rixensart.be\/genval\/wp-json\/wp\/v2\/pages\/10"}],"wp:attachment":[{"href":"https:\/\/ecoles.rixensart.be\/genval\/wp-json\/wp\/v2\/media?parent=137"}],"curies":[{"name":"wp","href":"https:\/\/api.w.org\/{rel}","templated":true}]}}