{"id":139,"date":"2017-02-16T09:21:02","date_gmt":"2017-02-16T08:21:02","guid":{"rendered":"http:\/\/ecoles.rixensart.be\/genval\/?page_id=139"},"modified":"2024-10-18T14:19:41","modified_gmt":"2024-10-18T12:19:41","slug":"le-plaisir-de-lire","status":"publish","type":"page","link":"https:\/\/ecoles.rixensart.be\/genval\/a-propos\/le-plaisir-de-lire\/","title":{"rendered":"RALLYE LECTURE"},"content":{"rendered":"<h2 style=\"text-align: center;\"><span style=\"color: #339966;\">RALLYE-LECTURE POUR TOUS !<\/span><\/h2>\n<p>&nbsp;<\/p>\n<p><img loading=\"lazy\" decoding=\"async\" class=\"size-medium wp-image-7557 aligncenter\" src=\"https:\/\/ecoles.rixensart.be\/genval\/wp-content\/uploads\/2024\/10\/RALLYE-LECTURE-DOS-293x300.jpg\" alt=\"\" width=\"293\" height=\"300\" srcset=\"https:\/\/ecoles.rixensart.be\/genval\/wp-content\/uploads\/2024\/10\/RALLYE-LECTURE-DOS-293x300.jpg 293w, https:\/\/ecoles.rixensart.be\/genval\/wp-content\/uploads\/2024\/10\/RALLYE-LECTURE-DOS.jpg 331w\" sizes=\"(max-width: 293px) 100vw, 293px\" \/><\/p>\n<h2 style=\"text-align: center;\"><span style=\"color: #ff6600;\">Un de nos objectifs p\u00e9dagogiques prioritaires consiste \u00e0 faire de nos \u00e9l\u00e8ves d&#8217;excellents lecteurs. Compr\u00e9hension, inf\u00e9rence, fluence, &#8230; autant de domaines tr\u00e8s importants \u00e0 acqu\u00e9rir maintenant et pour toujours. Chaque classe est \u00e0 pr\u00e9sent \u00e9quip\u00e9e d&#8217;un rallye-lecture qui sera utilis\u00e9 de mille et une mani\u00e8res diff\u00e9rentes pour d\u00e9velopper toutes les comp\u00e9tences et participera \u00e0 faire de vos enfants d&#8217;excellents lecteurs. Quoi de plus enthousiasmant qu&#8217;un projet commun pour un objectif commun ?<\/span><\/h2>\n<blockquote><p>&#8220;La lumi\u00e8re est dans le livre. Ouvrez le livre tout grand. Laissez-le rayonner, laissez-le faire. Qui que vous soyez qui voulez cultiver, vivifier, \u00e9difier, attendrir, apaiser, mettez des livres partout.&#8221; <em>Victor Hugo<\/em><\/p><\/blockquote>\n<p>1\/4 d&#8217;heure lecture dans la cour de r\u00e9cr\u00e9ation<\/p>\n\n<p>Parrainage lecture P2 &#8211; P5<\/p>\n\n<h3>Mais aussi &#8230; le plaisir de la biblioth\u00e8que<\/h3>\n<blockquote><p>Le livre est une fen\u00eatre par laquelle on s&#8217;\u00e9vade. <em>Julien Green<\/em><\/p><\/blockquote>\n<figure id=\"attachment_290\" aria-describedby=\"caption-attachment-290\" style=\"width: 1000px\" class=\"wp-caption alignnone\"><img loading=\"lazy\" decoding=\"async\" class=\"wp-image-290 size-full\" style=\"width: 100%;\" src=\"https:\/\/ecoles.rixensart.be\/genval\/wp-content\/uploads\/2017\/02\/bibliorix.jpg\" alt=\"\" width=\"1000\" height=\"286\" srcset=\"https:\/\/ecoles.rixensart.be\/genval\/wp-content\/uploads\/2017\/02\/bibliorix.jpg 1000w, https:\/\/ecoles.rixensart.be\/genval\/wp-content\/uploads\/2017\/02\/bibliorix-300x86.jpg 300w, https:\/\/ecoles.rixensart.be\/genval\/wp-content\/uploads\/2017\/02\/bibliorix-768x220.jpg 768w\" sizes=\"(max-width: 1000px) 100vw, 1000px\" \/><figcaption id=\"caption-attachment-290\" class=\"wp-caption-text\">Biblioth\u00e8que de Genval<\/figcaption><\/figure>\n<p>D\u00e8s la\u00a0classe d&#8217;accueil,\u00a0les \u00e9l\u00e8ves vont \u00e0 pieds, en balade \u00e0 la biblioth\u00e8que de Genval.<\/p>\n<p>Ils y empruntent des livres qui pourront \u00eatre lus en classe ou \u00e0 la maison.<\/p>\n<p>Mais la biblioth\u00e8que c&#8217;est aussi un lieu de s\u00e9r\u00e9nit\u00e9, d&#8217;\u00e9coute, de d\u00e9couverte, atelier philo, atelier d&#8217;\u00e9criture, lecture \u00e0 haute voix &#8230;..<\/p>\n<p><a href=\"https:\/\/www.rixensart.be\/loisirs\/culture\/bibliotheques\/\" target=\"_blank\" rel=\"noopener\">https:\/\/www.rixensart.be\/loisirs\/culture\/bibliotheques\/<\/a><\/p>\n<p>&nbsp;<\/p>\n<h3><\/h3>\n<p>&nbsp;<\/p>\n<p>&nbsp;<\/p>\n<p class=\"wp-caption-dd\">\n","protected":false},"excerpt":{"rendered":"<p>RALLYE-LECTURE POUR TOUS ! &nbsp; Un de nos objectifs p\u00e9dagogiques prioritaires consiste \u00e0 faire de nos \u00e9l\u00e8ves d&#8217;excellents lecteurs. Compr\u00e9hension, inf\u00e9rence, fluence, &#8230; autant de domaines tr\u00e8s importants \u00e0 acqu\u00e9rir maintenant et pour toujours. Chaque classe est \u00e0 pr\u00e9sent \u00e9quip\u00e9e d&#8217;un rallye-lecture qui sera utilis\u00e9 de mille et une mani\u00e8res<a href=\"https:\/\/ecoles.rixensart.be\/genval\/a-propos\/le-plaisir-de-lire\/\" class=\"read-more\">Read More<\/a><\/p>\n","protected":false},"author":1,"featured_media":0,"parent":10,"menu_order":0,"comment_status":"closed","ping_status":"closed","template":"fullwidth.php","meta":{"footnotes":""},"_links":{"self":[{"href":"https:\/\/ecoles.rixensart.be\/genval\/wp-json\/wp\/v2\/pages\/139"}],"collection":[{"href":"https:\/\/ecoles.rixensart.be\/genval\/wp-json\/wp\/v2\/pages"}],"about":[{"href":"https:\/\/ecoles.rixensart.be\/genval\/wp-json\/wp\/v2\/types\/page"}],"author":[{"embeddable":true,"href":"https:\/\/ecoles.rixensart.be\/genval\/wp-json\/wp\/v2\/users\/1"}],"replies":[{"embeddable":true,"href":"https:\/\/ecoles.rixensart.be\/genval\/wp-json\/wp\/v2\/comments?post=139"}],"version-history":[{"count":33,"href":"https:\/\/ecoles.rixensart.be\/genval\/wp-json\/wp\/v2\/pages\/139\/revisions"}],"predecessor-version":[{"id":7702,"href":"https:\/\/ecoles.rixensart.be\/genval\/wp-json\/wp\/v2\/pages\/139\/revisions\/7702"}],"up":[{"embeddable":true,"href":"https:\/\/ecoles.rixensart.be\/genval\/wp-json\/wp\/v2\/pages\/10"}],"wp:attachment":[{"href":"https:\/\/ecoles.rixensart.be\/genval\/wp-json\/wp\/v2\/media?parent=139"}],"curies":[{"name":"wp","href":"https:\/\/api.w.org\/{rel}","templated":true}]}}