{"id":21,"date":"2017-02-14T13:08:45","date_gmt":"2017-02-14T12:08:45","guid":{"rendered":"http:\/\/ecoles.rixensart.be\/genval\/?page_id=21"},"modified":"2025-09-01T09:42:05","modified_gmt":"2025-09-01T07:42:05","slug":"les-equipes","status":"publish","type":"page","link":"https:\/\/ecoles.rixensart.be\/genval\/a-propos\/les-equipes\/","title":{"rendered":"Les \u00e9quipes"},"content":{"rendered":"<div class=\"su-tabs su-tabs-style-default su-tabs-mobile-stack su-tabs-vertical\" data-active=\"1\" data-scroll-offset=\"0\" data-anchor-in-url=\"no\"><div class=\"su-tabs-nav\"><span class=\"\" data-url=\"\" data-target=\"blank\" tabindex=\"0\" role=\"button\">L'\u00e9quipe p\u00e9dagogique<\/span><span class=\"\" data-url=\"\" data-target=\"blank\" tabindex=\"0\" role=\"button\">L'\u00e9quipe ATL<\/span><span class=\"\" data-url=\"\" data-target=\"blank\" tabindex=\"0\" role=\"button\">L'\u00e9quipe d'entretien<\/span><\/div><div class=\"su-tabs-panes\"><div class=\"su-tabs-pane su-u-clearfix su-u-trim\" data-title=\"L&#039;\u00e9quipe p\u00e9dagogique\">\n<h3 style=\"text-align: left;\"><span style=\"color: #3366ff;\">L&#8217;\u00e9quipe p\u00e9dagogique<\/span><\/h3>\n<p><strong><span style=\"color: #3366ff;\">Direction<\/span> &#8211; <\/strong>Mr C\u00e9dric Wautot<\/p>\n<p><strong><img loading=\"lazy\" decoding=\"async\" class=\"wp-image-3898 alignleft\" src=\"https:\/\/ecoles.rixensart.be\/genval\/wp-content\/uploads\/2020\/11\/bd4e96f9-7c92-472b-9c23-12813b13b4b4-853x1024.jpg\" alt=\"\" width=\"147\" height=\"176\" srcset=\"https:\/\/ecoles.rixensart.be\/genval\/wp-content\/uploads\/2020\/11\/bd4e96f9-7c92-472b-9c23-12813b13b4b4-853x1024.jpg 853w, https:\/\/ecoles.rixensart.be\/genval\/wp-content\/uploads\/2020\/11\/bd4e96f9-7c92-472b-9c23-12813b13b4b4-250x300.jpg 250w, https:\/\/ecoles.rixensart.be\/genval\/wp-content\/uploads\/2020\/11\/bd4e96f9-7c92-472b-9c23-12813b13b4b4-768x921.jpg 768w, https:\/\/ecoles.rixensart.be\/genval\/wp-content\/uploads\/2020\/11\/bd4e96f9-7c92-472b-9c23-12813b13b4b4.jpg 1266w\" sizes=\"(max-width: 147px) 100vw, 147px\" \/><\/strong><\/p>\n<p>&nbsp;<\/p>\n<p>&nbsp;<\/p>\n<p>&nbsp;<\/p>\n<p>&nbsp;<\/p>\n<p>&nbsp;<\/p>\n<p>&nbsp;<\/p>\n<p><strong><span style=\"color: #3366ff;\">Secr\u00e9tariat<\/span> &#8211; <\/strong>Madame Nathalie Klemm<\/p>\n<h3><img loading=\"lazy\" decoding=\"async\" class=\"alignnone wp-image-7959\" src=\"https:\/\/ecoles.rixensart.be\/genval\/wp-content\/uploads\/2025\/09\/nath-secr-232x300.jpg\" alt=\"\" width=\"144\" height=\"186\" srcset=\"https:\/\/ecoles.rixensart.be\/genval\/wp-content\/uploads\/2025\/09\/nath-secr-232x300.jpg 232w, https:\/\/ecoles.rixensart.be\/genval\/wp-content\/uploads\/2025\/09\/nath-secr-790x1024.jpg 790w, https:\/\/ecoles.rixensart.be\/genval\/wp-content\/uploads\/2025\/09\/nath-secr-768x995.jpg 768w, https:\/\/ecoles.rixensart.be\/genval\/wp-content\/uploads\/2025\/09\/nath-secr-1186x1536.jpg 1186w, https:\/\/ecoles.rixensart.be\/genval\/wp-content\/uploads\/2025\/09\/nath-secr-1581x2048.jpg 1581w, https:\/\/ecoles.rixensart.be\/genval\/wp-content\/uploads\/2025\/09\/nath-secr.jpg 1861w\" sizes=\"(max-width: 144px) 100vw, 144px\" \/><\/h3>\n<h3><span style=\"color: #ff99cc;\">Maternelles<\/span><\/h3>\n<div class=\"su-custom-gallery su-custom-gallery-title-hover\"><div class=\"su-custom-gallery-slide\"><a href=\"https:\/\/ecoles.rixensart.be\/genval\/wp-content\/uploads\/2022\/06\/a11908cd-761a-4f03-8835-a21596124931.jpg\" title=\"a11908cd-761a-4f03-8835-a21596124931\"><img loading=\"lazy\" decoding=\"async\" src=\"https:\/\/ecoles.rixensart.be\/genval\/wp-content\/uploads\/2022\/06\/a11908cd-761a-4f03-8835-a21596124931-350x350.jpg\" alt=\"a11908cd-761a-4f03-8835-a21596124931\" width=\"350\" height=\"350\" \/><span class=\"su-custom-gallery-title\">a11908cd-761a-4f03-8835-a21596124931<\/span><\/a><\/div><div class=\"su-clear\"><\/div><\/div>\n<p><strong><span style=\"color: #ff99cc;\">Accueil\/M1A<\/span> &#8211; <\/strong>Mme Sylvie Desmet + Sandy Jockmans le jeudi<\/p>\n<p><strong><span style=\"color: #ff99cc;\">Accueil\/M1B<\/span> &#8211; <\/strong>Mme Alison Dewane<\/p>\n<p><strong><img loading=\"lazy\" decoding=\"async\" class=\"alignnone wp-image-4534\" src=\"https:\/\/ecoles.rixensart.be\/genval\/wp-content\/uploads\/2021\/10\/245963708_1318261778590843_3780161469961426646_n-240x300.jpg\" alt=\"\" width=\"136\" height=\"170\" srcset=\"https:\/\/ecoles.rixensart.be\/genval\/wp-content\/uploads\/2021\/10\/245963708_1318261778590843_3780161469961426646_n-240x300.jpg 240w, https:\/\/ecoles.rixensart.be\/genval\/wp-content\/uploads\/2021\/10\/245963708_1318261778590843_3780161469961426646_n-819x1024.jpg 819w, https:\/\/ecoles.rixensart.be\/genval\/wp-content\/uploads\/2021\/10\/245963708_1318261778590843_3780161469961426646_n-768x960.jpg 768w, https:\/\/ecoles.rixensart.be\/genval\/wp-content\/uploads\/2021\/10\/245963708_1318261778590843_3780161469961426646_n-1229x1536.jpg 1229w, https:\/\/ecoles.rixensart.be\/genval\/wp-content\/uploads\/2021\/10\/245963708_1318261778590843_3780161469961426646_n.jpg 1638w\" sizes=\"(max-width: 136px) 100vw, 136px\" \/><\/strong><\/p>\n<p><span style=\"color: #ff99cc;\"><strong>M2<\/strong><\/span>&#8211; Mme Sabine Ghyssens<\/p>\n<p><span style=\"color: #ff99cc;\"><strong>M2A\/M3A <\/strong><\/span>&#8211; Mme Laurence Delbrassine + H\u00e9l\u00e8ne Aglave le jeudi<\/p>\n<p><strong><img loading=\"lazy\" decoding=\"async\" class=\"wp-image-3901 alignleft\" src=\"https:\/\/ecoles.rixensart.be\/genval\/wp-content\/uploads\/2020\/11\/b2fb8390-0545-4513-a6f9-43cadcc86c9a.jpg\" alt=\"\" width=\"132\" height=\"132\" srcset=\"https:\/\/ecoles.rixensart.be\/genval\/wp-content\/uploads\/2020\/11\/b2fb8390-0545-4513-a6f9-43cadcc86c9a.jpg 960w, https:\/\/ecoles.rixensart.be\/genval\/wp-content\/uploads\/2020\/11\/b2fb8390-0545-4513-a6f9-43cadcc86c9a-150x150.jpg 150w, https:\/\/ecoles.rixensart.be\/genval\/wp-content\/uploads\/2020\/11\/b2fb8390-0545-4513-a6f9-43cadcc86c9a-300x300.jpg 300w, https:\/\/ecoles.rixensart.be\/genval\/wp-content\/uploads\/2020\/11\/b2fb8390-0545-4513-a6f9-43cadcc86c9a-768x767.jpg 768w\" sizes=\"(max-width: 132px) 100vw, 132px\" \/><\/strong><\/p>\n<p>&nbsp;<\/p>\n<p>&nbsp;<\/p>\n<p>&nbsp;<\/p>\n<p>&nbsp;<\/p>\n<p><span style=\"color: #ff99cc;\"><strong>M2B\/M3B <\/strong><\/span>&#8211; Mme Isabelle Paquot<\/p>\n<p><img loading=\"lazy\" decoding=\"async\" class=\"alignnone wp-image-7957\" src=\"https:\/\/ecoles.rixensart.be\/genval\/wp-content\/uploads\/2025\/09\/isabelle-m3-188x300.jpg\" alt=\"\" width=\"136\" height=\"217\" srcset=\"https:\/\/ecoles.rixensart.be\/genval\/wp-content\/uploads\/2025\/09\/isabelle-m3-188x300.jpg 188w, https:\/\/ecoles.rixensart.be\/genval\/wp-content\/uploads\/2025\/09\/isabelle-m3.jpg 402w\" sizes=\"(max-width: 136px) 100vw, 136px\" \/><\/p>\n<p><span style=\"color: #ff99cc;\"><strong>Pu\u00e9ricultrices<\/strong><\/span> &#8211; Mme C\u00e9line\u00a0 &amp; Mme Sarah<\/p>\n<p><span style=\"color: #ff99cc;\"><strong>Animateur CAPE<\/strong> <\/span>&#8211; Mr Fr\u00e9d\u00e9ric<\/p>\n<p><span style=\"color: #ff99cc;\"><strong>Psychomotricit\u00e9<\/strong><\/span> &#8211; Mme Carol Ardans<\/p>\n<p><span style=\"color: #ff99cc;\"><strong>Fla<\/strong><\/span> &#8211; Madame H\u00e9l\u00e8ne Aglave<\/p>\n<p>&nbsp;<\/p>\n<p>&nbsp;<\/p>\n<h3><span style=\"color: #339966;\">Primaires<\/span><\/h3>\n<p><span style=\"color: #339966;\"><strong>P1A <\/strong><\/span>&#8211; Mr Christophe &amp;\u00a0 Sophie Poot le jeudi<\/p>\n<p><strong><img loading=\"lazy\" decoding=\"async\" class=\"alignnone wp-image-4532\" src=\"https:\/\/ecoles.rixensart.be\/genval\/wp-content\/uploads\/2021\/10\/IMG-20191221-WA0005-2-226x300.jpg\" alt=\"\" width=\"143\" height=\"190\" srcset=\"https:\/\/ecoles.rixensart.be\/genval\/wp-content\/uploads\/2021\/10\/IMG-20191221-WA0005-2-226x300.jpg 226w, https:\/\/ecoles.rixensart.be\/genval\/wp-content\/uploads\/2021\/10\/IMG-20191221-WA0005-2.jpg 468w\" sizes=\"(max-width: 143px) 100vw, 143px\" \/>\u00a0 \u00a0\u00a0<\/strong><\/p>\n<p><span style=\"color: #339966;\"><strong>P1B<\/strong><\/span> &#8211; Mme Astrid Vandenbussche<\/p>\n<p><span style=\"color: #339966;\"><strong>P2A<\/strong><\/span> &#8211; Mme Genevi\u00e8ve Bavin &amp; Mme Florence Waleffe le mardi<\/p>\n<p><span style=\"color: #339966;\"><strong>P2B<\/strong> <\/span>&#8211; Mme C\u00e9line D &amp; Mme Florence Waleffe le jeudi<\/p>\n<p><strong><img loading=\"lazy\" decoding=\"async\" class=\" wp-image-3910 alignleft\" src=\"https:\/\/ecoles.rixensart.be\/genval\/wp-content\/uploads\/2020\/11\/7a5aaf2d-c9a9-4aa9-8d4a-d5fb01c320be-178x300.jpg\" alt=\"\" width=\"128\" height=\"216\" srcset=\"https:\/\/ecoles.rixensart.be\/genval\/wp-content\/uploads\/2020\/11\/7a5aaf2d-c9a9-4aa9-8d4a-d5fb01c320be-178x300.jpg 178w, https:\/\/ecoles.rixensart.be\/genval\/wp-content\/uploads\/2020\/11\/7a5aaf2d-c9a9-4aa9-8d4a-d5fb01c320be-768x1292.jpg 768w, https:\/\/ecoles.rixensart.be\/genval\/wp-content\/uploads\/2020\/11\/7a5aaf2d-c9a9-4aa9-8d4a-d5fb01c320be-609x1024.jpg 609w, https:\/\/ecoles.rixensart.be\/genval\/wp-content\/uploads\/2020\/11\/7a5aaf2d-c9a9-4aa9-8d4a-d5fb01c320be.jpg 1141w\" sizes=\"(max-width: 128px) 100vw, 128px\" \/><\/strong><\/p>\n<p>&nbsp;<\/p>\n<p>&nbsp;<\/p>\n<p>&nbsp;<\/p>\n<p>&nbsp;<\/p>\n<p>&nbsp;<\/p>\n<p>&nbsp;<\/p>\n<p><span style=\"color: #339966;\"><strong>P3A<\/strong> <\/span>&#8211; Mr Rudy Zardo<\/p>\n<p><span style=\"color: #339966;\"><strong>P3B<\/strong><\/span> &#8211; Mme Isabelle G\u00e9rard<\/p>\n<p><span style=\"color: #339966;\"><strong>P4A<\/strong> <\/span>&#8211; Mme Dominique Mernier<\/p>\n<p><span style=\"color: #339966;\"><strong>P4B<\/strong> <\/span>&#8211; Mme V\u00e9ronique Callens<\/p>\n<p><span style=\"color: #339966;\"><strong>P5A<\/strong><\/span> &#8211; Mme C\u00e9line Vanbeselaere &amp; Mme Sophie Poot le vendredi<\/p>\n<p><span style=\"color: #339966;\"><strong>P5B<\/strong> <\/span>&#8211; Mme Sophie Collet<\/p>\n<p><span style=\"color: #339966;\"><strong>P6A<\/strong><\/span> &#8211; Mr Philippe Heldenberg &amp; Mme Sophie Poot le lundi<\/p>\n<p><img loading=\"lazy\" decoding=\"async\" class=\"alignnone wp-image-4275\" src=\"https:\/\/ecoles.rixensart.be\/genval\/wp-content\/uploads\/2021\/10\/7e5ae1e5-47ad-4fb0-a72a-771af0e26eab-146x300.jpg\" alt=\"\" width=\"151\" height=\"310\" srcset=\"https:\/\/ecoles.rixensart.be\/genval\/wp-content\/uploads\/2021\/10\/7e5ae1e5-47ad-4fb0-a72a-771af0e26eab-146x300.jpg 146w, https:\/\/ecoles.rixensart.be\/genval\/wp-content\/uploads\/2021\/10\/7e5ae1e5-47ad-4fb0-a72a-771af0e26eab-498x1024.jpg 498w, https:\/\/ecoles.rixensart.be\/genval\/wp-content\/uploads\/2021\/10\/7e5ae1e5-47ad-4fb0-a72a-771af0e26eab-768x1580.jpg 768w, https:\/\/ecoles.rixensart.be\/genval\/wp-content\/uploads\/2021\/10\/7e5ae1e5-47ad-4fb0-a72a-771af0e26eab-747x1536.jpg 747w, https:\/\/ecoles.rixensart.be\/genval\/wp-content\/uploads\/2021\/10\/7e5ae1e5-47ad-4fb0-a72a-771af0e26eab.jpg 933w\" sizes=\"(max-width: 151px) 100vw, 151px\" \/><\/p>\n<p><span style=\"color: #339966;\"><strong>P6B<\/strong><\/span> &#8211; Mr Marc Lison<\/p>\n<p><span style=\"color: #339966;\"><strong>AP<\/strong><\/span> (Accompagnement personnalis\u00e9 P1-P2) &#8211; Florence Waleffe, Julie Lanoo et Maxime Delforge<\/p>\n<p><strong><span style=\"color: #339966;\">D\u00e9l\u00e9gu\u00e9 r\u00e9f\u00e9rent aux besoins sp\u00e9cifiques et am\u00e9nagements raisonnables<\/span>\u00a0<\/strong>&#8211; Mr Philippe Heldenberg<\/p>\n<p><strong><span style=\"color: #339966;\">Animatrice &amp; animateur CAPE<\/span> &#8211;<\/strong> Mme Laurence et Mr Aimable<\/p>\n<p>&nbsp;<\/p>\n<h4><span style=\"color: #666699;\">Pour les options philosophiques<\/span><\/h4>\n<p><span style=\"color: #666699;\"><strong>Morale<\/strong><\/span> &#8211; Mme Fran\u00e7oise Thoen<\/p>\n<p><span style=\"color: #666699;\"><strong>Catholique<\/strong><\/span> &#8211; Mme B\u00e9rang\u00e8re Jacqmotte<\/p>\n<p><img loading=\"lazy\" decoding=\"async\" class=\" wp-image-3906 alignleft\" src=\"https:\/\/ecoles.rixensart.be\/genval\/wp-content\/uploads\/2020\/11\/fd1704f2-8192-413f-afec-b22146b1a9733-225x300.jpg\" alt=\"\" width=\"112\" height=\"149\" srcset=\"https:\/\/ecoles.rixensart.be\/genval\/wp-content\/uploads\/2020\/11\/fd1704f2-8192-413f-afec-b22146b1a9733-225x300.jpg 225w, https:\/\/ecoles.rixensart.be\/genval\/wp-content\/uploads\/2020\/11\/fd1704f2-8192-413f-afec-b22146b1a9733-768x1024.jpg 768w, https:\/\/ecoles.rixensart.be\/genval\/wp-content\/uploads\/2020\/11\/fd1704f2-8192-413f-afec-b22146b1a9733.jpg 1440w\" sizes=\"(max-width: 112px) 100vw, 112px\" \/><\/p>\n<p>&nbsp;<\/p>\n<p>&nbsp;<\/p>\n<p>&nbsp;<\/p>\n<p>&nbsp;<\/p>\n<p>&nbsp;<\/p>\n<p><span style=\"color: #666699;\"><strong>Islamique<\/strong><\/span> &#8211; Mme Faouzia El Nafia<\/p>\n<p><img loading=\"lazy\" decoding=\"async\" class=\"wp-image-3907 alignleft\" src=\"https:\/\/ecoles.rixensart.be\/genval\/wp-content\/uploads\/2020\/11\/130676fc-0493-4bfa-a88a-94a04499af48-169x300.jpg\" alt=\"\" width=\"108\" height=\"192\" srcset=\"https:\/\/ecoles.rixensart.be\/genval\/wp-content\/uploads\/2020\/11\/130676fc-0493-4bfa-a88a-94a04499af48-169x300.jpg 169w, https:\/\/ecoles.rixensart.be\/genval\/wp-content\/uploads\/2020\/11\/130676fc-0493-4bfa-a88a-94a04499af48-576x1024.jpg 576w, https:\/\/ecoles.rixensart.be\/genval\/wp-content\/uploads\/2020\/11\/130676fc-0493-4bfa-a88a-94a04499af48.jpg 750w\" sizes=\"(max-width: 108px) 100vw, 108px\" \/><\/p>\n<p>&nbsp;<\/p>\n<p>&nbsp;<\/p>\n<p>&nbsp;<\/p>\n<p>&nbsp;<\/p>\n<p>&nbsp;<\/p>\n<p>&nbsp;<\/p>\n<p><span style=\"color: #666699;\"><strong>Philosophie et citoyennet\u00e9<\/strong><\/span> &#8211; Mme Julie Lanoo<\/p>\n<p><strong>B\u00e9n\u00e9vole<\/strong> &#8211; Mr Vissers<\/p>\n<h4><span style=\"color: #993366;\">Pour le cours de seconde langue en n\u00e9erlandais<\/span><\/h4>\n<p>Mme Christelle Christelle Lambert en P5 P 6<\/p>\n<p><img loading=\"lazy\" decoding=\"async\" class=\"wp-image-3909 alignleft\" src=\"https:\/\/ecoles.rixensart.be\/genval\/wp-content\/uploads\/2020\/11\/c6f2caee-0d97-460d-a6c5-44135b0c1523-197x300.jpg\" alt=\"\" width=\"121\" height=\"184\" srcset=\"https:\/\/ecoles.rixensart.be\/genval\/wp-content\/uploads\/2020\/11\/c6f2caee-0d97-460d-a6c5-44135b0c1523-197x300.jpg 197w, https:\/\/ecoles.rixensart.be\/genval\/wp-content\/uploads\/2020\/11\/c6f2caee-0d97-460d-a6c5-44135b0c1523.jpg 672w\" sizes=\"(max-width: 121px) 100vw, 121px\" \/><\/p>\n<p>&nbsp;<\/p>\n<p>&nbsp;<\/p>\n<p>&nbsp;<\/p>\n<p>&nbsp;<\/p>\n<p>&nbsp;<\/p>\n<p>Mme Nicole Fallier en P3 P4<\/p>\n<h4><span style=\"color: #00ccff;\">Pour les cours d&#8217;\u00e9ducation physique &amp; natation<\/span><\/h4>\n<p>Mr Damien Fontenoy<\/p>\n<p><img loading=\"lazy\" decoding=\"async\" class=\"alignnone wp-image-4122\" src=\"https:\/\/ecoles.rixensart.be\/genval\/wp-content\/uploads\/2021\/02\/thumbnail_0b8da753-c028-4055-ab56-22fdb412920d-225x300.jpg\" alt=\"\" width=\"121\" height=\"162\" srcset=\"https:\/\/ecoles.rixensart.be\/genval\/wp-content\/uploads\/2021\/02\/thumbnail_0b8da753-c028-4055-ab56-22fdb412920d-225x300.jpg 225w, https:\/\/ecoles.rixensart.be\/genval\/wp-content\/uploads\/2021\/02\/thumbnail_0b8da753-c028-4055-ab56-22fdb412920d.jpg 480w\" sizes=\"(max-width: 121px) 100vw, 121px\" \/><\/p>\n<p>&nbsp;<\/p>\n<\/div>\n<div class=\"su-tabs-pane su-u-clearfix su-u-trim\" data-title=\"L&#039;\u00e9quipe ATL\">\n<h3><span style=\"color: #ff6600;\">L&#8217;\u00e9quipe ATL<\/span><\/h3>\n<div class=\"su-custom-gallery su-custom-gallery-title-hover\"><div class=\"su-custom-gallery-slide\"><a href=\"https:\/\/ecoles.rixensart.be\/genval\/wp-content\/uploads\/2022\/06\/78A49A3E-976E-4AC6-9D29-42E4DAC6889B-scaled.jpg\" title=\"78A49A3E-976E-4AC6-9D29-42E4DAC6889B\"><img loading=\"lazy\" decoding=\"async\" src=\"https:\/\/ecoles.rixensart.be\/genval\/wp-content\/uploads\/2022\/06\/78A49A3E-976E-4AC6-9D29-42E4DAC6889B-scaled.jpg\" alt=\"78A49A3E-976E-4AC6-9D29-42E4DAC6889B\" width=\"300\" height=\"300\" \/><span class=\"su-custom-gallery-title\">78A49A3E-976E-4AC6-9D29-42E4DAC6889B<\/span><\/a><\/div><div class=\"su-clear\"><\/div><\/div>\n<h4><span style=\"color: #ff99cc;\">En maternelle<\/span><\/h4>\n<p>Delphine Larbi, Nouhaila Chairi, Laetitia Counard, Nasraddine Gasmi, Laetitia Langendries<\/p>\n<h4><span style=\"color: #339966;\">En primaire<\/span><\/h4>\n<p>Christofer Pace, Abdu Albahtouri, Estella Aosy, Najah Fahfah, Pascale Herrent, Victoria Degreef<\/p>\n<p><span style=\"color: #339966;\"><strong>L&#8217;\u00e9quipe du midi-foot<\/strong><\/span>, Messieurs Abdu et Nassra<\/p>\n<p><img loading=\"lazy\" decoding=\"async\" class=\"alignnone wp-image-4280\" src=\"https:\/\/ecoles.rixensart.be\/genval\/wp-content\/uploads\/2021\/10\/526f7a5d-ccfa-4e54-8b9f-31151251f268-300x225.jpg\" alt=\"\" width=\"327\" height=\"245\" srcset=\"https:\/\/ecoles.rixensart.be\/genval\/wp-content\/uploads\/2021\/10\/526f7a5d-ccfa-4e54-8b9f-31151251f268-300x225.jpg 300w, https:\/\/ecoles.rixensart.be\/genval\/wp-content\/uploads\/2021\/10\/526f7a5d-ccfa-4e54-8b9f-31151251f268-1024x768.jpg 1024w, https:\/\/ecoles.rixensart.be\/genval\/wp-content\/uploads\/2021\/10\/526f7a5d-ccfa-4e54-8b9f-31151251f268-768x576.jpg 768w, https:\/\/ecoles.rixensart.be\/genval\/wp-content\/uploads\/2021\/10\/526f7a5d-ccfa-4e54-8b9f-31151251f268-1536x1152.jpg 1536w, https:\/\/ecoles.rixensart.be\/genval\/wp-content\/uploads\/2021\/10\/526f7a5d-ccfa-4e54-8b9f-31151251f268.jpg 2048w\" sizes=\"(max-width: 327px) 100vw, 327px\" \/><\/p>\n<\/div>\n<div class=\"su-tabs-pane su-u-clearfix su-u-trim\" data-title=\"L&#039;\u00e9quipe d&#039;entretien\">\n<h3><span style=\"color: #0000ff;\">L&#8217;\u00e9quipe d&#8217;entretien<\/span><\/h3>\n<p><span style=\"color: #ff99cc;\"><strong>En maternelle<\/strong><\/span> &#8211; Mme Estella Aosy, Mme Laetitia Counard et Mr Abdou Albahtouri<\/p>\n<p><span style=\"color: #339966;\"><strong>En primaire<\/strong><\/span> &#8211; Mme Estella Aosy, Mme Tim\u00e9 Kadrijaj, Mme Gloria, Mr Nasraddine Gasmi, , Mr Tidiane<\/p>\n<p>&nbsp;<\/p>\n<\/div><\/div><\/div>\n","protected":false},"excerpt":{"rendered":"","protected":false},"author":1,"featured_media":0,"parent":10,"menu_order":0,"comment_status":"closed","ping_status":"closed","template":"fullwidth.php","meta":{"footnotes":""},"_links":{"self":[{"href":"https:\/\/ecoles.rixensart.be\/genval\/wp-json\/wp\/v2\/pages\/21"}],"collection":[{"href":"https:\/\/ecoles.rixensart.be\/genval\/wp-json\/wp\/v2\/pages"}],"about":[{"href":"https:\/\/ecoles.rixensart.be\/genval\/wp-json\/wp\/v2\/types\/page"}],"author":[{"embeddable":true,"href":"https:\/\/ecoles.rixensart.be\/genval\/wp-json\/wp\/v2\/users\/1"}],"replies":[{"embeddable":true,"href":"https:\/\/ecoles.rixensart.be\/genval\/wp-json\/wp\/v2\/comments?post=21"}],"version-history":[{"count":76,"href":"https:\/\/ecoles.rixensart.be\/genval\/wp-json\/wp\/v2\/pages\/21\/revisions"}],"predecessor-version":[{"id":7961,"href":"https:\/\/ecoles.rixensart.be\/genval\/wp-json\/wp\/v2\/pages\/21\/revisions\/7961"}],"up":[{"embeddable":true,"href":"https:\/\/ecoles.rixensart.be\/genval\/wp-json\/wp\/v2\/pages\/10"}],"wp:attachment":[{"href":"https:\/\/ecoles.rixensart.be\/genval\/wp-json\/wp\/v2\/media?parent=21"}],"curies":[{"name":"wp","href":"https:\/\/api.w.org\/{rel}","templated":true}]}}