{"id":27,"date":"2017-02-14T13:14:58","date_gmt":"2017-02-14T12:14:58","guid":{"rendered":"http:\/\/ecoles.rixensart.be\/genval\/?page_id=27"},"modified":"2025-08-21T12:40:11","modified_gmt":"2025-08-21T10:40:11","slug":"apres-15h","status":"publish","type":"page","link":"https:\/\/ecoles.rixensart.be\/genval\/a-propos\/apres-15h\/","title":{"rendered":"Apr\u00e8s 15h &#8230;"},"content":{"rendered":"<h1 style=\"text-align: center;\"><span style=\"color: #339966;\">APRES 15H05 &#8230;<\/span><\/h1>\n<h4><img loading=\"lazy\" decoding=\"async\" class=\"alignnone wp-image-6554 aligncenter\" src=\"https:\/\/ecoles.rixensart.be\/genval\/wp-content\/uploads\/2023\/09\/apres-les-cours.jpg\" alt=\"\" width=\"385\" height=\"256\" srcset=\"https:\/\/ecoles.rixensart.be\/genval\/wp-content\/uploads\/2023\/09\/apres-les-cours.jpg 275w, https:\/\/ecoles.rixensart.be\/genval\/wp-content\/uploads\/2023\/09\/apres-les-cours-272x182.jpg 272w\" sizes=\"(max-width: 385px) 100vw, 385px\" \/><\/h4>\n<h4><\/h4>\n<h4><img loading=\"lazy\" decoding=\"async\" class=\"wp-image-346 aligncenter\" src=\"https:\/\/ecoles.rixensart.be\/genval\/wp-content\/uploads\/2017\/02\/LOGO-Dclic-Centres-de-vacances.jpg\" alt=\"\" width=\"126\" height=\"127\" srcset=\"https:\/\/ecoles.rixensart.be\/genval\/wp-content\/uploads\/2017\/02\/LOGO-Dclic-Centres-de-vacances.jpg 298w, https:\/\/ecoles.rixensart.be\/genval\/wp-content\/uploads\/2017\/02\/LOGO-Dclic-Centres-de-vacances-150x150.jpg 150w\" sizes=\"(max-width: 126px) 100vw, 126px\" \/><\/h4>\n<p style=\"text-align: center;\"><a href=\"https:\/\/dclic.rixensart.be\/\" target=\"_blank\" rel=\"noopener\">Vers le site D&#8217;Clic<\/a><\/p>\n<h3><\/h3>\n<h3 style=\"text-align: center;\"><span style=\"color: #33cccc;\">1 &#8211; L&#8217;Accueil Temps Libre \u00e0 l&#8217;\u00e9cole &#8211; A T L<\/span><\/h3>\n<p style=\"text-align: center;\"><a href=\"https:\/\/dclic.rixensart.be\/nos%20actions%20enfants-ados\/accueil-dans-les-ecoles\" target=\"_blank\" rel=\"noopener\">ATL &#8211; D&#8217;Clic<\/a><\/p>\n<div class=\"coordinates-tab\">\n<div class=\"email\">Apr\u00e8s la classe d\u00e8s 15h15, l&#8217;\u00e9quipe des accueillants ATL et des animateurs du\u00a0 <a href=\"https:\/\/www.cape-asbl.com\/\" target=\"_blank\" rel=\"noopener\">CAPE ASBL<\/a> accueillent vos enfants pour prendre un temps de d\u00e9tente bien m\u00e9rit\u00e9 ! Dans le primaire, une \u00e9tude est \u00e9galement organis\u00e9e de 15h20 \u00e0 15h55.<\/div>\n<\/div>\n<h4>L&#8217;accueil temps libre, c&#8217;est un &#8220;ACCUEIL&#8221; et pas une garderie.<\/h4>\n<p>Encadr\u00e9 par du personnel qualifi\u00e9 et form\u00e9, vos enfants peuvent prendre le temps de souffler et de r\u00eaver. Le mercredi apr\u00e8s-midi est propice \u00e0 l&#8217;organisation d&#8217;ateliers et diverses activit\u00e9s sont propos\u00e9es selon le calendrier et la m\u00e9t\u00e9o : bricolage, cuisine, initiation sportive, temps de sieste pour les plus petits, &#8230;<\/p>\n<h4>Tarification garderie :<\/h4>\n<p>L&#8217;accueil est payant \u00e0 partir de 16h00 le lundi, mardi, jeudi et vendredi et le mercredi \u00e0 partir de 12h30 jusqu&#8217;\u00e0 18h00.<\/p>\n<p>Le tarif est de 0.26\u20ac par 1\/4 d&#8217;heure. Ce montant est d\u00e9gressif pour les fratries &#8211;&gt; 2\u00e8me enfant -20% = 0.21\u20ac &#8211;&gt; \u00e0 partir du 3\u00e8me enfant -40% = 0,15\u20ac<\/p>\n<p>En cas de d\u00e9passement horaire apr\u00e8s 18h00 le montant est de 5.15\u20ac par 1\/4 d&#8217;heure.<\/p>\n<p>Les pr\u00e9sences \u00e0 la garderie se font par badge. Le d\u00e9compte se fait automatiquement via la plateforme APSchool o\u00f9 vous pouvez visualiser les badgages journaliers.<\/p>\n<p>Un badge perdu sera factur\u00e9 5.00\u20ac<\/p>\n<h3><\/h3>\n<h3 style=\"text-align: center;\"><span style=\"color: #33cccc;\">2 &#8211; L&#8217;\u00e9cole des devoirs &#8211; E D D<\/span><\/h3>\n<p style=\"text-align: center;\"><a href=\"https:\/\/dclic.rixensart.be\/nos%20actions%20enfants-ados\/aide-aux-devoirs\" target=\"_blank\" rel=\"noopener noreferrer\">EDD &#8211; L&#8217;\u00e9cole des devoirs, c&#8217;est quoi ?<\/a><\/p>\n<p style=\"text-align: center;\">02 651 16 82<\/p>\n<div class=\"coordinates-tab\">\n<div class=\"email\"><\/div>\n<div><\/div>\n<\/div>\n<h3 style=\"text-align: center;\"><span style=\"color: #33cccc;\">3 &#8211; Centre de vacances &#8211; C D V &#8211; Plaines communales<\/span><\/h3>\n<p style=\"text-align: center;\"><a href=\"https:\/\/dclic.rixensart.be\/pole-accueil-extrascolaire\/cdv-centre-de-vacances\" target=\"_blank\" rel=\"noopener\">CDV &#8211; Centre de vacances, c&#8217;est quoi ?<\/a><\/p>\n<p style=\"text-align: center;\">Pour les grandes vacances :<\/p>\n<p style=\"text-align: center;\"><a href=\"https:\/\/oxyjeunes.be\/\">https:\/\/oxyjeunes.be\/<\/a><\/p>\n<p style=\"text-align: center;\">Pour les petits cong\u00e9s scolaires :<\/p>\n<p style=\"text-align: center;\"><a href=\"https:\/\/cape-asbl.be\/home3.asp?ClubID=679&amp;LG=FR\" target=\"_blank\" rel=\"noopener\">cape-asbl.be<\/a><\/p>\n<p style=\"text-align: center;\">02 651 16 83<\/p>\n<div class=\"coordinates-tab\">\n<div><\/div>\n<\/div>\n<h3 style=\"text-align: center;\"><\/h3>\n<div class=\"coordinates-tab\">\n<div><\/div>\n<\/div>\n<h3 style=\"text-align: center;\"><span style=\"color: #000080;\">4 &#8211; Les activit\u00e9s parascolaires propos\u00e9es par les associations au sein de l&#8217;\u00e9cole<\/span><\/h3>\n<p style=\"text-align: center;\">Votre enfant a \u00e9galement la possibilit\u00e9 de participer \u00e0 des activit\u00e9s organis\u00e9es au sein de l&#8217;\u00e9cole par des organismes ind\u00e9pendants. Les activit\u00e9s d\u00e9buteront fin septembre. Vous pouvez vous inscrire tout au long de l&#8217;ann\u00e9e sauf pour l&#8217;Acad\u00e9mie de musique. Pour les inscriptions, veuillez vous adresser directement \u00e0 l&#8217;organisme concern\u00e9e. Si vous vous inscrivez en cours d&#8217;ann\u00e9e scolaire il est important d&#8217;en informer le secr\u00e9tariat afin de pouvoir d\u00e9falquer les garderies.<\/p>\n<p style=\"text-align: center;\"><span style=\"color: #000080;\"><strong>Merci de prendre contact directement avec ceux-ci :<\/strong><\/span><\/p>\n<p>&nbsp;<\/p>\n<p style=\"text-align: center;\"><img loading=\"lazy\" decoding=\"async\" class=\"alignnone wp-image-6543\" src=\"https:\/\/ecoles.rixensart.be\/genval\/wp-content\/uploads\/2023\/09\/smile-300x290.png\" alt=\"\" width=\"213\" height=\"205\" srcset=\"https:\/\/ecoles.rixensart.be\/genval\/wp-content\/uploads\/2023\/09\/smile-300x290.png 300w, https:\/\/ecoles.rixensart.be\/genval\/wp-content\/uploads\/2023\/09\/smile.png 443w\" sizes=\"(max-width: 213px) 100vw, 213px\" \/><\/p>\n<p style=\"text-align: center;\">Lundi, mardi, jeudi &amp; vendredi<\/p>\n<p style=\"text-align: center;\">de la 2\u00e8me maternelle \u00e0 la 6\u00e8me primaire<\/p>\n<p style=\"text-align: center;\"><a href=\"https:\/\/ecoles.rixensart.be\/genval\/wp-content\/uploads\/2025\/08\/prospectus-extrascolaires-2025-2026.pdf\">prospectus extrascolaires 2025-2026<\/a><\/p>\n<p style=\"text-align: center;\"><a href=\"http:\/\/smilepeople.be\/\" target=\"_blank\" rel=\"noopener noreferrer\">Vers le site Smilepeople<\/a><\/p>\n<p>&nbsp;<\/p>\n<p>&nbsp;<\/p>\n<p>&nbsp;<\/p>\n<p><img loading=\"lazy\" decoding=\"async\" class=\"wp-image-299 aligncenter\" src=\"https:\/\/ecoles.rixensart.be\/genval\/wp-content\/uploads\/2017\/02\/LOGO-All-in-sport-150x150.png\" alt=\"\" width=\"237\" height=\"237\" srcset=\"https:\/\/ecoles.rixensart.be\/genval\/wp-content\/uploads\/2017\/02\/LOGO-All-in-sport-150x150.png 150w, https:\/\/ecoles.rixensart.be\/genval\/wp-content\/uploads\/2017\/02\/LOGO-All-in-sport.png 183w\" sizes=\"(max-width: 237px) 100vw, 237px\" \/><\/p>\n<p style=\"text-align: center;\">Le lundi de 15h10 \u00e0 16h10<\/p>\n<p style=\"text-align: center;\">de la 1\u00e8re \u00e0 la 6\u00e8me primaire<\/p>\n<p style=\"text-align: center;\">0476\/79.63.35 &#8211; allinsport.info@gmail.com<\/p>\n<p style=\"text-align: center;\"><a href=\"https:\/\/ecoles.rixensart.be\/genval\/wp-content\/uploads\/2024\/08\/Folder-All-In-Sport-2024.pdf\">Folder All In Sport 2024<\/a><\/p>\n<p style=\"text-align: center;\"><a href=\"https:\/\/ecoles.rixensart.be\/genval\/wp-content\/uploads\/2023\/03\/Cours-de-gym.pdf\" target=\"_blank\" rel=\"noopener\">Affiche cours de gym<\/a><\/p>\n<p>&nbsp;<\/p>\n<p>&nbsp;<\/p>\n<p style=\"text-align: center;\">B R A Z I L I A N\u00a0 J I U J I T S U\u00a0 &amp;\u00a0 G R A P P L I N G<\/p>\n<p style=\"text-align: center;\"><a href=\"https:\/\/ecoles.rixensart.be\/genval\/wp-content\/uploads\/2024\/08\/Veleno-Academy.pdf\">Veleno Academy<\/a><\/p>\n<p>&nbsp;<\/p>\n<p>&nbsp;<\/p>\n<p style=\"text-align: center;\">ECOLES DE LANGUE<\/p>\n<p style=\"text-align: center;\"><a href=\"https:\/\/ecoles.rixensart.be\/genval\/wp-content\/uploads\/2024\/08\/Ecole-de-langues.pdf\">Ecole de langues<\/a><\/p>\n<p>&nbsp;<\/p>\n<p>&nbsp;<\/p>\n<p style=\"text-align: center;\">ATELIER DE CHANT<\/p>\n<p style=\"text-align: center;\"><a href=\"https:\/\/ecoles.rixensart.be\/genval\/wp-content\/uploads\/2024\/08\/Chorale-Sarabelle.pdf\">Chorale Sarabelle<\/a><\/p>\n<p>&nbsp;<\/p>\n<p>&nbsp;<\/p>\n<p style=\"text-align: center;\">ECHECS<\/p>\n<p style=\"text-align: center;\"><img loading=\"lazy\" decoding=\"async\" class=\"wp-image-6541 aligncenter\" src=\"https:\/\/ecoles.rixensart.be\/genval\/wp-content\/uploads\/2023\/09\/Echecs.jpg\" alt=\"\" width=\"263\" height=\"175\" srcset=\"https:\/\/ecoles.rixensart.be\/genval\/wp-content\/uploads\/2023\/09\/Echecs.jpg 275w, https:\/\/ecoles.rixensart.be\/genval\/wp-content\/uploads\/2023\/09\/Echecs-272x182.jpg 272w\" sizes=\"(max-width: 263px) 100vw, 263px\" \/><\/p>\n<p style=\"text-align: center;\">de la 1\u00e8re \u00e0 la 6\u00e8me primaire<\/p>\n<p style=\"text-align: center;\"><a href=\"https:\/\/ecoles.rixensart.be\/genval\/wp-content\/uploads\/2024\/08\/Jeu-dechecs.pdf\">Jeu d&#8217;\u00e9checs<\/a><\/p>\n<p>&nbsp;<\/p>\n<p><img loading=\"lazy\" decoding=\"async\" class=\"wp-image-297 aligncenter\" src=\"https:\/\/ecoles.rixensart.be\/genval\/wp-content\/uploads\/2017\/02\/LOGO-acad\u00e9mie-150x150.jpg\" alt=\"\" width=\"224\" height=\"224\" \/><\/p>\n<p style=\"text-align: center;\"><a href=\"http:\/\/www.academie-rixensart.be\/\" target=\"_blank\" rel=\"noopener noreferrer\">Vers le site Acad\u00e9mie de Rixensart<\/a><\/p>\n<p>&nbsp;<\/p>\n<h3 style=\"text-align: center;\">6 &#8211; Les plaines de jeux de Rixensart<\/h3>\n<p>Il y a aussi les aires de jeux de Rixensart<\/p>\n<p><a href=\"https:\/\/dclic.rixensart.be\/pole-accueil-extrascolaire\/inf-infrastructures-aires-de-jeux\" target=\"_blank\" rel=\"noopener\">Les infrastructures et plaines de jeux de Rixensart<\/a><\/p>\n<p><a href=\"https:\/\/www.rixensart.be\/annuaire\/dclic\/dclic-infrastructures-aires-de-jeux-inf\" target=\"_blank\" rel=\"noopener\">Plan<\/a><\/p>\n<p>&nbsp;<\/p>\n<p>&nbsp;<\/p>\n<p>&nbsp;<\/p>\n<p>&nbsp;<\/p>\n<p>&nbsp;<\/p>\n","protected":false},"excerpt":{"rendered":"<p>APRES 15H05 &#8230; Vers le site D&#8217;Clic 1 &#8211; L&#8217;Accueil Temps Libre \u00e0 l&#8217;\u00e9cole &#8211; A T L ATL &#8211; D&#8217;Clic Apr\u00e8s la classe d\u00e8s 15h15, l&#8217;\u00e9quipe des accueillants ATL et des animateurs du\u00a0 CAPE ASBL accueillent vos enfants pour prendre un temps de d\u00e9tente bien m\u00e9rit\u00e9 ! Dans le<a href=\"https:\/\/ecoles.rixensart.be\/genval\/a-propos\/apres-15h\/\" class=\"read-more\">Read More<\/a><\/p>\n","protected":false},"author":1,"featured_media":0,"parent":10,"menu_order":0,"comment_status":"closed","ping_status":"closed","template":"fullwidth.php","meta":{"footnotes":""},"_links":{"self":[{"href":"https:\/\/ecoles.rixensart.be\/genval\/wp-json\/wp\/v2\/pages\/27"}],"collection":[{"href":"https:\/\/ecoles.rixensart.be\/genval\/wp-json\/wp\/v2\/pages"}],"about":[{"href":"https:\/\/ecoles.rixensart.be\/genval\/wp-json\/wp\/v2\/types\/page"}],"author":[{"embeddable":true,"href":"https:\/\/ecoles.rixensart.be\/genval\/wp-json\/wp\/v2\/users\/1"}],"replies":[{"embeddable":true,"href":"https:\/\/ecoles.rixensart.be\/genval\/wp-json\/wp\/v2\/comments?post=27"}],"version-history":[{"count":90,"href":"https:\/\/ecoles.rixensart.be\/genval\/wp-json\/wp\/v2\/pages\/27\/revisions"}],"predecessor-version":[{"id":7924,"href":"https:\/\/ecoles.rixensart.be\/genval\/wp-json\/wp\/v2\/pages\/27\/revisions\/7924"}],"up":[{"embeddable":true,"href":"https:\/\/ecoles.rixensart.be\/genval\/wp-json\/wp\/v2\/pages\/10"}],"wp:attachment":[{"href":"https:\/\/ecoles.rixensart.be\/genval\/wp-json\/wp\/v2\/media?parent=27"}],"curies":[{"name":"wp","href":"https:\/\/api.w.org\/{rel}","templated":true}]}}