{"id":7535,"date":"2024-10-11T09:39:40","date_gmt":"2024-10-11T07:39:40","guid":{"rendered":"https:\/\/ecoles.rixensart.be\/genval\/?page_id=7535"},"modified":"2024-10-15T16:03:00","modified_gmt":"2024-10-15T14:03:00","slug":"ap","status":"publish","type":"page","link":"https:\/\/ecoles.rixensart.be\/genval\/ap\/","title":{"rendered":"AP"},"content":{"rendered":"<h2 style=\"text-align: center;\"><img loading=\"lazy\" decoding=\"async\" class=\"alignnone size-medium wp-image-1562\" src=\"https:\/\/ecoles.rixensart.be\/genval\/wp-content\/uploads\/2017\/10\/AP-2017-300x239.png\" alt=\"\" width=\"300\" height=\"239\" srcset=\"https:\/\/ecoles.rixensart.be\/genval\/wp-content\/uploads\/2017\/10\/AP-2017-300x239.png 300w, https:\/\/ecoles.rixensart.be\/genval\/wp-content\/uploads\/2017\/10\/AP-2017.png 695w\" sizes=\"(max-width: 300px) 100vw, 300px\" \/><\/h2>\n<p style=\"text-align: center;\"><a href=\"https:\/\/apecolecommunalede.wixsite.com\/apecolelabruyere\" target=\"_blank\" rel=\"noopener\">Visitez le site internet de l&#8217;Association des Parents<\/a><\/p>\n<p>&nbsp;<\/p>\n<p style=\"text-align: center;\"><strong><em>Nos \u00e9v\u00e9nements \u00e0 venir :<\/em><\/strong><\/p>\n<p style=\"text-align: center;\">le 10\/11\/2024 &#8211; Brocante couverte de l&#8217;\u00e9cole de 9h00 \u00e0 15h00<\/p>\n<p style=\"text-align: center;\"><a href=\"https:\/\/www.brocante-labruyere.be\/events\/\" target=\"_blank\" rel=\"noopener\">Vers inscription \u00e0 la brocante<\/a><\/p>\n<p style=\"text-align: center;\">le 01\/02\/2025 &#8211; Cheese &amp;\u00a0 wine \/ Quiz musical<\/p>\n<p style=\"text-align: center;\"><strong><em>Nos actions :<\/em><\/strong><\/p>\n<p style=\"text-align: center;\">Vente de bulbes fleurs Baltus &#8211; en octobre<\/p>\n<p style=\"text-align: center;\">Vente de chocolat pour P\u00e2ques &#8211; dates \u00e0 d\u00e9finir<\/p>\n<p style=\"text-align: center;\"><strong><em>Les prochaines r\u00e9unions de l&#8217;AP :<\/em><\/strong><\/p>\n<p style=\"text-align: center;\">le 07\/11\/2024 &#8211; pr\u00e9paration de la brocante<\/p>\n<p style=\"text-align: center;\">le 11\/12\/2024 &#8211; pr\u00e9paration du quiz musical<\/p>\n<p style=\"text-align: center;\">le 15\/01\/2025 &#8211;<\/p>\n<p style=\"text-align: center;\">dates suivantes \u00e0 d\u00e9finir &#8230;<\/p>\n<p>&nbsp;<\/p>\n","protected":false},"excerpt":{"rendered":"<p>Visitez le site internet de l&#8217;Association des Parents &nbsp; Nos \u00e9v\u00e9nements \u00e0 venir : le 10\/11\/2024 &#8211; Brocante couverte de l&#8217;\u00e9cole de 9h00 \u00e0 15h00 Vers inscription \u00e0 la brocante le 01\/02\/2025 &#8211; Cheese &amp;\u00a0 wine \/ Quiz musical Nos actions : Vente de bulbes fleurs Baltus &#8211; en octobre<a href=\"https:\/\/ecoles.rixensart.be\/genval\/ap\/\" class=\"read-more\">Read More<\/a><\/p>\n","protected":false},"author":3,"featured_media":0,"parent":0,"menu_order":0,"comment_status":"closed","ping_status":"closed","template":"fullwidth.php","meta":{"footnotes":""},"_links":{"self":[{"href":"https:\/\/ecoles.rixensart.be\/genval\/wp-json\/wp\/v2\/pages\/7535"}],"collection":[{"href":"https:\/\/ecoles.rixensart.be\/genval\/wp-json\/wp\/v2\/pages"}],"about":[{"href":"https:\/\/ecoles.rixensart.be\/genval\/wp-json\/wp\/v2\/types\/page"}],"author":[{"embeddable":true,"href":"https:\/\/ecoles.rixensart.be\/genval\/wp-json\/wp\/v2\/users\/3"}],"replies":[{"embeddable":true,"href":"https:\/\/ecoles.rixensart.be\/genval\/wp-json\/wp\/v2\/comments?post=7535"}],"version-history":[{"count":9,"href":"https:\/\/ecoles.rixensart.be\/genval\/wp-json\/wp\/v2\/pages\/7535\/revisions"}],"predecessor-version":[{"id":7553,"href":"https:\/\/ecoles.rixensart.be\/genval\/wp-json\/wp\/v2\/pages\/7535\/revisions\/7553"}],"wp:attachment":[{"href":"https:\/\/ecoles.rixensart.be\/genval\/wp-json\/wp\/v2\/media?parent=7535"}],"curies":[{"name":"wp","href":"https:\/\/api.w.org\/{rel}","templated":true}]}}